{"id":6526,"date":"2021-02-05T15:08:37","date_gmt":"2021-02-05T15:08:37","guid":{"rendered":"https:\/\/stratioautomotive.com\/parceiros\/"},"modified":"2021-10-12T16:02:45","modified_gmt":"2021-10-12T16:02:45","slug":"parceiros","status":"publish","type":"page","link":"https:\/\/stratioautomotive.com\/pt-pt\/parceiros\/","title":{"rendered":"Parceiros"},"content":{"rendered":"<p>[et_pb_section fb_built=&#8221;1&#8243; _builder_version=&#8221;4.7.7&#8243; _module_preset=&#8221;default&#8221;][et_pb_row _builder_version=&#8221;4.7.7&#8243; _module_preset=&#8221;default&#8221;][et_pb_column type=&#8221;4_4&#8243; _builder_version=&#8221;4.7.7&#8243; _module_preset=&#8221;default&#8221;][et_pb_text disabled_on=&#8221;off|off|off&#8221; admin_label=&#8221;Title&#8221; _builder_version=&#8221;4.7.7&#8243; text_font=&#8221;Montserrat||||||||&#8221; text_line_height=&#8221;1.8em&#8221; header_font=&#8221;Poppins|700|||||||&#8221; header_text_color=&#8221;#ff4438&#8243; header_font_size=&#8221;36px&#8221; header_line_height=&#8221;1.4em&#8221; header_2_font=&#8221;Poppins|600|||||||&#8221; header_2_text_color=&#8221;#ff4438&#8243; header_2_font_size=&#8221;30px&#8221; header_2_line_height=&#8221;1.5em&#8221; custom_margin=&#8221;||5px|&#8221; animation_direction=&#8221;top&#8221;]<\/p>\n<h1><b>Juntos estamos a construir um futuro sem paragens <br \/>for\u00e7adas<\/b><\/h1>\n<p>[\/et_pb_text][\/et_pb_column][\/et_pb_row][et_pb_row _builder_version=&#8221;4.7.7&#8243; _module_preset=&#8221;default&#8221;][et_pb_column type=&#8221;4_4&#8243; _builder_version=&#8221;4.7.7&#8243; _module_preset=&#8221;default&#8221;][et_pb_text disabled_on=&#8221;off|off|off&#8221; admin_label=&#8221;Title&#8221; _builder_version=&#8221;4.7.7&#8243; text_font=&#8221;Montserrat||||||||&#8221; text_line_height=&#8221;1.8em&#8221; header_font=&#8221;Poppins|700|||||||&#8221; header_text_color=&#8221;#ff4438&#8243; header_font_size=&#8221;36px&#8221; header_line_height=&#8221;1.4em&#8221; header_2_font=&#8221;Poppins|600|||||||&#8221; header_2_text_color=&#8221;#333&#8243; header_2_font_size=&#8221;30px&#8221; header_2_line_height=&#8221;1.5em&#8221; custom_margin=&#8221;||5px|&#8221; animation_direction=&#8221;top&#8221;]<\/p>\n<h2><b>Categorias de parcerias da Stratio<\/b><\/h2>\n<p>[\/et_pb_text][et_pb_text _builder_version=&#8221;4.7.7&#8243; text_font=&#8221;||||||||&#8221; text_text_color=&#8221;#333&#8243; text_line_height=&#8221;1.8em&#8221; custom_margin=&#8221;24px|||||&#8221; custom_padding=&#8221;||10px|&#8221; animation_direction=&#8221;right&#8221;]<\/p>\n<p><span style=\"font-weight: 400;\">O Programa para Parceiros da Stratio tem v\u00e1rias categorias diferentes dispon\u00edveis, dependendo de seus objetivos para a nossa colabora\u00e7\u00e3o. Trabalharemos juntos para estabelecer um programa \u00e0 sua medida e adequado \u00e0s suas necessidades, aproveitando cada um de nossos pontos fortes para oferecer a melhor solu\u00e7\u00e3o poss\u00edvel para nossos clientes compartilhados.<\/span><\/p>\n<p>[\/et_pb_text][et_pb_text _builder_version=&#8221;4.7.7&#8243; text_font=&#8221;||||||||&#8221; text_text_color=&#8221;#333&#8243; text_line_height=&#8221;1.8em&#8221; header_5_font=&#8221;Poppins||||||||&#8221; header_5_text_color=&#8221;#ff4438&#8243; header_5_font_size=&#8221;20px&#8221; custom_margin=&#8221;24px|||||&#8221; custom_padding=&#8221;||10px|&#8221; animation_direction=&#8221;right&#8221;]<\/p>\n<h5><b>Revendedor<\/b><\/h5>\n<p><span style=\"font-weight: 400;\">Aproveite os seus canais de vendas existentes para impulsionar e fechar mais neg\u00f3cios, adicionando a Stratio ao seu portf\u00f3lio de produtos.<\/span><\/p>\n<p>[\/et_pb_text][et_pb_text _builder_version=&#8221;4.7.7&#8243; text_font=&#8221;||||||||&#8221; text_text_color=&#8221;#333&#8243; text_line_height=&#8221;1.8em&#8221; header_5_font=&#8221;Poppins||||||||&#8221; header_5_text_color=&#8221;#ff4438&#8243; header_5_font_size=&#8221;20px&#8221; custom_margin=&#8221;24px|||||&#8221; custom_padding=&#8221;||10px|&#8221; animation_direction=&#8221;right&#8221;]<\/p>\n<h5><b>Refer\u00eancia<\/b><\/h5>\n<p><span style=\"font-weight: 400;\">Apresente sua rede e contatos \u00e0 Stratio e ganhe comiss\u00f5es.<\/span><\/p>\n<p>[\/et_pb_text][et_pb_text _builder_version=&#8221;4.9.10&#8243; text_font=&#8221;||||||||&#8221; text_text_color=&#8221;#333&#8243; text_line_height=&#8221;1.8em&#8221; header_5_font=&#8221;Poppins||||||||&#8221; header_5_text_color=&#8221;#ff4438&#8243; header_5_font_size=&#8221;20px&#8221; custom_margin=&#8221;24px|||||&#8221; custom_padding=&#8221;||10px|&#8221; animation_direction=&#8221;right&#8221; hover_enabled=&#8221;0&#8243; sticky_enabled=&#8221;0&#8243;]<\/p>\n<h5><b>Integra\u00e7\u00f5es<\/b><\/h5>\n<p><span style=\"font-weight: 400;\">Integre a sua tecnologia com a API da Stratio para extrair os nossos dados e integrar os resultados na sua pr\u00f3pria infraestrutura.<\/span><\/p>\n<p>[\/et_pb_text][et_pb_code _builder_version=&#8221;4.7.7&#8243; _module_preset=&#8221;default&#8221; custom_margin=&#8221;||20px|||&#8221; locked=&#8221;off&#8221;]<!--[if lte IE 8]><!-- [et_pb_line_break_holder] --><script charset=\"utf-8\" type=\"text\/javascript\" src=\"\/\/js.hsforms.net\/forms\/v2-legacy.js\"><\/script><!-- [et_pb_line_break_holder] --><![endif]--><!-- [et_pb_line_break_holder] --><script charset=\"utf-8\" type=\"text\/javascript\" src=\"\/\/js.hsforms.net\/forms\/v2.js\"><\/script><!-- [et_pb_line_break_holder] --><script><!-- [et_pb_line_break_holder] -->  hbspt.forms.create({<!-- [et_pb_line_break_holder] -->\tportalId: \"8060790\",<!-- [et_pb_line_break_holder] -->\tformId: \"8d2dd962-358c-42d4-99af-f7c1e2bce06d\"<!-- [et_pb_line_break_holder] -->});<!-- [et_pb_line_break_holder] --><\/script>[\/et_pb_code][\/et_pb_column][\/et_pb_row][\/et_pb_section][et_pb_section fb_built=&#8221;1&#8243; admin_label=&#8221;About Section&#8221; _builder_version=&#8221;4.6.6&#8243; background_color=&#8221;#f7f7f7&#8243; custom_padding=&#8221;30px||30px|||&#8221;][et_pb_row admin_label=&#8221;Section Title&#8221; _builder_version=&#8221;4.6.5&#8243; custom_margin=&#8221;|auto|0px|auto||&#8221; custom_padding=&#8221;||0px||false|false&#8221; locked=&#8221;off&#8221;][et_pb_column type=&#8221;4_4&#8243; _builder_version=&#8221;3.25&#8243; custom_padding=&#8221;|||&#8221; custom_padding__hover=&#8221;|||&#8221;][et_pb_text _builder_version=&#8221;4.7.7&#8243; _module_preset=&#8221;default&#8221; header_3_font=&#8221;Poppins|700|||||||&#8221; header_3_text_color=&#8221;#ff4438&#8243; header_3_font_size=&#8221;28px&#8221; header_3_line_height=&#8221;1.5em&#8221; width=&#8221;80%&#8221; module_alignment=&#8221;center&#8221;]<\/p>\n<h3 style=\"text-align: center;\">Os nossos Parceiros<\/h3>\n<p>[\/et_pb_text][et_pb_divider show_divider=&#8221;off&#8221; _builder_version=&#8221;3.2&#8243; max_width=&#8221;23px&#8221; module_alignment=&#8221;center&#8221; animation_style=&#8221;slide&#8221; animation_direction=&#8221;top&#8221; animation_intensity_slide=&#8221;20%&#8221; animation_starting_opacity=&#8221;100%&#8221;][\/et_pb_divider][\/et_pb_column][\/et_pb_row][et_pb_row column_structure=&#8221;1_3,1_3,1_3&#8243; use_custom_gutter=&#8221;on&#8221; gutter_width=&#8221;2&#8243; module_class=&#8221;cities&#8221; _builder_version=&#8221;4.6.6&#8243; background_enable_color=&#8221;off&#8221; custom_padding=&#8221;0px|0px|40px|0px|false|false&#8221; locked=&#8221;off&#8221;][et_pb_column type=&#8221;1_3&#8243; _builder_version=&#8221;4.6.6&#8243; background_color=&#8221;#ffffff&#8221; custom_padding=&#8221;40px|20px|20px|20px|false|true&#8221; custom_css_main_element=&#8221;min-height: 250px&#8221; box_shadow_style=&#8221;preset1&#8243; box_shadow_blur=&#8221;9px&#8221; box_shadow_spread=&#8221;-3px&#8221; custom_padding__hover=&#8221;|||&#8221;][et_pb_image src=&#8221;https:\/\/stratioautomotive.com\/wp-content\/uploads\/2021\/06\/Alltrucks_logo.png&#8221; alt=&#8221;Alltrucks logo&#8221; title_text=&#8221;Alltrucks_logo&#8221; align=&#8221;center&#8221; _builder_version=&#8221;4.9.6&#8243; _module_preset=&#8221;default&#8221; width=&#8221;100%&#8221; max_width=&#8221;100%&#8221; max_width_tablet=&#8221;&#8221; max_width_phone=&#8221;40%&#8221; max_width_last_edited=&#8221;on|phone&#8221; module_alignment=&#8221;center&#8221; height=&#8221;110px&#8221; max_height=&#8221;1000px&#8221; custom_margin=&#8221;||||false|false&#8221;][\/et_pb_image][et_pb_text _builder_version=&#8221;4.7.7&#8243; _module_preset=&#8221;default&#8221; text_font=&#8221;Open Sans||||||||&#8221; header_6_font=&#8221;Open Sans||||||||&#8221; header_6_text_color=&#8221;#5b5b5b&#8221; header_6_font_size=&#8221;10pt&#8221; header_6_line_height=&#8221;1.5em&#8221; text_orientation=&#8221;center&#8221; custom_margin=&#8221;||8px|||&#8221; text_font_size_tablet=&#8221;&#8221; text_font_size_phone=&#8221;&#8221; text_font_size_last_edited=&#8221;on|desktop&#8221;][\/et_pb_text][\/et_pb_column][et_pb_column type=&#8221;1_3&#8243; _builder_version=&#8221;4.6.6&#8243; background_color=&#8221;#ffffff&#8221; custom_padding=&#8221;40px|20px|20px|20px|false|true&#8221; custom_css_main_element=&#8221;min-height: 250px;&#8221; box_shadow_style=&#8221;preset1&#8243; box_shadow_blur=&#8221;9px&#8221; box_shadow_spread=&#8221;-3px&#8221; custom_padding__hover=&#8221;|||&#8221;][et_pb_image src=&#8221;https:\/\/stratioautomotive.com\/wp-content\/uploads\/2020\/11\/GSVI.png&#8221; title_text=&#8221;GSVI&#8221; align=&#8221;center&#8221; _builder_version=&#8221;4.9.6&#8243; _module_preset=&#8221;default&#8221; max_width=&#8221;100%&#8221; max_width_tablet=&#8221;&#8221; max_width_phone=&#8221;40%&#8221; max_width_last_edited=&#8221;on|phone&#8221; module_alignment=&#8221;center&#8221; height=&#8221;108px&#8221;][\/et_pb_image][\/et_pb_column][et_pb_column type=&#8221;1_3&#8243; _builder_version=&#8221;4.6.6&#8243; background_color=&#8221;#ffffff&#8221; custom_padding=&#8221;40px|20px|20px|20px|false|true&#8221; custom_css_main_element=&#8221;min-height: 250px&#8221; box_shadow_style=&#8221;preset1&#8243; box_shadow_blur=&#8221;9px&#8221; box_shadow_spread=&#8221;-3px&#8221; custom_padding__hover=&#8221;|||&#8221;][et_pb_image src=&#8221;https:\/\/stratioautomotive.com\/wp-content\/uploads\/2020\/12\/FORD-TRUCKS-1.png&#8221; title_text=&#8221;FORD TRUCKS&#8221; _builder_version=&#8221;4.9.6&#8243; _module_preset=&#8221;default&#8221; max_width=&#8221;50%&#8221; max_width_tablet=&#8221;&#8221; max_width_phone=&#8221;40%&#8221; max_width_last_edited=&#8221;on|phone&#8221; module_alignment=&#8221;center&#8221;][\/et_pb_image][\/et_pb_column][\/et_pb_row][et_pb_row column_structure=&#8221;1_3,1_3,1_3&#8243; use_custom_gutter=&#8221;on&#8221; gutter_width=&#8221;2&#8243; module_class=&#8221;cities&#8221; _builder_version=&#8221;4.9.6&#8243; background_enable_color=&#8221;off&#8221; custom_padding=&#8221;0px|0px|40px|0px|false|false&#8221; locked=&#8221;off&#8221;][et_pb_column type=&#8221;1_3&#8243; _builder_version=&#8221;4.6.6&#8243; background_color=&#8221;#ffffff&#8221; custom_padding=&#8221;40px|20px|20px|20px|false|true&#8221; custom_css_main_element=&#8221;min-height: 250px&#8221; box_shadow_style=&#8221;preset1&#8243; box_shadow_blur=&#8221;9px&#8221; box_shadow_spread=&#8221;-3px&#8221; custom_padding__hover=&#8221;|||&#8221;][et_pb_image src=&#8221;https:\/\/stratioautomotive.com\/wp-content\/uploads\/2021\/06\/dtp_logo.png&#8221; alt=&#8221;DPT logo&#8221; title_text=&#8221;dtp_logo&#8221; align=&#8221;center&#8221; _builder_version=&#8221;4.9.6&#8243; _module_preset=&#8221;default&#8221; width=&#8221;100%&#8221; max_width=&#8221;50%&#8221; max_width_tablet=&#8221;&#8221; max_width_phone=&#8221;40%&#8221; max_width_last_edited=&#8221;on|phone&#8221; module_alignment=&#8221;center&#8221; height=&#8221;136px&#8221; custom_margin=&#8221;||||false|false&#8221;][\/et_pb_image][et_pb_text _builder_version=&#8221;4.7.7&#8243; _module_preset=&#8221;default&#8221; text_font=&#8221;Open Sans||||||||&#8221; header_6_font=&#8221;Open Sans||||||||&#8221; header_6_text_color=&#8221;#5b5b5b&#8221; header_6_font_size=&#8221;10pt&#8221; header_6_line_height=&#8221;1.5em&#8221; text_orientation=&#8221;center&#8221; custom_margin=&#8221;||8px|||&#8221; text_font_size_tablet=&#8221;&#8221; text_font_size_phone=&#8221;&#8221; text_font_size_last_edited=&#8221;on|desktop&#8221;][\/et_pb_text][\/et_pb_column][et_pb_column type=&#8221;1_3&#8243; _builder_version=&#8221;4.6.6&#8243; background_color=&#8221;#ffffff&#8221; custom_padding=&#8221;40px|20px|20px|20px|false|true&#8221; custom_css_main_element=&#8221;min-height: 250px;&#8221; box_shadow_style=&#8221;preset1&#8243; box_shadow_blur=&#8221;9px&#8221; box_shadow_spread=&#8221;-3px&#8221; custom_padding__hover=&#8221;|||&#8221;][et_pb_image src=&#8221;https:\/\/stratioautomotive.com\/wp-content\/uploads\/2021\/06\/setir_logo.png&#8221; alt=&#8221;Setir logo&#8221; title_text=&#8221;setir_logo&#8221; align=&#8221;center&#8221; _builder_version=&#8221;4.9.6&#8243; _module_preset=&#8221;default&#8221; max_width=&#8221;45%&#8221; max_width_tablet=&#8221;&#8221; max_width_phone=&#8221;40%&#8221; max_width_last_edited=&#8221;on|phone&#8221; module_alignment=&#8221;center&#8221;][\/et_pb_image][\/et_pb_column][et_pb_column type=&#8221;1_3&#8243; _builder_version=&#8221;4.6.6&#8243; background_color=&#8221;#ffffff&#8221; custom_padding=&#8221;40px|20px|20px|20px|false|true&#8221; custom_css_main_element=&#8221;min-height: 250px;&#8221; box_shadow_style=&#8221;preset1&#8243; box_shadow_blur=&#8221;9px&#8221; box_shadow_spread=&#8221;-3px&#8221; custom_padding__hover=&#8221;|||&#8221;][et_pb_image src=&#8221;https:\/\/stratioautomotive.com\/wp-content\/uploads\/2021\/06\/Antram_logo.png&#8221; alt=&#8221;Antram logo&#8221; title_text=&#8221;Antram_logo&#8221; _builder_version=&#8221;4.9.6&#8243; _module_preset=&#8221;default&#8221; max_width=&#8221;100%&#8221; max_width_tablet=&#8221;&#8221; max_width_phone=&#8221;40%&#8221; max_width_last_edited=&#8221;on|phone&#8221; module_alignment=&#8221;center&#8221;][\/et_pb_image][\/et_pb_column][\/et_pb_row][\/et_pb_section][et_pb_section fb_built=&#8221;1&#8243; _builder_version=&#8221;4.6.6&#8243; _module_preset=&#8221;default&#8221; custom_margin=&#8221;0px|0px|0px|0px|true|true&#8221; custom_padding=&#8221;0px|0px|0px|0px|true|true&#8221; saved_tabs=&#8221;all&#8221; collapsed=&#8221;off&#8221;][et_pb_row _builder_version=&#8221;4.6.6&#8243; _module_preset=&#8221;default&#8221; custom_margin=&#8221;0px||0px|0px|true|false&#8221; custom_padding=&#8221;0px|0px|0px|0px|true|true&#8221;][et_pb_column type=&#8221;4_4&#8243; _builder_version=&#8221;4.6.6&#8243; _module_preset=&#8221;default&#8221;][et_pb_social_media_follow icon_color=&#8221;#ffffff&#8221; admin_label=&#8221;Social Media Follow&#8221; _builder_version=&#8221;4.6.6&#8243; _module_preset=&#8221;default&#8221; background_enable_color=&#8221;off&#8221;][et_pb_social_media_follow_network social_network=&#8221;linkedin&#8221; url=&#8221;https:\/\/www.linkedin.com\/company\/stratioautomotive\/&#8221; _builder_version=&#8221;4.6.6&#8243; _module_preset=&#8221;default&#8221; background_color=&#8221;#333333&#8243; background_enable_color=&#8221;on&#8221; custom_margin=&#8221;||||false|false&#8221; custom_padding=&#8221;||||false|false&#8221; follow_button=&#8221;off&#8221; url_new_window=&#8221;on&#8221;]linkedin[\/et_pb_social_media_follow_network][et_pb_social_media_follow_network social_network=&#8221;myspace&#8221; url=&#8221;https:\/\/medium.com\/stratio&#8221; icon_color=&#8221;rgba(0,0,0,0)&#8221; use_icon_font_size=&#8221;on&#8221; _builder_version=&#8221;4.6.6&#8243; _module_preset=&#8221;default&#8221; background_color=&#8221;#333333&#8243; background_enable_color=&#8221;on&#8221; background_image=&#8221;https:\/\/stratioautomotive.com\/wp-content\/uploads\/2020\/11\/Background.png&#8221; background_enable_image=&#8221;on&#8221; background_size=&#8221;contain&#8221; follow_button=&#8221;off&#8221; url_new_window=&#8221;on&#8221;]myspace[\/et_pb_social_media_follow_network][\/et_pb_social_media_follow][\/et_pb_column][\/et_pb_row][\/et_pb_section]<\/p>\n","protected":false},"excerpt":{"rendered":"<p>Juntos estamos a construir um futuro sem paragens for\u00e7adasCategorias de parcerias da StratioO Programa para Parceiros da Stratio tem v\u00e1rias categorias diferentes dispon\u00edveis, dependendo de seus objetivos para a nossa colabora\u00e7\u00e3o. Trabalharemos juntos para estabelecer um programa \u00e0 sua medida e adequado \u00e0s suas necessidades, aproveitando cada um de nossos pontos fortes para oferecer a [&hellip;]<\/p>\n","protected":false},"author":2,"featured_media":0,"parent":0,"menu_order":0,"comment_status":"closed","ping_status":"closed","template":"","meta":{"_et_pb_use_builder":"on","_et_pb_old_content":"","_et_gb_content_width":"","content-type":"","footnotes":""},"categories":[],"tags":[],"class_list":["post-6526","page","type-page","status-publish","hentry"],"yoast_head":"<!-- This site is optimized with the Yoast SEO plugin v26.1.1 - https:\/\/yoast.com\/wordpress\/plugins\/seo\/ -->\n<title>Parceiros - Sistema Gest\u00e3o de Frotas - Stratio Automotive<\/title>\n<meta name=\"description\" content=\"O Programa para Parceiros da Stratio Automotive tem v\u00e1rias categorias diferentes dispon\u00edveis, dependendo dos seus objetivos para a nossa colabora\u00e7\u00e3o.\u00a0\" \/>\n<meta name=\"robots\" content=\"index, follow, max-snippet:-1, max-image-preview:large, max-video-preview:-1\" \/>\n<link rel=\"canonical\" href=\"https:\/\/stratioautomotive.com\/pt-pt\/parceiros\/\" \/>\n<meta property=\"og:locale\" content=\"pt_PT\" \/>\n<meta property=\"og:type\" content=\"article\" \/>\n<meta property=\"og:title\" content=\"Parceiros - Sistema Gest\u00e3o de Frotas - Stratio Automotive\" \/>\n<meta property=\"og:description\" content=\"O Programa para Parceiros da Stratio Automotive tem v\u00e1rias categorias diferentes dispon\u00edveis, dependendo dos seus objetivos para a nossa colabora\u00e7\u00e3o.\u00a0\" \/>\n<meta property=\"og:url\" content=\"https:\/\/stratioautomotive.com\/pt-pt\/parceiros\/\" \/>\n<meta property=\"og:site_name\" content=\"Stratio\" \/>\n<meta property=\"article:modified_time\" content=\"2021-10-12T16:02:45+00:00\" \/>\n<meta name=\"twitter:card\" content=\"summary_large_image\" \/>\n<meta name=\"twitter:label1\" content=\"Tempo estimado de leitura\" \/>\n\t<meta name=\"twitter:data1\" content=\"8 minutos\" \/>\n<script type=\"application\/ld+json\" class=\"yoast-schema-graph\">{\"@context\":\"https:\/\/schema.org\",\"@graph\":[{\"@type\":\"WebPage\",\"@id\":\"https:\/\/stratioautomotive.com\/pt-pt\/parceiros\/\",\"url\":\"https:\/\/stratioautomotive.com\/pt-pt\/parceiros\/\",\"name\":\"Parceiros - Sistema Gest\u00e3o de Frotas - Stratio Automotive\",\"isPartOf\":{\"@id\":\"https:\/\/stratioautomotive.com\/#website\"},\"datePublished\":\"2021-02-05T15:08:37+00:00\",\"dateModified\":\"2021-10-12T16:02:45+00:00\",\"description\":\"O Programa para Parceiros da Stratio Automotive tem v\u00e1rias categorias diferentes dispon\u00edveis, dependendo dos seus objetivos para a nossa colabora\u00e7\u00e3o.\u00a0\",\"breadcrumb\":{\"@id\":\"https:\/\/stratioautomotive.com\/pt-pt\/parceiros\/#breadcrumb\"},\"inLanguage\":\"pt-PT\",\"potentialAction\":[{\"@type\":\"ReadAction\",\"target\":[\"https:\/\/stratioautomotive.com\/pt-pt\/parceiros\/\"]}]},{\"@type\":\"BreadcrumbList\",\"@id\":\"https:\/\/stratioautomotive.com\/pt-pt\/parceiros\/#breadcrumb\",\"itemListElement\":[{\"@type\":\"ListItem\",\"position\":1,\"name\":\"Home\",\"item\":\"https:\/\/stratioautomotive.com\/pt-pt\/\"},{\"@type\":\"ListItem\",\"position\":2,\"name\":\"Parceiros\"}]},{\"@type\":\"WebSite\",\"@id\":\"https:\/\/stratioautomotive.com\/#website\",\"url\":\"https:\/\/stratioautomotive.com\/\",\"name\":\"Stratio\",\"description\":\"Driving a zero downtime future.\",\"potentialAction\":[{\"@type\":\"SearchAction\",\"target\":{\"@type\":\"EntryPoint\",\"urlTemplate\":\"https:\/\/stratioautomotive.com\/?s={search_term_string}\"},\"query-input\":{\"@type\":\"PropertyValueSpecification\",\"valueRequired\":true,\"valueName\":\"search_term_string\"}}],\"inLanguage\":\"pt-PT\"}]}<\/script>\n<!-- \/ Yoast SEO plugin. -->","yoast_head_json":{"title":"Parceiros - Sistema Gest\u00e3o de Frotas - Stratio Automotive","description":"O Programa para Parceiros da Stratio Automotive tem v\u00e1rias categorias diferentes dispon\u00edveis, dependendo dos seus objetivos para a nossa colabora\u00e7\u00e3o.\u00a0","robots":{"index":"index","follow":"follow","max-snippet":"max-snippet:-1","max-image-preview":"max-image-preview:large","max-video-preview":"max-video-preview:-1"},"canonical":"https:\/\/stratioautomotive.com\/pt-pt\/parceiros\/","og_locale":"pt_PT","og_type":"article","og_title":"Parceiros - Sistema Gest\u00e3o de Frotas - Stratio Automotive","og_description":"O Programa para Parceiros da Stratio Automotive tem v\u00e1rias categorias diferentes dispon\u00edveis, dependendo dos seus objetivos para a nossa colabora\u00e7\u00e3o.\u00a0","og_url":"https:\/\/stratioautomotive.com\/pt-pt\/parceiros\/","og_site_name":"Stratio","article_modified_time":"2021-10-12T16:02:45+00:00","twitter_card":"summary_large_image","twitter_misc":{"Tempo estimado de leitura":"8 minutos"},"schema":{"@context":"https:\/\/schema.org","@graph":[{"@type":"WebPage","@id":"https:\/\/stratioautomotive.com\/pt-pt\/parceiros\/","url":"https:\/\/stratioautomotive.com\/pt-pt\/parceiros\/","name":"Parceiros - Sistema Gest\u00e3o de Frotas - Stratio Automotive","isPartOf":{"@id":"https:\/\/stratioautomotive.com\/#website"},"datePublished":"2021-02-05T15:08:37+00:00","dateModified":"2021-10-12T16:02:45+00:00","description":"O Programa para Parceiros da Stratio Automotive tem v\u00e1rias categorias diferentes dispon\u00edveis, dependendo dos seus objetivos para a nossa colabora\u00e7\u00e3o.\u00a0","breadcrumb":{"@id":"https:\/\/stratioautomotive.com\/pt-pt\/parceiros\/#breadcrumb"},"inLanguage":"pt-PT","potentialAction":[{"@type":"ReadAction","target":["https:\/\/stratioautomotive.com\/pt-pt\/parceiros\/"]}]},{"@type":"BreadcrumbList","@id":"https:\/\/stratioautomotive.com\/pt-pt\/parceiros\/#breadcrumb","itemListElement":[{"@type":"ListItem","position":1,"name":"Home","item":"https:\/\/stratioautomotive.com\/pt-pt\/"},{"@type":"ListItem","position":2,"name":"Parceiros"}]},{"@type":"WebSite","@id":"https:\/\/stratioautomotive.com\/#website","url":"https:\/\/stratioautomotive.com\/","name":"Stratio","description":"Driving a zero downtime future.","potentialAction":[{"@type":"SearchAction","target":{"@type":"EntryPoint","urlTemplate":"https:\/\/stratioautomotive.com\/?s={search_term_string}"},"query-input":{"@type":"PropertyValueSpecification","valueRequired":true,"valueName":"search_term_string"}}],"inLanguage":"pt-PT"}]}},"_links":{"self":[{"href":"https:\/\/stratioautomotive.com\/pt-pt\/wp-json\/wp\/v2\/pages\/6526","targetHints":{"allow":["GET"]}}],"collection":[{"href":"https:\/\/stratioautomotive.com\/pt-pt\/wp-json\/wp\/v2\/pages"}],"about":[{"href":"https:\/\/stratioautomotive.com\/pt-pt\/wp-json\/wp\/v2\/types\/page"}],"author":[{"embeddable":true,"href":"https:\/\/stratioautomotive.com\/pt-pt\/wp-json\/wp\/v2\/users\/2"}],"replies":[{"embeddable":true,"href":"https:\/\/stratioautomotive.com\/pt-pt\/wp-json\/wp\/v2\/comments?post=6526"}],"version-history":[{"count":6,"href":"https:\/\/stratioautomotive.com\/pt-pt\/wp-json\/wp\/v2\/pages\/6526\/revisions"}],"predecessor-version":[{"id":14469,"href":"https:\/\/stratioautomotive.com\/pt-pt\/wp-json\/wp\/v2\/pages\/6526\/revisions\/14469"}],"wp:attachment":[{"href":"https:\/\/stratioautomotive.com\/pt-pt\/wp-json\/wp\/v2\/media?parent=6526"}],"wp:term":[{"taxonomy":"category","embeddable":true,"href":"https:\/\/stratioautomotive.com\/pt-pt\/wp-json\/wp\/v2\/categories?post=6526"},{"taxonomy":"post_tag","embeddable":true,"href":"https:\/\/stratioautomotive.com\/pt-pt\/wp-json\/wp\/v2\/tags?post=6526"}],"curies":[{"name":"wp","href":"https:\/\/api.w.org\/{rel}","templated":true}]}}