{"id":6081,"date":"2021-01-31T14:57:37","date_gmt":"2021-01-31T14:57:37","guid":{"rendered":"https:\/\/stratioautomotive.com\/blog\/"},"modified":"2022-11-08T18:00:48","modified_gmt":"2022-11-08T18:00:48","slug":"blog","status":"publish","type":"page","link":"https:\/\/stratioautomotive.com\/pt-pt\/blog\/","title":{"rendered":"O Nosso Blog"},"content":{"rendered":"<p>[et_pb_section fb_built=&#8221;1&#8243; _builder_version=&#8221;4.7.7&#8243; _module_preset=&#8221;default&#8221; global_colors_info=&#8221;{}&#8221;][et_pb_row _builder_version=&#8221;4.7.7&#8243; _module_preset=&#8221;default&#8221; global_colors_info=&#8221;{}&#8221;][et_pb_column type=&#8221;4_4&#8243; _builder_version=&#8221;4.7.7&#8243; _module_preset=&#8221;default&#8221; global_colors_info=&#8221;{}&#8221;][et_pb_blog _builder_version=&#8221;4.7.7&#8243; _module_preset=&#8221;default&#8221; global_colors_info=&#8221;{}&#8221;][\/et_pb_blog][et_pb_post_title _builder_version=&#8221;4.7.7&#8243; _module_preset=&#8221;default&#8221; hover_enabled=&#8221;0&#8243; global_colors_info=&#8221;{}&#8221; sticky_enabled=&#8221;0&#8243;][\/et_pb_post_title][\/et_pb_column][\/et_pb_row][\/et_pb_section]<\/p>\n","protected":false},"excerpt":{"rendered":"","protected":false},"author":2,"featured_media":0,"parent":0,"menu_order":0,"comment_status":"closed","ping_status":"closed","template":"","meta":{"_et_pb_use_builder":"on","_et_pb_old_content":"","_et_gb_content_width":"","content-type":"","footnotes":""},"categories":[13],"tags":[],"class_list":["post-6081","page","type-page","status-publish","hentry","category-sem-categoria"],"yoast_head":"<!-- This site is optimized with the Yoast SEO plugin v26.1.1 - https:\/\/yoast.com\/wordpress\/plugins\/seo\/ -->\n<title>Stratio Automotive Blog - Manuten\u00e7\u00e3o Preditiva para Frotas<\/title>\n<meta name=\"description\" content=\"Leia todos os artigos que temos dispon\u00edveis no nosso Blog. Fornecemos a solu\u00e7\u00e3o de manuten\u00e7\u00e3o preditiva mais eficaz e integrada da ind\u00fastria.\" \/>\n<meta name=\"robots\" content=\"index, follow, max-snippet:-1, max-image-preview:large, max-video-preview:-1\" \/>\n<link rel=\"canonical\" href=\"https:\/\/stratioautomotive.com\/pt-pt\/blog\/\" \/>\n<meta property=\"og:locale\" content=\"pt_PT\" \/>\n<meta property=\"og:type\" content=\"article\" \/>\n<meta property=\"og:title\" content=\"Stratio Automotive Blog - Manuten\u00e7\u00e3o Preditiva para Frotas\" \/>\n<meta property=\"og:description\" content=\"Leia todos os artigos que temos dispon\u00edveis no nosso Blog. Fornecemos a solu\u00e7\u00e3o de manuten\u00e7\u00e3o preditiva mais eficaz e integrada da ind\u00fastria.\" \/>\n<meta property=\"og:url\" content=\"https:\/\/stratioautomotive.com\/pt-pt\/blog\/\" \/>\n<meta property=\"og:site_name\" content=\"Stratio\" \/>\n<meta property=\"article:modified_time\" content=\"2022-11-08T18:00:48+00:00\" \/>\n<meta name=\"twitter:card\" content=\"summary_large_image\" \/>\n<meta name=\"twitter:label1\" content=\"Tempo estimado de leitura\" \/>\n\t<meta name=\"twitter:data1\" content=\"1 minuto\" \/>\n<script type=\"application\/ld+json\" class=\"yoast-schema-graph\">{\"@context\":\"https:\/\/schema.org\",\"@graph\":[{\"@type\":\"WebPage\",\"@id\":\"https:\/\/stratioautomotive.com\/pt-pt\/blog\/\",\"url\":\"https:\/\/stratioautomotive.com\/pt-pt\/blog\/\",\"name\":\"Stratio Automotive Blog - Manuten\u00e7\u00e3o Preditiva para Frotas\",\"isPartOf\":{\"@id\":\"https:\/\/stratioautomotive.com\/#website\"},\"datePublished\":\"2021-01-31T14:57:37+00:00\",\"dateModified\":\"2022-11-08T18:00:48+00:00\",\"description\":\"Leia todos os artigos que temos dispon\u00edveis no nosso Blog. Fornecemos a solu\u00e7\u00e3o de manuten\u00e7\u00e3o preditiva mais eficaz e integrada da ind\u00fastria.\",\"breadcrumb\":{\"@id\":\"https:\/\/stratioautomotive.com\/pt-pt\/blog\/#breadcrumb\"},\"inLanguage\":\"pt-PT\",\"potentialAction\":[{\"@type\":\"ReadAction\",\"target\":[\"https:\/\/stratioautomotive.com\/pt-pt\/blog\/\"]}]},{\"@type\":\"BreadcrumbList\",\"@id\":\"https:\/\/stratioautomotive.com\/pt-pt\/blog\/#breadcrumb\",\"itemListElement\":[{\"@type\":\"ListItem\",\"position\":1,\"name\":\"Home\",\"item\":\"https:\/\/stratioautomotive.com\/pt-pt\/\"},{\"@type\":\"ListItem\",\"position\":2,\"name\":\"O Nosso Blog\"}]},{\"@type\":\"WebSite\",\"@id\":\"https:\/\/stratioautomotive.com\/#website\",\"url\":\"https:\/\/stratioautomotive.com\/\",\"name\":\"Stratio\",\"description\":\"Driving a zero downtime future.\",\"potentialAction\":[{\"@type\":\"SearchAction\",\"target\":{\"@type\":\"EntryPoint\",\"urlTemplate\":\"https:\/\/stratioautomotive.com\/?s={search_term_string}\"},\"query-input\":{\"@type\":\"PropertyValueSpecification\",\"valueRequired\":true,\"valueName\":\"search_term_string\"}}],\"inLanguage\":\"pt-PT\"}]}<\/script>\n<!-- \/ Yoast SEO plugin. -->","yoast_head_json":{"title":"Stratio Automotive Blog - Manuten\u00e7\u00e3o Preditiva para Frotas","description":"Leia todos os artigos que temos dispon\u00edveis no nosso Blog. Fornecemos a solu\u00e7\u00e3o de manuten\u00e7\u00e3o preditiva mais eficaz e integrada da ind\u00fastria.","robots":{"index":"index","follow":"follow","max-snippet":"max-snippet:-1","max-image-preview":"max-image-preview:large","max-video-preview":"max-video-preview:-1"},"canonical":"https:\/\/stratioautomotive.com\/pt-pt\/blog\/","og_locale":"pt_PT","og_type":"article","og_title":"Stratio Automotive Blog - Manuten\u00e7\u00e3o Preditiva para Frotas","og_description":"Leia todos os artigos que temos dispon\u00edveis no nosso Blog. Fornecemos a solu\u00e7\u00e3o de manuten\u00e7\u00e3o preditiva mais eficaz e integrada da ind\u00fastria.","og_url":"https:\/\/stratioautomotive.com\/pt-pt\/blog\/","og_site_name":"Stratio","article_modified_time":"2022-11-08T18:00:48+00:00","twitter_card":"summary_large_image","twitter_misc":{"Tempo estimado de leitura":"1 minuto"},"schema":{"@context":"https:\/\/schema.org","@graph":[{"@type":"WebPage","@id":"https:\/\/stratioautomotive.com\/pt-pt\/blog\/","url":"https:\/\/stratioautomotive.com\/pt-pt\/blog\/","name":"Stratio Automotive Blog - Manuten\u00e7\u00e3o Preditiva para Frotas","isPartOf":{"@id":"https:\/\/stratioautomotive.com\/#website"},"datePublished":"2021-01-31T14:57:37+00:00","dateModified":"2022-11-08T18:00:48+00:00","description":"Leia todos os artigos que temos dispon\u00edveis no nosso Blog. Fornecemos a solu\u00e7\u00e3o de manuten\u00e7\u00e3o preditiva mais eficaz e integrada da ind\u00fastria.","breadcrumb":{"@id":"https:\/\/stratioautomotive.com\/pt-pt\/blog\/#breadcrumb"},"inLanguage":"pt-PT","potentialAction":[{"@type":"ReadAction","target":["https:\/\/stratioautomotive.com\/pt-pt\/blog\/"]}]},{"@type":"BreadcrumbList","@id":"https:\/\/stratioautomotive.com\/pt-pt\/blog\/#breadcrumb","itemListElement":[{"@type":"ListItem","position":1,"name":"Home","item":"https:\/\/stratioautomotive.com\/pt-pt\/"},{"@type":"ListItem","position":2,"name":"O Nosso Blog"}]},{"@type":"WebSite","@id":"https:\/\/stratioautomotive.com\/#website","url":"https:\/\/stratioautomotive.com\/","name":"Stratio","description":"Driving a zero downtime future.","potentialAction":[{"@type":"SearchAction","target":{"@type":"EntryPoint","urlTemplate":"https:\/\/stratioautomotive.com\/?s={search_term_string}"},"query-input":{"@type":"PropertyValueSpecification","valueRequired":true,"valueName":"search_term_string"}}],"inLanguage":"pt-PT"}]}},"_links":{"self":[{"href":"https:\/\/stratioautomotive.com\/pt-pt\/wp-json\/wp\/v2\/pages\/6081","targetHints":{"allow":["GET"]}}],"collection":[{"href":"https:\/\/stratioautomotive.com\/pt-pt\/wp-json\/wp\/v2\/pages"}],"about":[{"href":"https:\/\/stratioautomotive.com\/pt-pt\/wp-json\/wp\/v2\/types\/page"}],"author":[{"embeddable":true,"href":"https:\/\/stratioautomotive.com\/pt-pt\/wp-json\/wp\/v2\/users\/2"}],"replies":[{"embeddable":true,"href":"https:\/\/stratioautomotive.com\/pt-pt\/wp-json\/wp\/v2\/comments?post=6081"}],"version-history":[{"count":18,"href":"https:\/\/stratioautomotive.com\/pt-pt\/wp-json\/wp\/v2\/pages\/6081\/revisions"}],"predecessor-version":[{"id":17646,"href":"https:\/\/stratioautomotive.com\/pt-pt\/wp-json\/wp\/v2\/pages\/6081\/revisions\/17646"}],"wp:attachment":[{"href":"https:\/\/stratioautomotive.com\/pt-pt\/wp-json\/wp\/v2\/media?parent=6081"}],"wp:term":[{"taxonomy":"category","embeddable":true,"href":"https:\/\/stratioautomotive.com\/pt-pt\/wp-json\/wp\/v2\/categories?post=6081"},{"taxonomy":"post_tag","embeddable":true,"href":"https:\/\/stratioautomotive.com\/pt-pt\/wp-json\/wp\/v2\/tags?post=6081"}],"curies":[{"name":"wp","href":"https:\/\/api.w.org\/{rel}","templated":true}]}}