{"id":5189,"date":"2020-12-17T13:46:34","date_gmt":"2020-12-17T13:46:34","guid":{"rendered":"https:\/\/wp.stratio.info\/qualidade\/"},"modified":"2021-06-13T12:29:10","modified_gmt":"2021-06-13T12:29:10","slug":"qualidade","status":"publish","type":"page","link":"https:\/\/stratioautomotive.com\/pt-pt\/qualidade\/","title":{"rendered":"Qualidade"},"content":{"rendered":"<p>[et_pb_section fb_built=&#8221;1&#8243; _builder_version=&#8221;4.6.6&#8243; _module_preset=&#8221;default&#8221;][et_pb_row admin_label=&#8221;Featured Project&#8221; _builder_version=&#8221;4.6.6&#8243; width=&#8221;70%&#8221; max_width=&#8221;860px&#8221; custom_padding=&#8221;60px||||false|false&#8221;][et_pb_column type=&#8221;4_4&#8243; _builder_version=&#8221;3.25&#8243; custom_padding=&#8221;|||&#8221; custom_padding__hover=&#8221;|||&#8221;][et_pb_text disabled_on=&#8221;off|off|off&#8221; admin_label=&#8221;Title&#8221; _builder_version=&#8221;4.6.6&#8243; text_font=&#8221;Montserrat||||||||&#8221; text_line_height=&#8221;1.8em&#8221; header_font=&#8221;Poppins|700|||||||&#8221; header_text_color=&#8221;#ff4438&#8243; header_font_size=&#8221;36px&#8221; header_2_font=&#8221;Poppins|600|||||||&#8221; header_2_text_color=&#8221;#ff4438&#8243; header_2_font_size=&#8221;30px&#8221; header_2_line_height=&#8221;1.5em&#8221; custom_margin=&#8221;||5px|&#8221; animation_direction=&#8221;top&#8221;]<\/p>\n<h2><strong>Sistema de Gest\u00e3o de Qualidade<\/strong><\/h2>\n<p>[\/et_pb_text][et_pb_divider show_divider=&#8221;off&#8221; _builder_version=&#8221;3.2&#8243; max_width=&#8221;23px&#8221; module_alignment=&#8221;left&#8221; animation_style=&#8221;slide&#8221; animation_intensity_slide=&#8221;20%&#8221; animation_starting_opacity=&#8221;100%&#8221; locked=&#8221;off&#8221;][\/et_pb_divider][et_pb_text _builder_version=&#8221;4.6.6&#8243; text_font=&#8221;||||||||&#8221; text_line_height=&#8221;1.8em&#8221; header_font=&#8221;||||||||&#8221; max_width=&#8221;100%&#8221; custom_margin=&#8221;|||&#8221; animation_direction=&#8221;left&#8221;]<\/p>\n<p><em>Miss\u00e3o, Vis\u00e3o, Valores e Pol\u00edtica de Qualidade<\/em><\/p>\n<p><span style=\"font-weight: 400;\"><\/span><\/p>\n<p>[\/et_pb_text][et_pb_text _builder_version=&#8221;4.9.6&#8243; text_font=&#8221;||||||||&#8221; text_line_height=&#8221;1.8em&#8221; header_font=&#8221;||||||||&#8221; header_4_font=&#8221;Poppins|700|||||||&#8221; header_4_font_size=&#8221;24px&#8221; header_4_line_height=&#8221;1.6em&#8221; max_width=&#8221;100%&#8221; custom_margin=&#8221;|||&#8221; animation_direction=&#8221;left&#8221; hover_enabled=&#8221;0&#8243; sticky_enabled=&#8221;0&#8243;]<\/p>\n<h4>Miss\u00e3o<\/h4>\n<p><span style=\"font-weight: 400;\">A miss\u00e3o da Stratio \u00e9 a automatiza\u00e7\u00e3o integral de frotas para criar um futuro sem paragens for\u00e7adas.<\/span><\/p>\n<p><span style=\"font-weight: 400;\"><\/span><\/p>\n<p>[\/et_pb_text][et_pb_text _builder_version=&#8221;4.6.6&#8243; text_font=&#8221;||||||||&#8221; text_line_height=&#8221;1.8em&#8221; header_font=&#8221;||||||||&#8221; header_4_font=&#8221;Poppins|700|||||||&#8221; header_4_font_size=&#8221;24px&#8221; header_4_line_height=&#8221;1.6em&#8221; max_width=&#8221;100%&#8221; custom_margin=&#8221;||40px|||&#8221; animation_direction=&#8221;left&#8221;]<\/p>\n<h4>Vis\u00e3o<\/h4>\n<p><span>Construir um futuro sem paragens for\u00e7adas.<\/span><\/p>\n<p>[\/et_pb_text][et_pb_text _builder_version=&#8221;4.6.6&#8243; text_font=&#8221;||||||||&#8221; text_line_height=&#8221;1.8em&#8221; header_font=&#8221;||||||||&#8221; header_4_font=&#8221;Poppins|700|||||||&#8221; header_4_font_size=&#8221;24px&#8221; header_4_line_height=&#8221;1.6em&#8221; max_width=&#8221;100%&#8221; custom_margin=&#8221;|||&#8221; animation_direction=&#8221;left&#8221;]<\/p>\n<h4>Valores<\/h4>\n<p><span style=\"font-weight: 400;\">Somos <\/span><span style=\"color: #ff4438;\"><b>Colaborativos<\/b>\u00a0<b>: <span style=\"color: #000000;\">A equipa supera\u00a0sempre a soma das partes.<\/span><\/b><\/span><\/p>\n<p><span style=\"font-weight: 400;\">Somos\u00a0<\/span><span style=\"color: #ff4438;\"><b>Pragm\u00e1ticos<\/b> <b>:\u00a0<span style=\"color: #000000;\"> Pensa criativamente, e sempre que poss\u00edvel, evita solu\u00e7\u00f5es de curto prazo que criam d\u00edvidas a longo prazo e n\u00e3o resolvem as necessidades dos nossos clientes.<\/span><\/b><\/span><\/p>\n<p><span style=\"font-weight: 400;\">Somos\u00a0<\/span><span style=\"color: #ff4438;\"><b>Persistentes<\/b><\/span><b><span style=\"color: #ff4438;\">: <span style=\"color: #000000;\">N\u00e3o desistas, n\u00e3o pares de tentar, e nunca pares de aprender.<\/span><\/span><\/b><\/p>\n<p><span style=\"font-weight: 400;\">Cria<\/span> <span style=\"color: #ff4438;\"><b>Impacto<\/b>\u00a0<b>: <span style=\"color: #000000;\">Foca-te e faz com que os outros \u00e0 tua volta se foquem naquilo que traz mais impacto e valor para os nossos clientes.<\/span><\/b><\/span><\/p>\n<p><span style=\"font-weight: 400;\">Tem\u00a0<\/span><span style=\"color: #ff4438;\"><b>Paix\u00e3o<\/b> <b>: <span style=\"color: #000000;\">Estamos a mudar o sector e isso requer um esfor\u00e7o enorme. \u00c9 impratic\u00e1vel fazer isso se n\u00e3o tivermos paix\u00e3o verdadeira pelo que estamos a criar juntos.<\/span><\/b><\/span><\/p>\n<p><span style=\"font-weight: 400;\"><\/span><\/p>\n<p><span style=\"font-weight: 400;\"><\/span><\/p>\n<p>[\/et_pb_text][et_pb_text _builder_version=&#8221;4.6.6&#8243; text_font=&#8221;||||||||&#8221; text_line_height=&#8221;1.8em&#8221; header_font=&#8221;||||||||&#8221; header_4_font=&#8221;Poppins|700|||||||&#8221; header_4_font_size=&#8221;24px&#8221; header_4_line_height=&#8221;1.6em&#8221; max_width=&#8221;100%&#8221; custom_margin=&#8221;|||&#8221; animation_direction=&#8221;left&#8221;]<\/p>\n<h4>Pol\u00edtica de Qualidade<\/h4>\n<ul>\n<li>\n<p><span style=\"font-weight: 400;\"> Assegurar a qualidade dos produtos e servi\u00e7os da Stratio e buscar sempre satisfazer as necessidades, requisitos t\u00e9cnicos e comerciais espec\u00edficos e expectativas de nossos clientes;<\/span><\/p>\n<\/li>\n<li>\n<p><span style=\"font-weight: 400;\"> Garantir a conformidade com as pol\u00edticas dos clientes e com os requisitos legais, regulamentares e de padr\u00f5es aplic\u00e1veis;<\/span><\/p>\n<\/li>\n<li>\n<p><span style=\"font-weight: 400;\"> Garantir a satisfa\u00e7\u00e3o dos acionistas, fornecedores, colaboradores e demais stakeholders;<\/span><\/p>\n<\/li>\n<li>\n<p><span style=\"font-weight: 400;\"> Garantir a melhoria cont\u00ednua dos produtos e servi\u00e7os da Stratio atrav\u00e9s da revis\u00e3o peri\u00f3dica dos seus objetivos, metas, processos e procedimentos;<\/span><\/p>\n<\/li>\n<li>\n<p><span style=\"font-weight: 400;\"> Criar condi\u00e7\u00f5es para uma cultura de melhoria cont\u00ednua do sistema da qualidade, garantindo o alinhamento e o comprometimento de todos os stakeholders internos com a vis\u00e3o, miss\u00e3o, valores, prioridades, objetivos, processos e pol\u00edticas da Stratio;<\/span><\/p>\n<\/li>\n<li>\n<p><span style=\"font-weight: 400;\"> Manter a implementa\u00e7\u00e3o dos Sistemas de Gest\u00e3o da Qualidade, de acordo com as normas NP EN ISO9001, dando continuidade \u00e0 sua a\u00e7\u00e3o e garantindo o seu cumprimento;<\/span><\/p>\n<\/li>\n<li>\n<p><span style=\"font-weight: 400;\"> Garantir a forma\u00e7\u00e3o adequada dos colaboradores da Stratio proporcionando as ferramentas necess\u00e1rias para garantir a qualidade dos produtos e servi\u00e7os da Stratio;<\/span><\/p>\n<\/li>\n<\/ul>\n<p>[\/et_pb_text][\/et_pb_column][\/et_pb_row][\/et_pb_section][et_pb_section fb_built=&#8221;1&#8243; _builder_version=&#8221;4.6.6&#8243; _module_preset=&#8221;default&#8221; custom_margin=&#8221;0px|0px|0px|0px|true|true&#8221; custom_padding=&#8221;0px|0px|0px|0px|true|true&#8221; saved_tabs=&#8221;all&#8221; collapsed=&#8221;on&#8221;][et_pb_row _builder_version=&#8221;4.6.6&#8243; _module_preset=&#8221;default&#8221; custom_margin=&#8221;0px||0px|0px|true|false&#8221; custom_padding=&#8221;0px|0px|0px|0px|true|true&#8221;][et_pb_column type=&#8221;4_4&#8243; _builder_version=&#8221;4.6.6&#8243; _module_preset=&#8221;default&#8221;][et_pb_social_media_follow icon_color=&#8221;#ffffff&#8221; admin_label=&#8221;Social Media Follow&#8221; _builder_version=&#8221;4.6.6&#8243; _module_preset=&#8221;default&#8221;][et_pb_social_media_follow_network social_network=&#8221;linkedin&#8221; url=&#8221;https:\/\/www.linkedin.com\/company\/stratioautomotive\/&#8221; _builder_version=&#8221;4.6.6&#8243; _module_preset=&#8221;default&#8221; background_color=&#8221;#ff4438&#8243; background_enable_color=&#8221;on&#8221; custom_margin=&#8221;||||false|false&#8221; custom_padding=&#8221;||||false|false&#8221; follow_button=&#8221;off&#8221; url_new_window=&#8221;on&#8221;]linkedin[\/et_pb_social_media_follow_network][et_pb_social_media_follow_network social_network=&#8221;myspace&#8221; url=&#8221;https:\/\/medium.com\/stratio&#8221; icon_color=&#8221;rgba(0,0,0,0)&#8221; use_icon_font_size=&#8221;on&#8221; _builder_version=&#8221;4.6.6&#8243; _module_preset=&#8221;default&#8221; background_color=&#8221;#ff4438&#8243; background_enable_color=&#8221;on&#8221; background_image=&#8221;https:\/\/stratioautomotive.com\/wp-content\/uploads\/2020\/11\/Background.png&#8221; background_enable_image=&#8221;on&#8221; background_size=&#8221;contain&#8221; follow_button=&#8221;off&#8221; url_new_window=&#8221;on&#8221;]myspace[\/et_pb_social_media_follow_network][\/et_pb_social_media_follow][\/et_pb_column][\/et_pb_row][\/et_pb_section]<\/p>\n","protected":false},"excerpt":{"rendered":"<p>Sistema de Gest\u00e3o de QualidadeMiss\u00e3o, Vis\u00e3o, Valores e Pol\u00edtica de Qualidade Miss\u00e3o A miss\u00e3o da Stratio \u00e9 a automatiza\u00e7\u00e3o integral de frotas para criar um futuro sem paragens for\u00e7adas. Vis\u00e3o Construir um futuro sem paragens for\u00e7adas.Valores Somos Colaborativos\u00a0: A equipa supera\u00a0sempre a soma das partes. Somos\u00a0Pragm\u00e1ticos :\u00a0 Pensa criativamente, e sempre que poss\u00edvel, evita solu\u00e7\u00f5es [&hellip;]<\/p>\n","protected":false},"author":2,"featured_media":0,"parent":0,"menu_order":0,"comment_status":"closed","ping_status":"closed","template":"","meta":{"_et_pb_use_builder":"on","_et_pb_old_content":"","_et_gb_content_width":"","content-type":"","footnotes":""},"categories":[],"tags":[],"class_list":["post-5189","page","type-page","status-publish","hentry"],"yoast_head":"<!-- This site is optimized with the Yoast SEO plugin v26.1.1 - https:\/\/yoast.com\/wordpress\/plugins\/seo\/ -->\n<title>Sistema Gest\u00e3o de Qualidade - Stratio Automotive<\/title>\n<meta name=\"description\" content=\"Conhe\u00e7a quais os valores, miss\u00e3o e Sistema de Gest\u00e3o de Qualidade da Stratio Automotive. Visite o nosso website e saiba tudo sobre a nossa empresa.\" \/>\n<meta name=\"robots\" content=\"index, follow, max-snippet:-1, max-image-preview:large, max-video-preview:-1\" \/>\n<link rel=\"canonical\" href=\"https:\/\/stratioautomotive.com\/quality\/\" \/>\n<meta property=\"og:locale\" content=\"pt_PT\" \/>\n<meta property=\"og:type\" content=\"article\" \/>\n<meta property=\"og:title\" content=\"Sistema Gest\u00e3o de Qualidade - Stratio Automotive\" \/>\n<meta property=\"og:description\" content=\"Conhe\u00e7a quais os valores, miss\u00e3o e Sistema de Gest\u00e3o de Qualidade da Stratio Automotive. Visite o nosso website e saiba tudo sobre a nossa empresa.\" \/>\n<meta property=\"og:url\" content=\"https:\/\/stratioautomotive.com\/quality\/\" \/>\n<meta property=\"og:site_name\" content=\"Stratio\" \/>\n<meta property=\"article:modified_time\" content=\"2021-06-13T12:29:10+00:00\" \/>\n<meta name=\"twitter:card\" content=\"summary_large_image\" \/>\n<meta name=\"twitter:label1\" content=\"Tempo estimado de leitura\" \/>\n\t<meta name=\"twitter:data1\" content=\"4 minutos\" \/>\n<script type=\"application\/ld+json\" class=\"yoast-schema-graph\">{\"@context\":\"https:\/\/schema.org\",\"@graph\":[{\"@type\":\"WebPage\",\"@id\":\"https:\/\/stratioautomotive.com\/quality\/\",\"url\":\"https:\/\/stratioautomotive.com\/quality\/\",\"name\":\"Sistema Gest\u00e3o de Qualidade - Stratio Automotive\",\"isPartOf\":{\"@id\":\"https:\/\/stratioautomotive.com\/#website\"},\"datePublished\":\"2020-12-17T13:46:34+00:00\",\"dateModified\":\"2021-06-13T12:29:10+00:00\",\"description\":\"Conhe\u00e7a quais os valores, miss\u00e3o e Sistema de Gest\u00e3o de Qualidade da Stratio Automotive. Visite o nosso website e saiba tudo sobre a nossa empresa.\",\"breadcrumb\":{\"@id\":\"https:\/\/stratioautomotive.com\/quality\/#breadcrumb\"},\"inLanguage\":\"pt-PT\",\"potentialAction\":[{\"@type\":\"ReadAction\",\"target\":[\"https:\/\/stratioautomotive.com\/quality\/\"]}]},{\"@type\":\"BreadcrumbList\",\"@id\":\"https:\/\/stratioautomotive.com\/quality\/#breadcrumb\",\"itemListElement\":[{\"@type\":\"ListItem\",\"position\":1,\"name\":\"Home\",\"item\":\"https:\/\/stratioautomotive.com\/pt-pt\/\"},{\"@type\":\"ListItem\",\"position\":2,\"name\":\"Qualidade\"}]},{\"@type\":\"WebSite\",\"@id\":\"https:\/\/stratioautomotive.com\/#website\",\"url\":\"https:\/\/stratioautomotive.com\/\",\"name\":\"Stratio\",\"description\":\"Driving a zero downtime future.\",\"potentialAction\":[{\"@type\":\"SearchAction\",\"target\":{\"@type\":\"EntryPoint\",\"urlTemplate\":\"https:\/\/stratioautomotive.com\/?s={search_term_string}\"},\"query-input\":{\"@type\":\"PropertyValueSpecification\",\"valueRequired\":true,\"valueName\":\"search_term_string\"}}],\"inLanguage\":\"pt-PT\"}]}<\/script>\n<!-- \/ Yoast SEO plugin. -->","yoast_head_json":{"title":"Sistema Gest\u00e3o de Qualidade - Stratio Automotive","description":"Conhe\u00e7a quais os valores, miss\u00e3o e Sistema de Gest\u00e3o de Qualidade da Stratio Automotive. Visite o nosso website e saiba tudo sobre a nossa empresa.","robots":{"index":"index","follow":"follow","max-snippet":"max-snippet:-1","max-image-preview":"max-image-preview:large","max-video-preview":"max-video-preview:-1"},"canonical":"https:\/\/stratioautomotive.com\/quality\/","og_locale":"pt_PT","og_type":"article","og_title":"Sistema Gest\u00e3o de Qualidade - Stratio Automotive","og_description":"Conhe\u00e7a quais os valores, miss\u00e3o e Sistema de Gest\u00e3o de Qualidade da Stratio Automotive. Visite o nosso website e saiba tudo sobre a nossa empresa.","og_url":"https:\/\/stratioautomotive.com\/quality\/","og_site_name":"Stratio","article_modified_time":"2021-06-13T12:29:10+00:00","twitter_card":"summary_large_image","twitter_misc":{"Tempo estimado de leitura":"4 minutos"},"schema":{"@context":"https:\/\/schema.org","@graph":[{"@type":"WebPage","@id":"https:\/\/stratioautomotive.com\/quality\/","url":"https:\/\/stratioautomotive.com\/quality\/","name":"Sistema Gest\u00e3o de Qualidade - Stratio Automotive","isPartOf":{"@id":"https:\/\/stratioautomotive.com\/#website"},"datePublished":"2020-12-17T13:46:34+00:00","dateModified":"2021-06-13T12:29:10+00:00","description":"Conhe\u00e7a quais os valores, miss\u00e3o e Sistema de Gest\u00e3o de Qualidade da Stratio Automotive. Visite o nosso website e saiba tudo sobre a nossa empresa.","breadcrumb":{"@id":"https:\/\/stratioautomotive.com\/quality\/#breadcrumb"},"inLanguage":"pt-PT","potentialAction":[{"@type":"ReadAction","target":["https:\/\/stratioautomotive.com\/quality\/"]}]},{"@type":"BreadcrumbList","@id":"https:\/\/stratioautomotive.com\/quality\/#breadcrumb","itemListElement":[{"@type":"ListItem","position":1,"name":"Home","item":"https:\/\/stratioautomotive.com\/pt-pt\/"},{"@type":"ListItem","position":2,"name":"Qualidade"}]},{"@type":"WebSite","@id":"https:\/\/stratioautomotive.com\/#website","url":"https:\/\/stratioautomotive.com\/","name":"Stratio","description":"Driving a zero downtime future.","potentialAction":[{"@type":"SearchAction","target":{"@type":"EntryPoint","urlTemplate":"https:\/\/stratioautomotive.com\/?s={search_term_string}"},"query-input":{"@type":"PropertyValueSpecification","valueRequired":true,"valueName":"search_term_string"}}],"inLanguage":"pt-PT"}]}},"_links":{"self":[{"href":"https:\/\/stratioautomotive.com\/pt-pt\/wp-json\/wp\/v2\/pages\/5189","targetHints":{"allow":["GET"]}}],"collection":[{"href":"https:\/\/stratioautomotive.com\/pt-pt\/wp-json\/wp\/v2\/pages"}],"about":[{"href":"https:\/\/stratioautomotive.com\/pt-pt\/wp-json\/wp\/v2\/types\/page"}],"author":[{"embeddable":true,"href":"https:\/\/stratioautomotive.com\/pt-pt\/wp-json\/wp\/v2\/users\/2"}],"replies":[{"embeddable":true,"href":"https:\/\/stratioautomotive.com\/pt-pt\/wp-json\/wp\/v2\/comments?post=5189"}],"version-history":[{"count":4,"href":"https:\/\/stratioautomotive.com\/pt-pt\/wp-json\/wp\/v2\/pages\/5189\/revisions"}],"predecessor-version":[{"id":9018,"href":"https:\/\/stratioautomotive.com\/pt-pt\/wp-json\/wp\/v2\/pages\/5189\/revisions\/9018"}],"wp:attachment":[{"href":"https:\/\/stratioautomotive.com\/pt-pt\/wp-json\/wp\/v2\/media?parent=5189"}],"wp:term":[{"taxonomy":"category","embeddable":true,"href":"https:\/\/stratioautomotive.com\/pt-pt\/wp-json\/wp\/v2\/categories?post=5189"},{"taxonomy":"post_tag","embeddable":true,"href":"https:\/\/stratioautomotive.com\/pt-pt\/wp-json\/wp\/v2\/tags?post=5189"}],"curies":[{"name":"wp","href":"https:\/\/api.w.org\/{rel}","templated":true}]}}