{"id":4879,"date":"2020-12-16T09:06:28","date_gmt":"2020-12-16T09:06:28","guid":{"rendered":"https:\/\/wp.stratio.info\/research-projects\/"},"modified":"2026-01-20T16:27:45","modified_gmt":"2026-01-20T16:27:45","slug":"research-projects","status":"publish","type":"page","link":"https:\/\/stratioautomotive.com\/pt-pt\/research-projects\/","title":{"rendered":"Projectos de Investiga\u00e7\u00e3o"},"content":{"rendered":"<p>[et_pb_section fb_built=&#8221;1&#8243; _builder_version=&#8221;4.16&#8243; _module_preset=&#8221;default&#8221; background_color=&#8221;#f7f7f7&#8243; global_colors_info=&#8221;{}&#8221;][et_pb_row column_structure=&#8221;1_5,3_5,1_5&#8243; admin_label=&#8221;Featured Project&#8221; _builder_version=&#8221;4.16&#8243; custom_padding=&#8221;2px|||||&#8221; global_colors_info=&#8221;{}&#8221;][et_pb_column type=&#8221;1_5&#8243; _builder_version=&#8221;4.16&#8243; custom_padding=&#8221;|||&#8221; global_colors_info=&#8221;{}&#8221; custom_padding__hover=&#8221;|||&#8221;][et_pb_divider show_divider=&#8221;off&#8221; _builder_version=&#8221;4.16&#8243; max_width=&#8221;23px&#8221; module_alignment=&#8221;left&#8221; animation_style=&#8221;slide&#8221; animation_intensity_slide=&#8221;20%&#8221; animation_starting_opacity=&#8221;100%&#8221; locked=&#8221;off&#8221; global_colors_info=&#8221;{}&#8221;][\/et_pb_divider][\/et_pb_column][et_pb_column type=&#8221;3_5&#8243; _builder_version=&#8221;4.16&#8243; background_color=&#8221;#ffffff&#8221; custom_padding=&#8221;40px|40px|40px|40px|true|true&#8221; global_colors_info=&#8221;{}&#8221; custom_padding__hover=&#8221;|||&#8221;][et_pb_text disabled_on=&#8221;off|off|off&#8221; admin_label=&#8221;Title&#8221; _builder_version=&#8221;4.21.0&#8243; text_font=&#8221;Montserrat||||||||&#8221; text_line_height=&#8221;1.8em&#8221; header_font=&#8221;Poppins|700|||||||&#8221; header_text_color=&#8221;#ff4438&#8243; header_font_size=&#8221;36px&#8221; header_2_font=&#8221;Poppins|600|||||||&#8221; header_2_text_color=&#8221;#ff4438&#8243; header_2_font_size=&#8221;30px&#8221; header_2_line_height=&#8221;1.5em&#8221; custom_margin=&#8221;||5px|&#8221; custom_padding=&#8221;||31px|||&#8221; animation_direction=&#8221;top&#8221; global_colors_info=&#8221;{}&#8221;]<\/p>\n<div class=\"row-fluid-wrapper row-depth-1 row-number-4 dnd-row\">\n<div class=\"row-fluid \">\n<div class=\"span12 widget-span widget-type-custom_widget dnd-module\" data-widget-type=\"custom_widget\" data-x=\"0\" data-w=\"12\">\n<div id=\"hs_cos_wrapper_widget_1598827602253\" class=\"hs_cos_wrapper hs_cos_wrapper_widget hs_cos_wrapper_type_module widget-type-rich_text\" data-hs-cos-general-type=\"widget\" data-hs-cos-type=\"module\">\n<h1>European Research Projects<\/h1>\n<\/div>\n<\/div>\n<\/div>\n<\/div>\n<p>[\/et_pb_text][et_pb_text admin_label=&#8221;Text&#8221; _builder_version=&#8221;4.21.0&#8243; _module_preset=&#8221;default&#8221; text_font=&#8221;Open Sans||||||||&#8221; text_line_height=&#8221;2em&#8221; hover_enabled=&#8221;0&#8243; global_colors_info=&#8221;{}&#8221; sticky_enabled=&#8221;0&#8243;]<\/p>\n<div>Project Name: <a href=\"https:\/\/drive.google.com\/file\/d\/1aASYXsH9Phnp39Xs_5jOCebFNAKyfS3c\/view?usp=sharing\" target=\"_blank\" rel=\"noopener noreferrer\" data-link-type=\"web\">STRATIO.DATABOX4OEMs<\/a><\/div>\n<div>Project Code: CENTRO-01-0247-FEDER-038381<\/div>\n<div>Project Name: <a href=\"https:\/\/drive.google.com\/file\/d\/1JtRB9jRQjALyEaszkrzXrXAR67KSzG9f\/view?usp=share_link\" target=\"_blank\" rel=\"noopener noreferrer\">STRATIO GROWTH<\/a><\/div>\n<div>Project Code: CENTRO-02-0752-FEDER-035034<\/div>\n<div>Project Name: <a title=\"\" href=\"https:\/\/drive.google.com\/file\/d\/1wPOdzTi_yO-BZN3HsbTbvaqGyt8zL3lR\/view?usp=sharing\" target=\"_blank\" rel=\"noopener noreferrer\" data-link-type=\"web\">JAM &#8211; SME INSTRUMENT PHASE 2<\/a><\/div>\n<div>Project Code: 739305<\/div>\n<div>Project Name: <a title=\"\" href=\"https:\/\/drive.google.com\/file\/d\/1NoSbq3n4c0xQdQnr9jsvWZ_PTD_D-FmQ\/view?usp=sharing\" target=\"_blank\" rel=\"noopener noreferrer\" data-link-type=\"web\">JAM &#8211; SME INSTRUMENT PHASE 1<\/a><\/div>\n<div>Project Code: 720115<\/div>\n<div>Project Name: <a title=\"\" href=\"https:\/\/drive.google.com\/file\/d\/1yqvxVfRPOzoeaa3x0E_L1zshuc8RIvGW\/view?usp=sharing\" target=\"_blank\" rel=\"noopener noreferrer\" data-link-type=\"web\">STRATIO AUTOMOTIVE &#8211; IMPACT GROWTH<\/a><\/div>\n<div>Project Code: 732480<\/div>\n<div>Project Name: <a title=\"\" href=\"https:\/\/drive.google.com\/file\/d\/1knibpc62_XEoI7W1XGZ5UoODifIXCSvV\/view?usp=sharing\" target=\"_blank\" rel=\"noopener noreferrer\" data-link-type=\"web\">ECOSAVER &#8211; SOUL-FI<\/a><\/div>\n<div>Project Code: 632814<\/div>\n<div>Project Name: <a title=\"\" href=\"https:\/\/drive.google.com\/file\/d\/1Mo7wuGfYUGQlUBvS-89OZJL4q2EMFS3Z\/view?usp=sharing\" target=\"_blank\" rel=\"noopener noreferrer\" data-link-type=\"web\">SMART BUS READER INNOVATION<\/a><\/div>\n<div>Project Code: CENTRO-02-0853-FEDER-004911<\/div>\n<div>Project Name: <a title=\"\" href=\"https:\/\/drive.google.com\/file\/d\/1LaRAmuZ9G78OQL0cmQLhiJhO-urh26Vx\/view?usp=sharing\" target=\"_blank\" rel=\"noopener noreferrer\" data-link-type=\"web\">SMART BUS READER I&amp;DT<\/a><\/div>\n<div>Project Code: CENTRO-01-0247-FEDER-004902<\/div>\n<div>\n<div>Project Name: <a href=\"https:\/\/drive.google.com\/file\/d\/1ixlrKlI4h69lU8vQ2RDRQhdIpqMx9rJI\/view?usp=sharing\">START AT BEST<\/a><\/div>\n<div>Project Code: 17b88104-c84d-4d88-adef-23bc5634f9a3<\/div>\n<div>\n<div>Project Name: <a href=\"https:\/\/drive.google.com\/file\/d\/1CEyup3gm_ydL5AIMMMVwFI-m5aUChIYN\/view?usp=sharing\">Battery Cortex: On-road predictive battery analytics for Electric Vehicles<\/a><\/div>\n<div>Project Code: POCI-01-0247-FEDER-072268<\/div>\n<div>\n<div>Project Name: <a href=\"https:\/\/drive.google.com\/file\/d\/1mE2hWmEXE2zV-ETmwjTFvn-hCuXl2c3F\/view?usp=sharing\">Stratio IP &#8211; protec\u00e7\u00e3o de m\u00e9todos de an\u00e1lise do estado de componentes do ve\u00edculo<\/a><\/div>\n<div>Project Code: CENTRO-01-0247-FEDER-045900<\/div>\n<div>Project Name: <a href=\"https:\/\/drive.google.com\/file\/d\/1S7a-O1EOWLDGGxGW4NBVPne4hkNjjgBV\/view\">Route 25: Agenda for Autonomous, Intelligent, Interoperable and Inclusive Mobility<\/a><\/div>\n<\/div>\n<\/div>\n<\/div>\n<p>[\/et_pb_text][et_pb_image src=&#8221;https:\/\/stratioautomotive.com\/wp-content\/uploads\/2020\/11\/Screenshot-2020-08-31-at-09.26.02.png&#8221; title_text=&#8221;Screenshot 2020-08-31 at 09.26.02&#8243; _builder_version=&#8221;4.16&#8243; _module_preset=&#8221;default&#8221; custom_margin=&#8221;40px|||||&#8221; global_colors_info=&#8221;{}&#8221;][\/et_pb_image][\/et_pb_column][et_pb_column type=&#8221;1_5&#8243; _builder_version=&#8221;4.16&#8243; background_enable_color=&#8221;off&#8221; custom_padding=&#8221;40px|40px|40px|40px|true|true&#8221; global_colors_info=&#8221;{}&#8221; custom_padding__hover=&#8221;|||&#8221;][\/et_pb_column][\/et_pb_row][\/et_pb_section][et_pb_section fb_built=&#8221;1&#8243; _builder_version=&#8221;4.21.0&#8243; _module_preset=&#8221;default&#8221; custom_margin=&#8221;0px|0px|0px|0px|true|true&#8221; custom_padding=&#8221;0px|0px|0px|0px|true|true&#8221; saved_tabs=&#8221;all&#8221; collapsed=&#8221;off&#8221; global_colors_info=&#8221;{}&#8221;][et_pb_row _builder_version=&#8221;4.16&#8243; _module_preset=&#8221;default&#8221; custom_margin=&#8221;0px||0px|0px|true|false&#8221; custom_padding=&#8221;0px|0px|0px|0px|true|true&#8221; global_colors_info=&#8221;{}&#8221;][et_pb_column type=&#8221;4_4&#8243; _builder_version=&#8221;4.16&#8243; _module_preset=&#8221;default&#8221; global_colors_info=&#8221;{}&#8221;][et_pb_social_media_follow icon_color=&#8221;#ffffff&#8221; admin_label=&#8221;Social Media Follow&#8221; _builder_version=&#8221;4.16&#8243; _module_preset=&#8221;default&#8221; background_enable_color=&#8221;off&#8221; global_colors_info=&#8221;{}&#8221;][et_pb_social_media_follow_network social_network=&#8221;linkedin&#8221; url=&#8221;https:\/\/www.linkedin.com\/company\/stratioautomotive\/&#8221; _builder_version=&#8221;4.16&#8243; _module_preset=&#8221;default&#8221; background_color=&#8221;#333333&#8243; background_enable_color=&#8221;on&#8221; custom_margin=&#8221;||||false|false&#8221; custom_padding=&#8221;||||false|false&#8221; global_colors_info=&#8221;{}&#8221; follow_button=&#8221;off&#8221; url_new_window=&#8221;on&#8221;]linkedin[\/et_pb_social_media_follow_network][et_pb_social_media_follow_network social_network=&#8221;myspace&#8221; url=&#8221;https:\/\/medium.com\/stratio&#8221; icon_color=&#8221;rgba(0,0,0,0)&#8221; use_icon_font_size=&#8221;on&#8221; _builder_version=&#8221;4.16&#8243; _module_preset=&#8221;default&#8221; background_color=&#8221;#333333&#8243; background_enable_color=&#8221;on&#8221; background_image=&#8221;https:\/\/stratioautomotive.com\/wp-content\/uploads\/2020\/11\/Background.png&#8221; background_enable_image=&#8221;on&#8221; background_size=&#8221;contain&#8221; global_colors_info=&#8221;{}&#8221; follow_button=&#8221;off&#8221; url_new_window=&#8221;on&#8221;]myspace[\/et_pb_social_media_follow_network][\/et_pb_social_media_follow][\/et_pb_column][\/et_pb_row][\/et_pb_section]<\/p>\n","protected":false},"excerpt":{"rendered":"<p>European Research Projects Project Name: STRATIO.DATABOX4OEMs Project Code: CENTRO-01-0247-FEDER-038381 Project Name: STRATIO GROWTH Project Code: CENTRO-02-0752-FEDER-035034 Project Name: JAM &#8211; SME INSTRUMENT PHASE 2 Project Code: 739305 Project Name: JAM &#8211; SME INSTRUMENT PHASE 1 Project Code: 720115 Project Name: STRATIO AUTOMOTIVE &#8211; IMPACT GROWTH Project Code: 732480 Project Name: ECOSAVER &#8211; SOUL-FI Project Code: [&hellip;]<\/p>\n","protected":false},"author":2,"featured_media":0,"parent":0,"menu_order":0,"comment_status":"closed","ping_status":"closed","template":"","meta":{"_et_pb_use_builder":"on","_et_pb_old_content":"","_et_gb_content_width":"","content-type":"","footnotes":""},"categories":[],"tags":[],"class_list":["post-4879","page","type-page","status-publish","hentry"],"yoast_head":"<!-- This site is optimized with the Yoast SEO plugin v26.1.1 - https:\/\/yoast.com\/wordpress\/plugins\/seo\/ -->\n<title>Projetos de Investiga\u00e7\u00e3o - Stratio Automotive<\/title>\n<meta name=\"description\" content=\"Na p\u00e1gina da Stratio Automotive disponibilizamos documentos dos nossos Projetos de Investiga\u00e7\u00e3o, para que se possa informar mais acerca do nosso trabalho.\" \/>\n<meta name=\"robots\" content=\"index, follow, max-snippet:-1, max-image-preview:large, max-video-preview:-1\" \/>\n<link rel=\"canonical\" href=\"https:\/\/stratioautomotive.com\/pt-pt\/research-projects\/\" \/>\n<meta property=\"og:locale\" content=\"pt_PT\" \/>\n<meta property=\"og:type\" content=\"article\" \/>\n<meta property=\"og:title\" content=\"Projetos de Investiga\u00e7\u00e3o - Stratio Automotive\" \/>\n<meta property=\"og:description\" content=\"Na p\u00e1gina da Stratio Automotive disponibilizamos documentos dos nossos Projetos de Investiga\u00e7\u00e3o, para que se possa informar mais acerca do nosso trabalho.\" \/>\n<meta property=\"og:url\" content=\"https:\/\/stratioautomotive.com\/pt-pt\/research-projects\/\" \/>\n<meta property=\"og:site_name\" content=\"Stratio\" \/>\n<meta property=\"article:modified_time\" content=\"2026-01-20T16:27:45+00:00\" \/>\n<meta name=\"twitter:card\" content=\"summary_large_image\" \/>\n<meta name=\"twitter:label1\" content=\"Tempo estimado de leitura\" \/>\n\t<meta name=\"twitter:data1\" content=\"1 minuto\" \/>\n<script type=\"application\/ld+json\" class=\"yoast-schema-graph\">{\"@context\":\"https:\/\/schema.org\",\"@graph\":[{\"@type\":\"WebPage\",\"@id\":\"https:\/\/stratioautomotive.com\/pt-pt\/research-projects\/\",\"url\":\"https:\/\/stratioautomotive.com\/pt-pt\/research-projects\/\",\"name\":\"Projetos de Investiga\u00e7\u00e3o - Stratio Automotive\",\"isPartOf\":{\"@id\":\"https:\/\/stratioautomotive.com\/#website\"},\"datePublished\":\"2020-12-16T09:06:28+00:00\",\"dateModified\":\"2026-01-20T16:27:45+00:00\",\"description\":\"Na p\u00e1gina da Stratio Automotive disponibilizamos documentos dos nossos Projetos de Investiga\u00e7\u00e3o, para que se possa informar mais acerca do nosso trabalho.\",\"breadcrumb\":{\"@id\":\"https:\/\/stratioautomotive.com\/pt-pt\/research-projects\/#breadcrumb\"},\"inLanguage\":\"pt-PT\",\"potentialAction\":[{\"@type\":\"ReadAction\",\"target\":[\"https:\/\/stratioautomotive.com\/pt-pt\/research-projects\/\"]}]},{\"@type\":\"BreadcrumbList\",\"@id\":\"https:\/\/stratioautomotive.com\/pt-pt\/research-projects\/#breadcrumb\",\"itemListElement\":[{\"@type\":\"ListItem\",\"position\":1,\"name\":\"Home\",\"item\":\"https:\/\/stratioautomotive.com\/pt-pt\/\"},{\"@type\":\"ListItem\",\"position\":2,\"name\":\"Projectos de Investiga\u00e7\u00e3o\"}]},{\"@type\":\"WebSite\",\"@id\":\"https:\/\/stratioautomotive.com\/#website\",\"url\":\"https:\/\/stratioautomotive.com\/\",\"name\":\"Stratio\",\"description\":\"Driving a zero downtime future.\",\"potentialAction\":[{\"@type\":\"SearchAction\",\"target\":{\"@type\":\"EntryPoint\",\"urlTemplate\":\"https:\/\/stratioautomotive.com\/?s={search_term_string}\"},\"query-input\":{\"@type\":\"PropertyValueSpecification\",\"valueRequired\":true,\"valueName\":\"search_term_string\"}}],\"inLanguage\":\"pt-PT\"}]}<\/script>\n<!-- \/ Yoast SEO plugin. -->","yoast_head_json":{"title":"Projetos de Investiga\u00e7\u00e3o - Stratio Automotive","description":"Na p\u00e1gina da Stratio Automotive disponibilizamos documentos dos nossos Projetos de Investiga\u00e7\u00e3o, para que se possa informar mais acerca do nosso trabalho.","robots":{"index":"index","follow":"follow","max-snippet":"max-snippet:-1","max-image-preview":"max-image-preview:large","max-video-preview":"max-video-preview:-1"},"canonical":"https:\/\/stratioautomotive.com\/pt-pt\/research-projects\/","og_locale":"pt_PT","og_type":"article","og_title":"Projetos de Investiga\u00e7\u00e3o - Stratio Automotive","og_description":"Na p\u00e1gina da Stratio Automotive disponibilizamos documentos dos nossos Projetos de Investiga\u00e7\u00e3o, para que se possa informar mais acerca do nosso trabalho.","og_url":"https:\/\/stratioautomotive.com\/pt-pt\/research-projects\/","og_site_name":"Stratio","article_modified_time":"2026-01-20T16:27:45+00:00","twitter_card":"summary_large_image","twitter_misc":{"Tempo estimado de leitura":"1 minuto"},"schema":{"@context":"https:\/\/schema.org","@graph":[{"@type":"WebPage","@id":"https:\/\/stratioautomotive.com\/pt-pt\/research-projects\/","url":"https:\/\/stratioautomotive.com\/pt-pt\/research-projects\/","name":"Projetos de Investiga\u00e7\u00e3o - Stratio Automotive","isPartOf":{"@id":"https:\/\/stratioautomotive.com\/#website"},"datePublished":"2020-12-16T09:06:28+00:00","dateModified":"2026-01-20T16:27:45+00:00","description":"Na p\u00e1gina da Stratio Automotive disponibilizamos documentos dos nossos Projetos de Investiga\u00e7\u00e3o, para que se possa informar mais acerca do nosso trabalho.","breadcrumb":{"@id":"https:\/\/stratioautomotive.com\/pt-pt\/research-projects\/#breadcrumb"},"inLanguage":"pt-PT","potentialAction":[{"@type":"ReadAction","target":["https:\/\/stratioautomotive.com\/pt-pt\/research-projects\/"]}]},{"@type":"BreadcrumbList","@id":"https:\/\/stratioautomotive.com\/pt-pt\/research-projects\/#breadcrumb","itemListElement":[{"@type":"ListItem","position":1,"name":"Home","item":"https:\/\/stratioautomotive.com\/pt-pt\/"},{"@type":"ListItem","position":2,"name":"Projectos de Investiga\u00e7\u00e3o"}]},{"@type":"WebSite","@id":"https:\/\/stratioautomotive.com\/#website","url":"https:\/\/stratioautomotive.com\/","name":"Stratio","description":"Driving a zero downtime future.","potentialAction":[{"@type":"SearchAction","target":{"@type":"EntryPoint","urlTemplate":"https:\/\/stratioautomotive.com\/?s={search_term_string}"},"query-input":{"@type":"PropertyValueSpecification","valueRequired":true,"valueName":"search_term_string"}}],"inLanguage":"pt-PT"}]}},"_links":{"self":[{"href":"https:\/\/stratioautomotive.com\/pt-pt\/wp-json\/wp\/v2\/pages\/4879","targetHints":{"allow":["GET"]}}],"collection":[{"href":"https:\/\/stratioautomotive.com\/pt-pt\/wp-json\/wp\/v2\/pages"}],"about":[{"href":"https:\/\/stratioautomotive.com\/pt-pt\/wp-json\/wp\/v2\/types\/page"}],"author":[{"embeddable":true,"href":"https:\/\/stratioautomotive.com\/pt-pt\/wp-json\/wp\/v2\/users\/2"}],"replies":[{"embeddable":true,"href":"https:\/\/stratioautomotive.com\/pt-pt\/wp-json\/wp\/v2\/comments?post=4879"}],"version-history":[{"count":26,"href":"https:\/\/stratioautomotive.com\/pt-pt\/wp-json\/wp\/v2\/pages\/4879\/revisions"}],"predecessor-version":[{"id":19185,"href":"https:\/\/stratioautomotive.com\/pt-pt\/wp-json\/wp\/v2\/pages\/4879\/revisions\/19185"}],"wp:attachment":[{"href":"https:\/\/stratioautomotive.com\/pt-pt\/wp-json\/wp\/v2\/media?parent=4879"}],"wp:term":[{"taxonomy":"category","embeddable":true,"href":"https:\/\/stratioautomotive.com\/pt-pt\/wp-json\/wp\/v2\/categories?post=4879"},{"taxonomy":"post_tag","embeddable":true,"href":"https:\/\/stratioautomotive.com\/pt-pt\/wp-json\/wp\/v2\/tags?post=4879"}],"curies":[{"name":"wp","href":"https:\/\/api.w.org\/{rel}","templated":true}]}}