{"id":4873,"date":"2020-12-15T19:01:32","date_gmt":"2020-12-15T19:01:32","guid":{"rendered":"https:\/\/wp.stratio.info\/termos-de-uso-e-servico\/"},"modified":"2020-12-15T19:01:33","modified_gmt":"2020-12-15T19:01:33","slug":"termos-de-uso-e-servico","status":"publish","type":"page","link":"https:\/\/stratioautomotive.com\/pt-pt\/termos-de-uso-e-servico\/","title":{"rendered":"Termos de Uso e Servi\u00e7o"},"content":{"rendered":"<p>[et_pb_section fb_built=&#8221;1&#8243; _builder_version=&#8221;4.6.6&#8243; _module_preset=&#8221;default&#8221;][et_pb_row admin_label=&#8221;Featured Project&#8221; _builder_version=&#8221;4.6.6&#8243; width=&#8221;70%&#8221; max_width=&#8221;860px&#8221; custom_padding=&#8221;60px|||||&#8221;][et_pb_column type=&#8221;4_4&#8243; _builder_version=&#8221;3.25&#8243; custom_padding=&#8221;|||&#8221; custom_padding__hover=&#8221;|||&#8221;][et_pb_text _builder_version=&#8221;4.6.6&#8243; _module_preset=&#8221;default&#8221; header_font=&#8221;Poppins|700|||||||&#8221;]<\/p>\n<h1>Termos de Uso e Servi\u00e7o<\/h1>\n<p><span>]Ultima actualiza\u00e7\u00e3o Setembro, 2019<\/span><\/p>\n<p><span>Leia estes Termos de Uso (&#8220;Termos&#8221;, &#8220;Termos de Uso&#8221;) cuidadosamente antes de visitar o site www.stratioautomotive.com (o &#8220;Servi\u00e7o&#8221;) operado pela STRA,S.A. e as suas afiliada Stratio Automotive, Inc. e Stratio PTE LTD (&#8220;nos&#8221;,&#8221; n\u00f3s &#8220;ou &#8220;nosso&#8221;). <\/span><\/p>\n<p>[\/et_pb_text][et_pb_text disabled_on=&#8221;off|off|off&#8221; admin_label=&#8221;Title&#8221; _builder_version=&#8221;4.6.6&#8243; text_font=&#8221;Montserrat||||||||&#8221; text_line_height=&#8221;1.8em&#8221; header_font=&#8221;Poppins|700|||||||&#8221; header_text_color=&#8221;#ff4438&#8243; header_font_size=&#8221;36px&#8221; header_2_font=&#8221;Poppins|600|||||||&#8221; header_2_text_color=&#8221;#ff4438&#8243; header_2_font_size=&#8221;30px&#8221; header_2_line_height=&#8221;1.5em&#8221; custom_margin=&#8221;||5px|&#8221; animation_direction=&#8221;top&#8221;]<\/p>\n<h2><b>Termos de Uso e Servi\u00e7o nos EUA<\/b><\/h2>\n<p>[\/et_pb_text][et_pb_divider show_divider=&#8221;off&#8221; _builder_version=&#8221;3.2&#8243; max_width=&#8221;23px&#8221; module_alignment=&#8221;left&#8221; animation_style=&#8221;slide&#8221; animation_intensity_slide=&#8221;20%&#8221; animation_starting_opacity=&#8221;100%&#8221; locked=&#8221;off&#8221;][\/et_pb_divider][et_pb_text _builder_version=&#8221;4.6.6&#8243; text_font=&#8221;||||||||&#8221; text_line_height=&#8221;1.8em&#8221; header_font=&#8221;||||||||&#8221; max_width=&#8221;100%&#8221; custom_margin=&#8221;|||&#8221; animation_direction=&#8221;left&#8221;]<\/p>\n<ol>\n<li><b> 1. TERMOS DE USO<\/b><\/li>\n<\/ol>\n<p><span style=\"font-weight: 400;\">O seu acesso e uso do Servi\u00e7o est\u00e3o condicionados \u00e0 sua aceita\u00e7\u00e3o e conformidade com estes Termos. Estes Termos aplicam-se a todos os visitantes, utilizadores e outras pessoas que desejam aceder ou usar o Servi\u00e7o. Ao aceder ou usar o Servi\u00e7o, concorda em ficar vinculado por estes Termos. Se n\u00e3o concordar com qualquer parte dos termos, n\u00e3o ter\u00e1 permiss\u00e3o para aceder ao Servi\u00e7o.<\/span><\/p>\n<p class=\"p1\"><b>1.1 Propriedade intelectual<\/b><\/p>\n<p><span style=\"font-weight: 400;\">O Servi\u00e7o e o seu conte\u00fado, recursos e funcionalidades originais s\u00e3o e continuar\u00e3o a ser propriedade exclusiva da Stratio Automotive, Inc. e dos seus licenciadores. O Servi\u00e7o est\u00e1 protegido por direitos de autor, marca comercial e outras leis dos Estados Unidos e de pa\u00edses estrangeiros. As nossas marcas comerciais e caracter\u00edsticas comerciais n\u00e3o podem ser usadas em conex\u00e3o com qualquer produto ou servi\u00e7o sem o consentimento pr\u00e9vio por escrito da Stratio Automotive, Inc.<\/span><\/p>\n<p class=\"p1\"><b>1.2 Links para outros sites<\/b><\/p>\n<p><span style=\"font-weight: 400;\">O nosso Servi\u00e7o pode conter links para sites ou servi\u00e7os de terceiros que n\u00e3o s\u00e3o propriedade ou controlados pela Stratio Automotive, Inc. A Stratio Automotive, Inc. n\u00e3o tem controlo e n\u00e3o assume nenhuma responsabilidade pelo conte\u00fado, pol\u00edticas de privacidade ou pr\u00e1ticas de nenhum site ou servi\u00e7os de terceiros. N\u00e3o garantimos as ofertas de nenhuma dessas entidades \/ indiv\u00edduos ou dos seus sites. Voc\u00ea reconhece e concorda que a Stratio Automotive, Inc. n\u00e3o ser\u00e1 respons\u00e1vel, direta ou indiretamente, por qualquer dano ou perda causado, ou alegadamente causado, por ou relacionado ao uso ou confian\u00e7a em qualquer conte\u00fado, bens ou servi\u00e7os dispon\u00edveis em sites ou servi\u00e7os de terceiros. \u00c9 altamente recomend\u00e1vel que leia os Termos e condi\u00e7\u00f5es e as pol\u00edticas de privacidade de qualquer site ou servi\u00e7o de terceiros que visitar.<\/span><\/p>\n<p class=\"p1\"><b>1.3 Rescis\u00e3o<\/b><\/p>\n<p><span style=\"font-weight: 400;\">Podemos rescindir ou suspender o seu acesso ao Servi\u00e7o imediatamente, sem aviso pr\u00e9vio ou responsabilidade, por nosso crit\u00e9rio exclusivo, por qualquer motivo e sem limita\u00e7\u00e3o, incluindo mas n\u00e3o limitado a uma viola\u00e7\u00e3o dos Termos. Todas as disposi\u00e7\u00f5es dos Termos que, por sua natureza, devam sobreviver \u00e0 rescis\u00e3o dever\u00e3o sobreviver \u00e0 rescis\u00e3o, incluindo, sem limita\u00e7\u00e3o, disposi\u00e7\u00f5es de propriedade, isen\u00e7\u00f5es de garantia, indeminiza\u00e7\u00e3o e limita\u00e7\u00f5es de responsabilidade.<\/span><\/p>\n<p class=\"p1\"><b>1.4 Indemniza\u00e7\u00e3o<\/b><\/p>\n<p><span style=\"font-weight: 400;\">Voc\u00ea concorda em defender, indemnizar e isentar a Stratio Automotive Inc. e seus licenciados e licenciadores, funcion\u00e1rios, contratados, agentes, executivos e diretores, de e contra todas e quaisquer reivindica\u00e7\u00f5es, danos, obriga\u00e7\u00f5es, perdas, responsabilidades, custos ou d\u00edvidas e despesas (incluindo, entre outros, honor\u00e1rios legais), resultantes ou decorrentes de a) uso e acesso ao Servi\u00e7o, ou b) uma viola\u00e7\u00e3o destes Termos.<\/span><\/p>\n<p class=\"p1\"><b>1.5 Limita\u00e7\u00e3o de responsabilidade<\/b><\/p>\n<p><span style=\"font-weight: 400;\">Em caso algum, a Stratio Automotive, Inc., incluindo os seus diretores, funcion\u00e1rios, parceiros, agentes, fornecedores ou afiliadas, ser\u00e3o respons\u00e1veis \u200b\u200bpor quaisquer danos indiretos, incidentais, especiais, consequentes ou punitivos, incluindo, sem limita\u00e7\u00e3o, perda de lucros, dados, uso, benef\u00edcio ou outras perdas intang\u00edveis, resultantes de (i) acesso ou uso ou incapacidade de aceder ou usar o Servi\u00e7o; (ii) qualquer conduta ou conte\u00fado de terceiros no Servi\u00e7o; (iii) qualquer conte\u00fado obtido do Servi\u00e7o; e (iv) acesso n\u00e3o autorizado, uso ou altera\u00e7\u00e3o das suas transmiss\u00f5es ou conte\u00fado, com base na garantia, contrato, delito (incluindo neglig\u00eancia) ou qualquer outra teoria jur\u00eddica, independentemente de termos sido informados ou n\u00e3o da possibilidade de tais danos e at\u00e9 se uma solu\u00e7\u00e3o referida neste documento falhar no seu objetivo essencial.<\/span><\/p>\n<p class=\"p1\"><b>1.6 Isen\u00e7\u00e3o de responsabilidade<\/b><\/p>\n<p><span style=\"font-weight: 400;\">O uso do Servi\u00e7o \u00e9 da sua inteira responsabilidade. O Servi\u00e7o \u00e9 fornecido &#8220;COMO EST\u00c1&#8221; e &#8220;COMO DISPON\u00cdVEL&#8221;. O Servi\u00e7o \u00e9 fornecido sem garantias de qualquer tipo, expressas ou impl\u00edcitas, incluindo, entre outras, garantias impl\u00edcitas de comercializa\u00e7\u00e3o, adequa\u00e7\u00e3o a um prop\u00f3sito espec\u00edfico, n\u00e3o viola\u00e7\u00e3o ou decorrente do desempenho. A Stratio Automotive, Inc. e as suas subsidi\u00e1rias, afiliadas e licenciadas n\u00e3o garantem que a) o Servi\u00e7o funcionar\u00e1 ininterruptamente, em seguran\u00e7a ou que estar\u00e1 dispon\u00edvel a qualquer altura em todos os locais; b) quaisquer erros ou defeitos ser\u00e3o corrigidos; c) o Servi\u00e7o est\u00e1 livre de v\u00edrus ou de outros elementos nocivos; ou d) os resultados do uso do Servi\u00e7o atender\u00e3o aos seus requisitos.<\/span><\/p>\n<p class=\"p1\"><b>1.7 Exclus\u00f5es<\/b><\/p>\n<p><span style=\"font-weight: 400;\">Algumas jurisdi\u00e7\u00f5es n\u00e3o permitem a exclus\u00e3o de certas garantias, a exclus\u00e3o ou limita\u00e7\u00e3o de responsabilidade por danos consequentes ou incidentais, portanto as limita\u00e7\u00f5es acima podem n\u00e3o ser aplic\u00e1veis \u00e0 sua situa\u00e7\u00e3o.<\/span><\/p>\n<p class=\"p1\"><b>1.8 Lei Aplic\u00e1vel<\/b><\/p>\n<p><span style=\"font-weight: 400;\">Estes Termos ser\u00e3o regidos e interpretados de acordo com as leis da Calif\u00f3rnia, Estados Unidos, sem levar em considera\u00e7\u00e3o as suas disposi\u00e7\u00f5es sobre conflitos de leis. Qualquer falha da nossa parte em fazer cumprir qualquer direito ou disposi\u00e7\u00e3o destes Termos n\u00e3o ser\u00e1 considerada uma ren\u00fancia a esses direitos. Se qualquer disposi\u00e7\u00e3o destes Termos for considerada inv\u00e1lida ou inexequ\u00edvel por um tribunal, as demais disposi\u00e7\u00f5es destes Termos permanecer\u00e3o em vigor. Estes Termos constituem o contrato completo entre n\u00f3s em rela\u00e7\u00e3o ao nosso Servi\u00e7o, sobrep\u00f5e-se e substituem quaisquer acordos anteriores que possamos ter celebrado entre n\u00f3s em rela\u00e7\u00e3o ao Servi\u00e7o.<\/span><\/p>\n<p class=\"p1\"><b>1.9 Altera\u00e7\u00f5es<\/b><\/p>\n<p><span style=\"font-weight: 400;\">Estes Termos ser\u00e3o regidos e interpretados de acordo com as leis da Calif\u00f3rnia, Estados Unidos, sem levar em considera\u00e7\u00e3o as disposi\u00e7\u00f5es sobre conflitos de leis. Qualquer falha da nossa parte em fazer cumprir qualquer direito ou disposi\u00e7\u00e3o destes Termos n\u00e3o ser\u00e1 considerada uma ren\u00fancia a esses direitos. Se qualquer disposi\u00e7\u00e3o destes Termos for considerada inv\u00e1lida ou inexequ\u00edvel por um tribunal, as demais disposi\u00e7\u00f5es destes Termos permanecer\u00e3o em vigor. Estes Termos constituem o contrato completo entre n\u00f3s em rela\u00e7\u00e3o ao nosso Servi\u00e7o, sobrep\u00f5e-se e substituem quaisquer acordos anteriores que possamos ter celebrado entre n\u00f3s em rela\u00e7\u00e3o ao Servi\u00e7o.<\/span><\/p>\n<p class=\"p1\"><b>Contacte-nos<\/b><\/p>\n<p><span style=\"font-weight: 400;\">Se tiver alguma d\u00favida sobre estes Termos, contacte-nos.<\/span><\/p>\n<ol start=\"2\">\n<li><b> 2. PRESTA\u00c7\u00c3O DE SERVI\u00c7O NOS ESTADOS UNIDOS DA AM\u00c9RICA<\/b><\/li>\n<\/ol>\n<p><span style=\"font-weight: 400;\">A presta\u00e7\u00e3o de servi\u00e7os para os Estados Unidos da Am\u00e9rica \u00e9 limitada aos servi\u00e7os de gest\u00e3o para testes e manuten\u00e7\u00e3o de ve\u00edculos.<\/span><\/p>\n<p>[\/et_pb_text][\/et_pb_column][\/et_pb_row][\/et_pb_section][et_pb_section fb_built=&#8221;1&#8243; _builder_version=&#8221;4.6.6&#8243; _module_preset=&#8221;default&#8221; custom_margin=&#8221;0px|0px|0px|0px|true|true&#8221; custom_padding=&#8221;0px|0px|0px|0px|true|true&#8221; saved_tabs=&#8221;all&#8221; collapsed=&#8221;on&#8221; global_module=&#8221;4067&#8243;][et_pb_row _builder_version=&#8221;4.6.6&#8243; _module_preset=&#8221;default&#8221; custom_margin=&#8221;0px||0px|0px|true|false&#8221; custom_padding=&#8221;0px|0px|0px|0px|true|true&#8221;][et_pb_column type=&#8221;4_4&#8243; _builder_version=&#8221;4.6.6&#8243; _module_preset=&#8221;default&#8221;][et_pb_social_media_follow icon_color=&#8221;#ffffff&#8221; admin_label=&#8221;Social Media Follow&#8221; _builder_version=&#8221;4.6.6&#8243; _module_preset=&#8221;default&#8221;][et_pb_social_media_follow_network social_network=&#8221;linkedin&#8221; url=&#8221;https:\/\/www.linkedin.com\/company\/stratioautomotive\/&#8221; _builder_version=&#8221;4.6.6&#8243; _module_preset=&#8221;default&#8221; background_color=&#8221;#ff4438&#8243; background_enable_color=&#8221;on&#8221; custom_margin=&#8221;||||false|false&#8221; custom_padding=&#8221;||||false|false&#8221;]linkedin[\/et_pb_social_media_follow_network][et_pb_social_media_follow_network social_network=&#8221;myspace&#8221; url=&#8221;https:\/\/medium.com\/stratio&#8221; icon_color=&#8221;rgba(0,0,0,0)&#8221; use_icon_font_size=&#8221;on&#8221; _builder_version=&#8221;4.6.6&#8243; _module_preset=&#8221;default&#8221; background_color=&#8221;#ff4438&#8243; background_enable_color=&#8221;on&#8221; background_image=&#8221;https:\/\/stratioautomotive.com\/wp-content\/uploads\/2020\/11\/Background.png&#8221; background_enable_image=&#8221;on&#8221; background_size=&#8221;contain&#8221;]myspace[\/et_pb_social_media_follow_network][\/et_pb_social_media_follow][\/et_pb_column][\/et_pb_row][\/et_pb_section]<\/p>\n","protected":false},"excerpt":{"rendered":"<p>Termos de Uso e Servi\u00e7o ]Ultima actualiza\u00e7\u00e3o Setembro, 2019 Leia estes Termos de Uso (&#8220;Termos&#8221;, &#8220;Termos de Uso&#8221;) cuidadosamente antes de visitar o site www.stratioautomotive.com (o &#8220;Servi\u00e7o&#8221;) operado pela STRA,S.A. e as suas afiliada Stratio Automotive, Inc. e Stratio PTE LTD (&#8220;nos&#8221;,&#8221; n\u00f3s &#8220;ou &#8220;nosso&#8221;). Termos de Uso e Servi\u00e7o nos EUA 1. TERMOS DE [&hellip;]<\/p>\n","protected":false},"author":2,"featured_media":0,"parent":0,"menu_order":0,"comment_status":"closed","ping_status":"closed","template":"","meta":{"_et_pb_use_builder":"on","_et_pb_old_content":"","_et_gb_content_width":"","content-type":"","footnotes":""},"categories":[],"tags":[],"class_list":["post-4873","page","type-page","status-publish","hentry"],"yoast_head":"<!-- This site is optimized with the Yoast SEO plugin v26.1.1 - https:\/\/yoast.com\/wordpress\/plugins\/seo\/ -->\n<title>Termos de Uso e Servi\u00e7o - Stratio<\/title>\n<meta name=\"robots\" content=\"noindex, follow\" \/>\n<meta property=\"og:locale\" content=\"pt_PT\" \/>\n<meta property=\"og:type\" content=\"article\" \/>\n<meta property=\"og:title\" content=\"Termos de Uso e Servi\u00e7o - Stratio\" \/>\n<meta property=\"og:description\" content=\"Termos de Uso e Servi\u00e7o ]Ultima actualiza\u00e7\u00e3o Setembro, 2019 Leia estes Termos de Uso (&quot;Termos&quot;, &quot;Termos de Uso&quot;) cuidadosamente antes de visitar o site www.stratioautomotive.com (o &quot;Servi\u00e7o&quot;) operado pela STRA,S.A. e as suas afiliada Stratio Automotive, Inc. e Stratio PTE LTD (&quot;nos&quot;,&quot; n\u00f3s &quot;ou &quot;nosso&quot;). Termos de Uso e Servi\u00e7o nos EUA 1. TERMOS DE [&hellip;]\" \/>\n<meta property=\"og:url\" content=\"https:\/\/stratioautomotive.com\/pt-pt\/termos-de-uso-e-servico\/\" \/>\n<meta property=\"og:site_name\" content=\"Stratio\" \/>\n<meta property=\"article:modified_time\" content=\"2020-12-15T19:01:33+00:00\" \/>\n<meta name=\"twitter:card\" content=\"summary_large_image\" \/>\n<meta name=\"twitter:label1\" content=\"Tempo estimado de leitura\" \/>\n\t<meta name=\"twitter:data1\" content=\"7 minutos\" \/>\n<script type=\"application\/ld+json\" class=\"yoast-schema-graph\">{\"@context\":\"https:\/\/schema.org\",\"@graph\":[{\"@type\":\"WebPage\",\"@id\":\"https:\/\/stratioautomotive.com\/pt-pt\/termos-de-uso-e-servico\/\",\"url\":\"https:\/\/stratioautomotive.com\/pt-pt\/termos-de-uso-e-servico\/\",\"name\":\"Termos de Uso e Servi\u00e7o - Stratio\",\"isPartOf\":{\"@id\":\"https:\/\/stratioautomotive.com\/#website\"},\"datePublished\":\"2020-12-15T19:01:32+00:00\",\"dateModified\":\"2020-12-15T19:01:33+00:00\",\"breadcrumb\":{\"@id\":\"https:\/\/stratioautomotive.com\/pt-pt\/termos-de-uso-e-servico\/#breadcrumb\"},\"inLanguage\":\"pt-PT\",\"potentialAction\":[{\"@type\":\"ReadAction\",\"target\":[\"https:\/\/stratioautomotive.com\/pt-pt\/termos-de-uso-e-servico\/\"]}]},{\"@type\":\"BreadcrumbList\",\"@id\":\"https:\/\/stratioautomotive.com\/pt-pt\/termos-de-uso-e-servico\/#breadcrumb\",\"itemListElement\":[{\"@type\":\"ListItem\",\"position\":1,\"name\":\"Home\",\"item\":\"https:\/\/stratioautomotive.com\/pt-pt\/\"},{\"@type\":\"ListItem\",\"position\":2,\"name\":\"Termos de Uso e Servi\u00e7o\"}]},{\"@type\":\"WebSite\",\"@id\":\"https:\/\/stratioautomotive.com\/#website\",\"url\":\"https:\/\/stratioautomotive.com\/\",\"name\":\"Stratio\",\"description\":\"Driving a zero downtime future.\",\"potentialAction\":[{\"@type\":\"SearchAction\",\"target\":{\"@type\":\"EntryPoint\",\"urlTemplate\":\"https:\/\/stratioautomotive.com\/?s={search_term_string}\"},\"query-input\":{\"@type\":\"PropertyValueSpecification\",\"valueRequired\":true,\"valueName\":\"search_term_string\"}}],\"inLanguage\":\"pt-PT\"}]}<\/script>\n<!-- \/ Yoast SEO plugin. -->","yoast_head_json":{"title":"Termos de Uso e Servi\u00e7o - Stratio","robots":{"index":"noindex","follow":"follow"},"og_locale":"pt_PT","og_type":"article","og_title":"Termos de Uso e Servi\u00e7o - Stratio","og_description":"Termos de Uso e Servi\u00e7o ]Ultima actualiza\u00e7\u00e3o Setembro, 2019 Leia estes Termos de Uso (\"Termos\", \"Termos de Uso\") cuidadosamente antes de visitar o site www.stratioautomotive.com (o \"Servi\u00e7o\") operado pela STRA,S.A. e as suas afiliada Stratio Automotive, Inc. e Stratio PTE LTD (\"nos\",\" n\u00f3s \"ou \"nosso\"). Termos de Uso e Servi\u00e7o nos EUA 1. TERMOS DE [&hellip;]","og_url":"https:\/\/stratioautomotive.com\/pt-pt\/termos-de-uso-e-servico\/","og_site_name":"Stratio","article_modified_time":"2020-12-15T19:01:33+00:00","twitter_card":"summary_large_image","twitter_misc":{"Tempo estimado de leitura":"7 minutos"},"schema":{"@context":"https:\/\/schema.org","@graph":[{"@type":"WebPage","@id":"https:\/\/stratioautomotive.com\/pt-pt\/termos-de-uso-e-servico\/","url":"https:\/\/stratioautomotive.com\/pt-pt\/termos-de-uso-e-servico\/","name":"Termos de Uso e Servi\u00e7o - Stratio","isPartOf":{"@id":"https:\/\/stratioautomotive.com\/#website"},"datePublished":"2020-12-15T19:01:32+00:00","dateModified":"2020-12-15T19:01:33+00:00","breadcrumb":{"@id":"https:\/\/stratioautomotive.com\/pt-pt\/termos-de-uso-e-servico\/#breadcrumb"},"inLanguage":"pt-PT","potentialAction":[{"@type":"ReadAction","target":["https:\/\/stratioautomotive.com\/pt-pt\/termos-de-uso-e-servico\/"]}]},{"@type":"BreadcrumbList","@id":"https:\/\/stratioautomotive.com\/pt-pt\/termos-de-uso-e-servico\/#breadcrumb","itemListElement":[{"@type":"ListItem","position":1,"name":"Home","item":"https:\/\/stratioautomotive.com\/pt-pt\/"},{"@type":"ListItem","position":2,"name":"Termos de Uso e Servi\u00e7o"}]},{"@type":"WebSite","@id":"https:\/\/stratioautomotive.com\/#website","url":"https:\/\/stratioautomotive.com\/","name":"Stratio","description":"Driving a zero downtime future.","potentialAction":[{"@type":"SearchAction","target":{"@type":"EntryPoint","urlTemplate":"https:\/\/stratioautomotive.com\/?s={search_term_string}"},"query-input":{"@type":"PropertyValueSpecification","valueRequired":true,"valueName":"search_term_string"}}],"inLanguage":"pt-PT"}]}},"_links":{"self":[{"href":"https:\/\/stratioautomotive.com\/pt-pt\/wp-json\/wp\/v2\/pages\/4873","targetHints":{"allow":["GET"]}}],"collection":[{"href":"https:\/\/stratioautomotive.com\/pt-pt\/wp-json\/wp\/v2\/pages"}],"about":[{"href":"https:\/\/stratioautomotive.com\/pt-pt\/wp-json\/wp\/v2\/types\/page"}],"author":[{"embeddable":true,"href":"https:\/\/stratioautomotive.com\/pt-pt\/wp-json\/wp\/v2\/users\/2"}],"replies":[{"embeddable":true,"href":"https:\/\/stratioautomotive.com\/pt-pt\/wp-json\/wp\/v2\/comments?post=4873"}],"version-history":[{"count":2,"href":"https:\/\/stratioautomotive.com\/pt-pt\/wp-json\/wp\/v2\/pages\/4873\/revisions"}],"predecessor-version":[{"id":4875,"href":"https:\/\/stratioautomotive.com\/pt-pt\/wp-json\/wp\/v2\/pages\/4873\/revisions\/4875"}],"wp:attachment":[{"href":"https:\/\/stratioautomotive.com\/pt-pt\/wp-json\/wp\/v2\/media?parent=4873"}],"wp:term":[{"taxonomy":"category","embeddable":true,"href":"https:\/\/stratioautomotive.com\/pt-pt\/wp-json\/wp\/v2\/categories?post=4873"},{"taxonomy":"post_tag","embeddable":true,"href":"https:\/\/stratioautomotive.com\/pt-pt\/wp-json\/wp\/v2\/tags?post=4873"}],"curies":[{"name":"wp","href":"https:\/\/api.w.org\/{rel}","templated":true}]}}