{"id":4867,"date":"2020-12-15T18:38:55","date_gmt":"2020-12-15T18:38:55","guid":{"rendered":"https:\/\/wp.stratio.info\/solicitar-demo\/"},"modified":"2023-01-13T10:29:10","modified_gmt":"2023-01-13T10:29:10","slug":"solicitar-demo","status":"publish","type":"page","link":"https:\/\/stratioautomotive.com\/pt-pt\/solicitar-demo\/","title":{"rendered":"Solicitar demo"},"content":{"rendered":"<p>[et_pb_section fb_built=&#8221;1&#8243; _builder_version=&#8221;4.6.6&#8243; _module_preset=&#8221;default&#8221; background_color=&#8221;#f7f7f7&#8243; height=&#8221;660px&#8221; custom_padding=&#8221;||0px|||&#8221; global_colors_info=&#8221;{}&#8221;][et_pb_row column_structure=&#8221;1_2,1_2&#8243; admin_label=&#8221;Featured Project&#8221; _builder_version=&#8221;4.6.6&#8243; custom_padding=&#8221;60px||0px|||&#8221; global_colors_info=&#8221;{}&#8221;][et_pb_column type=&#8221;1_2&#8243; _builder_version=&#8221;3.25&#8243; custom_padding=&#8221;|||&#8221; global_colors_info=&#8221;{}&#8221; custom_padding__hover=&#8221;|||&#8221;][et_pb_text disabled_on=&#8221;off|off|off&#8221; admin_label=&#8221;Title&#8221; _builder_version=&#8221;4.6.6&#8243; text_font=&#8221;Montserrat||||||||&#8221; text_line_height=&#8221;1.8em&#8221; header_font=&#8221;Poppins|700|||||||&#8221; header_text_color=&#8221;#ff4438&#8243; header_font_size=&#8221;36px&#8221; header_2_font=&#8221;Poppins|600|||||||&#8221; header_2_text_color=&#8221;#ff4438&#8243; header_2_font_size=&#8221;30px&#8221; header_2_line_height=&#8221;1.5em&#8221; custom_margin=&#8221;||5px|&#8221; animation_direction=&#8221;top&#8221; global_colors_info=&#8221;{}&#8221;]<\/p>\n<h1><b>Agendar Demo<\/b><\/h1>\n<p>[\/et_pb_text][et_pb_text _builder_version=&#8221;4.14.7&#8243; text_font=&#8221;||||||||&#8221; text_line_height=&#8221;1.8em&#8221; custom_margin=&#8221;|||&#8221; custom_padding=&#8221;||10px|&#8221; animation_direction=&#8221;right&#8221; global_colors_info=&#8221;{}&#8221;]<\/p>\n<p><strong><\/strong><\/p>\n<p><strong>Est\u00e1 curioso em saber como \u00e9 que a Stratio pode ajudar o seu neg\u00f3cio?<br \/><\/strong><\/p>\n<p>Agende uma chamada de 15m para descobrir como a <strong>Ford Trucks, Arriva<\/strong>\u00a0e muitas outras empresas usam a Stratio, a <strong>Plataforma de Manuten\u00e7\u00e3o Preditiva para Frotas, <\/strong>para reduzir custos e aumentar de produtividade.<\/p>\n<p>[\/et_pb_text][\/et_pb_column][et_pb_column type=&#8221;1_2&#8243; _builder_version=&#8221;4.6.6&#8243; background_color=&#8221;#ffffff&#8221; custom_padding=&#8221;40px|40px|40px|40px|true|true&#8221; global_colors_info=&#8221;{}&#8221; custom_padding__hover=&#8221;|||&#8221;][et_pb_text _builder_version=&#8221;4.6.6&#8243; _module_preset=&#8221;default&#8221; text_font=&#8221;Open Sans||||||||&#8221; global_colors_info=&#8221;{}&#8221;]<\/p>\n<p><strong>Durante a chamada vamo-nos focar em:<\/strong><\/p>\n<p><span style=\"font-weight: 400;\"><\/span><\/p>\n<ul>\n<li style=\"font-weight: 400;\"><span style=\"font-weight: 400;\"><span style=\"font-weight: 400;\">Dar-lhe uma vis\u00e3o global da Plataforma Stratio atrav\u00e9s de uma apresenta\u00e7\u00e3o realizada por um especialista da Stratio.<\/span><\/span>\n<p>&nbsp;<\/p>\n<\/li>\n<li style=\"font-weight: 400;\"><span style=\"font-weight: 400;\"><span style=\"font-weight: 400;\">Apresenta\u00e7\u00e3o de uma demo com dados reais dos ve\u00edculos para lhe mostrar a forma como os nossos produtos podem ajudar o seu neg\u00f3cio.<\/span><\/span>\n<p>&nbsp;<\/p>\n<\/li>\n<li style=\"font-weight: 400;\"><span style=\"font-weight: 400;\">Perceber quais s\u00e3o os seus maiores problemas de modo a que possamos ajud\u00e1-lo mais eficazmente.<\/span><\/li>\n<\/ul>\n<p>[\/et_pb_text][\/et_pb_column][\/et_pb_row][\/et_pb_section][et_pb_section fb_built=&#8221;1&#8243; _builder_version=&#8221;4.7.7&#8243; _module_preset=&#8221;default&#8221; min_height=&#8221;162px&#8221; custom_margin=&#8221;-31px|||||&#8221; custom_padding=&#8221;0px||29px|||&#8221; saved_tabs=&#8221;all&#8221; locked=&#8221;off&#8221; global_colors_info=&#8221;{}&#8221;][et_pb_row column_structure=&#8221;1_2,1_2&#8243; use_custom_gutter=&#8221;on&#8221; gutter_width=&#8221;1&#8243; _builder_version=&#8221;4.7.7&#8243; _module_preset=&#8221;default&#8221; custom_padding=&#8221;16px|||||&#8221; global_colors_info=&#8221;{}&#8221;][et_pb_column type=&#8221;1_2&#8243; _builder_version=&#8221;4.7.7&#8243; _module_preset=&#8221;default&#8221; background_enable_color=&#8221;off&#8221; global_colors_info=&#8221;{}&#8221;][et_pb_testimonial author=&#8221;Bruno Oliveira&#8221; job_title=&#8221;CEO | Ford Trucks Portugal&#8221; portrait_url=&#8221;https:\/\/stratioautomotive.com\/wp-content\/uploads\/2021\/01\/image.jpeg&#8221; quote_icon=&#8221;off&#8221; portrait_width=&#8221;110px&#8221; portrait_height=&#8221;110px&#8221; _builder_version=&#8221;4.7.7&#8243; _module_preset=&#8221;default&#8221; body_line_height=&#8221;1.4em&#8221; author_font=&#8221;Poppins|700|||||||&#8221; author_text_color=&#8221;#474747&#8243; author_font_size=&#8221;20px&#8221; position_font=&#8221;Poppins||||||||&#8221; position_text_color=&#8221;#383838&#8243; position_font_size=&#8221;18px&#8221; company_font=&#8221;Poppins||||||||&#8221; company_text_color=&#8221;#383838&#8243; company_font_size=&#8221;18px&#8221; use_background_color=&#8221;off&#8221; body_text_align_tablet=&#8221;&#8221; body_text_align_phone=&#8221;center&#8221; body_text_align_last_edited=&#8221;on|phone&#8221; global_colors_info=&#8221;{}&#8221;][\/et_pb_testimonial][\/et_pb_column][et_pb_column type=&#8221;1_2&#8243; _builder_version=&#8221;4.7.7&#8243; _module_preset=&#8221;default&#8221; global_colors_info=&#8221;{}&#8221;][et_pb_image src=&#8221;https:\/\/stratioautomotive.com\/wp-content\/uploads\/2020\/12\/FORD-TRUCKS-1.png&#8221; title_text=&#8221;FORD TRUCKS&#8221; show_bottom_space=&#8221;off&#8221; align_tablet=&#8221;&#8221; align_phone=&#8221;center&#8221; align_last_edited=&#8221;on|phone&#8221; _builder_version=&#8221;4.7.7&#8243; _module_preset=&#8221;default&#8221; max_width=&#8221;130px&#8221; module_alignment=&#8221;left&#8221; custom_margin=&#8221;5%||||false|false&#8221; module_alignment_tablet=&#8221;&#8221; module_alignment_phone=&#8221;center&#8221; module_alignment_last_edited=&#8221;on|phone&#8221; global_colors_info=&#8221;{}&#8221;][\/et_pb_image][\/et_pb_column][\/et_pb_row][et_pb_row use_custom_gutter=&#8221;on&#8221; gutter_width=&#8221;1&#8243; _builder_version=&#8221;4.7.7&#8243; _module_preset=&#8221;default&#8221; global_colors_info=&#8221;{}&#8221;][et_pb_column type=&#8221;4_4&#8243; _builder_version=&#8221;4.7.7&#8243; _module_preset=&#8221;default&#8221; background_enable_color=&#8221;off&#8221; global_colors_info=&#8221;{}&#8221;][et_pb_text _builder_version=&#8221;4.9.0&#8243; _module_preset=&#8221;default&#8221; text_font=&#8221;Open Sans||on||||||&#8221; text_text_color=&#8221;#8f8f8f&#8221; custom_margin=&#8221;0px||10px||false|false&#8221; global_colors_info=&#8221;{}&#8221;]<\/p>\n<p><em>&#8220;O produto da Stratio \u00e9 o \u00fanica solu\u00e7\u00e3o existente no mercado que permite a automatiza\u00e7\u00e3o dos processos de manuten\u00e7\u00e3o e a gest\u00e3o remota de opera\u00e7\u00f5es numa s\u00f3 plataforma simultaneamente, e isso tem um grande impacto no dia a dia dos nossos clientes.&#8221;<\/em><\/p>\n<p>[\/et_pb_text][\/et_pb_column][\/et_pb_row][\/et_pb_section][et_pb_section fb_built=&#8221;1&#8243; _builder_version=&#8221;4.7.7&#8243; _module_preset=&#8221;default&#8221; min_height=&#8221;195px&#8221; custom_margin=&#8221;-115px|||||&#8221; custom_padding=&#8221;30px||29px|||&#8221; saved_tabs=&#8221;all&#8221; locked=&#8221;off&#8221; global_colors_info=&#8221;{}&#8221;][et_pb_row column_structure=&#8221;1_2,1_2&#8243; use_custom_gutter=&#8221;on&#8221; gutter_width=&#8221;1&#8243; _builder_version=&#8221;4.14.7&#8243; _module_preset=&#8221;default&#8221; custom_margin=&#8221;5px||||false|false&#8221; custom_padding=&#8221;18px||||false|false&#8221; global_colors_info=&#8221;{}&#8221;][et_pb_column type=&#8221;1_2&#8243; _builder_version=&#8221;4.7.7&#8243; _module_preset=&#8221;default&#8221; background_enable_color=&#8221;off&#8221; global_colors_info=&#8221;{}&#8221;][et_pb_testimonial author=&#8221;Radovan \u0158edina&#8221; job_title=&#8221;Project Manager | Arriva Czech Republic&#8221; portrait_url=&#8221;https:\/\/stratioautomotive.com\/wp-content\/uploads\/2021\/01\/REDINA.png&#8221; quote_icon=&#8221;off&#8221; portrait_width=&#8221;95px&#8221; portrait_height=&#8221;95px&#8221; _builder_version=&#8221;4.14.7&#8243; _module_preset=&#8221;default&#8221; body_line_height=&#8221;1.4em&#8221; author_font=&#8221;Poppins|700|||||||&#8221; author_text_color=&#8221;#474747&#8243; author_font_size=&#8221;20px&#8221; position_font=&#8221;Poppins||||||||&#8221; position_text_color=&#8221;#383838&#8243; position_font_size=&#8221;18px&#8221; company_font=&#8221;Poppins||||||||&#8221; company_text_color=&#8221;#383838&#8243; company_font_size=&#8221;18px&#8221; use_background_color=&#8221;off&#8221; custom_margin=&#8221;50px||||false|false&#8221; hover_enabled=&#8221;0&#8243; body_text_align_tablet=&#8221;&#8221; body_text_align_phone=&#8221;center&#8221; body_text_align_last_edited=&#8221;on|phone&#8221; global_colors_info=&#8221;{}&#8221; sticky_enabled=&#8221;0&#8243;][\/et_pb_testimonial][\/et_pb_column][et_pb_column type=&#8221;1_2&#8243; _builder_version=&#8221;4.7.7&#8243; _module_preset=&#8221;default&#8221; global_colors_info=&#8221;{}&#8221;][et_pb_image src=&#8221;https:\/\/stratioautomotive.com\/wp-content\/uploads\/2020\/12\/ARRIVA-Copy.png&#8221; title_text=&#8221;ARRIVA &#8211; Copy&#8221; show_bottom_space=&#8221;off&#8221; align_tablet=&#8221;&#8221; align_phone=&#8221;center&#8221; align_last_edited=&#8221;on|phone&#8221; _builder_version=&#8221;4.14.7&#8243; _module_preset=&#8221;default&#8221; max_width=&#8221;150px&#8221; module_alignment=&#8221;left&#8221; custom_margin=&#8221;5%||||false|false&#8221; custom_padding=&#8221;50px||||false|false&#8221; hover_enabled=&#8221;0&#8243; module_alignment_tablet=&#8221;&#8221; module_alignment_phone=&#8221;center&#8221; module_alignment_last_edited=&#8221;on|phone&#8221; global_colors_info=&#8221;{}&#8221; sticky_enabled=&#8221;0&#8243;][\/et_pb_image][\/et_pb_column][\/et_pb_row][et_pb_row use_custom_gutter=&#8221;on&#8221; gutter_width=&#8221;1&#8243; _builder_version=&#8221;4.7.7&#8243; _module_preset=&#8221;default&#8221; global_colors_info=&#8221;{}&#8221;][et_pb_column type=&#8221;4_4&#8243; _builder_version=&#8221;4.7.7&#8243; _module_preset=&#8221;default&#8221; background_enable_color=&#8221;off&#8221; global_colors_info=&#8221;{}&#8221;][et_pb_text _builder_version=&#8221;4.9.6&#8243; _module_preset=&#8221;default&#8221; text_font=&#8221;Open Sans||on||||||&#8221; text_text_color=&#8221;#8f8f8f&#8221; custom_margin=&#8221;0px||10px||false|false&#8221; locked=&#8221;off&#8221; global_colors_info=&#8221;{}&#8221;]<\/p>\n<p><em>&#8220;Ao usar a Plataforma Stratio somos capazes de descobrir uma poss\u00edvel falha antes que esta ocorra, planear a nossa manuten\u00e7\u00e3o e usar a nossa frota de forma mais eficaz.&#8221;<\/em><\/p>\n<p>[\/et_pb_text][\/et_pb_column][\/et_pb_row][\/et_pb_section][et_pb_section fb_built=&#8221;1&#8243; _builder_version=&#8221;4.6.6&#8243; _module_preset=&#8221;default&#8221; background_color=&#8221;#ffffff&#8221; min_height=&#8221;934px&#8221; custom_margin=&#8221;-51px|||||&#8221; global_colors_info=&#8221;{}&#8221;][et_pb_row module_class=&#8221; et_pb_row_fullwidth&#8221; _builder_version=&#8221;4.6.5&#8243; width=&#8221;100%&#8221; width_tablet=&#8221;80%&#8221; width_phone=&#8221;&#8221; width_last_edited=&#8221;on|desktop&#8221; max_width=&#8221;1136px&#8221; max_width_tablet=&#8221;80%&#8221; max_width_phone=&#8221;&#8221; max_width_last_edited=&#8221;on|desktop&#8221; custom_margin=&#8221;|||&#8221; make_fullwidth=&#8221;on&#8221; custom_width_px=&#8221;1600px&#8221; global_colors_info=&#8221;{}&#8221;][et_pb_column type=&#8221;4_4&#8243; _builder_version=&#8221;3.25&#8243; custom_padding=&#8221;|||&#8221; global_colors_info=&#8221;{}&#8221; custom_padding__hover=&#8221;|||&#8221;][et_pb_code admin_label=&#8221;Code&#8221; _builder_version=&#8221;4.7.7&#8243; _module_preset=&#8221;default&#8221; custom_margin=&#8221;||20px|||&#8221; global_colors_info=&#8221;{}&#8221;]<!--[if lte IE 8]><!-- [et_pb_line_break_holder] --><script charset=\"utf-8\" type=\"text\/javascript\" src=\"\/\/js.hsforms.net\/forms\/v2-legacy.js\"><\/script><!-- [et_pb_line_break_holder] --><![endif]--><!-- [et_pb_line_break_holder] --><script charset=\"utf-8\" type=\"text\/javascript\" src=\"\/\/js.hsforms.net\/forms\/v2.js\"><\/script><!-- [et_pb_line_break_holder] --><script><!-- [et_pb_line_break_holder] -->  hbspt.forms.create({<!-- [et_pb_line_break_holder] -->\tportalId: \"8060790\",<!-- [et_pb_line_break_holder] -->\tformId: \"a6b9e303-3f05-463d-a9e0-8ae83694ba30\"<!-- [et_pb_line_break_holder] -->});<!-- [et_pb_line_break_holder] --><\/script>[\/et_pb_code][\/et_pb_column][\/et_pb_row][et_pb_row _builder_version=&#8221;4.6.6&#8243; _module_preset=&#8221;default&#8221; global_colors_info=&#8221;{}&#8221;][et_pb_column type=&#8221;4_4&#8243; _builder_version=&#8221;4.6.6&#8243; _module_preset=&#8221;default&#8221; global_colors_info=&#8221;{}&#8221;][et_pb_text admin_label=&#8221;Title&#8221; _builder_version=&#8221;4.6.6&#8243; text_font=&#8221;Open Sans||||||||&#8221; header_font=&#8221;Poppins||||||||&#8221; header_2_font=&#8221;Poppins|700|||||||&#8221; header_2_text_align=&#8221;center&#8221; header_2_font_size=&#8221;30px&#8221; header_2_line_height=&#8221;1.5em&#8221; custom_margin=&#8221;||5px|&#8221; custom_padding=&#8221;||0px|||&#8221; animation_direction=&#8221;top&#8221; global_colors_info=&#8221;{}&#8221;]<\/p>\n<h2>Os nossos clientes falam por n\u00f3s<\/h2>\n<p>[\/et_pb_text][et_pb_image src=&#8221;https:\/\/stratioautomotive.com\/wp-content\/uploads\/2021\/11\/logos_about-1.png&#8221; alt=&#8221;Log\u00f3tipos dos clientes da Stratio&#8221; title_text=&#8221;logotipos-clientes-stratio&#8221; _builder_version=&#8221;4.14.7&#8243; _module_preset=&#8221;default&#8221; custom_margin=&#8221;28px|||||&#8221; global_colors_info=&#8221;{}&#8221;][\/et_pb_image][\/et_pb_column][\/et_pb_row][\/et_pb_section][et_pb_section fb_built=&#8221;1&#8243; _builder_version=&#8221;4.6.6&#8243; _module_preset=&#8221;default&#8221; custom_margin=&#8221;0px|0px|0px|0px|true|true&#8221; custom_padding=&#8221;0px|0px|0px|0px|true|true&#8221; saved_tabs=&#8221;all&#8221; collapsed=&#8221;on&#8221; global_colors_info=&#8221;{}&#8221;][et_pb_row _builder_version=&#8221;4.6.6&#8243; _module_preset=&#8221;default&#8221; custom_margin=&#8221;0px||0px|0px|true|false&#8221; custom_padding=&#8221;0px|0px|0px|0px|true|true&#8221; global_colors_info=&#8221;{}&#8221;][et_pb_column type=&#8221;4_4&#8243; _builder_version=&#8221;4.6.6&#8243; _module_preset=&#8221;default&#8221; global_colors_info=&#8221;{}&#8221;][et_pb_social_media_follow icon_color=&#8221;#ffffff&#8221; admin_label=&#8221;Social Media Follow&#8221; _builder_version=&#8221;4.6.6&#8243; _module_preset=&#8221;default&#8221; background_enable_color=&#8221;off&#8221; global_colors_info=&#8221;{}&#8221;][et_pb_social_media_follow_network social_network=&#8221;linkedin&#8221; url=&#8221;https:\/\/www.linkedin.com\/company\/stratioautomotive\/&#8221; _builder_version=&#8221;4.6.6&#8243; _module_preset=&#8221;default&#8221; background_color=&#8221;#333333&#8243; background_enable_color=&#8221;on&#8221; custom_margin=&#8221;||||false|false&#8221; custom_padding=&#8221;||||false|false&#8221; global_colors_info=&#8221;{}&#8221; follow_button=&#8221;off&#8221; url_new_window=&#8221;on&#8221;]linkedin[\/et_pb_social_media_follow_network][et_pb_social_media_follow_network social_network=&#8221;myspace&#8221; url=&#8221;https:\/\/medium.com\/stratio&#8221; icon_color=&#8221;rgba(0,0,0,0)&#8221; use_icon_font_size=&#8221;on&#8221; _builder_version=&#8221;4.6.6&#8243; _module_preset=&#8221;default&#8221; background_color=&#8221;#333333&#8243; background_enable_color=&#8221;on&#8221; background_image=&#8221;https:\/\/stratioautomotive.com\/wp-content\/uploads\/2020\/11\/Background.png&#8221; background_enable_image=&#8221;on&#8221; background_size=&#8221;contain&#8221; global_colors_info=&#8221;{}&#8221; follow_button=&#8221;off&#8221; url_new_window=&#8221;on&#8221;]myspace[\/et_pb_social_media_follow_network][\/et_pb_social_media_follow][\/et_pb_column][\/et_pb_row][\/et_pb_section]<\/p>\n","protected":false},"excerpt":{"rendered":"<p>Agendar Demo Est\u00e1 curioso em saber como \u00e9 que a Stratio pode ajudar o seu neg\u00f3cio? Agende uma chamada de 15m para descobrir como a Ford Trucks, Arriva\u00a0e muitas outras empresas usam a Stratio, a Plataforma de Manuten\u00e7\u00e3o Preditiva para Frotas, para reduzir custos e aumentar de produtividade.Durante a chamada vamo-nos focar em: Dar-lhe uma [&hellip;]<\/p>\n","protected":false},"author":2,"featured_media":0,"parent":0,"menu_order":0,"comment_status":"closed","ping_status":"closed","template":"","meta":{"_et_pb_use_builder":"on","_et_pb_old_content":"","_et_gb_content_width":"","content-type":"","footnotes":""},"categories":[],"tags":[],"class_list":["post-4867","page","type-page","status-publish","hentry"],"yoast_head":"<!-- This site is optimized with the Yoast SEO plugin v26.1.1 - https:\/\/yoast.com\/wordpress\/plugins\/seo\/ -->\n<title>Solicitar Demo - Manuten\u00e7\u00e3o Preditiva para Frotas - Stratio<\/title>\n<meta name=\"description\" content=\"Quer saber como \u00e9 que a Stratio pode ajudar o seu neg\u00f3cio? Contacte-nos e pe\u00e7a uma demonstra\u00e7\u00e3o para saber tudo acerca de Manuten\u00e7\u00e3o Preditiva para Frotas.\" \/>\n<meta name=\"robots\" content=\"index, follow, max-snippet:-1, max-image-preview:large, max-video-preview:-1\" \/>\n<link rel=\"canonical\" href=\"https:\/\/stratioautomotive.com\/request-demo\/\" \/>\n<meta property=\"og:locale\" content=\"pt_PT\" \/>\n<meta property=\"og:type\" content=\"article\" \/>\n<meta property=\"og:title\" content=\"Solicitar Demo - Manuten\u00e7\u00e3o Preditiva para Frotas - Stratio\" \/>\n<meta property=\"og:description\" content=\"Quer saber como \u00e9 que a Stratio pode ajudar o seu neg\u00f3cio? Contacte-nos e pe\u00e7a uma demonstra\u00e7\u00e3o para saber tudo acerca de Manuten\u00e7\u00e3o Preditiva para Frotas.\" \/>\n<meta property=\"og:url\" content=\"https:\/\/stratioautomotive.com\/request-demo\/\" \/>\n<meta property=\"og:site_name\" content=\"Stratio\" \/>\n<meta property=\"article:modified_time\" content=\"2023-01-13T10:29:10+00:00\" \/>\n<meta name=\"twitter:card\" content=\"summary_large_image\" \/>\n<meta name=\"twitter:label1\" content=\"Tempo estimado de leitura\" \/>\n\t<meta name=\"twitter:data1\" content=\"3 minutos\" \/>\n<script type=\"application\/ld+json\" class=\"yoast-schema-graph\">{\"@context\":\"https:\/\/schema.org\",\"@graph\":[{\"@type\":\"WebPage\",\"@id\":\"https:\/\/stratioautomotive.com\/request-demo\/\",\"url\":\"https:\/\/stratioautomotive.com\/request-demo\/\",\"name\":\"Solicitar Demo - Manuten\u00e7\u00e3o Preditiva para Frotas - Stratio\",\"isPartOf\":{\"@id\":\"https:\/\/stratioautomotive.com\/#website\"},\"datePublished\":\"2020-12-15T18:38:55+00:00\",\"dateModified\":\"2023-01-13T10:29:10+00:00\",\"description\":\"Quer saber como \u00e9 que a Stratio pode ajudar o seu neg\u00f3cio? Contacte-nos e pe\u00e7a uma demonstra\u00e7\u00e3o para saber tudo acerca de Manuten\u00e7\u00e3o Preditiva para Frotas.\",\"breadcrumb\":{\"@id\":\"https:\/\/stratioautomotive.com\/request-demo\/#breadcrumb\"},\"inLanguage\":\"pt-PT\",\"potentialAction\":[{\"@type\":\"ReadAction\",\"target\":[\"https:\/\/stratioautomotive.com\/request-demo\/\"]}]},{\"@type\":\"BreadcrumbList\",\"@id\":\"https:\/\/stratioautomotive.com\/request-demo\/#breadcrumb\",\"itemListElement\":[{\"@type\":\"ListItem\",\"position\":1,\"name\":\"Home\",\"item\":\"https:\/\/stratioautomotive.com\/pt-pt\/\"},{\"@type\":\"ListItem\",\"position\":2,\"name\":\"Solicitar demo\"}]},{\"@type\":\"WebSite\",\"@id\":\"https:\/\/stratioautomotive.com\/#website\",\"url\":\"https:\/\/stratioautomotive.com\/\",\"name\":\"Stratio\",\"description\":\"Driving a zero downtime future.\",\"potentialAction\":[{\"@type\":\"SearchAction\",\"target\":{\"@type\":\"EntryPoint\",\"urlTemplate\":\"https:\/\/stratioautomotive.com\/?s={search_term_string}\"},\"query-input\":{\"@type\":\"PropertyValueSpecification\",\"valueRequired\":true,\"valueName\":\"search_term_string\"}}],\"inLanguage\":\"pt-PT\"}]}<\/script>\n<!-- \/ Yoast SEO plugin. -->","yoast_head_json":{"title":"Solicitar Demo - Manuten\u00e7\u00e3o Preditiva para Frotas - Stratio","description":"Quer saber como \u00e9 que a Stratio pode ajudar o seu neg\u00f3cio? Contacte-nos e pe\u00e7a uma demonstra\u00e7\u00e3o para saber tudo acerca de Manuten\u00e7\u00e3o Preditiva para Frotas.","robots":{"index":"index","follow":"follow","max-snippet":"max-snippet:-1","max-image-preview":"max-image-preview:large","max-video-preview":"max-video-preview:-1"},"canonical":"https:\/\/stratioautomotive.com\/request-demo\/","og_locale":"pt_PT","og_type":"article","og_title":"Solicitar Demo - Manuten\u00e7\u00e3o Preditiva para Frotas - Stratio","og_description":"Quer saber como \u00e9 que a Stratio pode ajudar o seu neg\u00f3cio? Contacte-nos e pe\u00e7a uma demonstra\u00e7\u00e3o para saber tudo acerca de Manuten\u00e7\u00e3o Preditiva para Frotas.","og_url":"https:\/\/stratioautomotive.com\/request-demo\/","og_site_name":"Stratio","article_modified_time":"2023-01-13T10:29:10+00:00","twitter_card":"summary_large_image","twitter_misc":{"Tempo estimado de leitura":"3 minutos"},"schema":{"@context":"https:\/\/schema.org","@graph":[{"@type":"WebPage","@id":"https:\/\/stratioautomotive.com\/request-demo\/","url":"https:\/\/stratioautomotive.com\/request-demo\/","name":"Solicitar Demo - Manuten\u00e7\u00e3o Preditiva para Frotas - Stratio","isPartOf":{"@id":"https:\/\/stratioautomotive.com\/#website"},"datePublished":"2020-12-15T18:38:55+00:00","dateModified":"2023-01-13T10:29:10+00:00","description":"Quer saber como \u00e9 que a Stratio pode ajudar o seu neg\u00f3cio? Contacte-nos e pe\u00e7a uma demonstra\u00e7\u00e3o para saber tudo acerca de Manuten\u00e7\u00e3o Preditiva para Frotas.","breadcrumb":{"@id":"https:\/\/stratioautomotive.com\/request-demo\/#breadcrumb"},"inLanguage":"pt-PT","potentialAction":[{"@type":"ReadAction","target":["https:\/\/stratioautomotive.com\/request-demo\/"]}]},{"@type":"BreadcrumbList","@id":"https:\/\/stratioautomotive.com\/request-demo\/#breadcrumb","itemListElement":[{"@type":"ListItem","position":1,"name":"Home","item":"https:\/\/stratioautomotive.com\/pt-pt\/"},{"@type":"ListItem","position":2,"name":"Solicitar demo"}]},{"@type":"WebSite","@id":"https:\/\/stratioautomotive.com\/#website","url":"https:\/\/stratioautomotive.com\/","name":"Stratio","description":"Driving a zero downtime future.","potentialAction":[{"@type":"SearchAction","target":{"@type":"EntryPoint","urlTemplate":"https:\/\/stratioautomotive.com\/?s={search_term_string}"},"query-input":{"@type":"PropertyValueSpecification","valueRequired":true,"valueName":"search_term_string"}}],"inLanguage":"pt-PT"}]}},"_links":{"self":[{"href":"https:\/\/stratioautomotive.com\/pt-pt\/wp-json\/wp\/v2\/pages\/4867","targetHints":{"allow":["GET"]}}],"collection":[{"href":"https:\/\/stratioautomotive.com\/pt-pt\/wp-json\/wp\/v2\/pages"}],"about":[{"href":"https:\/\/stratioautomotive.com\/pt-pt\/wp-json\/wp\/v2\/types\/page"}],"author":[{"embeddable":true,"href":"https:\/\/stratioautomotive.com\/pt-pt\/wp-json\/wp\/v2\/users\/2"}],"replies":[{"embeddable":true,"href":"https:\/\/stratioautomotive.com\/pt-pt\/wp-json\/wp\/v2\/comments?post=4867"}],"version-history":[{"count":32,"href":"https:\/\/stratioautomotive.com\/pt-pt\/wp-json\/wp\/v2\/pages\/4867\/revisions"}],"predecessor-version":[{"id":17793,"href":"https:\/\/stratioautomotive.com\/pt-pt\/wp-json\/wp\/v2\/pages\/4867\/revisions\/17793"}],"wp:attachment":[{"href":"https:\/\/stratioautomotive.com\/pt-pt\/wp-json\/wp\/v2\/media?parent=4867"}],"wp:term":[{"taxonomy":"category","embeddable":true,"href":"https:\/\/stratioautomotive.com\/pt-pt\/wp-json\/wp\/v2\/categories?post=4867"},{"taxonomy":"post_tag","embeddable":true,"href":"https:\/\/stratioautomotive.com\/pt-pt\/wp-json\/wp\/v2\/tags?post=4867"}],"curies":[{"name":"wp","href":"https:\/\/api.w.org\/{rel}","templated":true}]}}