{"id":4789,"date":"2020-12-14T17:35:35","date_gmt":"2020-12-14T17:35:35","guid":{"rendered":"https:\/\/wp.stratio.info\/politica-de-privacidade\/"},"modified":"2021-10-27T09:10:37","modified_gmt":"2021-10-27T09:10:37","slug":"politica-de-privacidade","status":"publish","type":"page","link":"https:\/\/stratioautomotive.com\/pt-pt\/politica-de-privacidade\/","title":{"rendered":"Pol\u00edtica de Privacidade"},"content":{"rendered":"<p>[et_pb_section fb_built=&#8221;1&#8243; _builder_version=&#8221;4.6.6&#8243; _module_preset=&#8221;default&#8221;][et_pb_row admin_label=&#8221;Featured Project&#8221; _builder_version=&#8221;4.6.6&#8243; width=&#8221;70%&#8221; max_width=&#8221;860px&#8221; custom_padding=&#8221;60px||||false|false&#8221;][et_pb_column type=&#8221;4_4&#8243; _builder_version=&#8221;3.25&#8243; custom_padding=&#8221;|||&#8221; custom_padding__hover=&#8221;|||&#8221;][et_pb_text disabled_on=&#8221;off|off|off&#8221; admin_label=&#8221;Title&#8221; _builder_version=&#8221;4.6.6&#8243; text_font=&#8221;Montserrat||||||||&#8221; text_line_height=&#8221;1.8em&#8221; header_font=&#8221;Poppins|700|||||||&#8221; header_text_color=&#8221;#ff4438&#8243; header_font_size=&#8221;36px&#8221; header_2_font=&#8221;Poppins|600|||||||&#8221; header_2_text_color=&#8221;#ff4438&#8243; header_2_font_size=&#8221;30px&#8221; header_2_line_height=&#8221;1.5em&#8221; custom_margin=&#8221;||5px|&#8221; animation_direction=&#8221;top&#8221;]<\/p>\n<h2><b>Pol\u00edtica de Privacidade<\/b><\/h2>\n<p>[\/et_pb_text][et_pb_divider show_divider=&#8221;off&#8221; _builder_version=&#8221;3.2&#8243; max_width=&#8221;23px&#8221; module_alignment=&#8221;left&#8221; animation_style=&#8221;slide&#8221; animation_intensity_slide=&#8221;20%&#8221; animation_starting_opacity=&#8221;100%&#8221; locked=&#8221;off&#8221;][\/et_pb_divider][et_pb_text _builder_version=&#8221;4.9.10&#8243; text_font=&#8221;||||||||&#8221; text_line_height=&#8221;1.8em&#8221; header_font=&#8221;||||||||&#8221; max_width=&#8221;100%&#8221; custom_margin=&#8221;|||&#8221; animation_direction=&#8221;left&#8221;]<\/p>\n<p><strong>Notifica\u00e7\u00e3o de privacidade STRATIO<\/strong><\/p>\n<p>(Website)<\/p>\n<p><strong>\u00a0<\/strong><\/p>\n<p><strong>Quem \u00e9 respons\u00e1vel pelo tratamento da minha informa\u00e7\u00e3o?<\/strong><\/p>\n<p>Os seus dados pessoais s\u00e3o tratados maioritariamente pela STRA, S.A., com sede na Rua Pedro Nunes, IPN &#8211; Edif\u00edcio. Instituto Pedro Nunes, 3030-199 Coimbra, Portugal, actuando como respons\u00e1vel pelo tratamento de dados para os efeitos desta Notifica\u00e7\u00e3o de Privacidade. Em determinadas circunst\u00e2ncias, a responsabilidade pela protec\u00e7\u00e3o de dados e pela sua privacidade \u00e9 partilhada com uma ou v\u00e1rias outras entidades jur\u00eddicas, quer seja uma afiliada da STRATIO ou um terceiro.<\/p>\n<p>O nosso website pode conter links para outros websites que n\u00e3o s\u00e3o operados por n\u00f3s. Esta Notifica\u00e7\u00e3o de Privacidade n\u00e3o inclui as obriga\u00e7\u00f5es de informa\u00e7\u00e3o de privacidade e outras pr\u00e1ticas de quaisquer terceiros, incluindo quaisquer terceiros que operem qualquer website ou servi\u00e7o que possa ser acess\u00edvel atrav\u00e9s de um link no nosso website. Aconselhamo-lo vivamente a verificar a notifica\u00e7\u00e3o de privacidade de cada site que visitar. N\u00e3o temos qualquer controlo e n\u00e3o assumimos qualquer responsabilidade pelo conte\u00fado, pol\u00edticas ou pr\u00e1ticas de privacidade de quaisquer sites ou servi\u00e7os de terceiros.<\/p>\n<p>&nbsp;<\/p>\n<p><strong>Como posso contactar a STRATIO?<\/strong><\/p>\n<p>Para quaisquer assuntos relacionados com prote\u00e7\u00e3o de dados, pode contactar-nos atrav\u00e9s do email\u00a0<a href=\"mailto:marketing@stratioautomotive.com\"><\/a>. Pode tamb\u00e9m enviar-nos uma carta por correio para a morada da nossa sede.<\/p>\n<p>&nbsp;<\/p>\n<p><strong>Porque precisam dos meus dados pessoais e qual \u00e9 a base legal para esse tratamento de dados?<\/strong><\/p>\n<p><strong>\u00a0<\/strong><\/p>\n<table>\n<tbody>\n<tr>\n<td width=\"132\">\n<p><strong>Finalidade<\/strong><\/p>\n<\/td>\n<td width=\"312\">\n<p><strong>Descri\u00e7\u00e3o<\/strong><\/p>\n<\/td>\n<td width=\"157\">\n<p><strong>Base legal<\/strong><\/p>\n<\/td>\n<\/tr>\n<tr>\n<td width=\"132\">\n<p><strong>Recrutamento<\/strong><\/p>\n<\/td>\n<td width=\"312\">\n<p>Precisamos dos seus dados pessoais para podermos manter uma rela\u00e7\u00e3o consigo quer para avaliar se preenche os requisitos para preencher uma das nossas ofertas de emprego, quer para partilhar consigo as nossas oportunidades de emprego.<\/p>\n<p>&nbsp;<\/p>\n<\/td>\n<td width=\"157\">\n<p>Negocia\u00e7\u00e3o de um contrato<\/p>\n<p>Consentimento (apenas no caso de mantermos o seu CV para oportunidades futuras)<\/p>\n<p>&nbsp;<\/p>\n<\/td>\n<\/tr>\n<tr>\n<td width=\"132\">\n<p><strong>\u201cContacte-nos\u201d<\/strong><\/p>\n<\/td>\n<td width=\"312\">\n<p>&nbsp;<\/p>\n<p>Utilizaremos a sua informa\u00e7\u00e3o se nos contactar atrav\u00e9s do nosso formul\u00e1rio de contacto dispon\u00edvel no nosso website. Tenha em aten\u00e7\u00e3o que n\u00e3o deve partilhar qualquer informa\u00e7\u00e3o sens\u00edvel ou confidencial sob a forma em que tais informa\u00e7\u00f5es possam ser acess\u00edveis a diferentes pessoas do nosso pessoal.<\/p>\n<p>&nbsp;<\/p>\n<\/td>\n<td width=\"157\">\n<p>Interesse Leg\u00edtimo<\/p>\n<\/td>\n<\/tr>\n<tr>\n<td width=\"132\">\n<p><strong>Seguran\u00e7a<\/strong><\/p>\n<\/td>\n<td width=\"312\">\n<p>A fim de proteger os nossos visitantes, bens e neg\u00f3cios contra viol\u00eancia, fraude, roubo, uso indevido e outras actividades maliciosas, a STRATIO p\u00f4s em pr\u00e1tica uma s\u00e9rie de diferentes medidas de seguran\u00e7a (incluindo cookies, etiquetas e outras tecnologias semelhantes) para proteger o seu website e as aplica\u00e7\u00f5es dispon\u00edveis. Algumas destas medidas exigir\u00e3o a recolha e tratamento de dados pessoais.<\/p>\n<p>&nbsp;<\/p>\n<\/td>\n<td width=\"157\">\n<p>Interesse Leg\u00edtimo<\/p>\n<\/td>\n<\/tr>\n<tr>\n<td width=\"132\">\n<p><strong>Legal Defense<\/strong><\/p>\n<\/td>\n<td width=\"312\">\n<p>A fim de proteger os nossos visitantes, bens e neg\u00f3cios contra viol\u00eancia, fraude, roubo, uso indevido e outras actividades maliciosas, a STRATIO p\u00f4s em pr\u00e1tica uma s\u00e9rie de diferentes medidas de seguran\u00e7a (incluindo cookies, tags e outras tecnologias semelhantes) para proteger o seu website e as aplica\u00e7\u00f5es dispon\u00edveis. Algumas destas medidas exigir\u00e3o a recolha e tratamento de dados pessoais. No entanto, dados os riscos inerentes, n\u00e3o podemos garantir seguran\u00e7a absoluta e, consequentemente, n\u00e3o podemos assegurar ou garantir a seguran\u00e7a de qualquer informa\u00e7\u00e3o que nos transmita e que o fa\u00e7a por sua conta e risco.<\/p>\n<p>&nbsp;<\/p>\n<\/td>\n<td width=\"157\">\n<p>Interesse leg\u00edtimo<\/p>\n<\/td>\n<\/tr>\n<\/tbody>\n<\/table>\n<p>&nbsp;<\/p>\n<p>Pode sempre retirar o seu consentimento ou opor-se a uma actividade espec\u00edfica de tratamento dos seus dados em qualquer altura.<\/p>\n<p>&nbsp;<\/p>\n<p><strong>Que categorias de dados pessoais tratam?<\/strong><\/p>\n<p>Em suma, recolhemos informa\u00e7\u00f5es que precisamos para identificar ou contactar, dependendo da finalidade espec\u00edfica do tratamento (tal como identificado acima nesta nota). Abaixo encontrar\u00e1 alguns exemplos dos dados pessoais seus que podemos recolher:<\/p>\n<p>\u00a0Nome<\/p>\n<p>\u00a0Email<\/p>\n<p>\u00a0M\u00f3vel<\/p>\n<p>\u00a0Perfil das Redes Sociais<\/p>\n<p>\u00a0Nome da empresa<\/p>\n<p>O seu endere\u00e7o IP<\/p>\n<p>Vamos inform\u00e1-lo\/a sempre que precisarmos de recolher e tratar dados para outras finalidades ou se precisarmos de utilizar algum destes dados para outros fins n\u00e3o definidos nesta Nota de Privacidade.<\/p>\n<p>Vamos tamb\u00e9m recolher cookies enquanto estiver a utilizar o nosso website. Para saber mais sobre como os utilizamos e as suas escolhas em rela\u00e7\u00e3o a estas tecnologias de rastreio, consulte a nossa Pol\u00edtica de Cookies.<\/p>\n<p>&nbsp;<\/p>\n<p><strong>Como s\u00e3o protegidos os meus dados pessoais?<\/strong><\/p>\n<p>Implementamos v\u00e1rias medidas de seguran\u00e7a para manter a seguran\u00e7a dos seus dados pessoais e dessa forma evitar a perda, uso ileg\u00edtimo ou n\u00e3o autorizado da sua informa\u00e7\u00e3o que esteja sob a nossa responsabilidade. No entanto, dados os riscos inerentes, n\u00e3o podemos garantir seguran\u00e7a absoluta e, consequentemente, n\u00e3o podemos assegurar ou garantir a seguran\u00e7a de qualquer informa\u00e7\u00e3o que nos transmita e que o fa\u00e7a por sua conta e risco.<\/p>\n<p>Pode contactar-nos para obter mais detalhes sobre as nossas medidas de seguran\u00e7a no Tratamento de Dados Pessoais atrav\u00e9s dos nossos contactos mencionados acima nesta Notifica\u00e7\u00e3o de Privacidade.\u00a0<\/p>\n<p>&nbsp;<\/p>\n<p><strong>Partilham a minha informa\u00e7\u00e3o com terceiros?<\/strong><\/p>\n<p>N\u00e3o vendemos, comercializamos ou transferimos os seus dados pessoais para terceiros sem um motivo leg\u00edtimo para o fazer. Isto inclui terceiros de confian\u00e7a que nos ajudam a operar o nosso website, a conduzir os nossos neg\u00f3cios, ou a prestar-lhe servi\u00e7os, desde que essas partes concordem em manter esta informa\u00e7\u00e3o confidencial atrav\u00e9s de acordos legais. Podemos divulgar os seus dados pessoais com:<\/p>\n<ul>\n<li>Afiliadas &#8211; empresas relacionadas com a STRATIO em rela\u00e7\u00e3o de grupo ou de controlo comum;<\/li>\n<li>Parceiros comerciais &#8211; empresas de confian\u00e7a que trabalham connosco e nos apoiam na presta\u00e7\u00e3o dos nossos servi\u00e7os;<\/li>\n<li>Aplica\u00e7\u00e3o da lei e autoridade p\u00fablica &#8211; quando somos obrigados a faz\u00ea-lo por lei ou para proteger os direitos da STRATIO.<\/li>\n<\/ul>\n<p>Podem ser fornecidas informa\u00e7\u00f5es an\u00f3nimas a outras partes para fins de marketing, publicidade ou utiliza\u00e7\u00f5es an\u00e1logas.<\/p>\n<p>Devido \u00e0 sua abordagem global, a STRATIO poder\u00e1 ter de tratar os seus dados fora do Espa\u00e7o Econ\u00f3mico Europeu. Qualquer informa\u00e7\u00e3o que possamos partilhar com um pa\u00eds terceiro, fora do Espa\u00e7o Econ\u00f3mico Europeu, \u00e9 feita em estrita conformidade com a lei aplic\u00e1vel. Se uma decis\u00e3o de adequa\u00e7\u00e3o relevante n\u00e3o estiver em vigor, a STRATIO assegura a adop\u00e7\u00e3o das cl\u00e1usulas contratuais-tipo ou mecanismo equivalente, conforme exigido por lei.\u00a0<\/p>\n<p>&nbsp;<\/p>\n<p><strong>Como posso exercer os meus direitos?<\/strong><\/p>\n<p>Pode exercer quaisquer dos seus direitos (o direito de ser informado, o direito de acesso, o direito de rectifica\u00e7\u00e3o, o direito de apagamento, o direito de restringir o tratamento, o direito \u00e0 portabilidade dos dados, o direito de oposi\u00e7\u00e3o, os direitos relacionados com a tomada de decis\u00e3o automatizada e a elabora\u00e7\u00e3o de perfis) em qualquer altura, enviando um pedido \u00e0 STRATIO com o seu pedido espec\u00edfico.<\/p>\n<p>Pode optar por n\u00e3o receber e-mails promocionais e newsletter seguindo as instru\u00e7\u00f5es de <em>opt out<\/em> fornecidas nos e-mails.<\/p>\n<p>Para pedidos de elimina\u00e7\u00e3o de informa\u00e7\u00f5es pessoais ou para saber que informa\u00e7\u00f5es pessoais foram recolhidas, poderemos ter de verificar e confirmar previamente a sua identidade, de modo a garantir a legitimidade do seu pedido. Se atuar atrav\u00e9s de um representante legal, precisaremos de procura\u00e7\u00e3o sua v\u00e1lida antes de prosseguir.<\/p>\n<p>Se estiver na Uni\u00e3o Europeia, pode identificar a autoridade espec\u00edfica onde apresentar uma queixa ou abordar quaisquer quest\u00f5es relativas \u00e0 GDPR, em <a href=\"https:\/\/edpb.europa.eu\/about-edpb\/board\/members_en\">https:\/\/edpb.europa.eu\/about-edpb\/board\/members_en<\/a>.<\/p>\n<p>&nbsp;<\/p>\n<p><strong>Durante quanto tempo v\u00e3o conservar a minha informa\u00e7\u00e3o?<\/strong><\/p>\n<p>Apenas mantemos as suas informa\u00e7\u00f5es pessoais durante o per\u00edodo necess\u00e1rio para cumprir as finalidades delineadas nesta Notifica\u00e7\u00e3o de Privacidade. Para todos os dados pessoais recolhidos atrav\u00e9s de consentimento, apenas os guardaremos at\u00e9 que nos retire o seu consentimento. Tamb\u00e9m poderemos reter c\u00f3pias em cache ou arquivadas das informa\u00e7\u00f5es a seu respeito durante um determinado per\u00edodo. As informa\u00e7\u00f5es an\u00f3nimas residuais e informa\u00e7\u00f5es agregadas, nenhuma das quais o\/a identifica (directa ou indirectamente), podem ser armazenadas indefinidamente.<\/p>\n<p>Se precisar de mais informa\u00e7\u00f5es e mais detalhadas sobre os nossos per\u00edodos de conserva\u00e7\u00e3o, por favor contacte-nos atrav\u00e9s dos nossos contactos mencionados acima nesta Notifica\u00e7\u00e3o de Privacidade.<\/p>\n<p>&nbsp;<\/p>\n<p><strong>E relativamente a crian\u00e7as que possam aceder ao vosso site?\u00a0<\/strong><\/p>\n<p>Seguimos os requisitos do RGPD (Regulamento Geral de Prote\u00e7\u00e3o de Dados) e COPPA (Children&#8217;s Online Privacy Protection Act), uma vez que n\u00e3o pretendemos recolher qualquer informa\u00e7\u00e3o de ningu\u00e9m com menos de 18 anos de idade. O nosso website, produtos e\/ou servi\u00e7os s\u00e3o todos dirigidos a pessoas que tenham pelo menos 18 anos ou mais.<\/p>\n<p>&nbsp;<\/p>\n<p><strong>Como posso saber se fizerem altera\u00e7\u00f5es a esta Notifica\u00e7\u00e3o de Privacidade?<\/strong><\/p>\n<p>Se decidirmos alterar a nossa Notifica\u00e7\u00e3o de Privacidade, publicaremos essas altera\u00e7\u00f5es nesta p\u00e1gina. Mencionaremos sempre a \u00faltima actualiza\u00e7\u00e3o na mesma.<\/p>\n<p>&nbsp;<\/p>\n<p><strong>Esta Notifica\u00e7\u00e3o de Privacidade \u00e9 v\u00e1lida para dados recolhidos de outras fontes?<\/strong><\/p>\n<p>&nbsp;<\/p>\n<p>Esta notifica\u00e7\u00e3o de privacidade aplica-se apenas a informa\u00e7\u00f5es recolhidas ou tratadas atrav\u00e9s do nosso website ou plataformas relacionadas e n\u00e3o a informa\u00e7\u00f5es recolhidas offline. Para esses canais, temos notifica\u00e7\u00f5es de privacidade espec\u00edficos.<\/p>\n<p>&nbsp;<\/p>\n<p>&nbsp;<\/p>\n<p>&nbsp;<\/p>\n<p>&nbsp;<\/p>\n<p>&nbsp;<\/p>\n<p>&nbsp;<\/p>\n<p>[\/et_pb_text][\/et_pb_column][\/et_pb_row][\/et_pb_section][et_pb_section fb_built=&#8221;1&#8243; _builder_version=&#8221;4.6.6&#8243; _module_preset=&#8221;default&#8221; custom_margin=&#8221;0px|0px|0px|0px|true|true&#8221; custom_padding=&#8221;0px|0px|0px|0px|true|true&#8221; saved_tabs=&#8221;all&#8221; collapsed=&#8221;on&#8221;][et_pb_row _builder_version=&#8221;4.6.6&#8243; _module_preset=&#8221;default&#8221; custom_margin=&#8221;0px||0px|0px|true|false&#8221; custom_padding=&#8221;0px|0px|0px|0px|true|true&#8221;][et_pb_column type=&#8221;4_4&#8243; _builder_version=&#8221;4.6.6&#8243; _module_preset=&#8221;default&#8221;][et_pb_social_media_follow icon_color=&#8221;#ffffff&#8221; admin_label=&#8221;Social Media Follow&#8221; _builder_version=&#8221;4.6.6&#8243; _module_preset=&#8221;default&#8221; background_enable_color=&#8221;off&#8221;][et_pb_social_media_follow_network social_network=&#8221;linkedin&#8221; url=&#8221;https:\/\/www.linkedin.com\/company\/stratioautomotive\/&#8221; _builder_version=&#8221;4.6.6&#8243; _module_preset=&#8221;default&#8221; background_color=&#8221;#333333&#8243; background_enable_color=&#8221;on&#8221; custom_margin=&#8221;||||false|false&#8221; custom_padding=&#8221;||||false|false&#8221; follow_button=&#8221;off&#8221; url_new_window=&#8221;on&#8221;]linkedin[\/et_pb_social_media_follow_network][et_pb_social_media_follow_network social_network=&#8221;myspace&#8221; url=&#8221;https:\/\/medium.com\/stratio&#8221; icon_color=&#8221;rgba(0,0,0,0)&#8221; use_icon_font_size=&#8221;on&#8221; _builder_version=&#8221;4.6.6&#8243; _module_preset=&#8221;default&#8221; background_color=&#8221;#333333&#8243; background_enable_color=&#8221;on&#8221; background_image=&#8221;https:\/\/stratioautomotive.com\/wp-content\/uploads\/2020\/11\/Background.png&#8221; background_enable_image=&#8221;on&#8221; background_size=&#8221;contain&#8221; follow_button=&#8221;off&#8221; url_new_window=&#8221;on&#8221;]myspace[\/et_pb_social_media_follow_network][\/et_pb_social_media_follow][\/et_pb_column][\/et_pb_row][\/et_pb_section]<\/p>\n","protected":false},"excerpt":{"rendered":"<p>Pol\u00edtica de PrivacidadeNotifica\u00e7\u00e3o de privacidade STRATIO (Website) \u00a0 Quem \u00e9 respons\u00e1vel pelo tratamento da minha informa\u00e7\u00e3o? Os seus dados pessoais s\u00e3o tratados maioritariamente pela STRA, S.A., com sede na Rua Pedro Nunes, IPN &#8211; Edif\u00edcio. Instituto Pedro Nunes, 3030-199 Coimbra, Portugal, actuando como respons\u00e1vel pelo tratamento de dados para os efeitos desta Notifica\u00e7\u00e3o de Privacidade. [&hellip;]<\/p>\n","protected":false},"author":2,"featured_media":0,"parent":0,"menu_order":0,"comment_status":"closed","ping_status":"closed","template":"","meta":{"_et_pb_use_builder":"on","_et_pb_old_content":"","_et_gb_content_width":"","content-type":"","footnotes":""},"categories":[],"tags":[],"class_list":["post-4789","page","type-page","status-publish","hentry"],"yoast_head":"<!-- This site is optimized with the Yoast SEO plugin v26.1.1 - https:\/\/yoast.com\/wordpress\/plugins\/seo\/ -->\n<title>Pol\u00edtica de Privacidade - Stratio<\/title>\n<meta name=\"robots\" content=\"noindex, follow\" \/>\n<meta property=\"og:locale\" content=\"pt_PT\" \/>\n<meta property=\"og:type\" content=\"article\" \/>\n<meta property=\"og:title\" content=\"Pol\u00edtica de Privacidade - Stratio\" \/>\n<meta property=\"og:description\" content=\"Pol\u00edtica de PrivacidadeNotifica\u00e7\u00e3o de privacidade STRATIO (Website) \u00a0 Quem \u00e9 respons\u00e1vel pelo tratamento da minha informa\u00e7\u00e3o? Os seus dados pessoais s\u00e3o tratados maioritariamente pela STRA, S.A., com sede na Rua Pedro Nunes, IPN - Edif\u00edcio. Instituto Pedro Nunes, 3030-199 Coimbra, Portugal, actuando como respons\u00e1vel pelo tratamento de dados para os efeitos desta Notifica\u00e7\u00e3o de Privacidade. [&hellip;]\" \/>\n<meta property=\"og:url\" content=\"https:\/\/stratioautomotive.com\/pt-pt\/politica-de-privacidade\/\" \/>\n<meta property=\"og:site_name\" content=\"Stratio\" \/>\n<meta property=\"article:modified_time\" content=\"2021-10-27T09:10:37+00:00\" \/>\n<meta name=\"twitter:card\" content=\"summary_large_image\" \/>\n<meta name=\"twitter:label1\" content=\"Tempo estimado de leitura\" \/>\n\t<meta name=\"twitter:data1\" content=\"10 minutos\" \/>\n<script type=\"application\/ld+json\" class=\"yoast-schema-graph\">{\"@context\":\"https:\/\/schema.org\",\"@graph\":[{\"@type\":\"WebPage\",\"@id\":\"https:\/\/stratioautomotive.com\/pt-pt\/politica-de-privacidade\/\",\"url\":\"https:\/\/stratioautomotive.com\/pt-pt\/politica-de-privacidade\/\",\"name\":\"Pol\u00edtica de Privacidade - Stratio\",\"isPartOf\":{\"@id\":\"https:\/\/stratioautomotive.com\/#website\"},\"datePublished\":\"2020-12-14T17:35:35+00:00\",\"dateModified\":\"2021-10-27T09:10:37+00:00\",\"breadcrumb\":{\"@id\":\"https:\/\/stratioautomotive.com\/pt-pt\/politica-de-privacidade\/#breadcrumb\"},\"inLanguage\":\"pt-PT\",\"potentialAction\":[{\"@type\":\"ReadAction\",\"target\":[\"https:\/\/stratioautomotive.com\/pt-pt\/politica-de-privacidade\/\"]}]},{\"@type\":\"BreadcrumbList\",\"@id\":\"https:\/\/stratioautomotive.com\/pt-pt\/politica-de-privacidade\/#breadcrumb\",\"itemListElement\":[{\"@type\":\"ListItem\",\"position\":1,\"name\":\"Home\",\"item\":\"https:\/\/stratioautomotive.com\/pt-pt\/\"},{\"@type\":\"ListItem\",\"position\":2,\"name\":\"Pol\u00edtica de Privacidade\"}]},{\"@type\":\"WebSite\",\"@id\":\"https:\/\/stratioautomotive.com\/#website\",\"url\":\"https:\/\/stratioautomotive.com\/\",\"name\":\"Stratio\",\"description\":\"Driving a zero downtime future.\",\"potentialAction\":[{\"@type\":\"SearchAction\",\"target\":{\"@type\":\"EntryPoint\",\"urlTemplate\":\"https:\/\/stratioautomotive.com\/?s={search_term_string}\"},\"query-input\":{\"@type\":\"PropertyValueSpecification\",\"valueRequired\":true,\"valueName\":\"search_term_string\"}}],\"inLanguage\":\"pt-PT\"}]}<\/script>\n<!-- \/ Yoast SEO plugin. -->","yoast_head_json":{"title":"Pol\u00edtica de Privacidade - Stratio","robots":{"index":"noindex","follow":"follow"},"og_locale":"pt_PT","og_type":"article","og_title":"Pol\u00edtica de Privacidade - Stratio","og_description":"Pol\u00edtica de PrivacidadeNotifica\u00e7\u00e3o de privacidade STRATIO (Website) \u00a0 Quem \u00e9 respons\u00e1vel pelo tratamento da minha informa\u00e7\u00e3o? Os seus dados pessoais s\u00e3o tratados maioritariamente pela STRA, S.A., com sede na Rua Pedro Nunes, IPN - Edif\u00edcio. Instituto Pedro Nunes, 3030-199 Coimbra, Portugal, actuando como respons\u00e1vel pelo tratamento de dados para os efeitos desta Notifica\u00e7\u00e3o de Privacidade. [&hellip;]","og_url":"https:\/\/stratioautomotive.com\/pt-pt\/politica-de-privacidade\/","og_site_name":"Stratio","article_modified_time":"2021-10-27T09:10:37+00:00","twitter_card":"summary_large_image","twitter_misc":{"Tempo estimado de leitura":"10 minutos"},"schema":{"@context":"https:\/\/schema.org","@graph":[{"@type":"WebPage","@id":"https:\/\/stratioautomotive.com\/pt-pt\/politica-de-privacidade\/","url":"https:\/\/stratioautomotive.com\/pt-pt\/politica-de-privacidade\/","name":"Pol\u00edtica de Privacidade - Stratio","isPartOf":{"@id":"https:\/\/stratioautomotive.com\/#website"},"datePublished":"2020-12-14T17:35:35+00:00","dateModified":"2021-10-27T09:10:37+00:00","breadcrumb":{"@id":"https:\/\/stratioautomotive.com\/pt-pt\/politica-de-privacidade\/#breadcrumb"},"inLanguage":"pt-PT","potentialAction":[{"@type":"ReadAction","target":["https:\/\/stratioautomotive.com\/pt-pt\/politica-de-privacidade\/"]}]},{"@type":"BreadcrumbList","@id":"https:\/\/stratioautomotive.com\/pt-pt\/politica-de-privacidade\/#breadcrumb","itemListElement":[{"@type":"ListItem","position":1,"name":"Home","item":"https:\/\/stratioautomotive.com\/pt-pt\/"},{"@type":"ListItem","position":2,"name":"Pol\u00edtica de Privacidade"}]},{"@type":"WebSite","@id":"https:\/\/stratioautomotive.com\/#website","url":"https:\/\/stratioautomotive.com\/","name":"Stratio","description":"Driving a zero downtime future.","potentialAction":[{"@type":"SearchAction","target":{"@type":"EntryPoint","urlTemplate":"https:\/\/stratioautomotive.com\/?s={search_term_string}"},"query-input":{"@type":"PropertyValueSpecification","valueRequired":true,"valueName":"search_term_string"}}],"inLanguage":"pt-PT"}]}},"_links":{"self":[{"href":"https:\/\/stratioautomotive.com\/pt-pt\/wp-json\/wp\/v2\/pages\/4789","targetHints":{"allow":["GET"]}}],"collection":[{"href":"https:\/\/stratioautomotive.com\/pt-pt\/wp-json\/wp\/v2\/pages"}],"about":[{"href":"https:\/\/stratioautomotive.com\/pt-pt\/wp-json\/wp\/v2\/types\/page"}],"author":[{"embeddable":true,"href":"https:\/\/stratioautomotive.com\/pt-pt\/wp-json\/wp\/v2\/users\/2"}],"replies":[{"embeddable":true,"href":"https:\/\/stratioautomotive.com\/pt-pt\/wp-json\/wp\/v2\/comments?post=4789"}],"version-history":[{"count":17,"href":"https:\/\/stratioautomotive.com\/pt-pt\/wp-json\/wp\/v2\/pages\/4789\/revisions"}],"predecessor-version":[{"id":14616,"href":"https:\/\/stratioautomotive.com\/pt-pt\/wp-json\/wp\/v2\/pages\/4789\/revisions\/14616"}],"wp:attachment":[{"href":"https:\/\/stratioautomotive.com\/pt-pt\/wp-json\/wp\/v2\/media?parent=4789"}],"wp:term":[{"taxonomy":"category","embeddable":true,"href":"https:\/\/stratioautomotive.com\/pt-pt\/wp-json\/wp\/v2\/categories?post=4789"},{"taxonomy":"post_tag","embeddable":true,"href":"https:\/\/stratioautomotive.com\/pt-pt\/wp-json\/wp\/v2\/tags?post=4789"}],"curies":[{"name":"wp","href":"https:\/\/api.w.org\/{rel}","templated":true}]}}