{"id":14530,"date":"2021-10-20T20:03:23","date_gmt":"2021-10-20T20:03:23","guid":{"rendered":"https:\/\/stratioautomotive.com\/politica-de-cookies\/"},"modified":"2021-10-21T09:21:27","modified_gmt":"2021-10-21T09:21:27","slug":"politica-de-cookies","status":"publish","type":"page","link":"https:\/\/stratioautomotive.com\/pt-pt\/politica-de-cookies\/","title":{"rendered":"Pol\u00edtica de Cookies"},"content":{"rendered":"<p>[et_pb_section fb_built=&#8221;1&#8243; _builder_version=&#8221;4.6.6&#8243; _module_preset=&#8221;default&#8221;][et_pb_row admin_label=&#8221;Featured Project&#8221; _builder_version=&#8221;4.6.6&#8243; width=&#8221;70%&#8221; max_width=&#8221;860px&#8221; custom_padding=&#8221;60px||||false|false&#8221;][et_pb_column type=&#8221;4_4&#8243; _builder_version=&#8221;3.25&#8243; custom_padding=&#8221;|||&#8221; custom_padding__hover=&#8221;|||&#8221;][et_pb_text disabled_on=&#8221;off|off|off&#8221; admin_label=&#8221;Title&#8221; _builder_version=&#8221;4.9.10&#8243; text_font=&#8221;Montserrat||||||||&#8221; text_line_height=&#8221;1.8em&#8221; header_font=&#8221;Poppins|700|||||||&#8221; header_text_color=&#8221;#ff4438&#8243; header_font_size=&#8221;36px&#8221; header_2_font=&#8221;Poppins|600|||||||&#8221; header_2_text_color=&#8221;#ff4438&#8243; header_2_font_size=&#8221;30px&#8221; header_2_line_height=&#8221;1.5em&#8221; custom_margin=&#8221;||5px|&#8221; animation_direction=&#8221;top&#8221;]<\/p>\n<h2><b>Pol\u00edtica de Cookies<\/b><\/h2>\n<p>[\/et_pb_text][et_pb_divider show_divider=&#8221;off&#8221; _builder_version=&#8221;3.2&#8243; max_width=&#8221;23px&#8221; module_alignment=&#8221;left&#8221; animation_style=&#8221;slide&#8221; animation_intensity_slide=&#8221;20%&#8221; animation_starting_opacity=&#8221;100%&#8221; locked=&#8221;off&#8221;][\/et_pb_divider][et_pb_text _builder_version=&#8221;4.9.10&#8243; text_font=&#8221;||||||||&#8221; text_line_height=&#8221;1.8em&#8221; header_font=&#8221;||||||||&#8221; max_width=&#8221;100%&#8221; custom_margin=&#8221;|||&#8221; animation_direction=&#8221;left&#8221; hover_enabled=&#8221;0&#8243; sticky_enabled=&#8221;0&#8243;]<\/p>\n<p>A STRA, S.A. (doravante &#8220;STRATIO&#8221;, &#8220;N\u00f3s&#8221;, &#8220;Nosso&#8221;) utiliza cookies no seu website (<span><\/span>www.stratioautomotive.com) para manter o website seguro e para melhorar o desempenho e a experi\u00eancia dos utilizadores no nosso website.<\/p>\n<p><strong>O que s\u00e3o cookies?<\/strong><\/p>\n<p>Os cookies s\u00e3o pequenos arquivos de texto armazenados pelo site no computador ou dispositivo m\u00f3vel do usu\u00e1rio atrav\u00e9s do navegador da Internet. A utiliza\u00e7\u00e3o de cookies permite, por exemplo, reconhecer o dispositivo do utilizador numa visita posterior ou compreender quais os produtos ou servi\u00e7os de maior interesse para ele.<\/p>\n<p><strong>Para que s\u00e3o usados os cookies?<\/strong><\/p>\n<p>Os cookies s\u00e3o utilizados para gerir o funcionamento dos sites, nomeadamente para aumentar a sua efici\u00eancia e permitir aos propriet\u00e1rios dos sites recolher informa\u00e7\u00f5es e prefer\u00eancias dos utilizadores. Desta forma, o armazenamento de cookies permite uma navega\u00e7\u00e3o mais r\u00e1pida e eficiente, eliminando a necessidade de introduzir repetidamente a mesma informa\u00e7\u00e3o.<\/p>\n<p><strong>Que tipo de cookies usamos?<\/strong><\/p>\n<p>A STRATIO pode utilizar diferentes tipos de cookies:<\/p>\n<table width=\"624\">\n<tbody>\n<tr>\n<td width=\"149\">Necess\u00e1rio<\/td>\n<td width=\"474\">crucial para as fun\u00e7\u00f5es b\u00e1sicas do site e o site n\u00e3o funcionar\u00e1 da forma pretendida sem elas. Estes cookies s\u00e3o obrigat\u00f3rios e n\u00e3o podem ser desactivados.<\/td>\n<\/tr>\n<tr>\n<td width=\"149\">Funcional<\/td>\n<td width=\"474\">ajudar a executar certas funcionalidades como compartilhar o conte\u00fado do site em plataformas de m\u00eddia social, coletar feedbacks e outros recursos de terceiros.<\/td>\n<\/tr>\n<tr>\n<td width=\"149\">Anal\u00edticos<\/td>\n<td width=\"474\">costumava entender como os visitantes interagem com o site. Estes cookies ajudam a fornecer informa\u00e7\u00f5es sobre m\u00e9tricas o n\u00famero de visitantes, taxa de retorno, fonte de tr\u00e1fego, etc.<\/td>\n<\/tr>\n<tr>\n<td width=\"149\">Desempenho<\/td>\n<td width=\"474\">usado para compreender e analisar os principais \u00edndices de desempenho do site, o que ajuda a proporcionar uma melhor experi\u00eancia de usu\u00e1rio para os visitantes.<\/td>\n<\/tr>\n<tr>\n<td width=\"149\">An\u00fancio<\/td>\n<td width=\"474\">usado para entregar aos visitantes an\u00fancios personalizados com base nas p\u00e1ginas visitadas anteriormente e analisar a efic\u00e1cia da campanha publicit\u00e1ria.<\/td>\n<\/tr>\n<tr>\n<td width=\"149\">Outros<\/td>\n<td width=\"474\">Outros tipos de cookies n\u00e3o categorizados (descri\u00e7\u00e3o detalhada pode ser encontrada em <u>Prefer\u00eancias). <\/u><\/td>\n<\/tr>\n<\/tbody>\n<\/table>\n<p>Al\u00e9m disso, a STRATIO pode integrar tags de pixel e web beacon pixels, que permitem entender o uso do [aplicativo \/ site \/ programa] pelos usu\u00e1rios. As etiquetas de pixel n\u00e3o recolhem dados pessoais.<\/p>\n<p>Alguns cookies que usamos s\u00e3o de empresas terceiras, como Google Analytics, Hubspot, Oniad para nos fornecer an\u00e1lises web e intelig\u00eancia sobre os nossos sites. Estas empresas utilizam c\u00f3digo de programa\u00e7\u00e3o para recolher informa\u00e7\u00e3o sobre a sua interac\u00e7\u00e3o com os nossos sites, tais como as p\u00e1ginas que visita, os links em que clica e quanto tempo est\u00e1 nos nossos sites. Este c\u00f3digo s\u00f3 est\u00e1 ativo enquanto voc\u00ea est\u00e1 em nosso site. Para mais informa\u00e7\u00f5es sobre como estas empresas recolhem e utilizam a informa\u00e7\u00e3o em nosso nome, consulte as suas pol\u00edticas de privacidade.<\/p>\n<p><strong>Como posso controlar e bloquear cookies?<\/strong><\/p>\n<p>Quando voc\u00ea acessar o site, voc\u00ea ser\u00e1 perguntado quais cookies voc\u00ea aceita usando &#8220;Prefer\u00eancias&#8221;. Por favor, n\u00e3o que os cookies necess\u00e1rios sejam obrigat\u00f3rios e n\u00e3o possam ser desactivados devido a requisitos legais ou para manter o nosso website seguro. Tenha em aten\u00e7\u00e3o que a n\u00e3o aceita\u00e7\u00e3o de alguns tipos de cookies &#8211; nomeadamente cookies funcionais &#8211; pode impedir ou limitar o acesso ao nosso website. Voc\u00ea pode alterar suas prefer\u00eancias a qualquer momento atrav\u00e9s de &#8220;<u>Prefer\u00eancias&#8221;<\/u>.<\/p>\n<p>Al\u00e9m disso, diferentes navegadores fornecem diferentes m\u00e9todos para bloquear e excluir cookies utilizados por websites. Voc\u00ea pode alterar as configura\u00e7\u00f5es do seu navegador para bloquear\/eliminar os cookies. Abaixo est\u00e3o listados os links para os documentos de suporte sobre como gerenciar e excluir cookies dos principais navegadores da web:<\/p>\n<table width=\"624\">\n<tbody>\n<tr>\n<td width=\"118\">Cr\u00f3mio<\/td>\n<td width=\"506\"><span><a href=\"https:\/\/support.google.com\/accounts\/answer\/32050?hl=en&amp;co=GENIE.Platform%3DDesktop\">Limpar cache e cookies &#8211; Computador &#8211; Ajuda do Conta do Google<\/a><\/span><\/td>\n<\/tr>\n<tr>\n<td width=\"118\">Safari<\/td>\n<td width=\"506\"><span><a href=\"https:\/\/support.apple.com\/en-in\/guide\/safari\/sfri11471\/mac\">Gerencie cookies e dados do site no Safari no Mac &#8211; Suporte da Apple<\/a><\/span><\/td>\n<\/tr>\n<tr>\n<td width=\"118\">Firefox<\/td>\n<td width=\"506\"><span><a href=\"https:\/\/support.mozilla.org\/en-US\/kb\/clear-cookies-and-site-data-firefox?redirectslug=delete-cookies-remove-info-websites-stored&amp;redirectlocale=en-US\">Limpar cookies e dados do site no Firefox | Ajuda do Firefox (mozilla.org)<\/a><\/span><\/td>\n<\/tr>\n<tr>\n<td width=\"118\">Borda<\/td>\n<td width=\"506\"><span><a href=\"https:\/\/support.microsoft.com\/en-us\/microsoft-edge\/view-cookies-in-microsoft-edge-a7d95376-f2cd-8e4a-25dc-1de753474879\">Ver cookies no Microsoft Edge<\/a><\/span><\/td>\n<\/tr>\n<\/tbody>\n<\/table>\n<p><strong>Como posso saber se h\u00e1 altera\u00e7\u00f5es a esta pol\u00edtica?<\/strong><\/p>\n<p>A STRATIO reserva-se o direito de, a qualquer momento, sem aviso pr\u00e9vio e com efeito imediato, modificar, adicionar, actualizar ou apagar, parcial ou totalmente, as presentes informa\u00e7\u00f5es sobre cookies. Dever\u00e1 verificar periodicamente estas informa\u00e7\u00f5es para confirmar se foram efectuadas quaisquer actualiza\u00e7\u00f5es ou altera\u00e7\u00f5es. N\u00f3s sempre forneceremos informa\u00e7\u00f5es sobre a \u00faltima vers\u00e3o dispon\u00edvel<\/p>\n<p>&nbsp;<\/p>\n<p>Vers\u00e3o: Outubro 2021<\/p>\n<p>[\/et_pb_text][\/et_pb_column][\/et_pb_row][\/et_pb_section][et_pb_section fb_built=&#8221;1&#8243; _builder_version=&#8221;4.6.6&#8243; _module_preset=&#8221;default&#8221; custom_margin=&#8221;0px|0px|0px|0px|true|true&#8221; custom_padding=&#8221;0px|0px|0px|0px|true|true&#8221; saved_tabs=&#8221;all&#8221; collapsed=&#8221;on&#8221;][et_pb_row _builder_version=&#8221;4.6.6&#8243; _module_preset=&#8221;default&#8221; custom_margin=&#8221;0px||0px|0px|true|false&#8221; custom_padding=&#8221;0px|0px|0px|0px|true|true&#8221;][et_pb_column type=&#8221;4_4&#8243; _builder_version=&#8221;4.6.6&#8243; _module_preset=&#8221;default&#8221;][et_pb_social_media_follow icon_color=&#8221;#ffffff&#8221; admin_label=&#8221;Social Media Follow&#8221; _builder_version=&#8221;4.6.6&#8243; _module_preset=&#8221;default&#8221; background_enable_color=&#8221;off&#8221;][et_pb_social_media_follow_network social_network=&#8221;linkedin&#8221; url=&#8221;https:\/\/www.linkedin.com\/company\/stratioautomotive\/&#8221; _builder_version=&#8221;4.6.6&#8243; _module_preset=&#8221;default&#8221; background_color=&#8221;#333333&#8243; background_enable_color=&#8221;on&#8221; custom_margin=&#8221;||||false|false&#8221; custom_padding=&#8221;||||false|false&#8221; follow_button=&#8221;off&#8221; url_new_window=&#8221;on&#8221;]linkedin[\/et_pb_social_media_follow_network][et_pb_social_media_follow_network social_network=&#8221;myspace&#8221; url=&#8221;https:\/\/medium.com\/stratio&#8221; icon_color=&#8221;rgba(0,0,0,0)&#8221; use_icon_font_size=&#8221;on&#8221; _builder_version=&#8221;4.6.6&#8243; _module_preset=&#8221;default&#8221; background_color=&#8221;#333333&#8243; background_enable_color=&#8221;on&#8221; background_image=&#8221;https:\/\/stratioautomotive.com\/wp-content\/uploads\/2020\/11\/Background.png&#8221; background_enable_image=&#8221;on&#8221; background_size=&#8221;contain&#8221; follow_button=&#8221;off&#8221; url_new_window=&#8221;on&#8221;]myspace[\/et_pb_social_media_follow_network][\/et_pb_social_media_follow][\/et_pb_column][\/et_pb_row][\/et_pb_section]<\/p>\n","protected":false},"excerpt":{"rendered":"<p>Pol\u00edtica de CookiesA STRA, S.A. (doravante &#8220;STRATIO&#8221;, &#8220;N\u00f3s&#8221;, &#8220;Nosso&#8221;) utiliza cookies no seu website (www.stratioautomotive.com) para manter o website seguro e para melhorar o desempenho e a experi\u00eancia dos utilizadores no nosso website. O que s\u00e3o cookies? Os cookies s\u00e3o pequenos arquivos de texto armazenados pelo site no computador ou dispositivo m\u00f3vel do usu\u00e1rio atrav\u00e9s [&hellip;]<\/p>\n","protected":false},"author":17,"featured_media":0,"parent":0,"menu_order":0,"comment_status":"closed","ping_status":"closed","template":"","meta":{"_et_pb_use_builder":"on","_et_pb_old_content":"","_et_gb_content_width":"","content-type":"","footnotes":""},"categories":[],"tags":[],"class_list":["post-14530","page","type-page","status-publish","hentry"],"yoast_head":"<!-- This site is optimized with the Yoast SEO plugin v26.1.1 - https:\/\/yoast.com\/wordpress\/plugins\/seo\/ -->\n<title>Pol\u00edtica de Cookies - Stratio<\/title>\n<meta name=\"robots\" content=\"noindex, follow\" \/>\n<meta property=\"og:locale\" content=\"pt_PT\" \/>\n<meta property=\"og:type\" content=\"article\" \/>\n<meta property=\"og:title\" content=\"Pol\u00edtica de Cookies - Stratio\" \/>\n<meta property=\"og:description\" content=\"Pol\u00edtica de CookiesA STRA, S.A. (doravante &quot;STRATIO&quot;, &quot;N\u00f3s&quot;, &quot;Nosso&quot;) utiliza cookies no seu website (www.stratioautomotive.com) para manter o website seguro e para melhorar o desempenho e a experi\u00eancia dos utilizadores no nosso website. O que s\u00e3o cookies? Os cookies s\u00e3o pequenos arquivos de texto armazenados pelo site no computador ou dispositivo m\u00f3vel do usu\u00e1rio atrav\u00e9s [&hellip;]\" \/>\n<meta property=\"og:url\" content=\"https:\/\/stratioautomotive.com\/pt-pt\/politica-de-cookies\/\" \/>\n<meta property=\"og:site_name\" content=\"Stratio\" \/>\n<meta property=\"article:modified_time\" content=\"2021-10-21T09:21:27+00:00\" \/>\n<meta name=\"twitter:card\" content=\"summary_large_image\" \/>\n<meta name=\"twitter:label1\" content=\"Tempo estimado de leitura\" \/>\n\t<meta name=\"twitter:data1\" content=\"6 minutos\" \/>\n<script type=\"application\/ld+json\" class=\"yoast-schema-graph\">{\"@context\":\"https:\/\/schema.org\",\"@graph\":[{\"@type\":\"WebPage\",\"@id\":\"https:\/\/stratioautomotive.com\/pt-pt\/politica-de-cookies\/\",\"url\":\"https:\/\/stratioautomotive.com\/pt-pt\/politica-de-cookies\/\",\"name\":\"Pol\u00edtica de Cookies - Stratio\",\"isPartOf\":{\"@id\":\"https:\/\/stratioautomotive.com\/#website\"},\"datePublished\":\"2021-10-20T20:03:23+00:00\",\"dateModified\":\"2021-10-21T09:21:27+00:00\",\"breadcrumb\":{\"@id\":\"https:\/\/stratioautomotive.com\/pt-pt\/politica-de-cookies\/#breadcrumb\"},\"inLanguage\":\"pt-PT\",\"potentialAction\":[{\"@type\":\"ReadAction\",\"target\":[\"https:\/\/stratioautomotive.com\/pt-pt\/politica-de-cookies\/\"]}]},{\"@type\":\"BreadcrumbList\",\"@id\":\"https:\/\/stratioautomotive.com\/pt-pt\/politica-de-cookies\/#breadcrumb\",\"itemListElement\":[{\"@type\":\"ListItem\",\"position\":1,\"name\":\"Home\",\"item\":\"https:\/\/stratioautomotive.com\/pt-pt\/\"},{\"@type\":\"ListItem\",\"position\":2,\"name\":\"Pol\u00edtica de Cookies\"}]},{\"@type\":\"WebSite\",\"@id\":\"https:\/\/stratioautomotive.com\/#website\",\"url\":\"https:\/\/stratioautomotive.com\/\",\"name\":\"Stratio\",\"description\":\"Driving a zero downtime future.\",\"potentialAction\":[{\"@type\":\"SearchAction\",\"target\":{\"@type\":\"EntryPoint\",\"urlTemplate\":\"https:\/\/stratioautomotive.com\/?s={search_term_string}\"},\"query-input\":{\"@type\":\"PropertyValueSpecification\",\"valueRequired\":true,\"valueName\":\"search_term_string\"}}],\"inLanguage\":\"pt-PT\"}]}<\/script>\n<!-- \/ Yoast SEO plugin. -->","yoast_head_json":{"title":"Pol\u00edtica de Cookies - Stratio","robots":{"index":"noindex","follow":"follow"},"og_locale":"pt_PT","og_type":"article","og_title":"Pol\u00edtica de Cookies - Stratio","og_description":"Pol\u00edtica de CookiesA STRA, S.A. (doravante \"STRATIO\", \"N\u00f3s\", \"Nosso\") utiliza cookies no seu website (www.stratioautomotive.com) para manter o website seguro e para melhorar o desempenho e a experi\u00eancia dos utilizadores no nosso website. O que s\u00e3o cookies? Os cookies s\u00e3o pequenos arquivos de texto armazenados pelo site no computador ou dispositivo m\u00f3vel do usu\u00e1rio atrav\u00e9s [&hellip;]","og_url":"https:\/\/stratioautomotive.com\/pt-pt\/politica-de-cookies\/","og_site_name":"Stratio","article_modified_time":"2021-10-21T09:21:27+00:00","twitter_card":"summary_large_image","twitter_misc":{"Tempo estimado de leitura":"6 minutos"},"schema":{"@context":"https:\/\/schema.org","@graph":[{"@type":"WebPage","@id":"https:\/\/stratioautomotive.com\/pt-pt\/politica-de-cookies\/","url":"https:\/\/stratioautomotive.com\/pt-pt\/politica-de-cookies\/","name":"Pol\u00edtica de Cookies - Stratio","isPartOf":{"@id":"https:\/\/stratioautomotive.com\/#website"},"datePublished":"2021-10-20T20:03:23+00:00","dateModified":"2021-10-21T09:21:27+00:00","breadcrumb":{"@id":"https:\/\/stratioautomotive.com\/pt-pt\/politica-de-cookies\/#breadcrumb"},"inLanguage":"pt-PT","potentialAction":[{"@type":"ReadAction","target":["https:\/\/stratioautomotive.com\/pt-pt\/politica-de-cookies\/"]}]},{"@type":"BreadcrumbList","@id":"https:\/\/stratioautomotive.com\/pt-pt\/politica-de-cookies\/#breadcrumb","itemListElement":[{"@type":"ListItem","position":1,"name":"Home","item":"https:\/\/stratioautomotive.com\/pt-pt\/"},{"@type":"ListItem","position":2,"name":"Pol\u00edtica de Cookies"}]},{"@type":"WebSite","@id":"https:\/\/stratioautomotive.com\/#website","url":"https:\/\/stratioautomotive.com\/","name":"Stratio","description":"Driving a zero downtime future.","potentialAction":[{"@type":"SearchAction","target":{"@type":"EntryPoint","urlTemplate":"https:\/\/stratioautomotive.com\/?s={search_term_string}"},"query-input":{"@type":"PropertyValueSpecification","valueRequired":true,"valueName":"search_term_string"}}],"inLanguage":"pt-PT"}]}},"_links":{"self":[{"href":"https:\/\/stratioautomotive.com\/pt-pt\/wp-json\/wp\/v2\/pages\/14530","targetHints":{"allow":["GET"]}}],"collection":[{"href":"https:\/\/stratioautomotive.com\/pt-pt\/wp-json\/wp\/v2\/pages"}],"about":[{"href":"https:\/\/stratioautomotive.com\/pt-pt\/wp-json\/wp\/v2\/types\/page"}],"author":[{"embeddable":true,"href":"https:\/\/stratioautomotive.com\/pt-pt\/wp-json\/wp\/v2\/users\/17"}],"replies":[{"embeddable":true,"href":"https:\/\/stratioautomotive.com\/pt-pt\/wp-json\/wp\/v2\/comments?post=14530"}],"version-history":[{"count":7,"href":"https:\/\/stratioautomotive.com\/pt-pt\/wp-json\/wp\/v2\/pages\/14530\/revisions"}],"predecessor-version":[{"id":14550,"href":"https:\/\/stratioautomotive.com\/pt-pt\/wp-json\/wp\/v2\/pages\/14530\/revisions\/14550"}],"wp:attachment":[{"href":"https:\/\/stratioautomotive.com\/pt-pt\/wp-json\/wp\/v2\/media?parent=14530"}],"wp:term":[{"taxonomy":"category","embeddable":true,"href":"https:\/\/stratioautomotive.com\/pt-pt\/wp-json\/wp\/v2\/categories?post=14530"},{"taxonomy":"post_tag","embeddable":true,"href":"https:\/\/stratioautomotive.com\/pt-pt\/wp-json\/wp\/v2\/tags?post=14530"}],"curies":[{"name":"wp","href":"https:\/\/api.w.org\/{rel}","templated":true}]}}