{"id":6531,"date":"2021-02-05T15:18:09","date_gmt":"2021-02-05T15:18:09","guid":{"rendered":"https:\/\/stratioautomotive.com\/socios\/"},"modified":"2021-06-14T16:00:32","modified_gmt":"2021-06-14T16:00:32","slug":"socios","status":"publish","type":"page","link":"https:\/\/stratioautomotive.com\/es\/socios\/","title":{"rendered":"Socios"},"content":{"rendered":"<p>[et_pb_section fb_built=\u00bb1&#8243; _builder_version=\u00bb4.7.7&#8243; _module_preset=\u00bbdefault\u00bb][et_pb_row _builder_version=\u00bb4.7.7&#8243; _module_preset=\u00bbdefault\u00bb][et_pb_column type=\u00bb4_4&#8243; _builder_version=\u00bb4.7.7&#8243; _module_preset=\u00bbdefault\u00bb][et_pb_text disabled_on=\u00bboff|off|off\u00bb admin_label=\u00bbTitle\u00bb _builder_version=\u00bb4.7.7&#8243; text_font=\u00bbMontserrat||||||||\u00bb text_line_height=\u00bb1.8em\u00bb header_font=\u00bbPoppins|700|||||||\u00bb header_text_color=\u00bb#ff4438&#8243; header_font_size=\u00bb36px\u00bb header_line_height=\u00bb1.4em\u00bb header_2_font=\u00bbPoppins|600|||||||\u00bb header_2_text_color=\u00bb#ff4438&#8243; header_2_font_size=\u00bb30px\u00bb header_2_line_height=\u00bb1.5em\u00bb custom_margin=\u00bb||5px|\u00bb animation_direction=\u00bbtop\u00bb]<\/p>\n<h1><b>Juntos estamos a construir un futuro sin paradas <br \/>forzadas.<\/b><\/h1>\n<p>[\/et_pb_text][\/et_pb_column][\/et_pb_row][et_pb_row _builder_version=\u00bb4.7.7&#8243; _module_preset=\u00bbdefault\u00bb][et_pb_column type=\u00bb4_4&#8243; _builder_version=\u00bb4.7.7&#8243; _module_preset=\u00bbdefault\u00bb][et_pb_text disabled_on=\u00bboff|off|off\u00bb admin_label=\u00bbTitle\u00bb _builder_version=\u00bb4.7.7&#8243; text_font=\u00bbMontserrat||||||||\u00bb text_line_height=\u00bb1.8em\u00bb header_font=\u00bbPoppins|700|||||||\u00bb header_text_color=\u00bb#ff4438&#8243; header_font_size=\u00bb36px\u00bb header_line_height=\u00bb1.4em\u00bb header_2_font=\u00bbPoppins|600|||||||\u00bb header_2_text_color=\u00bb#333&#8243; header_2_font_size=\u00bb30px\u00bb header_2_line_height=\u00bb1.5em\u00bb custom_margin=\u00bb||5px|\u00bb animation_direction=\u00bbtop\u00bb]<\/p>\n<h2><b>Categor\u00edas de Socios Stratio<\/b><\/h2>\n<p>[\/et_pb_text][et_pb_text _builder_version=\u00bb4.7.7&#8243; text_font=\u00bb||||||||\u00bb text_text_color=\u00bb#333&#8243; text_line_height=\u00bb1.8em\u00bb custom_margin=\u00bb24px|||||\u00bb custom_padding=\u00bb||10px|\u00bb animation_direction=\u00bbright\u00bb]<\/p>\n<p><span style=\"font-weight: 400\">El programa para Socios de Stratio tiene varias categor\u00edas diferentes disponibles seg\u00fan sus objetivos para la colaboraci\u00f3n Trabajaremos juntos para establecer un programa a medida que se adapte mejor a sus necesidades, aprovechando cada una de nuestras fortalezas para ofrecer la mejor soluci\u00f3n posible a nuestros clientes compartidos.<\/span><\/p>\n<p>[\/et_pb_text][et_pb_text _builder_version=\u00bb4.7.7&#8243; text_font=\u00bb||||||||\u00bb text_text_color=\u00bb#333&#8243; text_line_height=\u00bb1.8em\u00bb header_5_font=\u00bbPoppins||||||||\u00bb header_5_text_color=\u00bb#ff4438&#8243; header_5_font_size=\u00bb20px\u00bb custom_margin=\u00bb24px|||||\u00bb custom_padding=\u00bb||10px|\u00bb animation_direction=\u00bbright\u00bb]<\/p>\n<h5><b>Revendedor<\/b><\/h5>\n<p><span style=\"font-weight: 400\">Aproveche sus canales de ventas existentes para impulsar m\u00e1s negocios y cerrar m\u00e1s acuerdos agregando Stratio a su cartera de productos.<\/span><\/p>\n<p>[\/et_pb_text][et_pb_text _builder_version=\u00bb4.7.7&#8243; text_font=\u00bb||||||||\u00bb text_text_color=\u00bb#333&#8243; text_line_height=\u00bb1.8em\u00bb header_5_font=\u00bbPoppins||||||||\u00bb header_5_text_color=\u00bb#ff4438&#8243; header_5_font_size=\u00bb20px\u00bb custom_margin=\u00bb24px|||||\u00bb custom_padding=\u00bb||10px|\u00bb animation_direction=\u00bbright\u00bb]<\/p>\n<h5><b>Referencia<\/b><\/h5>\n<p><span style=\"font-weight: 400\">Presente su red y contactos a Stratio y gane comisiones.<\/span><\/p>\n<p>[\/et_pb_text][et_pb_text _builder_version=\u00bb4.7.7&#8243; text_font=\u00bb||||||||\u00bb text_text_color=\u00bb#333&#8243; text_line_height=\u00bb1.8em\u00bb header_5_font=\u00bbPoppins||||||||\u00bb header_5_text_color=\u00bb#ff4438&#8243; header_5_font_size=\u00bb20px\u00bb custom_margin=\u00bb24px|||||\u00bb custom_padding=\u00bb||10px|\u00bb animation_direction=\u00bbright\u00bb]<\/p>\n<h5><b>Integraci\u00f3n<\/b><\/h5>\n<p><span style=\"font-weight: 400\">Integre su tecnolog\u00eda con la API de Stratio para incorporar nuestros datos y resultados a su infraestructura existente.<\/span><\/p>\n<p>[\/et_pb_text][et_pb_code _builder_version=\u00bb4.7.7&#8243; _module_preset=\u00bbdefault\u00bb custom_margin=\u00bb||20px|||\u00bb locked=\u00bboff\u00bb]<!--[if lte IE 8]><!-- [et_pb_line_break_holder] --><script charset=\"utf-8\" type=\"text\/javascript\" src=\"\/\/js.hsforms.net\/forms\/v2-legacy.js\"><\/script><!-- [et_pb_line_break_holder] --><![endif]--><!-- [et_pb_line_break_holder] --><script charset=\"utf-8\" type=\"text\/javascript\" src=\"\/\/js.hsforms.net\/forms\/v2.js\"><\/script><!-- [et_pb_line_break_holder] --><script><!-- [et_pb_line_break_holder] -->  hbspt.forms.create({<!-- [et_pb_line_break_holder] -->\tportalId: \"8060790\",<!-- [et_pb_line_break_holder] -->\tformId: \"61218269-1ed6-4e49-8baf-6d93d87843ac\"<!-- [et_pb_line_break_holder] -->});<!-- [et_pb_line_break_holder] --><\/script>[\/et_pb_code][\/et_pb_column][\/et_pb_row][\/et_pb_section][et_pb_section fb_built=\u00bb1&#8243; admin_label=\u00bbAbout Section\u00bb _builder_version=\u00bb4.6.6&#8243; background_color=\u00bb#f7f7f7&#8243; custom_padding=\u00bb30px||30px|||\u00bb][et_pb_row admin_label=\u00bbSection Title\u00bb _builder_version=\u00bb4.6.5&#8243; custom_margin=\u00bb|auto|0px|auto||\u00bb custom_padding=\u00bb||0px||false|false\u00bb locked=\u00bboff\u00bb][et_pb_column type=\u00bb4_4&#8243; _builder_version=\u00bb3.25&#8243; custom_padding=\u00bb|||\u00bb custom_padding__hover=\u00bb|||\u00bb][et_pb_text _builder_version=\u00bb4.7.7&#8243; _module_preset=\u00bbdefault\u00bb header_3_font=\u00bbPoppins|700|||||||\u00bb header_3_text_color=\u00bb#ff4438&#8243; header_3_font_size=\u00bb28px\u00bb header_3_line_height=\u00bb1.5em\u00bb width=\u00bb80%\u00bb module_alignment=\u00bbcenter\u00bb]<\/p>\n<h3 style=\"text-align: center\">Nuestros Socios<\/h3>\n<p>[\/et_pb_text][et_pb_divider show_divider=\u00bboff\u00bb _builder_version=\u00bb3.2&#8243; max_width=\u00bb23px\u00bb module_alignment=\u00bbcenter\u00bb animation_style=\u00bbslide\u00bb animation_direction=\u00bbtop\u00bb animation_intensity_slide=\u00bb20%\u00bb animation_starting_opacity=\u00bb100%\u00bb][\/et_pb_divider][\/et_pb_column][\/et_pb_row][et_pb_row column_structure=\u00bb1_3,1_3,1_3&#8243; use_custom_gutter=\u00bbon\u00bb gutter_width=\u00bb2&#8243; module_class=\u00bbcities\u00bb _builder_version=\u00bb4.6.6&#8243; background_enable_color=\u00bboff\u00bb custom_padding=\u00bb0px|0px|40px|0px|false|false\u00bb locked=\u00bboff\u00bb][et_pb_column type=\u00bb1_3&#8243; _builder_version=\u00bb4.6.6&#8243; background_color=\u00bb#ffffff\u00bb custom_padding=\u00bb40px|20px|20px|20px|false|true\u00bb custom_css_main_element=\u00bbmin-height: 250px\u00bb box_shadow_style=\u00bbpreset1&#8243; box_shadow_blur=\u00bb9px\u00bb box_shadow_spread=\u00bb-3px\u00bb custom_padding__hover=\u00bb|||\u00bb][et_pb_image src=\u00bbhttps:\/\/stratioautomotive.com\/wp-content\/uploads\/2021\/06\/Alltrucks_logo.png\u00bb alt=\u00bbAlltrucks logo\u00bb title_text=\u00bbAlltrucks_logo\u00bb align=\u00bbcenter\u00bb _builder_version=\u00bb4.9.6&#8243; _module_preset=\u00bbdefault\u00bb width=\u00bb100%\u00bb max_width=\u00bb100%\u00bb max_width_tablet=\u00bb\u00bb max_width_phone=\u00bb40%\u00bb max_width_last_edited=\u00bbon|phone\u00bb module_alignment=\u00bbcenter\u00bb height=\u00bb110px\u00bb max_height=\u00bb1000px\u00bb custom_margin=\u00bb||||false|false\u00bb][\/et_pb_image][et_pb_text _builder_version=\u00bb4.7.7&#8243; _module_preset=\u00bbdefault\u00bb text_font=\u00bbOpen Sans||||||||\u00bb header_6_font=\u00bbOpen Sans||||||||\u00bb header_6_text_color=\u00bb#5b5b5b\u00bb header_6_font_size=\u00bb10pt\u00bb header_6_line_height=\u00bb1.5em\u00bb text_orientation=\u00bbcenter\u00bb custom_margin=\u00bb||8px|||\u00bb text_font_size_tablet=\u00bb\u00bb text_font_size_phone=\u00bb\u00bb text_font_size_last_edited=\u00bbon|desktop\u00bb][\/et_pb_text][\/et_pb_column][et_pb_column type=\u00bb1_3&#8243; _builder_version=\u00bb4.6.6&#8243; background_color=\u00bb#ffffff\u00bb custom_padding=\u00bb40px|20px|20px|20px|false|true\u00bb custom_css_main_element=\u00bbmin-height: 250px;\u00bb box_shadow_style=\u00bbpreset1&#8243; box_shadow_blur=\u00bb9px\u00bb box_shadow_spread=\u00bb-3px\u00bb custom_padding__hover=\u00bb|||\u00bb][et_pb_image src=\u00bbhttps:\/\/stratioautomotive.com\/wp-content\/uploads\/2020\/11\/GSVI.png\u00bb title_text=\u00bbGSVI\u00bb align=\u00bbcenter\u00bb _builder_version=\u00bb4.9.6&#8243; _module_preset=\u00bbdefault\u00bb max_width=\u00bb100%\u00bb max_width_tablet=\u00bb\u00bb max_width_phone=\u00bb40%\u00bb max_width_last_edited=\u00bbon|phone\u00bb module_alignment=\u00bbcenter\u00bb height=\u00bb108px\u00bb][\/et_pb_image][\/et_pb_column][et_pb_column type=\u00bb1_3&#8243; _builder_version=\u00bb4.6.6&#8243; background_color=\u00bb#ffffff\u00bb custom_padding=\u00bb40px|20px|20px|20px|false|true\u00bb custom_css_main_element=\u00bbmin-height: 250px\u00bb box_shadow_style=\u00bbpreset1&#8243; box_shadow_blur=\u00bb9px\u00bb box_shadow_spread=\u00bb-3px\u00bb custom_padding__hover=\u00bb|||\u00bb][et_pb_image src=\u00bbhttps:\/\/stratioautomotive.com\/wp-content\/uploads\/2020\/12\/FORD-TRUCKS-1.png\u00bb title_text=\u00bbFORD TRUCKS\u00bb _builder_version=\u00bb4.9.6&#8243; _module_preset=\u00bbdefault\u00bb max_width=\u00bb50%\u00bb max_width_tablet=\u00bb\u00bb max_width_phone=\u00bb40%\u00bb max_width_last_edited=\u00bbon|phone\u00bb module_alignment=\u00bbcenter\u00bb][\/et_pb_image][\/et_pb_column][\/et_pb_row][et_pb_row column_structure=\u00bb1_3,1_3,1_3&#8243; use_custom_gutter=\u00bbon\u00bb gutter_width=\u00bb2&#8243; module_class=\u00bbcities\u00bb _builder_version=\u00bb4.9.6&#8243; background_enable_color=\u00bboff\u00bb custom_padding=\u00bb0px|0px|40px|0px|false|false\u00bb locked=\u00bboff\u00bb][et_pb_column type=\u00bb1_3&#8243; _builder_version=\u00bb4.6.6&#8243; background_color=\u00bb#ffffff\u00bb custom_padding=\u00bb40px|20px|20px|20px|false|true\u00bb custom_css_main_element=\u00bbmin-height: 250px\u00bb box_shadow_style=\u00bbpreset1&#8243; box_shadow_blur=\u00bb9px\u00bb box_shadow_spread=\u00bb-3px\u00bb custom_padding__hover=\u00bb|||\u00bb][et_pb_image src=\u00bbhttps:\/\/stratioautomotive.com\/wp-content\/uploads\/2021\/06\/dtp_logo.png\u00bb alt=\u00bbDPT logo\u00bb title_text=\u00bbdtp_logo\u00bb align=\u00bbcenter\u00bb _builder_version=\u00bb4.9.6&#8243; _module_preset=\u00bbdefault\u00bb width=\u00bb100%\u00bb max_width=\u00bb50%\u00bb max_width_tablet=\u00bb\u00bb max_width_phone=\u00bb40%\u00bb max_width_last_edited=\u00bbon|phone\u00bb module_alignment=\u00bbcenter\u00bb height=\u00bb136px\u00bb custom_margin=\u00bb||||false|false\u00bb][\/et_pb_image][et_pb_text _builder_version=\u00bb4.7.7&#8243; _module_preset=\u00bbdefault\u00bb text_font=\u00bbOpen Sans||||||||\u00bb header_6_font=\u00bbOpen Sans||||||||\u00bb header_6_text_color=\u00bb#5b5b5b\u00bb header_6_font_size=\u00bb10pt\u00bb header_6_line_height=\u00bb1.5em\u00bb text_orientation=\u00bbcenter\u00bb custom_margin=\u00bb||8px|||\u00bb text_font_size_tablet=\u00bb\u00bb text_font_size_phone=\u00bb\u00bb text_font_size_last_edited=\u00bbon|desktop\u00bb][\/et_pb_text][\/et_pb_column][et_pb_column type=\u00bb1_3&#8243; _builder_version=\u00bb4.6.6&#8243; background_color=\u00bb#ffffff\u00bb custom_padding=\u00bb40px|20px|20px|20px|false|true\u00bb custom_css_main_element=\u00bbmin-height: 250px;\u00bb box_shadow_style=\u00bbpreset1&#8243; box_shadow_blur=\u00bb9px\u00bb box_shadow_spread=\u00bb-3px\u00bb custom_padding__hover=\u00bb|||\u00bb][et_pb_image src=\u00bbhttps:\/\/stratioautomotive.com\/wp-content\/uploads\/2021\/06\/setir_logo.png\u00bb alt=\u00bbSetir logo\u00bb title_text=\u00bbsetir_logo\u00bb align=\u00bbcenter\u00bb _builder_version=\u00bb4.9.6&#8243; _module_preset=\u00bbdefault\u00bb max_width=\u00bb45%\u00bb max_width_tablet=\u00bb\u00bb max_width_phone=\u00bb40%\u00bb max_width_last_edited=\u00bbon|phone\u00bb module_alignment=\u00bbcenter\u00bb][\/et_pb_image][\/et_pb_column][et_pb_column type=\u00bb1_3&#8243; _builder_version=\u00bb4.6.6&#8243; background_color=\u00bb#ffffff\u00bb custom_padding=\u00bb40px|20px|20px|20px|false|true\u00bb custom_css_main_element=\u00bbmin-height: 250px;\u00bb box_shadow_style=\u00bbpreset1&#8243; box_shadow_blur=\u00bb9px\u00bb box_shadow_spread=\u00bb-3px\u00bb custom_padding__hover=\u00bb|||\u00bb][et_pb_image src=\u00bbhttps:\/\/stratioautomotive.com\/wp-content\/uploads\/2021\/06\/Antram_logo.png\u00bb alt=\u00bbAntram logo\u00bb title_text=\u00bbAntram_logo\u00bb _builder_version=\u00bb4.9.6&#8243; _module_preset=\u00bbdefault\u00bb max_width=\u00bb100%\u00bb max_width_tablet=\u00bb\u00bb max_width_phone=\u00bb40%\u00bb max_width_last_edited=\u00bbon|phone\u00bb module_alignment=\u00bbcenter\u00bb][\/et_pb_image][\/et_pb_column][\/et_pb_row][\/et_pb_section][et_pb_section fb_built=\u00bb1&#8243; _builder_version=\u00bb4.6.6&#8243; _module_preset=\u00bbdefault\u00bb custom_margin=\u00bb0px|0px|0px|0px|true|true\u00bb custom_padding=\u00bb0px|0px|0px|0px|true|true\u00bb saved_tabs=\u00bball\u00bb collapsed=\u00bboff\u00bb][et_pb_row _builder_version=\u00bb4.6.6&#8243; _module_preset=\u00bbdefault\u00bb custom_margin=\u00bb0px||0px|0px|true|false\u00bb custom_padding=\u00bb0px|0px|0px|0px|true|true\u00bb][et_pb_column type=\u00bb4_4&#8243; _builder_version=\u00bb4.6.6&#8243; _module_preset=\u00bbdefault\u00bb][et_pb_social_media_follow icon_color=\u00bb#ffffff\u00bb admin_label=\u00bbSocial Media Follow\u00bb _builder_version=\u00bb4.6.6&#8243; _module_preset=\u00bbdefault\u00bb background_enable_color=\u00bboff\u00bb][et_pb_social_media_follow_network social_network=\u00bblinkedin\u00bb url=\u00bbhttps:\/\/www.linkedin.com\/company\/stratioautomotive\/\u00bb _builder_version=\u00bb4.6.6&#8243; _module_preset=\u00bbdefault\u00bb background_color=\u00bb#333333&#8243; background_enable_color=\u00bbon\u00bb custom_margin=\u00bb||||false|false\u00bb custom_padding=\u00bb||||false|false\u00bb follow_button=\u00bboff\u00bb url_new_window=\u00bbon\u00bb]linkedin[\/et_pb_social_media_follow_network][et_pb_social_media_follow_network social_network=\u00bbmyspace\u00bb url=\u00bbhttps:\/\/medium.com\/stratio\u00bb icon_color=\u00bbrgba(0,0,0,0)\u00bb use_icon_font_size=\u00bbon\u00bb _builder_version=\u00bb4.6.6&#8243; _module_preset=\u00bbdefault\u00bb background_color=\u00bb#333333&#8243; background_enable_color=\u00bbon\u00bb background_image=\u00bbhttps:\/\/stratioautomotive.com\/wp-content\/uploads\/2020\/11\/Background.png\u00bb background_enable_image=\u00bbon\u00bb background_size=\u00bbcontain\u00bb follow_button=\u00bboff\u00bb url_new_window=\u00bbon\u00bb]myspace[\/et_pb_social_media_follow_network][\/et_pb_social_media_follow][\/et_pb_column][\/et_pb_row][\/et_pb_section]<\/p>\n","protected":false},"excerpt":{"rendered":"<p>Juntos estamos a construir un futuro sin paradas forzadas.Categor\u00edas de Socios StratioEl programa para Socios de Stratio tiene varias categor\u00edas diferentes disponibles seg\u00fan sus objetivos para la colaboraci\u00f3n Trabajaremos juntos para establecer un programa a medida que se adapte mejor a sus necesidades, aprovechando cada una de nuestras fortalezas para ofrecer la mejor soluci\u00f3n posible [&hellip;]<\/p>\n","protected":false},"author":2,"featured_media":0,"parent":0,"menu_order":0,"comment_status":"closed","ping_status":"closed","template":"","meta":{"_et_pb_use_builder":"on","_et_pb_old_content":"","_et_gb_content_width":"","content-type":"","footnotes":""},"categories":[],"tags":[],"class_list":["post-6531","page","type-page","status-publish","hentry"],"yoast_head":"<!-- This site is optimized with the Yoast SEO plugin v26.1.1 - https:\/\/yoast.com\/wordpress\/plugins\/seo\/ -->\n<title>Socios - Sistema de Gesti\u00f3n de Flotas - Stratio<\/title>\n<meta name=\"description\" content=\"El Programa para Socios de Stratio Automative tiene varias categor\u00edas disponibles, que var\u00edan dependiendo de sus objetivos de colaboraci\u00f3n.\u00a0\" \/>\n<meta name=\"robots\" content=\"index, follow, max-snippet:-1, max-image-preview:large, max-video-preview:-1\" \/>\n<link rel=\"canonical\" href=\"https:\/\/stratioautomotive.com\/es\/socios\/\" \/>\n<meta property=\"og:locale\" content=\"es_ES\" \/>\n<meta property=\"og:type\" content=\"article\" \/>\n<meta property=\"og:title\" content=\"Socios - Sistema de Gesti\u00f3n de Flotas - Stratio\" \/>\n<meta property=\"og:description\" content=\"El Programa para Socios de Stratio Automative tiene varias categor\u00edas disponibles, que var\u00edan dependiendo de sus objetivos de colaboraci\u00f3n.\u00a0\" \/>\n<meta property=\"og:url\" content=\"https:\/\/stratioautomotive.com\/es\/socios\/\" \/>\n<meta property=\"og:site_name\" content=\"Stratio\" \/>\n<meta property=\"article:modified_time\" content=\"2021-06-14T16:00:32+00:00\" \/>\n<meta name=\"twitter:card\" content=\"summary_large_image\" \/>\n<meta name=\"twitter:label1\" content=\"Tiempo de lectura\" \/>\n\t<meta name=\"twitter:data1\" content=\"7 minutos\" \/>\n<script type=\"application\/ld+json\" class=\"yoast-schema-graph\">{\"@context\":\"https:\/\/schema.org\",\"@graph\":[{\"@type\":\"WebPage\",\"@id\":\"https:\/\/stratioautomotive.com\/es\/socios\/\",\"url\":\"https:\/\/stratioautomotive.com\/es\/socios\/\",\"name\":\"Socios - Sistema de Gesti\u00f3n de Flotas - Stratio\",\"isPartOf\":{\"@id\":\"https:\/\/stratioautomotive.com\/#website\"},\"datePublished\":\"2021-02-05T15:18:09+00:00\",\"dateModified\":\"2021-06-14T16:00:32+00:00\",\"description\":\"El Programa para Socios de Stratio Automative tiene varias categor\u00edas disponibles, que var\u00edan dependiendo de sus objetivos de colaboraci\u00f3n.\u00a0\",\"breadcrumb\":{\"@id\":\"https:\/\/stratioautomotive.com\/es\/socios\/#breadcrumb\"},\"inLanguage\":\"es\",\"potentialAction\":[{\"@type\":\"ReadAction\",\"target\":[\"https:\/\/stratioautomotive.com\/es\/socios\/\"]}]},{\"@type\":\"BreadcrumbList\",\"@id\":\"https:\/\/stratioautomotive.com\/es\/socios\/#breadcrumb\",\"itemListElement\":[{\"@type\":\"ListItem\",\"position\":1,\"name\":\"Home\",\"item\":\"https:\/\/stratioautomotive.com\/\"},{\"@type\":\"ListItem\",\"position\":2,\"name\":\"Socios\"}]},{\"@type\":\"WebSite\",\"@id\":\"https:\/\/stratioautomotive.com\/#website\",\"url\":\"https:\/\/stratioautomotive.com\/\",\"name\":\"Stratio\",\"description\":\"Driving a zero downtime future.\",\"potentialAction\":[{\"@type\":\"SearchAction\",\"target\":{\"@type\":\"EntryPoint\",\"urlTemplate\":\"https:\/\/stratioautomotive.com\/?s={search_term_string}\"},\"query-input\":{\"@type\":\"PropertyValueSpecification\",\"valueRequired\":true,\"valueName\":\"search_term_string\"}}],\"inLanguage\":\"es\"}]}<\/script>\n<!-- \/ Yoast SEO plugin. -->","yoast_head_json":{"title":"Socios - Sistema de Gesti\u00f3n de Flotas - Stratio","description":"El Programa para Socios de Stratio Automative tiene varias categor\u00edas disponibles, que var\u00edan dependiendo de sus objetivos de colaboraci\u00f3n.\u00a0","robots":{"index":"index","follow":"follow","max-snippet":"max-snippet:-1","max-image-preview":"max-image-preview:large","max-video-preview":"max-video-preview:-1"},"canonical":"https:\/\/stratioautomotive.com\/es\/socios\/","og_locale":"es_ES","og_type":"article","og_title":"Socios - Sistema de Gesti\u00f3n de Flotas - Stratio","og_description":"El Programa para Socios de Stratio Automative tiene varias categor\u00edas disponibles, que var\u00edan dependiendo de sus objetivos de colaboraci\u00f3n.\u00a0","og_url":"https:\/\/stratioautomotive.com\/es\/socios\/","og_site_name":"Stratio","article_modified_time":"2021-06-14T16:00:32+00:00","twitter_card":"summary_large_image","twitter_misc":{"Tiempo de lectura":"7 minutos"},"schema":{"@context":"https:\/\/schema.org","@graph":[{"@type":"WebPage","@id":"https:\/\/stratioautomotive.com\/es\/socios\/","url":"https:\/\/stratioautomotive.com\/es\/socios\/","name":"Socios - Sistema de Gesti\u00f3n de Flotas - Stratio","isPartOf":{"@id":"https:\/\/stratioautomotive.com\/#website"},"datePublished":"2021-02-05T15:18:09+00:00","dateModified":"2021-06-14T16:00:32+00:00","description":"El Programa para Socios de Stratio Automative tiene varias categor\u00edas disponibles, que var\u00edan dependiendo de sus objetivos de colaboraci\u00f3n.\u00a0","breadcrumb":{"@id":"https:\/\/stratioautomotive.com\/es\/socios\/#breadcrumb"},"inLanguage":"es","potentialAction":[{"@type":"ReadAction","target":["https:\/\/stratioautomotive.com\/es\/socios\/"]}]},{"@type":"BreadcrumbList","@id":"https:\/\/stratioautomotive.com\/es\/socios\/#breadcrumb","itemListElement":[{"@type":"ListItem","position":1,"name":"Home","item":"https:\/\/stratioautomotive.com\/"},{"@type":"ListItem","position":2,"name":"Socios"}]},{"@type":"WebSite","@id":"https:\/\/stratioautomotive.com\/#website","url":"https:\/\/stratioautomotive.com\/","name":"Stratio","description":"Driving a zero downtime future.","potentialAction":[{"@type":"SearchAction","target":{"@type":"EntryPoint","urlTemplate":"https:\/\/stratioautomotive.com\/?s={search_term_string}"},"query-input":{"@type":"PropertyValueSpecification","valueRequired":true,"valueName":"search_term_string"}}],"inLanguage":"es"}]}},"_links":{"self":[{"href":"https:\/\/stratioautomotive.com\/es\/wp-json\/wp\/v2\/pages\/6531","targetHints":{"allow":["GET"]}}],"collection":[{"href":"https:\/\/stratioautomotive.com\/es\/wp-json\/wp\/v2\/pages"}],"about":[{"href":"https:\/\/stratioautomotive.com\/es\/wp-json\/wp\/v2\/types\/page"}],"author":[{"embeddable":true,"href":"https:\/\/stratioautomotive.com\/es\/wp-json\/wp\/v2\/users\/2"}],"replies":[{"embeddable":true,"href":"https:\/\/stratioautomotive.com\/es\/wp-json\/wp\/v2\/comments?post=6531"}],"version-history":[{"count":15,"href":"https:\/\/stratioautomotive.com\/es\/wp-json\/wp\/v2\/pages\/6531\/revisions"}],"predecessor-version":[{"id":9176,"href":"https:\/\/stratioautomotive.com\/es\/wp-json\/wp\/v2\/pages\/6531\/revisions\/9176"}],"wp:attachment":[{"href":"https:\/\/stratioautomotive.com\/es\/wp-json\/wp\/v2\/media?parent=6531"}],"wp:term":[{"taxonomy":"category","embeddable":true,"href":"https:\/\/stratioautomotive.com\/es\/wp-json\/wp\/v2\/categories?post=6531"},{"taxonomy":"post_tag","embeddable":true,"href":"https:\/\/stratioautomotive.com\/es\/wp-json\/wp\/v2\/tags?post=6531"}],"curies":[{"name":"wp","href":"https:\/\/api.w.org\/{rel}","templated":true}]}}