{"id":5192,"date":"2020-12-17T13:56:40","date_gmt":"2020-12-17T13:56:40","guid":{"rendered":"https:\/\/wp.stratio.info\/calidad\/"},"modified":"2021-06-13T12:32:33","modified_gmt":"2021-06-13T12:32:33","slug":"calidad","status":"publish","type":"page","link":"https:\/\/stratioautomotive.com\/es\/calidad\/","title":{"rendered":"Calidad"},"content":{"rendered":"<p>[et_pb_section fb_built=\u00bb1&#8243; _builder_version=\u00bb4.6.6&#8243; _module_preset=\u00bbdefault\u00bb][et_pb_row admin_label=\u00bbFeatured Project\u00bb _builder_version=\u00bb4.6.6&#8243; width=\u00bb70%\u00bb max_width=\u00bb860px\u00bb custom_padding=\u00bb60px||||false|false\u00bb][et_pb_column type=\u00bb4_4&#8243; _builder_version=\u00bb3.25&#8243; custom_padding=\u00bb|||\u00bb custom_padding__hover=\u00bb|||\u00bb][et_pb_text disabled_on=\u00bboff|off|off\u00bb admin_label=\u00bbTitle\u00bb _builder_version=\u00bb4.6.6&#8243; text_font=\u00bbMontserrat||||||||\u00bb text_line_height=\u00bb1.8em\u00bb header_font=\u00bbPoppins|700|||||||\u00bb header_text_color=\u00bb#ff4438&#8243; header_font_size=\u00bb36px\u00bb header_2_font=\u00bbPoppins|600|||||||\u00bb header_2_text_color=\u00bb#ff4438&#8243; header_2_font_size=\u00bb30px\u00bb header_2_line_height=\u00bb1.5em\u00bb custom_margin=\u00bb||5px|\u00bb animation_direction=\u00bbtop\u00bb]<\/p>\n<h2><strong>Sistema de Gesti\u00f3n de la Calidad<\/strong><\/h2>\n<p>[\/et_pb_text][et_pb_divider show_divider=\u00bboff\u00bb _builder_version=\u00bb3.2&#8243; max_width=\u00bb23px\u00bb module_alignment=\u00bbleft\u00bb animation_style=\u00bbslide\u00bb animation_intensity_slide=\u00bb20%\u00bb animation_starting_opacity=\u00bb100%\u00bb locked=\u00bboff\u00bb][\/et_pb_divider][et_pb_text _builder_version=\u00bb4.6.6&#8243; text_font=\u00bb||||||||\u00bb text_line_height=\u00bb1.8em\u00bb header_font=\u00bb||||||||\u00bb max_width=\u00bb100%\u00bb custom_margin=\u00bb|||\u00bb animation_direction=\u00bbleft\u00bb]<\/p>\n<p><em>Misi\u00f3n, Vision, Valores y Pol\u00edtica de Calidad<\/em><\/p>\n<p><span style=\"font-weight: 400;\"><\/span><\/p>\n<p>[\/et_pb_text][et_pb_text _builder_version=\u00bb4.9.6&#8243; text_font=\u00bb||||||||\u00bb text_line_height=\u00bb1.8em\u00bb header_font=\u00bb||||||||\u00bb header_4_font=\u00bbPoppins|700|||||||\u00bb header_4_font_size=\u00bb24px\u00bb header_4_line_height=\u00bb1.6em\u00bb max_width=\u00bb100%\u00bb custom_margin=\u00bb|||\u00bb animation_direction=\u00bbleft\u00bb hover_enabled=\u00bb0&#8243; sticky_enabled=\u00bb0&#8243;]<\/p>\n<h4>Misi\u00f3n<\/h4>\n<p><span style=\"font-weight: 400;\">La misi\u00f3n de Stratio es la automatizaci\u00f3n integral de flotas para crear un futuro sin paradas forzadas.<\/span><\/p>\n<p><span style=\"font-weight: 400;\"><\/span><\/p>\n<p>[\/et_pb_text][et_pb_text _builder_version=\u00bb4.6.6&#8243; text_font=\u00bb||||||||\u00bb text_line_height=\u00bb1.8em\u00bb header_font=\u00bb||||||||\u00bb header_4_font=\u00bbPoppins|700|||||||\u00bb header_4_font_size=\u00bb24px\u00bb header_4_line_height=\u00bb1.6em\u00bb max_width=\u00bb100%\u00bb custom_margin=\u00bb||40px|||\u00bb animation_direction=\u00bbleft\u00bb]<\/p>\n<h4>Vision<\/h4>\n<p><span>Construir un futuro sin paradas forzadas.<\/span><\/p>\n<p>[\/et_pb_text][et_pb_text _builder_version=\u00bb4.6.6&#8243; text_font=\u00bb||||||||\u00bb text_line_height=\u00bb1.8em\u00bb header_font=\u00bb||||||||\u00bb header_4_font=\u00bbPoppins|700|||||||\u00bb header_4_font_size=\u00bb24px\u00bb header_4_line_height=\u00bb1.6em\u00bb max_width=\u00bb100%\u00bb custom_margin=\u00bb|||\u00bb animation_direction=\u00bbleft\u00bb]<\/p>\n<h4>Valores<\/h4>\n<p><span style=\"font-weight: 400;\">Somos\u00a0<\/span><span style=\"color: #ff4438;\"><b>Cooperativo<\/b>\u00a0<b>: <span style=\"color: #000000;\">El equipo siempre supera la suma de las partes.<\/span><\/b><\/span><\/p>\n<p><span style=\"font-weight: 400;\">Somos <\/span><span style=\"color: #ff4438;\"><b>Pragm\u00e1ticos<\/b> <b>: <span style=\"color: #000000;\">Piensa creativamente y, siempre que sea posible, evita soluciones a corto plazo que generen deudas a largo plazo y no resuelvan las necesidades de nuestros clientes.<\/span><\/b><\/span><\/p>\n<p><span style=\"font-weight: 400;\">Somos <\/span><span style=\"color: #ff4438;\"><b>Persistentes\u00a0<\/b><\/span><b><span style=\"color: #ff4438;\">: <span style=\"color: #000000;\">No te rindas, no dejes de intentarlo y nunca dejes de aprender.<\/span><\/span><\/b><\/p>\n<p><span style=\"font-weight: 400;\">Crea<\/span>\u00a0<span style=\"color: #ff4438;\"><b>Impacto<\/b> <b>: <span style=\"color: #000000;\">Enf\u00f3cate y haz que otros a tu alrededor se enfoquen en lo que trae m\u00e1s impacto y valor a nuestros clientes.<\/span><\/b><\/span><\/p>\n<p><span style=\"font-weight: 400;\">Tiene\u00a0<\/span><span style=\"color: #ff4438;\"><b>Passi\u00f3n<\/b> <b>: <span style=\"color: #000000;\">Estamos cambiando el sector y esto requiere un gran esfuerzo. No es pr\u00e1ctico hacer esto si no tenemos una verdadera pasi\u00f3n por lo que estamos a crear juntos.<\/span><\/b><\/span><\/p>\n<p><span style=\"font-weight: 400;\"><\/span><\/p>\n<p><span style=\"font-weight: 400;\"><\/span><\/p>\n<p>[\/et_pb_text][et_pb_text _builder_version=\u00bb4.6.6&#8243; text_font=\u00bb||||||||\u00bb text_line_height=\u00bb1.8em\u00bb header_font=\u00bb||||||||\u00bb header_4_font=\u00bbPoppins|700|||||||\u00bb header_4_font_size=\u00bb24px\u00bb header_4_line_height=\u00bb1.6em\u00bb max_width=\u00bb100%\u00bb custom_margin=\u00bb|||\u00bb animation_direction=\u00bbleft\u00bb]<\/p>\n<h4>Pol\u00edtica de Calidad<\/h4>\n<ul>\n<li>\n<p><span style=\"font-weight: 400;\"> Asegurar la calidad de los productos y servicios de Stratio y buscar siempre satisfacer las necesidades espec\u00edficas, requisitos t\u00e9cnicos y comerciales y expectativas de nuestros clientes;<\/span><\/p>\n<\/li>\n<li>\n<p><span style=\"font-weight: 400;\"> Garantizar el cumplimiento de las pol\u00edticas del cliente y de los requisitos legales, reglamentarios y de normas aplicables;<\/span><\/p>\n<\/li>\n<li>\n<p><span style=\"font-weight: 400;\"> Asegurar la satisfacci\u00f3n de accionistas, proveedores, empleados y otros grupos de inter\u00e9s;<\/span><\/p>\n<\/li>\n<li>\n<p><span style=\"font-weight: 400;\"> Asegurar la mejora continua de los productos y servicios de Stratio mediante la revisi\u00f3n peri\u00f3dica de sus objetivos, metas, procesos y procedimientos;<\/span><\/p>\n<\/li>\n<li>\n<p><span style=\"font-weight: 400;\"> Crear las condiciones para una cultura de mejora continua del sistema de calidad, asegurando la alineaci\u00f3n y el compromiso de todos los grupos de inter\u00e9s internos con la visi\u00f3n, misi\u00f3n, valores, prioridades, objetivos, procesos y pol\u00edticas de Stratio;<\/span><\/p>\n<\/li>\n<li>\n<p><span style=\"font-weight: 400;\"> Mantener la implantaci\u00f3n de los Sistemas de Gesti\u00f3n de la Calidad, de acuerdo con las normas NP EN ISO9001, continuando su actuaci\u00f3n y asegurando su cumplimiento;<\/span><\/p>\n<\/li>\n<li>\n<p><span style=\"font-weight: 400;\"> Asegurar una formaci\u00f3n adecuada para los empleados de Stratio proporcionando las herramientas necesarias para garantizar la calidad de los productos y servicios de Stratio;<\/span><\/p>\n<\/li>\n<\/ul>\n<p>[\/et_pb_text][\/et_pb_column][\/et_pb_row][\/et_pb_section][et_pb_section fb_built=\u00bb1&#8243; _builder_version=\u00bb4.6.6&#8243; _module_preset=\u00bbdefault\u00bb custom_margin=\u00bb0px|0px|0px|0px|true|true\u00bb custom_padding=\u00bb0px|0px|0px|0px|true|true\u00bb saved_tabs=\u00bball\u00bb collapsed=\u00bbon\u00bb][et_pb_row _builder_version=\u00bb4.6.6&#8243; _module_preset=\u00bbdefault\u00bb custom_margin=\u00bb0px||0px|0px|true|false\u00bb custom_padding=\u00bb0px|0px|0px|0px|true|true\u00bb][et_pb_column type=\u00bb4_4&#8243; _builder_version=\u00bb4.6.6&#8243; _module_preset=\u00bbdefault\u00bb][et_pb_social_media_follow icon_color=\u00bb#ffffff\u00bb admin_label=\u00bbSocial Media Follow\u00bb _builder_version=\u00bb4.6.6&#8243; _module_preset=\u00bbdefault\u00bb][et_pb_social_media_follow_network social_network=\u00bblinkedin\u00bb url=\u00bbhttps:\/\/www.linkedin.com\/company\/stratioautomotive\/\u00bb _builder_version=\u00bb4.6.6&#8243; _module_preset=\u00bbdefault\u00bb background_color=\u00bb#ff4438&#8243; background_enable_color=\u00bbon\u00bb custom_margin=\u00bb||||false|false\u00bb custom_padding=\u00bb||||false|false\u00bb follow_button=\u00bboff\u00bb url_new_window=\u00bbon\u00bb]linkedin[\/et_pb_social_media_follow_network][et_pb_social_media_follow_network social_network=\u00bbmyspace\u00bb url=\u00bbhttps:\/\/medium.com\/stratio\u00bb icon_color=\u00bbrgba(0,0,0,0)\u00bb use_icon_font_size=\u00bbon\u00bb _builder_version=\u00bb4.6.6&#8243; _module_preset=\u00bbdefault\u00bb background_color=\u00bb#ff4438&#8243; background_enable_color=\u00bbon\u00bb background_image=\u00bbhttps:\/\/stratioautomotive.com\/wp-content\/uploads\/2020\/11\/Background.png\u00bb background_enable_image=\u00bbon\u00bb background_size=\u00bbcontain\u00bb follow_button=\u00bboff\u00bb url_new_window=\u00bbon\u00bb]myspace[\/et_pb_social_media_follow_network][\/et_pb_social_media_follow][\/et_pb_column][\/et_pb_row][\/et_pb_section]<\/p>\n","protected":false},"excerpt":{"rendered":"<p>Sistema de Gesti\u00f3n de la CalidadMisi\u00f3n, Vision, Valores y Pol\u00edtica de Calidad Misi\u00f3n La misi\u00f3n de Stratio es la automatizaci\u00f3n integral de flotas para crear un futuro sin paradas forzadas. Vision Construir un futuro sin paradas forzadas.Valores Somos\u00a0Cooperativo\u00a0: El equipo siempre supera la suma de las partes. Somos Pragm\u00e1ticos : Piensa creativamente y, siempre que [&hellip;]<\/p>\n","protected":false},"author":2,"featured_media":0,"parent":0,"menu_order":0,"comment_status":"closed","ping_status":"closed","template":"","meta":{"_et_pb_use_builder":"on","_et_pb_old_content":"","_et_gb_content_width":"","content-type":"","footnotes":""},"categories":[],"tags":[],"class_list":["post-5192","page","type-page","status-publish","hentry"],"yoast_head":"<!-- This site is optimized with the Yoast SEO plugin v26.1.1 - https:\/\/yoast.com\/wordpress\/plugins\/seo\/ -->\n<title>Calidad - Sistema de Gesti\u00f3n de Flotas - Stratio<\/title>\n<meta name=\"description\" content=\"Conozca los valores, misi\u00f3n y el sistema de gesti\u00f3n de calidad de Stratio Automotive. Visite nuestra p\u00e1gina web y conozca todo sobre nuestra empresa.\" \/>\n<meta name=\"robots\" content=\"index, follow, max-snippet:-1, max-image-preview:large, max-video-preview:-1\" \/>\n<link rel=\"canonical\" href=\"https:\/\/stratioautomotive.com\/quality\/\" \/>\n<meta property=\"og:locale\" content=\"es_ES\" \/>\n<meta property=\"og:type\" content=\"article\" \/>\n<meta property=\"og:title\" content=\"Calidad - Sistema de Gesti\u00f3n de Flotas - Stratio\" \/>\n<meta property=\"og:description\" content=\"Conozca los valores, misi\u00f3n y el sistema de gesti\u00f3n de calidad de Stratio Automotive. Visite nuestra p\u00e1gina web y conozca todo sobre nuestra empresa.\" \/>\n<meta property=\"og:url\" content=\"https:\/\/stratioautomotive.com\/quality\/\" \/>\n<meta property=\"og:site_name\" content=\"Stratio\" \/>\n<meta property=\"article:modified_time\" content=\"2021-06-13T12:32:33+00:00\" \/>\n<meta name=\"twitter:card\" content=\"summary_large_image\" \/>\n<meta name=\"twitter:label1\" content=\"Tiempo de lectura\" \/>\n\t<meta name=\"twitter:data1\" content=\"4 minutos\" \/>\n<script type=\"application\/ld+json\" class=\"yoast-schema-graph\">{\"@context\":\"https:\/\/schema.org\",\"@graph\":[{\"@type\":\"WebPage\",\"@id\":\"https:\/\/stratioautomotive.com\/quality\/\",\"url\":\"https:\/\/stratioautomotive.com\/quality\/\",\"name\":\"Calidad - Sistema de Gesti\u00f3n de Flotas - Stratio\",\"isPartOf\":{\"@id\":\"https:\/\/stratioautomotive.com\/#website\"},\"datePublished\":\"2020-12-17T13:56:40+00:00\",\"dateModified\":\"2021-06-13T12:32:33+00:00\",\"description\":\"Conozca los valores, misi\u00f3n y el sistema de gesti\u00f3n de calidad de Stratio Automotive. Visite nuestra p\u00e1gina web y conozca todo sobre nuestra empresa.\",\"breadcrumb\":{\"@id\":\"https:\/\/stratioautomotive.com\/quality\/#breadcrumb\"},\"inLanguage\":\"es\",\"potentialAction\":[{\"@type\":\"ReadAction\",\"target\":[\"https:\/\/stratioautomotive.com\/quality\/\"]}]},{\"@type\":\"BreadcrumbList\",\"@id\":\"https:\/\/stratioautomotive.com\/quality\/#breadcrumb\",\"itemListElement\":[{\"@type\":\"ListItem\",\"position\":1,\"name\":\"Home\",\"item\":\"https:\/\/stratioautomotive.com\/\"},{\"@type\":\"ListItem\",\"position\":2,\"name\":\"Calidad\"}]},{\"@type\":\"WebSite\",\"@id\":\"https:\/\/stratioautomotive.com\/#website\",\"url\":\"https:\/\/stratioautomotive.com\/\",\"name\":\"Stratio\",\"description\":\"Driving a zero downtime future.\",\"potentialAction\":[{\"@type\":\"SearchAction\",\"target\":{\"@type\":\"EntryPoint\",\"urlTemplate\":\"https:\/\/stratioautomotive.com\/?s={search_term_string}\"},\"query-input\":{\"@type\":\"PropertyValueSpecification\",\"valueRequired\":true,\"valueName\":\"search_term_string\"}}],\"inLanguage\":\"es\"}]}<\/script>\n<!-- \/ Yoast SEO plugin. -->","yoast_head_json":{"title":"Calidad - Sistema de Gesti\u00f3n de Flotas - Stratio","description":"Conozca los valores, misi\u00f3n y el sistema de gesti\u00f3n de calidad de Stratio Automotive. Visite nuestra p\u00e1gina web y conozca todo sobre nuestra empresa.","robots":{"index":"index","follow":"follow","max-snippet":"max-snippet:-1","max-image-preview":"max-image-preview:large","max-video-preview":"max-video-preview:-1"},"canonical":"https:\/\/stratioautomotive.com\/quality\/","og_locale":"es_ES","og_type":"article","og_title":"Calidad - Sistema de Gesti\u00f3n de Flotas - Stratio","og_description":"Conozca los valores, misi\u00f3n y el sistema de gesti\u00f3n de calidad de Stratio Automotive. Visite nuestra p\u00e1gina web y conozca todo sobre nuestra empresa.","og_url":"https:\/\/stratioautomotive.com\/quality\/","og_site_name":"Stratio","article_modified_time":"2021-06-13T12:32:33+00:00","twitter_card":"summary_large_image","twitter_misc":{"Tiempo de lectura":"4 minutos"},"schema":{"@context":"https:\/\/schema.org","@graph":[{"@type":"WebPage","@id":"https:\/\/stratioautomotive.com\/quality\/","url":"https:\/\/stratioautomotive.com\/quality\/","name":"Calidad - Sistema de Gesti\u00f3n de Flotas - Stratio","isPartOf":{"@id":"https:\/\/stratioautomotive.com\/#website"},"datePublished":"2020-12-17T13:56:40+00:00","dateModified":"2021-06-13T12:32:33+00:00","description":"Conozca los valores, misi\u00f3n y el sistema de gesti\u00f3n de calidad de Stratio Automotive. Visite nuestra p\u00e1gina web y conozca todo sobre nuestra empresa.","breadcrumb":{"@id":"https:\/\/stratioautomotive.com\/quality\/#breadcrumb"},"inLanguage":"es","potentialAction":[{"@type":"ReadAction","target":["https:\/\/stratioautomotive.com\/quality\/"]}]},{"@type":"BreadcrumbList","@id":"https:\/\/stratioautomotive.com\/quality\/#breadcrumb","itemListElement":[{"@type":"ListItem","position":1,"name":"Home","item":"https:\/\/stratioautomotive.com\/"},{"@type":"ListItem","position":2,"name":"Calidad"}]},{"@type":"WebSite","@id":"https:\/\/stratioautomotive.com\/#website","url":"https:\/\/stratioautomotive.com\/","name":"Stratio","description":"Driving a zero downtime future.","potentialAction":[{"@type":"SearchAction","target":{"@type":"EntryPoint","urlTemplate":"https:\/\/stratioautomotive.com\/?s={search_term_string}"},"query-input":{"@type":"PropertyValueSpecification","valueRequired":true,"valueName":"search_term_string"}}],"inLanguage":"es"}]}},"_links":{"self":[{"href":"https:\/\/stratioautomotive.com\/es\/wp-json\/wp\/v2\/pages\/5192","targetHints":{"allow":["GET"]}}],"collection":[{"href":"https:\/\/stratioautomotive.com\/es\/wp-json\/wp\/v2\/pages"}],"about":[{"href":"https:\/\/stratioautomotive.com\/es\/wp-json\/wp\/v2\/types\/page"}],"author":[{"embeddable":true,"href":"https:\/\/stratioautomotive.com\/es\/wp-json\/wp\/v2\/users\/2"}],"replies":[{"embeddable":true,"href":"https:\/\/stratioautomotive.com\/es\/wp-json\/wp\/v2\/comments?post=5192"}],"version-history":[{"count":4,"href":"https:\/\/stratioautomotive.com\/es\/wp-json\/wp\/v2\/pages\/5192\/revisions"}],"predecessor-version":[{"id":9019,"href":"https:\/\/stratioautomotive.com\/es\/wp-json\/wp\/v2\/pages\/5192\/revisions\/9019"}],"wp:attachment":[{"href":"https:\/\/stratioautomotive.com\/es\/wp-json\/wp\/v2\/media?parent=5192"}],"wp:term":[{"taxonomy":"category","embeddable":true,"href":"https:\/\/stratioautomotive.com\/es\/wp-json\/wp\/v2\/categories?post=5192"},{"taxonomy":"post_tag","embeddable":true,"href":"https:\/\/stratioautomotive.com\/es\/wp-json\/wp\/v2\/tags?post=5192"}],"curies":[{"name":"wp","href":"https:\/\/api.w.org\/{rel}","templated":true}]}}