{"id":4882,"date":"2020-12-16T09:07:06","date_gmt":"2020-12-16T09:07:06","guid":{"rendered":"https:\/\/wp.stratio.info\/research-projects\/"},"modified":"2026-01-20T16:30:50","modified_gmt":"2026-01-20T16:30:50","slug":"research-projects","status":"publish","type":"page","link":"https:\/\/stratioautomotive.com\/es\/research-projects\/","title":{"rendered":"Proyectos de Investigaci\u00f3n"},"content":{"rendered":"<p>[et_pb_section fb_built=\u00bb1&#8243; _builder_version=\u00bb4.16&#8243; _module_preset=\u00bbdefault\u00bb background_color=\u00bb#f7f7f7&#8243; global_colors_info=\u00bb{}\u00bb][et_pb_row column_structure=\u00bb1_5,3_5,1_5&#8243; admin_label=\u00bbFeatured Project\u00bb _builder_version=\u00bb4.16&#8243; custom_padding=\u00bb2px|||||\u00bb global_colors_info=\u00bb{}\u00bb][et_pb_column type=\u00bb1_5&#8243; _builder_version=\u00bb4.16&#8243; custom_padding=\u00bb|||\u00bb global_colors_info=\u00bb{}\u00bb custom_padding__hover=\u00bb|||\u00bb][et_pb_divider show_divider=\u00bboff\u00bb _builder_version=\u00bb4.16&#8243; max_width=\u00bb23px\u00bb module_alignment=\u00bbleft\u00bb animation_style=\u00bbslide\u00bb animation_intensity_slide=\u00bb20%\u00bb animation_starting_opacity=\u00bb100%\u00bb locked=\u00bboff\u00bb global_colors_info=\u00bb{}\u00bb][\/et_pb_divider][\/et_pb_column][et_pb_column type=\u00bb3_5&#8243; _builder_version=\u00bb4.16&#8243; background_color=\u00bb#ffffff\u00bb custom_padding=\u00bb40px|40px|40px|40px|true|true\u00bb global_colors_info=\u00bb{}\u00bb custom_padding__hover=\u00bb|||\u00bb][et_pb_text disabled_on=\u00bboff|off|off\u00bb admin_label=\u00bbTitle\u00bb _builder_version=\u00bb4.16&#8243; text_font=\u00bbMontserrat||||||||\u00bb text_line_height=\u00bb1.8em\u00bb header_font=\u00bbPoppins|700|||||||\u00bb header_text_color=\u00bb#ff4438&#8243; header_font_size=\u00bb36px\u00bb header_2_font=\u00bbPoppins|600|||||||\u00bb header_2_text_color=\u00bb#ff4438&#8243; header_2_font_size=\u00bb30px\u00bb header_2_line_height=\u00bb1.5em\u00bb custom_margin=\u00bb||5px|\u00bb custom_padding=\u00bb||31px|||\u00bb animation_direction=\u00bbtop\u00bb global_colors_info=\u00bb{}\u00bb]<\/p>\n<div class=\"row-fluid-wrapper row-depth-1 row-number-4 dnd-row\">\n<div class=\"row-fluid \">\n<div class=\"span12 widget-span widget-type-custom_widget dnd-module\" data-widget-type=\"custom_widget\" data-x=\"0\" data-w=\"12\">\n<div id=\"hs_cos_wrapper_widget_1598827602253\" class=\"hs_cos_wrapper hs_cos_wrapper_widget hs_cos_wrapper_type_module widget-type-rich_text\" data-hs-cos-general-type=\"widget\" data-hs-cos-type=\"module\">\n<h1><span>European Research Projects<\/span><\/h1>\n<\/div>\n<\/div>\n<\/div>\n<\/div>\n<p>[\/et_pb_text][et_pb_text _builder_version=\u00bb4.21.0&#8243; _module_preset=\u00bbdefault\u00bb text_font=\u00bbOpen Sans||||||||\u00bb text_line_height=\u00bb2em\u00bb hover_enabled=\u00bb0&#8243; global_colors_info=\u00bb{}\u00bb sticky_enabled=\u00bb0&#8243;]<\/p>\n<div>Project Name: <a href=\"https:\/\/drive.google.com\/file\/d\/1aASYXsH9Phnp39Xs_5jOCebFNAKyfS3c\/view?usp=sharing\" target=\"_blank\" rel=\"noopener noreferrer\" data-link-type=\"web\">STRATIO.DATABOX4OEMs<\/a><\/div>\n<div>Project Code: CENTRO-01-0247-FEDER-038381<\/div>\n<div>Project Name: <a href=\"https:\/\/drive.google.com\/file\/d\/1JtRB9jRQjALyEaszkrzXrXAR67KSzG9f\/view?usp=sharing\" target=\"_blank\" rel=\"noopener noreferrer\">STRATIO GROWTH<\/a><\/div>\n<div>Project Code: CENTRO-02-0752-FEDER-035034<\/div>\n<div>Project Name: <a title=\"\" href=\"https:\/\/drive.google.com\/file\/d\/1wPOdzTi_yO-BZN3HsbTbvaqGyt8zL3lR\/view?usp=sharing\" target=\"_blank\" rel=\"noopener noreferrer\" data-link-type=\"web\">JAM &#8211; SME INSTRUMENT PHASE 2<\/a><\/div>\n<div>Project Code: 739305<\/div>\n<div>Project Name: <a title=\"\" href=\"https:\/\/drive.google.com\/file\/d\/1NoSbq3n4c0xQdQnr9jsvWZ_PTD_D-FmQ\/view?usp=sharing\" target=\"_blank\" rel=\"noopener noreferrer\" data-link-type=\"web\">JAM &#8211; SME INSTRUMENT PHASE 1<\/a><\/div>\n<div>Project Code: 720115<\/div>\n<div>Project Name: <a title=\"\" href=\"https:\/\/drive.google.com\/file\/d\/1yqvxVfRPOzoeaa3x0E_L1zshuc8RIvGW\/view?usp=sharing\" target=\"_blank\" rel=\"noopener noreferrer\" data-link-type=\"web\">STRATIO AUTOMOTIVE &#8211; IMPACT GROWTH<\/a><\/div>\n<div>Project Code: 732480<\/div>\n<div>Project Name: <a title=\"\" href=\"https:\/\/drive.google.com\/file\/d\/1knibpc62_XEoI7W1XGZ5UoODifIXCSvV\/view?usp=sharing\" target=\"_blank\" rel=\"noopener noreferrer\" data-link-type=\"web\">ECOSAVER &#8211; SOUL-FI<\/a><\/div>\n<div>Project Code: 632814<\/div>\n<div>Project Name: <a title=\"\" href=\"https:\/\/drive.google.com\/file\/d\/1Mo7wuGfYUGQlUBvS-89OZJL4q2EMFS3Z\/view?usp=sharing\" target=\"_blank\" rel=\"noopener noreferrer\" data-link-type=\"web\">SMART BUS READER INNOVATION<\/a><\/div>\n<div>Project Code: CENTRO-02-0853-FEDER-004911<\/div>\n<div>Project Name: <a title=\"\" href=\"https:\/\/drive.google.com\/file\/d\/1LaRAmuZ9G78OQL0cmQLhiJhO-urh26Vx\/view?usp=sharing\" target=\"_blank\" rel=\"noopener noreferrer\" data-link-type=\"web\">SMART BUS READER I&amp;DT<\/a><\/div>\n<div>Project Code: CENTRO-01-0247-FEDER-004902<\/div>\n<div>\n<div>Project Name: <a href=\"https:\/\/drive.google.com\/file\/d\/1ixlrKlI4h69lU8vQ2RDRQhdIpqMx9rJI\/view?usp=sharing\">START AT BEST<\/a><\/div>\n<div>Project Code: 17b88104-c84d-4d88-adef-23bc5634f9a3<\/div>\n<div>\n<div>Project Name: <a href=\"https:\/\/drive.google.com\/file\/d\/1CEyup3gm_ydL5AIMMMVwFI-m5aUChIYN\/view?usp=sharing\">Battery Cortex: On-road predictive battery analytics for Electric Vehicles<\/a><\/div>\n<div>Project Code: POCI-01-0247-FEDER-072268<\/div>\n<div>\n<div>Project Name: <a href=\"https:\/\/drive.google.com\/file\/d\/1mE2hWmEXE2zV-ETmwjTFvn-hCuXl2c3F\/view?usp=sharing\">Stratio IP &#8211; protec\u00e7\u00e3o de m\u00e9todos de an\u00e1lise do estado de componentes do ve\u00edculo<\/a><\/div>\n<div>Project Code: CENTRO-01-0247-FEDER-045900<\/div>\n<div>Project Name: <a href=\"https:\/\/drive.google.com\/file\/d\/1S7a-O1EOWLDGGxGW4NBVPne4hkNjjgBV\/view?usp=sharing\">Route 25: Agenda for Autonomous, Intelligent, Interoperable and Inclusive Mobilit<\/a><\/div>\n<\/div>\n<\/div>\n<\/div>\n<p>[\/et_pb_text][et_pb_image src=\u00bbhttps:\/\/stratioautomotive.com\/wp-content\/uploads\/2020\/11\/Screenshot-2020-08-31-at-09.26.02.png\u00bb title_text=\u00bbScreenshot 2020-08-31 at 09.26.02&#8243; _builder_version=\u00bb4.16&#8243; _module_preset=\u00bbdefault\u00bb custom_margin=\u00bb40px|||||\u00bb global_colors_info=\u00bb{}\u00bb][\/et_pb_image][\/et_pb_column][et_pb_column type=\u00bb1_5&#8243; _builder_version=\u00bb4.16&#8243; background_enable_color=\u00bboff\u00bb custom_padding=\u00bb40px|40px|40px|40px|true|true\u00bb global_colors_info=\u00bb{}\u00bb custom_padding__hover=\u00bb|||\u00bb][\/et_pb_column][\/et_pb_row][\/et_pb_section][et_pb_section fb_built=\u00bb1&#8243; _builder_version=\u00bb4.16&#8243; _module_preset=\u00bbdefault\u00bb custom_margin=\u00bb0px|0px|0px|0px|true|true\u00bb custom_padding=\u00bb0px|0px|0px|0px|true|true\u00bb saved_tabs=\u00bball\u00bb collapsed=\u00bboff\u00bb global_colors_info=\u00bb{}\u00bb][et_pb_row _builder_version=\u00bb4.16&#8243; _module_preset=\u00bbdefault\u00bb custom_margin=\u00bb0px||0px|0px|true|false\u00bb custom_padding=\u00bb0px|0px|0px|0px|true|true\u00bb global_colors_info=\u00bb{}\u00bb][et_pb_column type=\u00bb4_4&#8243; _builder_version=\u00bb4.16&#8243; _module_preset=\u00bbdefault\u00bb global_colors_info=\u00bb{}\u00bb][et_pb_social_media_follow icon_color=\u00bb#ffffff\u00bb admin_label=\u00bbSocial Media Follow\u00bb _builder_version=\u00bb4.16&#8243; _module_preset=\u00bbdefault\u00bb background_enable_color=\u00bboff\u00bb global_colors_info=\u00bb{}\u00bb][et_pb_social_media_follow_network social_network=\u00bblinkedin\u00bb url=\u00bbhttps:\/\/www.linkedin.com\/company\/stratioautomotive\/\u00bb _builder_version=\u00bb4.16&#8243; _module_preset=\u00bbdefault\u00bb background_color=\u00bb#333333&#8243; background_enable_color=\u00bbon\u00bb custom_margin=\u00bb||||false|false\u00bb custom_padding=\u00bb||||false|false\u00bb global_colors_info=\u00bb{}\u00bb follow_button=\u00bboff\u00bb url_new_window=\u00bbon\u00bb]linkedin[\/et_pb_social_media_follow_network][et_pb_social_media_follow_network social_network=\u00bbmyspace\u00bb url=\u00bbhttps:\/\/medium.com\/stratio\u00bb icon_color=\u00bbrgba(0,0,0,0)\u00bb use_icon_font_size=\u00bbon\u00bb _builder_version=\u00bb4.16&#8243; _module_preset=\u00bbdefault\u00bb background_color=\u00bb#333333&#8243; background_enable_color=\u00bbon\u00bb background_image=\u00bbhttps:\/\/stratioautomotive.com\/wp-content\/uploads\/2020\/11\/Background.png\u00bb background_enable_image=\u00bbon\u00bb background_size=\u00bbcontain\u00bb global_colors_info=\u00bb{}\u00bb follow_button=\u00bboff\u00bb url_new_window=\u00bbon\u00bb]myspace[\/et_pb_social_media_follow_network][\/et_pb_social_media_follow][\/et_pb_column][\/et_pb_row][\/et_pb_section]<\/p>\n","protected":false},"excerpt":{"rendered":"<p>European Research Projects Project Name: STRATIO.DATABOX4OEMs Project Code: CENTRO-01-0247-FEDER-038381 Project Name: STRATIO GROWTH Project Code: CENTRO-02-0752-FEDER-035034 Project Name: JAM &#8211; SME INSTRUMENT PHASE 2 Project Code: 739305 Project Name: JAM &#8211; SME INSTRUMENT PHASE 1 Project Code: 720115 Project Name: STRATIO AUTOMOTIVE &#8211; IMPACT GROWTH Project Code: 732480 Project Name: ECOSAVER &#8211; SOUL-FI Project Code: [&hellip;]<\/p>\n","protected":false},"author":2,"featured_media":0,"parent":0,"menu_order":0,"comment_status":"closed","ping_status":"closed","template":"","meta":{"_et_pb_use_builder":"on","_et_pb_old_content":"","_et_gb_content_width":"","content-type":"","footnotes":""},"categories":[],"tags":[],"class_list":["post-4882","page","type-page","status-publish","hentry"],"yoast_head":"<!-- This site is optimized with the Yoast SEO plugin v26.1.1 - https:\/\/yoast.com\/wordpress\/plugins\/seo\/ -->\n<title>Proyectos de Investigaci\u00f3n - Stratio Automative<\/title>\n<meta name=\"description\" content=\"En la p\u00e1gina web de Stratio Automotive ofrecemos documentos de nuestros proyectos de investigaci\u00f3n, para que pueda as\u00ed conocer mejor nuestro trabajo.\" \/>\n<meta name=\"robots\" content=\"index, follow, max-snippet:-1, max-image-preview:large, max-video-preview:-1\" \/>\n<link rel=\"canonical\" href=\"https:\/\/stratioautomotive.com\/es\/research-projects\/\" \/>\n<meta property=\"og:locale\" content=\"es_ES\" \/>\n<meta property=\"og:type\" content=\"article\" \/>\n<meta property=\"og:title\" content=\"Proyectos de Investigaci\u00f3n - Stratio Automative\" \/>\n<meta property=\"og:description\" content=\"En la p\u00e1gina web de Stratio Automotive ofrecemos documentos de nuestros proyectos de investigaci\u00f3n, para que pueda as\u00ed conocer mejor nuestro trabajo.\" \/>\n<meta property=\"og:url\" content=\"https:\/\/stratioautomotive.com\/es\/research-projects\/\" \/>\n<meta property=\"og:site_name\" content=\"Stratio\" \/>\n<meta property=\"article:modified_time\" content=\"2026-01-20T16:30:50+00:00\" \/>\n<meta name=\"twitter:card\" content=\"summary_large_image\" \/>\n<meta name=\"twitter:label1\" content=\"Tiempo de lectura\" \/>\n\t<meta name=\"twitter:data1\" content=\"1 minuto\" \/>\n<script type=\"application\/ld+json\" class=\"yoast-schema-graph\">{\"@context\":\"https:\/\/schema.org\",\"@graph\":[{\"@type\":\"WebPage\",\"@id\":\"https:\/\/stratioautomotive.com\/es\/research-projects\/\",\"url\":\"https:\/\/stratioautomotive.com\/es\/research-projects\/\",\"name\":\"Proyectos de Investigaci\u00f3n - Stratio Automative\",\"isPartOf\":{\"@id\":\"https:\/\/stratioautomotive.com\/#website\"},\"datePublished\":\"2020-12-16T09:07:06+00:00\",\"dateModified\":\"2026-01-20T16:30:50+00:00\",\"description\":\"En la p\u00e1gina web de Stratio Automotive ofrecemos documentos de nuestros proyectos de investigaci\u00f3n, para que pueda as\u00ed conocer mejor nuestro trabajo.\",\"breadcrumb\":{\"@id\":\"https:\/\/stratioautomotive.com\/es\/research-projects\/#breadcrumb\"},\"inLanguage\":\"es\",\"potentialAction\":[{\"@type\":\"ReadAction\",\"target\":[\"https:\/\/stratioautomotive.com\/es\/research-projects\/\"]}]},{\"@type\":\"BreadcrumbList\",\"@id\":\"https:\/\/stratioautomotive.com\/es\/research-projects\/#breadcrumb\",\"itemListElement\":[{\"@type\":\"ListItem\",\"position\":1,\"name\":\"Home\",\"item\":\"https:\/\/stratioautomotive.com\/\"},{\"@type\":\"ListItem\",\"position\":2,\"name\":\"Proyectos de Investigaci\u00f3n\"}]},{\"@type\":\"WebSite\",\"@id\":\"https:\/\/stratioautomotive.com\/#website\",\"url\":\"https:\/\/stratioautomotive.com\/\",\"name\":\"Stratio\",\"description\":\"Driving a zero downtime future.\",\"potentialAction\":[{\"@type\":\"SearchAction\",\"target\":{\"@type\":\"EntryPoint\",\"urlTemplate\":\"https:\/\/stratioautomotive.com\/?s={search_term_string}\"},\"query-input\":{\"@type\":\"PropertyValueSpecification\",\"valueRequired\":true,\"valueName\":\"search_term_string\"}}],\"inLanguage\":\"es\"}]}<\/script>\n<!-- \/ Yoast SEO plugin. -->","yoast_head_json":{"title":"Proyectos de Investigaci\u00f3n - Stratio Automative","description":"En la p\u00e1gina web de Stratio Automotive ofrecemos documentos de nuestros proyectos de investigaci\u00f3n, para que pueda as\u00ed conocer mejor nuestro trabajo.","robots":{"index":"index","follow":"follow","max-snippet":"max-snippet:-1","max-image-preview":"max-image-preview:large","max-video-preview":"max-video-preview:-1"},"canonical":"https:\/\/stratioautomotive.com\/es\/research-projects\/","og_locale":"es_ES","og_type":"article","og_title":"Proyectos de Investigaci\u00f3n - Stratio Automative","og_description":"En la p\u00e1gina web de Stratio Automotive ofrecemos documentos de nuestros proyectos de investigaci\u00f3n, para que pueda as\u00ed conocer mejor nuestro trabajo.","og_url":"https:\/\/stratioautomotive.com\/es\/research-projects\/","og_site_name":"Stratio","article_modified_time":"2026-01-20T16:30:50+00:00","twitter_card":"summary_large_image","twitter_misc":{"Tiempo de lectura":"1 minuto"},"schema":{"@context":"https:\/\/schema.org","@graph":[{"@type":"WebPage","@id":"https:\/\/stratioautomotive.com\/es\/research-projects\/","url":"https:\/\/stratioautomotive.com\/es\/research-projects\/","name":"Proyectos de Investigaci\u00f3n - Stratio Automative","isPartOf":{"@id":"https:\/\/stratioautomotive.com\/#website"},"datePublished":"2020-12-16T09:07:06+00:00","dateModified":"2026-01-20T16:30:50+00:00","description":"En la p\u00e1gina web de Stratio Automotive ofrecemos documentos de nuestros proyectos de investigaci\u00f3n, para que pueda as\u00ed conocer mejor nuestro trabajo.","breadcrumb":{"@id":"https:\/\/stratioautomotive.com\/es\/research-projects\/#breadcrumb"},"inLanguage":"es","potentialAction":[{"@type":"ReadAction","target":["https:\/\/stratioautomotive.com\/es\/research-projects\/"]}]},{"@type":"BreadcrumbList","@id":"https:\/\/stratioautomotive.com\/es\/research-projects\/#breadcrumb","itemListElement":[{"@type":"ListItem","position":1,"name":"Home","item":"https:\/\/stratioautomotive.com\/"},{"@type":"ListItem","position":2,"name":"Proyectos de Investigaci\u00f3n"}]},{"@type":"WebSite","@id":"https:\/\/stratioautomotive.com\/#website","url":"https:\/\/stratioautomotive.com\/","name":"Stratio","description":"Driving a zero downtime future.","potentialAction":[{"@type":"SearchAction","target":{"@type":"EntryPoint","urlTemplate":"https:\/\/stratioautomotive.com\/?s={search_term_string}"},"query-input":{"@type":"PropertyValueSpecification","valueRequired":true,"valueName":"search_term_string"}}],"inLanguage":"es"}]}},"_links":{"self":[{"href":"https:\/\/stratioautomotive.com\/es\/wp-json\/wp\/v2\/pages\/4882","targetHints":{"allow":["GET"]}}],"collection":[{"href":"https:\/\/stratioautomotive.com\/es\/wp-json\/wp\/v2\/pages"}],"about":[{"href":"https:\/\/stratioautomotive.com\/es\/wp-json\/wp\/v2\/types\/page"}],"author":[{"embeddable":true,"href":"https:\/\/stratioautomotive.com\/es\/wp-json\/wp\/v2\/users\/2"}],"replies":[{"embeddable":true,"href":"https:\/\/stratioautomotive.com\/es\/wp-json\/wp\/v2\/comments?post=4882"}],"version-history":[{"count":29,"href":"https:\/\/stratioautomotive.com\/es\/wp-json\/wp\/v2\/pages\/4882\/revisions"}],"predecessor-version":[{"id":19187,"href":"https:\/\/stratioautomotive.com\/es\/wp-json\/wp\/v2\/pages\/4882\/revisions\/19187"}],"wp:attachment":[{"href":"https:\/\/stratioautomotive.com\/es\/wp-json\/wp\/v2\/media?parent=4882"}],"wp:term":[{"taxonomy":"category","embeddable":true,"href":"https:\/\/stratioautomotive.com\/es\/wp-json\/wp\/v2\/categories?post=4882"},{"taxonomy":"post_tag","embeddable":true,"href":"https:\/\/stratioautomotive.com\/es\/wp-json\/wp\/v2\/tags?post=4882"}],"curies":[{"name":"wp","href":"https:\/\/api.w.org\/{rel}","templated":true}]}}