{"id":4876,"date":"2020-12-15T19:30:09","date_gmt":"2020-12-15T19:30:09","guid":{"rendered":"https:\/\/wp.stratio.info\/terminos-y-condiciones-de-uso\/"},"modified":"2020-12-15T19:30:10","modified_gmt":"2020-12-15T19:30:10","slug":"terminos-y-condiciones-de-uso","status":"publish","type":"page","link":"https:\/\/stratioautomotive.com\/es\/terminos-y-condiciones-de-uso\/","title":{"rendered":"T\u00e9rminos y condiciones de uso"},"content":{"rendered":"<p>[et_pb_section fb_built=\u00bb1&#8243; _builder_version=\u00bb4.6.6&#8243; _module_preset=\u00bbdefault\u00bb][et_pb_row admin_label=\u00bbFeatured Project\u00bb _builder_version=\u00bb4.6.6&#8243; width=\u00bb70%\u00bb max_width=\u00bb860px\u00bb custom_padding=\u00bb60px|||||\u00bb][et_pb_column type=\u00bb4_4&#8243; _builder_version=\u00bb3.25&#8243; custom_padding=\u00bb|||\u00bb custom_padding__hover=\u00bb|||\u00bb][et_pb_text _builder_version=\u00bb4.6.6&#8243; _module_preset=\u00bbdefault\u00bb header_font=\u00bbPoppins|700|||||||\u00bb]<\/p>\n<h1>T\u00e9rminos de Servicio de Stratio<\/h1>\n<p><span>\u00daltima actualizaci\u00f3n: Septiembre, 2019<\/span><\/p>\n<p><span>Lea estos T\u00e9rminos de uso (\u00abT\u00e9rminos\u00bb, \u00abT\u00e9rminos de uso\u00bb) detenidamente antes de visitar www.stratioautomotive.com (el \u00abServicio\u00bb) operado por STRA, SA y sus afiliadas Stratio Automotive, Inc. y Stratio PTE LTD (\u00abnosotros\u00bb, \u00abnosotros\u00bb o \u00abnuestro\u00bb). <\/span><\/p>\n<p>[\/et_pb_text][et_pb_text disabled_on=\u00bboff|off|off\u00bb admin_label=\u00bbTitle\u00bb _builder_version=\u00bb4.6.6&#8243; text_font=\u00bbMontserrat||||||||\u00bb text_line_height=\u00bb1.8em\u00bb header_font=\u00bbPoppins|700|||||||\u00bb header_text_color=\u00bb#ff4438&#8243; header_font_size=\u00bb36px\u00bb header_2_font=\u00bbPoppins|600|||||||\u00bb header_2_text_color=\u00bb#ff4438&#8243; header_2_font_size=\u00bb30px\u00bb header_2_line_height=\u00bb1.5em\u00bb custom_margin=\u00bb||5px|\u00bb animation_direction=\u00bbtop\u00bb]<\/p>\n<h2><b>T\u00e9rminos de uso y servicio en los EEUU.<\/b><\/h2>\n<p>[\/et_pb_text][et_pb_divider show_divider=\u00bboff\u00bb _builder_version=\u00bb3.2&#8243; max_width=\u00bb23px\u00bb module_alignment=\u00bbleft\u00bb animation_style=\u00bbslide\u00bb animation_intensity_slide=\u00bb20%\u00bb animation_starting_opacity=\u00bb100%\u00bb locked=\u00bboff\u00bb][\/et_pb_divider][et_pb_text _builder_version=\u00bb4.6.6&#8243; text_font=\u00bb||||||||\u00bb text_line_height=\u00bb1.8em\u00bb header_font=\u00bb||||||||\u00bb max_width=\u00bb100%\u00bb custom_margin=\u00bb|||\u00bb animation_direction=\u00bbleft\u00bb]<\/p>\n<ol>\n<li><b> 1. T\u00c9RMINOS DE USO<\/b><\/li>\n<\/ol>\n<p><span style=\"font-weight: 400;\">Su acceso y uso del Servicio est\u00e1 condicionado a su aceptaci\u00f3n y cumplimiento de estos T\u00e9rminos. Al acceder o utilizar el Servicio, acepta estar sujeto a estos T\u00e9rminos. Al acceder o utilizar el Servicio, acepta estar sujeto a estos T\u00e9rminos. Si no est\u00e1 de acuerdo con alguna parte de los t\u00e9rminos, no se le permitir\u00e1 acceder al Servicio.<\/span><\/p>\n<p class=\"p1\"><b>1.1 Propiedad intelectual<\/b><\/p>\n<p><span style=\"font-weight: 400;\">El Servicio y su contenido, caracter\u00edsticas y funcionalidad originales son y seguir\u00e1n siendo propiedad exclusiva de Stratio Automotive, Inc. y sus licenciantes. El Servicio est\u00e1 protegido por derechos de autor, marcas comerciales y otras leyes de los Estados Unidos y pa\u00edses extranjeros. Nuestras marcas registradas y caracter\u00edsticas comerciales no se pueden utilizar en relaci\u00f3n con ning\u00fan producto o servicio sin el consentimiento previo por escrito de Stratio Automotive, Inc.<\/span><\/p>\n<p class=\"p1\"><b>1.2 Enlaces a otros sitios web<\/b><\/p>\n<p><span style=\"font-weight: 400;\">Nuestro Servicio puede contener enlaces a sitios web o servicios de terceros que no son propiedad o controlado por Stratio Automotive Inc. Stratio Automotive, Inc. no tiene control ni asume responsabilidad por el contenido, las pol\u00edticas de privacidad o las pr\u00e1cticas de sitios web o servicios de terceros. No garantizamos las ofertas de ninguna de estas entidades \/ personas o sus sitios web. Usted reconoce y acepta que Stratio Automotive, Inc. no ser\u00e1 responsable, directa o indirectamente, de ning\u00fan da\u00f1o o p\u00e9rdida causados, o supuestamente causados, por o relacionados con el uso o la dependencia de cualquier contenido, bienes o servicios disponibles en sitios web o servicios de la tercera. Se recomienda encarecidamente que lea los T\u00e9rminos y condiciones y las pol\u00edticas de privacidad de cualquier sitio web o servicio de terceros que visite.<\/span><\/p>\n<p class=\"p1\"><b>1.3 Terminaci\u00f3n<\/b><\/p>\n<p><span style=\"font-weight: 400;\">Podemos rescindir o suspender su acceso al Servicio de inmediato, sin previo aviso ni responsabilidad, a nuestro exclusivo criterio, por cualquier motivo y sin limitaci\u00f3n, incluido, entre otros, un incumplimiento de los T\u00e9rminos. Todas las disposiciones de los T\u00e9rminos que, por su naturaleza, se espera que sobrevivan a la terminaci\u00f3n, sobrevivir\u00e1n a la terminaci\u00f3n, incluidas, entre otras, las disposiciones de propiedad, las renuncias de garant\u00eda, la indemnizaci\u00f3n y las limitaciones de responsabilidad.<\/span><\/p>\n<p class=\"p1\"><b>1.4 Indemnizaci\u00f3n<\/b><\/p>\n<p><span style=\"font-weight: 400;\">Usted acepta defender, indemnizar y eximir a Stratio Automotive Inc. y sus licenciatarios y otorgantes de licencias, empleados, contratistas, agentes, ejecutivos y directores, de y contra todos y cada uno de los reclamos, da\u00f1os, obligaciones, p\u00e9rdidas, responsabilidades, costos o deudas. y gastos (incluidos, entre otros, honorarios legales) que resulten o surjan de a) el uso y acceso al Servicio, b) una violaci\u00f3n de estos T\u00e9rminos.<\/span><\/p>\n<p class=\"p1\"><b>1.5 Limitaci\u00f3n de responsabilidad<\/b><\/p>\n<p><span style=\"font-weight: 400;\">En ning\u00fan caso, Stratio Automotive, Inc., incluidos sus directores, empleados, socios, agentes, proveedores o afiliados, ser\u00e1 responsable de ning\u00fan da\u00f1o indirecto, incidental, especial, consecuente o punitivo, incluso sin limitaci\u00f3n, p\u00e9rdida de ganancias, datos, uso, beneficio u otras p\u00e9rdidas intangibles, que resulten de (i) acceso o uso o incapacidad para acceder o usar el Servicio; (ii) cualquier conducta o contenido de terceros en el Servicio; (iii) cualquier contenido obtenido del Servicio; y (iv) acceso no autorizado, uso o alteraci\u00f3n de sus transmisiones o contenido, con base en la garant\u00eda, contrato, agravio (incluida la negligencia) o cualquier otra teor\u00eda legal, independientemente de si se nos ha informado de la posibilidad de tales da\u00f1os e incluso si una soluci\u00f3n a la que se hace referencia en este documento falla en su objetivo esencial.<\/span><\/p>\n<p class=\"p1\"><b>1.6 Renuncia de responsabilidad<\/b><\/p>\n<p><span style=\"font-weight: 400;\">El uso del Servicio es bajo su propio riesgo. El Servicio se proporciona \u00abTAL CUAL\u00bb y \u00abSEG\u00daN EST\u00c9 DISPONIBLE\u00bb. El Servicio se proporciona sin garant\u00edas de ning\u00fan tipo, ya sean expresas o impl\u00edcitas, incluidas, entre otras, las garant\u00edas impl\u00edcitas de comerciabilidad, idoneidad para un prop\u00f3sito particular, no infracci\u00f3n o rendimiento. Stratio Automotive, Inc. y sus subsidiarias, afiliadas y licenciatarios no garantizan que: a) el Servicio operar\u00e1 de manera ininterrumpida, segura o que estar\u00e1 disponible en cualquier momento en todas las ubicaciones; b) se corregir\u00e1n los errores o defectos; c) el Servicio est\u00e1 libre de virus u otros elementos da\u00f1inos; o d) los resultados del uso del Servicio cumplir\u00e1n con sus requisitos.<\/span><\/p>\n<p class=\"p1\"><b>1.7 Exclusiones<\/b><\/p>\n<p><span style=\"font-weight: 400;\">Algunas jurisdicciones no permiten la exclusi\u00f3n de ciertas garant\u00edas, la exclusi\u00f3n o limitaci\u00f3n de responsabilidad por da\u00f1os consecuentes o incidentales, por lo que las limitaciones anteriores pueden no aplicarse a su situaci\u00f3n.<\/span><\/p>\n<p class=\"p1\"><b>1.8 Ley aplicable<\/b><\/p>\n<p><span style=\"font-weight: 400;\">Estos T\u00e9rminos se regir\u00e1n e interpretar\u00e1n de acuerdo con las leyes de California, Estados Unidos, sin tener en cuenta sus disposiciones sobre conflictos de leyes. Cualquier falla por nuestra parte para hacer cumplir cualquier derecho o disposici\u00f3n de estos T\u00e9rminos no se considerar\u00e1 una renuncia a esos derechos. Si un tribunal determina que alguna disposici\u00f3n de estos T\u00e9rminos no es v\u00e1lida o no se puede hacer cumplir, las disposiciones restantes de estos T\u00e9rminos permanecer\u00e1n en vigor. Estos T\u00e9rminos constituyen el acuerdo completo entre nosotros en relaci\u00f3n con nuestro Servicio, se superponen y reemplazan cualquier acuerdo previo que podamos haber celebrado entre nosotros en relaci\u00f3n con el Servicio.<\/span><\/p>\n<p class=\"p1\"><b>1.9 Cambios<\/b><\/p>\n<p><span style=\"font-weight: 400;\">Estos T\u00e9rminos se regir\u00e1n e interpretar\u00e1n de acuerdo con las leyes de California, Estados Unidos, sin tener en cuenta las disposiciones sobre conflictos de leyes. Cualquier falla por nuestra parte para hacer cumplir cualquier derecho o disposici\u00f3n de estos T\u00e9rminos no se considerar\u00e1 una renuncia a esos derechos. Si un tribunal determina que alguna disposici\u00f3n de estos T\u00e9rminos no es v\u00e1lida o no se puede hacer cumplir, las disposiciones restantes de estos T\u00e9rminos permanecer\u00e1n en vigor. Estos T\u00e9rminos constituyen el acuerdo completo entre nosotros en relaci\u00f3n con nuestro Servicio, se superponen y reemplazan cualquier acuerdo previo que podamos haber celebrado entre nosotros en relaci\u00f3n con el Servicio.<\/span><\/p>\n<p class=\"p1\"><b>Contactenos<\/b><\/p>\n<p><span style=\"font-weight: 400;\">Si tiene alguna pregunta sobre estos T\u00e9rminos, comun\u00edquese con nosotros.<\/span><\/p>\n<ol start=\"2\">\n<li><b> 2. PRESTACI\u00d3N DE SERVICIOS EN LOS ESTADOS UNIDOS DE AM\u00c9RICA<\/b><\/li>\n<\/ol>\n<p><span style=\"font-weight: 400;\">La prestaci\u00f3n de servicios a los Estados Unidos de Am\u00e9rica se limita a los servicios de gesti\u00f3n de mantenimiento y pruebas de veh\u00edculos.<\/span><\/p>\n<p>[\/et_pb_text][\/et_pb_column][\/et_pb_row][\/et_pb_section][et_pb_section fb_built=\u00bb1&#8243; _builder_version=\u00bb4.6.6&#8243; _module_preset=\u00bbdefault\u00bb custom_margin=\u00bb0px|0px|0px|0px|true|true\u00bb custom_padding=\u00bb0px|0px|0px|0px|true|true\u00bb saved_tabs=\u00bball\u00bb collapsed=\u00bbon\u00bb global_module=\u00bb4067&#8243;][et_pb_row _builder_version=\u00bb4.6.6&#8243; _module_preset=\u00bbdefault\u00bb custom_margin=\u00bb0px||0px|0px|true|false\u00bb custom_padding=\u00bb0px|0px|0px|0px|true|true\u00bb][et_pb_column type=\u00bb4_4&#8243; _builder_version=\u00bb4.6.6&#8243; _module_preset=\u00bbdefault\u00bb][et_pb_social_media_follow icon_color=\u00bb#ffffff\u00bb admin_label=\u00bbSocial Media Follow\u00bb _builder_version=\u00bb4.6.6&#8243; _module_preset=\u00bbdefault\u00bb][et_pb_social_media_follow_network social_network=\u00bblinkedin\u00bb url=\u00bbhttps:\/\/www.linkedin.com\/company\/stratioautomotive\/\u00bb _builder_version=\u00bb4.6.6&#8243; _module_preset=\u00bbdefault\u00bb background_color=\u00bb#ff4438&#8243; background_enable_color=\u00bbon\u00bb custom_margin=\u00bb||||false|false\u00bb custom_padding=\u00bb||||false|false\u00bb]linkedin[\/et_pb_social_media_follow_network][et_pb_social_media_follow_network social_network=\u00bbmyspace\u00bb url=\u00bbhttps:\/\/medium.com\/stratio\u00bb icon_color=\u00bbrgba(0,0,0,0)\u00bb use_icon_font_size=\u00bbon\u00bb _builder_version=\u00bb4.6.6&#8243; _module_preset=\u00bbdefault\u00bb background_color=\u00bb#ff4438&#8243; background_enable_color=\u00bbon\u00bb background_image=\u00bbhttps:\/\/stratioautomotive.com\/wp-content\/uploads\/2020\/11\/Background.png\u00bb background_enable_image=\u00bbon\u00bb background_size=\u00bbcontain\u00bb]myspace[\/et_pb_social_media_follow_network][\/et_pb_social_media_follow][\/et_pb_column][\/et_pb_row][\/et_pb_section]<\/p>\n","protected":false},"excerpt":{"rendered":"<p>T\u00e9rminos de Servicio de Stratio \u00daltima actualizaci\u00f3n: Septiembre, 2019 Lea estos T\u00e9rminos de uso (\u00abT\u00e9rminos\u00bb, \u00abT\u00e9rminos de uso\u00bb) detenidamente antes de visitar www.stratioautomotive.com (el \u00abServicio\u00bb) operado por STRA, SA y sus afiliadas Stratio Automotive, Inc. y Stratio PTE LTD (\u00abnosotros\u00bb, \u00abnosotros\u00bb o \u00abnuestro\u00bb). T\u00e9rminos de uso y servicio en los EEUU. 1. T\u00c9RMINOS DE USO [&hellip;]<\/p>\n","protected":false},"author":2,"featured_media":0,"parent":0,"menu_order":0,"comment_status":"closed","ping_status":"closed","template":"","meta":{"_et_pb_use_builder":"on","_et_pb_old_content":"","_et_gb_content_width":"","content-type":"","footnotes":""},"categories":[],"tags":[],"class_list":["post-4876","page","type-page","status-publish","hentry"],"yoast_head":"<!-- This site is optimized with the Yoast SEO plugin v26.1.1 - https:\/\/yoast.com\/wordpress\/plugins\/seo\/ -->\n<title>T\u00e9rminos y condiciones de uso - Stratio<\/title>\n<meta name=\"robots\" content=\"noindex, follow\" \/>\n<meta property=\"og:locale\" content=\"es_ES\" \/>\n<meta property=\"og:type\" content=\"article\" \/>\n<meta property=\"og:title\" content=\"T\u00e9rminos y condiciones de uso - Stratio\" \/>\n<meta property=\"og:description\" content=\"T\u00e9rminos de Servicio de Stratio \u00daltima actualizaci\u00f3n: Septiembre, 2019 Lea estos T\u00e9rminos de uso (&quot;T\u00e9rminos&quot;, &quot;T\u00e9rminos de uso&quot;) detenidamente antes de visitar www.stratioautomotive.com (el &quot;Servicio&quot;) operado por STRA, SA y sus afiliadas Stratio Automotive, Inc. y Stratio PTE LTD (&quot;nosotros&quot;, &quot;nosotros&quot; o &quot;nuestro&quot;). T\u00e9rminos de uso y servicio en los EEUU. 1. T\u00c9RMINOS DE USO [&hellip;]\" \/>\n<meta property=\"og:url\" content=\"https:\/\/stratioautomotive.com\/es\/terminos-y-condiciones-de-uso\/\" \/>\n<meta property=\"og:site_name\" content=\"Stratio\" \/>\n<meta property=\"article:modified_time\" content=\"2020-12-15T19:30:10+00:00\" \/>\n<meta name=\"twitter:card\" content=\"summary_large_image\" \/>\n<meta name=\"twitter:label1\" content=\"Tiempo de lectura\" \/>\n\t<meta name=\"twitter:data1\" content=\"7 minutos\" \/>\n<script type=\"application\/ld+json\" class=\"yoast-schema-graph\">{\"@context\":\"https:\/\/schema.org\",\"@graph\":[{\"@type\":\"WebPage\",\"@id\":\"https:\/\/stratioautomotive.com\/es\/terminos-y-condiciones-de-uso\/\",\"url\":\"https:\/\/stratioautomotive.com\/es\/terminos-y-condiciones-de-uso\/\",\"name\":\"T\u00e9rminos y condiciones de uso - Stratio\",\"isPartOf\":{\"@id\":\"https:\/\/stratioautomotive.com\/#website\"},\"datePublished\":\"2020-12-15T19:30:09+00:00\",\"dateModified\":\"2020-12-15T19:30:10+00:00\",\"breadcrumb\":{\"@id\":\"https:\/\/stratioautomotive.com\/es\/terminos-y-condiciones-de-uso\/#breadcrumb\"},\"inLanguage\":\"es\",\"potentialAction\":[{\"@type\":\"ReadAction\",\"target\":[\"https:\/\/stratioautomotive.com\/es\/terminos-y-condiciones-de-uso\/\"]}]},{\"@type\":\"BreadcrumbList\",\"@id\":\"https:\/\/stratioautomotive.com\/es\/terminos-y-condiciones-de-uso\/#breadcrumb\",\"itemListElement\":[{\"@type\":\"ListItem\",\"position\":1,\"name\":\"Home\",\"item\":\"https:\/\/stratioautomotive.com\/\"},{\"@type\":\"ListItem\",\"position\":2,\"name\":\"T\u00e9rminos y condiciones de uso\"}]},{\"@type\":\"WebSite\",\"@id\":\"https:\/\/stratioautomotive.com\/#website\",\"url\":\"https:\/\/stratioautomotive.com\/\",\"name\":\"Stratio\",\"description\":\"Driving a zero downtime future.\",\"potentialAction\":[{\"@type\":\"SearchAction\",\"target\":{\"@type\":\"EntryPoint\",\"urlTemplate\":\"https:\/\/stratioautomotive.com\/?s={search_term_string}\"},\"query-input\":{\"@type\":\"PropertyValueSpecification\",\"valueRequired\":true,\"valueName\":\"search_term_string\"}}],\"inLanguage\":\"es\"}]}<\/script>\n<!-- \/ Yoast SEO plugin. -->","yoast_head_json":{"title":"T\u00e9rminos y condiciones de uso - Stratio","robots":{"index":"noindex","follow":"follow"},"og_locale":"es_ES","og_type":"article","og_title":"T\u00e9rminos y condiciones de uso - Stratio","og_description":"T\u00e9rminos de Servicio de Stratio \u00daltima actualizaci\u00f3n: Septiembre, 2019 Lea estos T\u00e9rminos de uso (\"T\u00e9rminos\", \"T\u00e9rminos de uso\") detenidamente antes de visitar www.stratioautomotive.com (el \"Servicio\") operado por STRA, SA y sus afiliadas Stratio Automotive, Inc. y Stratio PTE LTD (\"nosotros\", \"nosotros\" o \"nuestro\"). T\u00e9rminos de uso y servicio en los EEUU. 1. T\u00c9RMINOS DE USO [&hellip;]","og_url":"https:\/\/stratioautomotive.com\/es\/terminos-y-condiciones-de-uso\/","og_site_name":"Stratio","article_modified_time":"2020-12-15T19:30:10+00:00","twitter_card":"summary_large_image","twitter_misc":{"Tiempo de lectura":"7 minutos"},"schema":{"@context":"https:\/\/schema.org","@graph":[{"@type":"WebPage","@id":"https:\/\/stratioautomotive.com\/es\/terminos-y-condiciones-de-uso\/","url":"https:\/\/stratioautomotive.com\/es\/terminos-y-condiciones-de-uso\/","name":"T\u00e9rminos y condiciones de uso - Stratio","isPartOf":{"@id":"https:\/\/stratioautomotive.com\/#website"},"datePublished":"2020-12-15T19:30:09+00:00","dateModified":"2020-12-15T19:30:10+00:00","breadcrumb":{"@id":"https:\/\/stratioautomotive.com\/es\/terminos-y-condiciones-de-uso\/#breadcrumb"},"inLanguage":"es","potentialAction":[{"@type":"ReadAction","target":["https:\/\/stratioautomotive.com\/es\/terminos-y-condiciones-de-uso\/"]}]},{"@type":"BreadcrumbList","@id":"https:\/\/stratioautomotive.com\/es\/terminos-y-condiciones-de-uso\/#breadcrumb","itemListElement":[{"@type":"ListItem","position":1,"name":"Home","item":"https:\/\/stratioautomotive.com\/"},{"@type":"ListItem","position":2,"name":"T\u00e9rminos y condiciones de uso"}]},{"@type":"WebSite","@id":"https:\/\/stratioautomotive.com\/#website","url":"https:\/\/stratioautomotive.com\/","name":"Stratio","description":"Driving a zero downtime future.","potentialAction":[{"@type":"SearchAction","target":{"@type":"EntryPoint","urlTemplate":"https:\/\/stratioautomotive.com\/?s={search_term_string}"},"query-input":{"@type":"PropertyValueSpecification","valueRequired":true,"valueName":"search_term_string"}}],"inLanguage":"es"}]}},"_links":{"self":[{"href":"https:\/\/stratioautomotive.com\/es\/wp-json\/wp\/v2\/pages\/4876","targetHints":{"allow":["GET"]}}],"collection":[{"href":"https:\/\/stratioautomotive.com\/es\/wp-json\/wp\/v2\/pages"}],"about":[{"href":"https:\/\/stratioautomotive.com\/es\/wp-json\/wp\/v2\/types\/page"}],"author":[{"embeddable":true,"href":"https:\/\/stratioautomotive.com\/es\/wp-json\/wp\/v2\/users\/2"}],"replies":[{"embeddable":true,"href":"https:\/\/stratioautomotive.com\/es\/wp-json\/wp\/v2\/comments?post=4876"}],"version-history":[{"count":2,"href":"https:\/\/stratioautomotive.com\/es\/wp-json\/wp\/v2\/pages\/4876\/revisions"}],"predecessor-version":[{"id":4878,"href":"https:\/\/stratioautomotive.com\/es\/wp-json\/wp\/v2\/pages\/4876\/revisions\/4878"}],"wp:attachment":[{"href":"https:\/\/stratioautomotive.com\/es\/wp-json\/wp\/v2\/media?parent=4876"}],"wp:term":[{"taxonomy":"category","embeddable":true,"href":"https:\/\/stratioautomotive.com\/es\/wp-json\/wp\/v2\/categories?post=4876"},{"taxonomy":"post_tag","embeddable":true,"href":"https:\/\/stratioautomotive.com\/es\/wp-json\/wp\/v2\/tags?post=4876"}],"curies":[{"name":"wp","href":"https:\/\/api.w.org\/{rel}","templated":true}]}}