{"id":4870,"date":"2020-12-15T18:43:19","date_gmt":"2020-12-15T18:43:19","guid":{"rendered":"https:\/\/wp.stratio.info\/solicitar-demo\/"},"modified":"2023-01-13T10:37:40","modified_gmt":"2023-01-13T10:37:40","slug":"solicitar-demo","status":"publish","type":"page","link":"https:\/\/stratioautomotive.com\/es\/solicitar-demo\/","title":{"rendered":"Solicitar demo"},"content":{"rendered":"<p>[et_pb_section fb_built=\u00bb1&#8243; _builder_version=\u00bb4.6.6&#8243; _module_preset=\u00bbdefault\u00bb background_color=\u00bb#f7f7f7&#8243; height=\u00bb570px\u00bb global_colors_info=\u00bb{}\u00bb][et_pb_row column_structure=\u00bb1_2,1_2&#8243; admin_label=\u00bbFeatured Project\u00bb _builder_version=\u00bb4.6.6&#8243; custom_padding=\u00bb60px|||||\u00bb global_colors_info=\u00bb{}\u00bb][et_pb_column type=\u00bb1_2&#8243; _builder_version=\u00bb3.25&#8243; custom_padding=\u00bb|||\u00bb global_colors_info=\u00bb{}\u00bb custom_padding__hover=\u00bb|||\u00bb][et_pb_text disabled_on=\u00bboff|off|off\u00bb admin_label=\u00bbTitle\u00bb _builder_version=\u00bb4.6.6&#8243; text_font=\u00bbMontserrat||||||||\u00bb text_line_height=\u00bb1.8em\u00bb header_font=\u00bbPoppins|700|||||||\u00bb header_text_color=\u00bb#ff4438&#8243; header_font_size=\u00bb36px\u00bb header_2_font=\u00bbPoppins|600|||||||\u00bb header_2_text_color=\u00bb#ff4438&#8243; header_2_font_size=\u00bb30px\u00bb header_2_line_height=\u00bb1.5em\u00bb custom_margin=\u00bb||5px|\u00bb animation_direction=\u00bbtop\u00bb global_colors_info=\u00bb{}\u00bb]<\/p>\n<h1><b>Solicitar Demo<\/b><\/h1>\n<p>[\/et_pb_text][et_pb_text _builder_version=\u00bb4.14.7&#8243; text_font=\u00bb||||||||\u00bb text_line_height=\u00bb1.8em\u00bb custom_margin=\u00bb|||\u00bb custom_padding=\u00bb||10px|\u00bb animation_direction=\u00bbright\u00bb hover_enabled=\u00bb0&#8243; global_colors_info=\u00bb{}\u00bb sticky_enabled=\u00bb0&#8243;]<\/p>\n<p><strong><\/strong><\/p>\n<p><strong>Tiene curiosidad por saber c\u00f3mo Stratio puede ayudar a su empresa?<br \/><\/strong><\/p>\n<p>Programe una llamada de 15 minutos para averiguar como <strong>Ford Trucks, Arriva<\/strong>\u00a0y muchas m\u00e1s empresas usan Stratio, la <strong>Plataforma de Mantenimiento Predictivo para Flotas<\/strong><span style=\"font-weight: 400;\">, para reducir costos y aumentar de productividad.\u00a0<\/span><\/p>\n<p>[\/et_pb_text][\/et_pb_column][et_pb_column type=\u00bb1_2&#8243; _builder_version=\u00bb4.6.6&#8243; background_color=\u00bb#ffffff\u00bb custom_padding=\u00bb40px|40px|40px|40px|true|true\u00bb global_colors_info=\u00bb{}\u00bb custom_padding__hover=\u00bb|||\u00bb][et_pb_text _builder_version=\u00bb4.6.6&#8243; _module_preset=\u00bbdefault\u00bb text_font=\u00bbOpen Sans||||||||\u00bb global_colors_info=\u00bb{}\u00bb]<\/p>\n<p><strong>Durante la llamada, nos centraremos en:<\/strong><\/p>\n<p><span style=\"font-weight: 400\"><\/span><\/p>\n<ul>\n<li style=\"font-weight: 400\"><span style=\"font-weight: 400\"><span style=\"font-weight: 400\">Brindarle una descripci\u00f3n general de la plataforma Stratio a trav\u00e9s de una presentaci\u00f3n de un especialista de Stratio.<\/span><\/span>\n<p>&nbsp;<\/p>\n<\/li>\n<li style=\"font-weight: 400\"><span style=\"font-weight: 400\"><span style=\"font-weight: 400\">Presentaci\u00f3n de una demostraci\u00f3n con datos reales del veh\u00edculo para mostrarle c\u00f3mo nuestros productos pueden ayudar a su negocio.<\/span><\/span>\n<p>&nbsp;<\/p>\n<\/li>\n<li style=\"font-weight: 400\"><span style=\"font-weight: 400\">Sepa cu\u00e1les son sus mayores problemas para que podamos ayudarle de manera m\u00e1s eficaz.<\/span><\/li>\n<\/ul>\n<p>[\/et_pb_text][\/et_pb_column][\/et_pb_row][\/et_pb_section][et_pb_section fb_built=\u00bb1&#8243; _builder_version=\u00bb4.7.7&#8243; _module_preset=\u00bbdefault\u00bb min_height=\u00bb343px\u00bb custom_padding=\u00bb30px||29px|||\u00bb saved_tabs=\u00bball\u00bb locked=\u00bboff\u00bb global_colors_info=\u00bb{}\u00bb][et_pb_row column_structure=\u00bb1_2,1_2&#8243; use_custom_gutter=\u00bbon\u00bb gutter_width=\u00bb1&#8243; _builder_version=\u00bb4.7.7&#8243; _module_preset=\u00bbdefault\u00bb custom_padding=\u00bb16px|||||\u00bb global_colors_info=\u00bb{}\u00bb][et_pb_column type=\u00bb1_2&#8243; _builder_version=\u00bb4.7.7&#8243; _module_preset=\u00bbdefault\u00bb background_enable_color=\u00bboff\u00bb global_colors_info=\u00bb{}\u00bb][et_pb_testimonial author=\u00bbBruno Oliveira\u00bb job_title=\u00bbCEO &#8211; One Shop | Ford Trucks Portugal\u00bb portrait_url=\u00bbhttps:\/\/stratioautomotive.com\/wp-content\/uploads\/2021\/01\/image.jpeg\u00bb quote_icon=\u00bboff\u00bb portrait_width=\u00bb110px\u00bb portrait_height=\u00bb110px\u00bb _builder_version=\u00bb4.7.7&#8243; _module_preset=\u00bbdefault\u00bb body_line_height=\u00bb1.4em\u00bb author_font=\u00bbPoppins|700|||||||\u00bb author_text_color=\u00bb#474747&#8243; author_font_size=\u00bb20px\u00bb position_font=\u00bbPoppins||||||||\u00bb position_text_color=\u00bb#383838&#8243; position_font_size=\u00bb18px\u00bb company_font=\u00bbPoppins||||||||\u00bb company_text_color=\u00bb#383838&#8243; company_font_size=\u00bb18px\u00bb use_background_color=\u00bboff\u00bb body_text_align_tablet=\u00bb\u00bb body_text_align_phone=\u00bbcenter\u00bb body_text_align_last_edited=\u00bbon|phone\u00bb global_colors_info=\u00bb{}\u00bb][\/et_pb_testimonial][\/et_pb_column][et_pb_column type=\u00bb1_2&#8243; _builder_version=\u00bb4.7.7&#8243; _module_preset=\u00bbdefault\u00bb global_colors_info=\u00bb{}\u00bb][et_pb_image src=\u00bbhttps:\/\/stratioautomotive.com\/wp-content\/uploads\/2020\/12\/FORD-TRUCKS-1.png\u00bb title_text=\u00bbFORD TRUCKS\u00bb show_bottom_space=\u00bboff\u00bb align_tablet=\u00bb\u00bb align_phone=\u00bbcenter\u00bb align_last_edited=\u00bbon|phone\u00bb _builder_version=\u00bb4.7.7&#8243; _module_preset=\u00bbdefault\u00bb max_width=\u00bb130px\u00bb module_alignment=\u00bbleft\u00bb custom_margin=\u00bb5%||||false|false\u00bb module_alignment_tablet=\u00bb\u00bb module_alignment_phone=\u00bbcenter\u00bb module_alignment_last_edited=\u00bbon|phone\u00bb global_colors_info=\u00bb{}\u00bb][\/et_pb_image][\/et_pb_column][\/et_pb_row][et_pb_row use_custom_gutter=\u00bbon\u00bb gutter_width=\u00bb1&#8243; _builder_version=\u00bb4.7.7&#8243; _module_preset=\u00bbdefault\u00bb global_colors_info=\u00bb{}\u00bb][et_pb_column type=\u00bb4_4&#8243; _builder_version=\u00bb4.7.7&#8243; _module_preset=\u00bbdefault\u00bb background_enable_color=\u00bboff\u00bb global_colors_info=\u00bb{}\u00bb][et_pb_text _builder_version=\u00bb4.7.7&#8243; _module_preset=\u00bbdefault\u00bb text_font=\u00bbOpen Sans||on||||||\u00bb text_text_color=\u00bb#8f8f8f\u00bb custom_margin=\u00bb0px||10px||false|false\u00bb global_colors_info=\u00bb{}\u00bb]<\/p>\n<p><em>\u00abEl producto de Stratio es la \u00fanica soluci\u00f3n del mercado que permite la automatizaci\u00f3n de los procesos de mantenimiento y la gesti\u00f3n remota de las operaciones en una \u00fanica plataforma de forma simult\u00e1nea, y esto tiene un gran impacto en la vida diaria de nuestros clientes.\u00bb<\/em><\/p>\n<p>[\/et_pb_text][\/et_pb_column][\/et_pb_row][\/et_pb_section][et_pb_section fb_built=\u00bb1&#8243; _builder_version=\u00bb4.7.7&#8243; _module_preset=\u00bbdefault\u00bb min_height=\u00bb323px\u00bb custom_padding=\u00bb30px||29px|||\u00bb hover_enabled=\u00bb0&#8243; saved_tabs=\u00bball\u00bb locked=\u00bboff\u00bb global_colors_info=\u00bb{}\u00bb sticky_enabled=\u00bb0&#8243;][et_pb_row column_structure=\u00bb1_2,1_2&#8243; use_custom_gutter=\u00bbon\u00bb gutter_width=\u00bb1&#8243; _builder_version=\u00bb4.7.7&#8243; _module_preset=\u00bbdefault\u00bb custom_padding=\u00bb16px|||||\u00bb hover_enabled=\u00bb0&#8243; global_colors_info=\u00bb{}\u00bb sticky_enabled=\u00bb0&#8243;][et_pb_column type=\u00bb1_2&#8243; _builder_version=\u00bb4.7.7&#8243; _module_preset=\u00bbdefault\u00bb background_enable_color=\u00bboff\u00bb global_colors_info=\u00bb{}\u00bb][et_pb_testimonial author=\u00bbRadovan \u0158edina\u00bb job_title=\u00bbProject Manager | Arriva Czech Republic\u00bb portrait_url=\u00bbhttps:\/\/stratioautomotive.com\/wp-content\/uploads\/2021\/01\/REDINA.png\u00bb quote_icon=\u00bboff\u00bb portrait_width=\u00bb95px\u00bb portrait_height=\u00bb95px\u00bb _builder_version=\u00bb4.7.7&#8243; _module_preset=\u00bbdefault\u00bb body_line_height=\u00bb1.4em\u00bb author_font=\u00bbPoppins|700|||||||\u00bb author_text_color=\u00bb#474747&#8243; author_font_size=\u00bb20px\u00bb position_font=\u00bbPoppins||||||||\u00bb position_text_color=\u00bb#383838&#8243; position_font_size=\u00bb18px\u00bb company_font=\u00bbPoppins||||||||\u00bb company_text_color=\u00bb#383838&#8243; company_font_size=\u00bb18px\u00bb use_background_color=\u00bboff\u00bb body_text_align_tablet=\u00bb\u00bb body_text_align_phone=\u00bbcenter\u00bb body_text_align_last_edited=\u00bbon|phone\u00bb global_colors_info=\u00bb{}\u00bb][\/et_pb_testimonial][\/et_pb_column][et_pb_column type=\u00bb1_2&#8243; _builder_version=\u00bb4.7.7&#8243; _module_preset=\u00bbdefault\u00bb global_colors_info=\u00bb{}\u00bb][et_pb_image src=\u00bbhttps:\/\/stratioautomotive.com\/wp-content\/uploads\/2020\/12\/ARRIVA-Copy.png\u00bb title_text=\u00bbARRIVA &#8211; Copy\u00bb show_bottom_space=\u00bboff\u00bb align_tablet=\u00bb\u00bb align_phone=\u00bbcenter\u00bb align_last_edited=\u00bbon|phone\u00bb _builder_version=\u00bb4.7.7&#8243; _module_preset=\u00bbdefault\u00bb max_width=\u00bb150px\u00bb module_alignment=\u00bbleft\u00bb custom_margin=\u00bb5%||||false|false\u00bb module_alignment_tablet=\u00bb\u00bb module_alignment_phone=\u00bbcenter\u00bb module_alignment_last_edited=\u00bbon|phone\u00bb global_colors_info=\u00bb{}\u00bb][\/et_pb_image][\/et_pb_column][\/et_pb_row][et_pb_row use_custom_gutter=\u00bbon\u00bb gutter_width=\u00bb1&#8243; _builder_version=\u00bb4.7.7&#8243; _module_preset=\u00bbdefault\u00bb hover_enabled=\u00bb0&#8243; global_colors_info=\u00bb{}\u00bb sticky_enabled=\u00bb0&#8243;][et_pb_column type=\u00bb4_4&#8243; _builder_version=\u00bb4.7.7&#8243; _module_preset=\u00bbdefault\u00bb background_enable_color=\u00bboff\u00bb global_colors_info=\u00bb{}\u00bb][et_pb_text _builder_version=\u00bb4.9.6&#8243; _module_preset=\u00bbdefault\u00bb text_font=\u00bbOpen Sans||on||||||\u00bb text_text_color=\u00bb#8f8f8f\u00bb custom_margin=\u00bb0px||10px||false|false\u00bb locked=\u00bboff\u00bb global_colors_info=\u00bb{}\u00bb]<\/p>\n<p><em>\u00abCon la Plataforma Stratio podemos descubrir una posible falla antes de que ocurra, planificar nuestro mantenimiento y utilizar nustra flota de manera m\u00e1s efectiva.\u00bb<\/em><\/p>\n<p>[\/et_pb_text][\/et_pb_column][\/et_pb_row][\/et_pb_section][et_pb_section fb_built=\u00bb1&#8243; admin_label=\u00bbFeature 01&#8243; _builder_version=\u00bb4.6.6&#8243; min_height=\u00bb100px\u00bb height=\u00bb100px\u00bb custom_padding=\u00bb45px||90px|||\u00bb bottom_divider_height=\u00bb60px\u00bb bottom_divider_flip=\u00bbhorizontal\u00bb global_colors_info=\u00bb{}\u00bb][et_pb_row module_class=\u00bb et_pb_row_fullwidth\u00bb _builder_version=\u00bb4.6.5&#8243; width=\u00bb100%\u00bb width_tablet=\u00bb80%\u00bb width_phone=\u00bb\u00bb width_last_edited=\u00bbon|desktop\u00bb max_width=\u00bb1136px\u00bb max_width_tablet=\u00bb80%\u00bb max_width_phone=\u00bb\u00bb max_width_last_edited=\u00bbon|desktop\u00bb custom_margin=\u00bb|||\u00bb make_fullwidth=\u00bbon\u00bb custom_width_px=\u00bb1600px\u00bb global_colors_info=\u00bb{}\u00bb][et_pb_column type=\u00bb4_4&#8243; _builder_version=\u00bb3.25&#8243; custom_padding=\u00bb|||\u00bb global_colors_info=\u00bb{}\u00bb custom_padding__hover=\u00bb|||\u00bb][et_pb_code admin_label=\u00bbCode\u00bb _builder_version=\u00bb4.9.0&#8243; _module_preset=\u00bbdefault\u00bb custom_margin=\u00bb||20px|||\u00bb global_colors_info=\u00bb{}\u00bb]<!--[if lte IE 8]><!-- [et_pb_line_break_holder] --><script charset=\"utf-8\" type=\"text\/javascript\" src=\"\/\/js.hsforms.net\/forms\/v2-legacy.js\"><\/script><!-- [et_pb_line_break_holder] --><![endif]--><!-- [et_pb_line_break_holder] --><script charset=\"utf-8\" type=\"text\/javascript\" src=\"\/\/js.hsforms.net\/forms\/v2.js\"><\/script><!-- [et_pb_line_break_holder] --><script><!-- [et_pb_line_break_holder] -->  hbspt.forms.create({<!-- [et_pb_line_break_holder] -->\tportalId: \"8060790\",<!-- [et_pb_line_break_holder] -->\tformId: \"9bd81194-c9cf-4ff6-9e07-1018b2cb8fd3\"<!-- [et_pb_line_break_holder] -->});<!-- [et_pb_line_break_holder] --><\/script>[\/et_pb_code][\/et_pb_column][\/et_pb_row][\/et_pb_section][et_pb_section fb_built=\u00bb1&#8243; _builder_version=\u00bb4.6.6&#8243; _module_preset=\u00bbdefault\u00bb background_color=\u00bb#ffffff\u00bb min_height=\u00bb637px\u00bb custom_margin=\u00bb-51px|||||\u00bb global_colors_info=\u00bb{}\u00bb][et_pb_row _builder_version=\u00bb4.6.6&#8243; _module_preset=\u00bbdefault\u00bb global_colors_info=\u00bb{}\u00bb][et_pb_column type=\u00bb4_4&#8243; _builder_version=\u00bb4.6.6&#8243; _module_preset=\u00bbdefault\u00bb global_colors_info=\u00bb{}\u00bb][et_pb_text admin_label=\u00bbTitle\u00bb _builder_version=\u00bb4.6.6&#8243; text_font=\u00bbOpen Sans||||||||\u00bb header_font=\u00bbPoppins||||||||\u00bb header_2_font=\u00bbPoppins|700|||||||\u00bb header_2_text_align=\u00bbcenter\u00bb header_2_font_size=\u00bb30px\u00bb header_2_line_height=\u00bb1.5em\u00bb custom_margin=\u00bb||5px|\u00bb custom_padding=\u00bb||0px|||\u00bb animation_direction=\u00bbtop\u00bb global_colors_info=\u00bb{}\u00bb]<\/p>\n<h2>Nuestros clientes hablan por nosotros<\/h2>\n<p>[\/et_pb_text][et_pb_image src=\u00bbhttps:\/\/stratioautomotive.com\/wp-content\/uploads\/2021\/11\/logos_about-1.png\u00bb alt=\u00bbLogotipos de los clientes de Stratio\u00bb title_text=\u00bblogotipos-clientes-stratio\u00bb _builder_version=\u00bb4.14.7&#8243; _module_preset=\u00bbdefault\u00bb custom_margin=\u00bb28px|||||\u00bb hover_enabled=\u00bb0&#8243; global_colors_info=\u00bb{}\u00bb sticky_enabled=\u00bb0&#8243;][\/et_pb_image][\/et_pb_column][\/et_pb_row][\/et_pb_section][et_pb_section fb_built=\u00bb1&#8243; _builder_version=\u00bb4.6.6&#8243; _module_preset=\u00bbdefault\u00bb custom_margin=\u00bb0px|0px|0px|0px|true|true\u00bb custom_padding=\u00bb0px|0px|0px|0px|true|true\u00bb saved_tabs=\u00bball\u00bb collapsed=\u00bbon\u00bb global_colors_info=\u00bb{}\u00bb][et_pb_row _builder_version=\u00bb4.6.6&#8243; _module_preset=\u00bbdefault\u00bb custom_margin=\u00bb0px||0px|0px|true|false\u00bb custom_padding=\u00bb0px|0px|0px|0px|true|true\u00bb global_colors_info=\u00bb{}\u00bb][et_pb_column type=\u00bb4_4&#8243; _builder_version=\u00bb4.6.6&#8243; _module_preset=\u00bbdefault\u00bb global_colors_info=\u00bb{}\u00bb][et_pb_social_media_follow icon_color=\u00bb#ffffff\u00bb admin_label=\u00bbSocial Media Follow\u00bb _builder_version=\u00bb4.6.6&#8243; _module_preset=\u00bbdefault\u00bb background_enable_color=\u00bboff\u00bb global_colors_info=\u00bb{}\u00bb][et_pb_social_media_follow_network social_network=\u00bblinkedin\u00bb url=\u00bbhttps:\/\/www.linkedin.com\/company\/stratioautomotive\/\u00bb _builder_version=\u00bb4.6.6&#8243; _module_preset=\u00bbdefault\u00bb background_color=\u00bb#333333&#8243; background_enable_color=\u00bbon\u00bb custom_margin=\u00bb||||false|false\u00bb custom_padding=\u00bb||||false|false\u00bb global_colors_info=\u00bb{}\u00bb follow_button=\u00bboff\u00bb url_new_window=\u00bbon\u00bb]linkedin[\/et_pb_social_media_follow_network][et_pb_social_media_follow_network social_network=\u00bbmyspace\u00bb url=\u00bbhttps:\/\/medium.com\/stratio\u00bb icon_color=\u00bbrgba(0,0,0,0)\u00bb use_icon_font_size=\u00bbon\u00bb _builder_version=\u00bb4.6.6&#8243; _module_preset=\u00bbdefault\u00bb background_color=\u00bb#333333&#8243; background_enable_color=\u00bbon\u00bb background_image=\u00bbhttps:\/\/stratioautomotive.com\/wp-content\/uploads\/2020\/11\/Background.png\u00bb background_enable_image=\u00bbon\u00bb background_size=\u00bbcontain\u00bb global_colors_info=\u00bb{}\u00bb follow_button=\u00bboff\u00bb url_new_window=\u00bbon\u00bb]myspace[\/et_pb_social_media_follow_network][\/et_pb_social_media_follow][\/et_pb_column][\/et_pb_row][\/et_pb_section]<\/p>\n","protected":false},"excerpt":{"rendered":"<p>Solicitar Demo Tiene curiosidad por saber c\u00f3mo Stratio puede ayudar a su empresa? Programe una llamada de 15 minutos para averiguar como Ford Trucks, Arriva\u00a0y muchas m\u00e1s empresas usan Stratio, la Plataforma de Mantenimiento Predictivo para Flotas, para reducir costos y aumentar de productividad.\u00a0Durante la llamada, nos centraremos en: Brindarle una descripci\u00f3n general de la [&hellip;]<\/p>\n","protected":false},"author":2,"featured_media":0,"parent":0,"menu_order":0,"comment_status":"closed","ping_status":"closed","template":"","meta":{"_et_pb_use_builder":"on","_et_pb_old_content":"","_et_gb_content_width":"","content-type":"","footnotes":""},"categories":[],"tags":[],"class_list":["post-4870","page","type-page","status-publish","hentry"],"yoast_head":"<!-- This site is optimized with the Yoast SEO plugin v26.1.1 - https:\/\/yoast.com\/wordpress\/plugins\/seo\/ -->\n<title>Solicitar Demo - Mantenimiento Predictivo para Flotas - Stratio<\/title>\n<meta name=\"description\" content=\"\u00bfQuiere saber c\u00f3mo Stratio puede ayudar a su empresa? Cont\u00e1ctenos y solicite una demostraci\u00f3n y conozca todo sobre el mantenimiento predictivo para flotas.\" \/>\n<meta name=\"robots\" content=\"index, follow, max-snippet:-1, max-image-preview:large, max-video-preview:-1\" \/>\n<link rel=\"canonical\" href=\"https:\/\/stratioautomotive.com\/request-demo\/\" \/>\n<meta property=\"og:locale\" content=\"es_ES\" \/>\n<meta property=\"og:type\" content=\"article\" \/>\n<meta property=\"og:title\" content=\"Solicitar Demo - Mantenimiento Predictivo para Flotas - Stratio\" \/>\n<meta property=\"og:description\" content=\"\u00bfQuiere saber c\u00f3mo Stratio puede ayudar a su empresa? Cont\u00e1ctenos y solicite una demostraci\u00f3n y conozca todo sobre el mantenimiento predictivo para flotas.\" \/>\n<meta property=\"og:url\" content=\"https:\/\/stratioautomotive.com\/request-demo\/\" \/>\n<meta property=\"og:site_name\" content=\"Stratio\" \/>\n<meta property=\"article:modified_time\" content=\"2023-01-13T10:37:40+00:00\" \/>\n<meta name=\"twitter:card\" content=\"summary_large_image\" \/>\n<meta name=\"twitter:label1\" content=\"Tiempo de lectura\" \/>\n\t<meta name=\"twitter:data1\" content=\"3 minutos\" \/>\n<script type=\"application\/ld+json\" class=\"yoast-schema-graph\">{\"@context\":\"https:\/\/schema.org\",\"@graph\":[{\"@type\":\"WebPage\",\"@id\":\"https:\/\/stratioautomotive.com\/request-demo\/\",\"url\":\"https:\/\/stratioautomotive.com\/request-demo\/\",\"name\":\"Solicitar Demo - Mantenimiento Predictivo para Flotas - Stratio\",\"isPartOf\":{\"@id\":\"https:\/\/stratioautomotive.com\/#website\"},\"datePublished\":\"2020-12-15T18:43:19+00:00\",\"dateModified\":\"2023-01-13T10:37:40+00:00\",\"description\":\"\u00bfQuiere saber c\u00f3mo Stratio puede ayudar a su empresa? Cont\u00e1ctenos y solicite una demostraci\u00f3n y conozca todo sobre el mantenimiento predictivo para flotas.\",\"breadcrumb\":{\"@id\":\"https:\/\/stratioautomotive.com\/request-demo\/#breadcrumb\"},\"inLanguage\":\"es\",\"potentialAction\":[{\"@type\":\"ReadAction\",\"target\":[\"https:\/\/stratioautomotive.com\/request-demo\/\"]}]},{\"@type\":\"BreadcrumbList\",\"@id\":\"https:\/\/stratioautomotive.com\/request-demo\/#breadcrumb\",\"itemListElement\":[{\"@type\":\"ListItem\",\"position\":1,\"name\":\"Home\",\"item\":\"https:\/\/stratioautomotive.com\/\"},{\"@type\":\"ListItem\",\"position\":2,\"name\":\"Solicitar demo\"}]},{\"@type\":\"WebSite\",\"@id\":\"https:\/\/stratioautomotive.com\/#website\",\"url\":\"https:\/\/stratioautomotive.com\/\",\"name\":\"Stratio\",\"description\":\"Driving a zero downtime future.\",\"potentialAction\":[{\"@type\":\"SearchAction\",\"target\":{\"@type\":\"EntryPoint\",\"urlTemplate\":\"https:\/\/stratioautomotive.com\/?s={search_term_string}\"},\"query-input\":{\"@type\":\"PropertyValueSpecification\",\"valueRequired\":true,\"valueName\":\"search_term_string\"}}],\"inLanguage\":\"es\"}]}<\/script>\n<!-- \/ Yoast SEO plugin. -->","yoast_head_json":{"title":"Solicitar Demo - Mantenimiento Predictivo para Flotas - Stratio","description":"\u00bfQuiere saber c\u00f3mo Stratio puede ayudar a su empresa? Cont\u00e1ctenos y solicite una demostraci\u00f3n y conozca todo sobre el mantenimiento predictivo para flotas.","robots":{"index":"index","follow":"follow","max-snippet":"max-snippet:-1","max-image-preview":"max-image-preview:large","max-video-preview":"max-video-preview:-1"},"canonical":"https:\/\/stratioautomotive.com\/request-demo\/","og_locale":"es_ES","og_type":"article","og_title":"Solicitar Demo - Mantenimiento Predictivo para Flotas - Stratio","og_description":"\u00bfQuiere saber c\u00f3mo Stratio puede ayudar a su empresa? Cont\u00e1ctenos y solicite una demostraci\u00f3n y conozca todo sobre el mantenimiento predictivo para flotas.","og_url":"https:\/\/stratioautomotive.com\/request-demo\/","og_site_name":"Stratio","article_modified_time":"2023-01-13T10:37:40+00:00","twitter_card":"summary_large_image","twitter_misc":{"Tiempo de lectura":"3 minutos"},"schema":{"@context":"https:\/\/schema.org","@graph":[{"@type":"WebPage","@id":"https:\/\/stratioautomotive.com\/request-demo\/","url":"https:\/\/stratioautomotive.com\/request-demo\/","name":"Solicitar Demo - Mantenimiento Predictivo para Flotas - Stratio","isPartOf":{"@id":"https:\/\/stratioautomotive.com\/#website"},"datePublished":"2020-12-15T18:43:19+00:00","dateModified":"2023-01-13T10:37:40+00:00","description":"\u00bfQuiere saber c\u00f3mo Stratio puede ayudar a su empresa? Cont\u00e1ctenos y solicite una demostraci\u00f3n y conozca todo sobre el mantenimiento predictivo para flotas.","breadcrumb":{"@id":"https:\/\/stratioautomotive.com\/request-demo\/#breadcrumb"},"inLanguage":"es","potentialAction":[{"@type":"ReadAction","target":["https:\/\/stratioautomotive.com\/request-demo\/"]}]},{"@type":"BreadcrumbList","@id":"https:\/\/stratioautomotive.com\/request-demo\/#breadcrumb","itemListElement":[{"@type":"ListItem","position":1,"name":"Home","item":"https:\/\/stratioautomotive.com\/"},{"@type":"ListItem","position":2,"name":"Solicitar demo"}]},{"@type":"WebSite","@id":"https:\/\/stratioautomotive.com\/#website","url":"https:\/\/stratioautomotive.com\/","name":"Stratio","description":"Driving a zero downtime future.","potentialAction":[{"@type":"SearchAction","target":{"@type":"EntryPoint","urlTemplate":"https:\/\/stratioautomotive.com\/?s={search_term_string}"},"query-input":{"@type":"PropertyValueSpecification","valueRequired":true,"valueName":"search_term_string"}}],"inLanguage":"es"}]}},"_links":{"self":[{"href":"https:\/\/stratioautomotive.com\/es\/wp-json\/wp\/v2\/pages\/4870","targetHints":{"allow":["GET"]}}],"collection":[{"href":"https:\/\/stratioautomotive.com\/es\/wp-json\/wp\/v2\/pages"}],"about":[{"href":"https:\/\/stratioautomotive.com\/es\/wp-json\/wp\/v2\/types\/page"}],"author":[{"embeddable":true,"href":"https:\/\/stratioautomotive.com\/es\/wp-json\/wp\/v2\/users\/2"}],"replies":[{"embeddable":true,"href":"https:\/\/stratioautomotive.com\/es\/wp-json\/wp\/v2\/comments?post=4870"}],"version-history":[{"count":32,"href":"https:\/\/stratioautomotive.com\/es\/wp-json\/wp\/v2\/pages\/4870\/revisions"}],"predecessor-version":[{"id":17794,"href":"https:\/\/stratioautomotive.com\/es\/wp-json\/wp\/v2\/pages\/4870\/revisions\/17794"}],"wp:attachment":[{"href":"https:\/\/stratioautomotive.com\/es\/wp-json\/wp\/v2\/media?parent=4870"}],"wp:term":[{"taxonomy":"category","embeddable":true,"href":"https:\/\/stratioautomotive.com\/es\/wp-json\/wp\/v2\/categories?post=4870"},{"taxonomy":"post_tag","embeddable":true,"href":"https:\/\/stratioautomotive.com\/es\/wp-json\/wp\/v2\/tags?post=4870"}],"curies":[{"name":"wp","href":"https:\/\/api.w.org\/{rel}","templated":true}]}}