{"id":4864,"date":"2020-12-15T18:34:17","date_gmt":"2020-12-15T18:34:17","guid":{"rendered":"https:\/\/wp.stratio.info\/politica-de-privacidad\/"},"modified":"2021-10-27T10:49:40","modified_gmt":"2021-10-27T10:49:40","slug":"politica-de-privacidad","status":"publish","type":"page","link":"https:\/\/stratioautomotive.com\/es\/politica-de-privacidad\/","title":{"rendered":"Pol\u00edtica de Privacidad"},"content":{"rendered":"<p>[et_pb_section fb_built=\u00bb1&#8243; _builder_version=\u00bb4.6.6&#8243; _module_preset=\u00bbdefault\u00bb][et_pb_row admin_label=\u00bbFeatured Project\u00bb _builder_version=\u00bb4.6.6&#8243; width=\u00bb70%\u00bb max_width=\u00bb860px\u00bb custom_padding=\u00bb60px||||false|false\u00bb][et_pb_column type=\u00bb4_4&#8243; _builder_version=\u00bb3.25&#8243; custom_padding=\u00bb|||\u00bb custom_padding__hover=\u00bb|||\u00bb][et_pb_text disabled_on=\u00bboff|off|off\u00bb admin_label=\u00bbTitle\u00bb _builder_version=\u00bb4.6.6&#8243; text_font=\u00bbMontserrat||||||||\u00bb text_line_height=\u00bb1.8em\u00bb header_font=\u00bbPoppins|700|||||||\u00bb header_text_color=\u00bb#ff4438&#8243; header_font_size=\u00bb36px\u00bb header_2_font=\u00bbPoppins|600|||||||\u00bb header_2_text_color=\u00bb#ff4438&#8243; header_2_font_size=\u00bb30px\u00bb header_2_line_height=\u00bb1.5em\u00bb custom_margin=\u00bb||5px|\u00bb animation_direction=\u00bbtop\u00bb]<\/p>\n<h2><b>Pol\u00edtica de Privacidad<\/b><\/h2>\n<p>[\/et_pb_text][et_pb_divider show_divider=\u00bboff\u00bb _builder_version=\u00bb3.2&#8243; max_width=\u00bb23px\u00bb module_alignment=\u00bbleft\u00bb animation_style=\u00bbslide\u00bb animation_intensity_slide=\u00bb20%\u00bb animation_starting_opacity=\u00bb100%\u00bb locked=\u00bboff\u00bb][\/et_pb_divider][et_pb_text _builder_version=\u00bb4.9.10&#8243; text_font=\u00bb||||||||\u00bb text_line_height=\u00bb1.8em\u00bb header_font=\u00bb||||||||\u00bb max_width=\u00bb100%\u00bb custom_margin=\u00bb|||\u00bb animation_direction=\u00bbleft\u00bb]<\/p>\n<p><strong>Aviso de privacidad de STRATIO<\/strong><\/p>\n<p><strong>\u00bfQui\u00e9n es el responsable del tratamiento de mis datos?<\/strong><\/p>\n<p>Sus datos personales son tratados principalmente por STRA, S.A., con sede en Rua Pedro Nunes, IPN &#8211; Edif. Instituto Pedro Nunes, 3030-199 Coimbra, Portugal, actuando como Responsable del Tratamiento a los efectos del siguiente Aviso de Privacidad. En determinadas circunstancias, la responsabilidad de la protecci\u00f3n de datos y de su privacidad se comparte con una o varias entidades jur\u00eddicas, ya sea una filial de STRATIO o un tercero.<\/p>\n<p>Nuestro sitio web puede contener enlaces a otros sitios web que no son operados por nosotros. Este Aviso de Privacidad no se refiere al aviso de privacidad y otras pr\u00e1cticas de terceros, incluyendo cualquier tercero que opere cualquier sitio web o servicio que pueda ser accesible a trav\u00e9s de un enlace en nuestro sitio web. Le recomendamos encarecidamente que revise el aviso de privacidad de cada sitio que visite. No tenemos ning\u00fan control ni asumimos ninguna responsabilidad por el contenido, las pol\u00edticas de privacidad o las pr\u00e1cticas de los sitios o servicios de terceros.<\/p>\n<p>&nbsp;<\/p>\n<p><strong>\u00bfC\u00f3mo puedo contactar con STRATIO?<\/strong><\/p>\n<p>Para cualquier asunto relacionado con los datos personales, puede ponerse en contacto con nosotros a trav\u00e9s de <a href=\"mailto:marketing@stratioautomotive.com\">marketing@stratioautomotive.com<\/a> . Tambi\u00e9n puede enviarnos un correo a nuestra oficina central mencionada anteriormente.<\/p>\n<p>&nbsp;<\/p>\n<p><strong>\u00bfPor qu\u00e9 necesitan mis datos personales y cu\u00e1l es la base legal para su tratamiento?<\/strong><\/p>\n<p><strong>\u00a0<\/strong><\/p>\n<table width=\"624\">\n<tbody>\n<tr>\n<td width=\"145\">\n<p><strong>Prop\u00f3sito <\/strong><\/p>\n<\/td>\n<td width=\"319\">\n<p><strong>Descripci\u00f3n <\/strong><\/p>\n<\/td>\n<td width=\"161\">\n<p><strong>Base legal <\/strong><\/p>\n<\/td>\n<\/tr>\n<tr>\n<td width=\"145\">\n<p><strong>Contrataci\u00f3n <\/strong><\/p>\n<\/td>\n<td width=\"319\">\n<p>Necesitamos sus datos personales para poder mantener una relaci\u00f3n con usted, ya sea para evaluar si es la persona perfecta para cubrir una de nuestras ofertas de trabajo o para compartir con usted informaci\u00f3n sobre nuestras oportunidades de empleo.<\/p>\n<p>&nbsp;<\/p>\n<\/td>\n<td width=\"161\">\n<p>Negociaci\u00f3n de un contrato<\/p>\n<p>Consentimiento (s\u00f3lo para conservar el CV para futuros registros)<\/p>\n<p>&nbsp;<\/p>\n<\/td>\n<\/tr>\n<tr>\n<td width=\"145\">\n<p><strong>Contacto <\/strong><\/p>\n<\/td>\n<td width=\"319\">\n<p>Utilizaremos su informaci\u00f3n si se pone en contacto con nosotros a trav\u00e9s de nuestro formulario de contacto disponible en nuestro sitio web. Tenga en cuenta que no debe compartir ninguna informaci\u00f3n sensible o confidencial en dicho formulario, ya que dicha informaci\u00f3n puede ser accesible a diferentes personas de nuestro personal.<\/p>\n<p>&nbsp;<\/p>\n<\/td>\n<td width=\"161\">\n<p>Inter\u00e9s leg\u00edtimo<\/p>\n<\/td>\n<\/tr>\n<tr>\n<td width=\"145\">\n<p><strong>Seguridad <\/strong><\/p>\n<\/td>\n<td width=\"319\">\n<p>Con el fin de proteger a nuestros visitantes, activos y negocios contra la violencia, el fraude, el robo, el mal uso y otras actividades maliciosas, STRATIO ha puesto en marcha una serie de diferentes medidas de seguridad y protecci\u00f3n (incluyendo cookies, etiquetas y otras tecnolog\u00edas similares) para proteger su sitio web y las Apps disponibles. Algunas de estas medidas requieren la recogida y el tratamiento de datos personales.<\/p>\n<p>&nbsp;<\/p>\n<\/td>\n<td width=\"161\">\n<p>Inter\u00e9s leg\u00edtimo<\/p>\n<\/td>\n<\/tr>\n<tr>\n<td width=\"145\">\n<p><strong>Defensa Jur\u00eddica <\/strong><\/p>\n<\/td>\n<td width=\"319\">\n<p>Para proteger los derechos, la propiedad o la seguridad de STRATIO, o de cualquiera de nuestras respectivas filiales, socios comerciales, empleados o clientes, por ejemplo, en procedimientos legales, investigaciones internas e investigaciones de las autoridades competentes<\/p>\n<p>&nbsp;<\/p>\n<\/td>\n<td width=\"161\">\n<p>Inter\u00e9s leg\u00edtimo<\/p>\n<\/td>\n<\/tr>\n<\/tbody>\n<\/table>\n<p>&nbsp;<\/p>\n<p>Siempre puede retirar su consentimiento o oponerse a una actividad espec\u00edfica de tratamiento de datos en cualquier momento.<\/p>\n<p>&nbsp;<\/p>\n<p><strong>\u00bfQu\u00e9 categor\u00edas de datos personales trata?<\/strong><\/p>\n<p>En resumen, recopilamos la informaci\u00f3n que necesitamos para identificarle o ponernos en contacto con usted, en funci\u00f3n de la finalidad espec\u00edfica del tratamiento (tal y como se ha identificado anteriormente en este aviso). A continuaci\u00f3n encontrar\u00e1 algunos ejemplos de los datos personales que podemos recopilar sobre usted:<\/p>\n<p>Nombre<\/p>\n<p>Enviar un correo electr\u00f3nico a <a href=\"mailto:marketing@stratioautomotive.com\">marketing@stratioautomotive.com<\/a>\u00a0<\/p>\n<p>M\u00f3viles<\/p>\n<p>Perfil en las redes sociales<\/p>\n<p>Nombre de la empresa<\/p>\n<p>Su direcci\u00f3n IP<\/p>\n<p>Nos aseguraremos de informarle siempre que necesitemos recopilar y tratar datos para otros fines o si necesitamos utilizar alguno de estos datos para otros fines no definidos en este Aviso de Privacidad.<\/p>\n<p>Tambi\u00e9n podemos recopilar cookies mientras usted utiliza nuestro sitio web. Para saber m\u00e1s sobre c\u00f3mo las utilizamos y sus opciones en relaci\u00f3n con estas tecnolog\u00edas de seguimiento, consulte nuestra <span><a href=\"https:\/\/stratioautomotive.com\/cookies-policy\/\">Pol\u00edtica de Cookies<\/a><\/span>.<\/p>\n<p>&nbsp;<\/p>\n<p><strong>\u00bfC\u00f3mo se protegen mis datos personales?<\/strong><\/p>\n<p>Hemos implementado una variedad de medidas de seguridad para mantener la seguridad de su informaci\u00f3n personal y as\u00ed mismo prevenir la p\u00e9rdida, el mal uso o la alteraci\u00f3n no autorizada de su informaci\u00f3n bajo nuestro control. Sin embargo, dados los riesgos inherentes, no podemos garantizar una seguridad absoluta y, en consecuencia, no podemos asegurar o garantizar la seguridad de cualquier informaci\u00f3n que nos transmita y usted lo hace bajo su propio riesgo.<\/p>\n<p>Puede ponerse en contacto con nosotros para obtener m\u00e1s detalles sobre nuestras medidas de seguridad en el tratamiento de datos personales a trav\u00e9s de nuestros contactos mencionados anteriormente en este Aviso de Privacidad.<\/p>\n<p>&nbsp;<\/p>\n<p><strong>\u00bfComparten mis datos con terceros?<\/strong><\/p>\n<p>No vendemos, comerciamos ni transferimos de ning\u00fan modo sus datos personales a terceros sin un motivo leg\u00edtimo para hacerlo. Esto incluye a terceros de confianza que nos asisten en el funcionamiento de nuestro sitio web, en la realizaci\u00f3n de nuestro negocio o en la prestaci\u00f3n de servicios, siempre que dichas partes se comprometan a mantener la confidencialidad de esta informaci\u00f3n mediante acuerdos legales. Podemos revelar sus datos personales con:<\/p>\n<ul>\n<li>Afiliadas: empresas relacionadas con STRATIO por propiedad o control com\u00fan;<\/li>\n<li>Socios comerciales: empresas de confianza que trabajan con nosotros y nos apoyan en la prestaci\u00f3n de nuestros servicios;<\/li>\n<li>Aplicaci\u00f3n de la ley y autoridades p\u00fablicas: cuando la ley nos obligue a hacerlo o para proteger los derechos de STRATIO.<\/li>\n<\/ul>\n<p>La informaci\u00f3n an\u00f3nima puede ser proporcionada a otras partes con fines de marketing, publicidad o usos an\u00e1logos.<\/p>\n<p>Debido a su enfoque de mercado mundial, STRATIO puede necesitar tratar sus datos fuera del Espacio Econ\u00f3mico Europeo. Cualquier informaci\u00f3n que podamos compartir con un tercer pa\u00eds, fuera del Espacio Econ\u00f3mico Europeo, se realiza bajo el estricto cumplimiento de la legislaci\u00f3n aplicable. Si no est\u00e1 en vigor una decisi\u00f3n de adecuaci\u00f3n pertinente, STRATIO garantiza la adopci\u00f3n de las cl\u00e1usulas contractuales tipo de protecci\u00f3n de datos o un mecanismo equivalente, tal y como exige la ley.<\/p>\n<p>&nbsp;<\/p>\n<p><strong>\u00bfC\u00f3mo puedo ejercer mis derechos?<\/strong><\/p>\n<p>Puede ejercer cualquiera de sus derechos (derecho a ser informado, derecho de acceso, derecho de rectificaci\u00f3n, derecho de supresi\u00f3n, derecho de limitaci\u00f3n del tratamiento, derecho a la portabilidad de los datos, derecho de oposici\u00f3n, derechos en relaci\u00f3n con la toma de decisiones automatizadas y la elaboraci\u00f3n de perfiles) en cualquier momento enviando una solicitud a STRATIO con su petici\u00f3n concreta.<\/p>\n<p>Usted puede optar por no recibir correos electr\u00f3nicos promocionales y boletines de noticias siguiendo las instrucciones de exclusi\u00f3n que se proporcionan en los correos electr\u00f3nicos.<\/p>\n<p>Para las solicitudes de eliminaci\u00f3n de informaci\u00f3n personal o para saber qu\u00e9 informaci\u00f3n personal se ha recopilado, es posible que necesitemos verificar y confirmar previamente su identidad para garantizar la legitimidad de su solicitud. Si un agente autorizado est\u00e1 correspondiendo en su nombre, necesitaremos primero un consentimiento por escrito con una firma del titular de la cuenta antes de proceder.<\/p>\n<p>Si se encuentra en la Uni\u00f3n Europea, puede identificar la autoridad espec\u00edfica donde presentar una queja o dirigir cualquier pregunta sobre el RGPD, en https:\/\/edpb.europa.eu\/about-edpb\/board\/members_en.<\/p>\n<p>&nbsp;<\/p>\n<p><strong>\u00bfDurante cu\u00e1nto tiempo conservar\u00e1n mis datos?<\/strong><\/p>\n<p>S\u00f3lo conservaremos sus datos personales durante el periodo necesario para cumplir con los fines se\u00f1alados en este Aviso de Privacidad. En el caso de todos los datos personales recogidos mediante consentimiento, s\u00f3lo los conservaremos hasta que usted nos retire su consentimiento. Tambi\u00e9n podemos conservar copias en cach\u00e9 o archivadas de la informaci\u00f3n sobre usted durante un per\u00edodo determinado. La informaci\u00f3n an\u00f3nima residual y la informaci\u00f3n agregada, ninguna de las cuales le identifica a usted (directa o indirectamente), puede ser almacenada indefinidamente<\/p>\n<p>Si necesita informaci\u00f3n adicional y m\u00e1s detallada sobre nuestros per\u00edodos de almacenamiento, p\u00f3ngase en contacto con nosotros a trav\u00e9s de los contactos mencionados anteriormente en este Aviso de Privacidad.<\/p>\n<p>&nbsp;<\/p>\n<p><strong>\u00bfQu\u00e9 pasa con los ni\u00f1os que acceden a su sitio web? <\/strong><\/p>\n<p>Seguimos los requisitos del RGPD (Reglamento General de Protecci\u00f3n de Datos) y de la COPPA (<em>Children&#8217;s Online Privacy Protection Rule<\/em>), ya que no pretendemos recopilar ninguna informaci\u00f3n de personas menores de 18 a\u00f1os. Nuestro sitio web, productos y\/o servicios est\u00e1n todos dirigidos a personas que tienen al menos 18 a\u00f1os o m\u00e1s.<\/p>\n<p>&nbsp;<\/p>\n<p><strong>\u00bfC\u00f3mo puedo saber si se hacen cambios en este Aviso de Privacidad?<\/strong><\/p>\n<p>Si decidimos cambiar nuestro aviso de privacidad, publicaremos esos cambios en esta p\u00e1gina. Siempre mencionaremos en ella la \u00faltima actualizaci\u00f3n.<\/p>\n<p>&nbsp;<\/p>\n<p><strong>\u00bfTodo esto es v\u00e1lido para los datos que se recogen de otras fuentes?<\/strong><\/p>\n<p>Este aviso de privacidad s\u00f3lo se aplica a la informaci\u00f3n recopilada o procesada a trav\u00e9s de nuestro sitio web o plataformas relacionadas y no a la informaci\u00f3n recopilada <em>offline<\/em>. Para esos canales tendremos avisos de privacidad espec\u00edficos.<\/p>\n<p>&nbsp;<\/p>\n<p>&nbsp;<\/p>\n<p>&nbsp;<\/p>\n<p>[\/et_pb_text][\/et_pb_column][\/et_pb_row][\/et_pb_section][et_pb_section fb_built=\u00bb1&#8243; _builder_version=\u00bb4.6.6&#8243; _module_preset=\u00bbdefault\u00bb custom_margin=\u00bb0px|0px|0px|0px|true|true\u00bb custom_padding=\u00bb0px|0px|0px|0px|true|true\u00bb saved_tabs=\u00bball\u00bb collapsed=\u00bbon\u00bb][et_pb_row _builder_version=\u00bb4.6.6&#8243; _module_preset=\u00bbdefault\u00bb custom_margin=\u00bb0px||0px|0px|true|false\u00bb custom_padding=\u00bb0px|0px|0px|0px|true|true\u00bb][et_pb_column type=\u00bb4_4&#8243; _builder_version=\u00bb4.6.6&#8243; _module_preset=\u00bbdefault\u00bb][et_pb_social_media_follow icon_color=\u00bb#ffffff\u00bb admin_label=\u00bbSocial Media Follow\u00bb _builder_version=\u00bb4.6.6&#8243; _module_preset=\u00bbdefault\u00bb background_enable_color=\u00bboff\u00bb][et_pb_social_media_follow_network social_network=\u00bblinkedin\u00bb url=\u00bbhttps:\/\/www.linkedin.com\/company\/stratioautomotive\/\u00bb _builder_version=\u00bb4.6.6&#8243; _module_preset=\u00bbdefault\u00bb background_color=\u00bb#333333&#8243; background_enable_color=\u00bbon\u00bb custom_margin=\u00bb||||false|false\u00bb custom_padding=\u00bb||||false|false\u00bb follow_button=\u00bboff\u00bb url_new_window=\u00bbon\u00bb]linkedin[\/et_pb_social_media_follow_network][et_pb_social_media_follow_network social_network=\u00bbmyspace\u00bb url=\u00bbhttps:\/\/medium.com\/stratio\u00bb icon_color=\u00bbrgba(0,0,0,0)\u00bb use_icon_font_size=\u00bbon\u00bb _builder_version=\u00bb4.6.6&#8243; _module_preset=\u00bbdefault\u00bb background_color=\u00bb#333333&#8243; background_enable_color=\u00bbon\u00bb background_image=\u00bbhttps:\/\/stratioautomotive.com\/wp-content\/uploads\/2020\/11\/Background.png\u00bb background_enable_image=\u00bbon\u00bb background_size=\u00bbcontain\u00bb follow_button=\u00bboff\u00bb url_new_window=\u00bbon\u00bb]myspace[\/et_pb_social_media_follow_network][\/et_pb_social_media_follow][\/et_pb_column][\/et_pb_row][\/et_pb_section]<\/p>\n","protected":false},"excerpt":{"rendered":"<p>Pol\u00edtica de PrivacidadAviso de privacidad de STRATIO \u00bfQui\u00e9n es el responsable del tratamiento de mis datos? Sus datos personales son tratados principalmente por STRA, S.A., con sede en Rua Pedro Nunes, IPN &#8211; Edif. Instituto Pedro Nunes, 3030-199 Coimbra, Portugal, actuando como Responsable del Tratamiento a los efectos del siguiente Aviso de Privacidad. En determinadas [&hellip;]<\/p>\n","protected":false},"author":2,"featured_media":0,"parent":0,"menu_order":0,"comment_status":"closed","ping_status":"closed","template":"","meta":{"_et_pb_use_builder":"on","_et_pb_old_content":"","_et_gb_content_width":"","content-type":"","footnotes":""},"categories":[],"tags":[],"class_list":["post-4864","page","type-page","status-publish","hentry"],"yoast_head":"<!-- This site is optimized with the Yoast SEO plugin v26.1.1 - https:\/\/yoast.com\/wordpress\/plugins\/seo\/ -->\n<title>Pol\u00edtica de Privacidad - Stratio<\/title>\n<meta name=\"robots\" content=\"noindex, follow\" \/>\n<meta property=\"og:locale\" content=\"es_ES\" \/>\n<meta property=\"og:type\" content=\"article\" \/>\n<meta property=\"og:title\" content=\"Pol\u00edtica de Privacidad - Stratio\" \/>\n<meta property=\"og:description\" content=\"Pol\u00edtica de PrivacidadAviso de privacidad de STRATIO \u00bfQui\u00e9n es el responsable del tratamiento de mis datos? Sus datos personales son tratados principalmente por STRA, S.A., con sede en Rua Pedro Nunes, IPN - Edif. Instituto Pedro Nunes, 3030-199 Coimbra, Portugal, actuando como Responsable del Tratamiento a los efectos del siguiente Aviso de Privacidad. En determinadas [&hellip;]\" \/>\n<meta property=\"og:url\" content=\"https:\/\/stratioautomotive.com\/es\/politica-de-privacidad\/\" \/>\n<meta property=\"og:site_name\" content=\"Stratio\" \/>\n<meta property=\"article:modified_time\" content=\"2021-10-27T10:49:40+00:00\" \/>\n<meta name=\"twitter:card\" content=\"summary_large_image\" \/>\n<meta name=\"twitter:label1\" content=\"Tiempo de lectura\" \/>\n\t<meta name=\"twitter:data1\" content=\"9 minutos\" \/>\n<script type=\"application\/ld+json\" class=\"yoast-schema-graph\">{\"@context\":\"https:\/\/schema.org\",\"@graph\":[{\"@type\":\"WebPage\",\"@id\":\"https:\/\/stratioautomotive.com\/es\/politica-de-privacidad\/\",\"url\":\"https:\/\/stratioautomotive.com\/es\/politica-de-privacidad\/\",\"name\":\"Pol\u00edtica de Privacidad - Stratio\",\"isPartOf\":{\"@id\":\"https:\/\/stratioautomotive.com\/#website\"},\"datePublished\":\"2020-12-15T18:34:17+00:00\",\"dateModified\":\"2021-10-27T10:49:40+00:00\",\"breadcrumb\":{\"@id\":\"https:\/\/stratioautomotive.com\/es\/politica-de-privacidad\/#breadcrumb\"},\"inLanguage\":\"es\",\"potentialAction\":[{\"@type\":\"ReadAction\",\"target\":[\"https:\/\/stratioautomotive.com\/es\/politica-de-privacidad\/\"]}]},{\"@type\":\"BreadcrumbList\",\"@id\":\"https:\/\/stratioautomotive.com\/es\/politica-de-privacidad\/#breadcrumb\",\"itemListElement\":[{\"@type\":\"ListItem\",\"position\":1,\"name\":\"Home\",\"item\":\"https:\/\/stratioautomotive.com\/\"},{\"@type\":\"ListItem\",\"position\":2,\"name\":\"Pol\u00edtica de Privacidad\"}]},{\"@type\":\"WebSite\",\"@id\":\"https:\/\/stratioautomotive.com\/#website\",\"url\":\"https:\/\/stratioautomotive.com\/\",\"name\":\"Stratio\",\"description\":\"Driving a zero downtime future.\",\"potentialAction\":[{\"@type\":\"SearchAction\",\"target\":{\"@type\":\"EntryPoint\",\"urlTemplate\":\"https:\/\/stratioautomotive.com\/?s={search_term_string}\"},\"query-input\":{\"@type\":\"PropertyValueSpecification\",\"valueRequired\":true,\"valueName\":\"search_term_string\"}}],\"inLanguage\":\"es\"}]}<\/script>\n<!-- \/ Yoast SEO plugin. -->","yoast_head_json":{"title":"Pol\u00edtica de Privacidad - Stratio","robots":{"index":"noindex","follow":"follow"},"og_locale":"es_ES","og_type":"article","og_title":"Pol\u00edtica de Privacidad - Stratio","og_description":"Pol\u00edtica de PrivacidadAviso de privacidad de STRATIO \u00bfQui\u00e9n es el responsable del tratamiento de mis datos? Sus datos personales son tratados principalmente por STRA, S.A., con sede en Rua Pedro Nunes, IPN - Edif. Instituto Pedro Nunes, 3030-199 Coimbra, Portugal, actuando como Responsable del Tratamiento a los efectos del siguiente Aviso de Privacidad. En determinadas [&hellip;]","og_url":"https:\/\/stratioautomotive.com\/es\/politica-de-privacidad\/","og_site_name":"Stratio","article_modified_time":"2021-10-27T10:49:40+00:00","twitter_card":"summary_large_image","twitter_misc":{"Tiempo de lectura":"9 minutos"},"schema":{"@context":"https:\/\/schema.org","@graph":[{"@type":"WebPage","@id":"https:\/\/stratioautomotive.com\/es\/politica-de-privacidad\/","url":"https:\/\/stratioautomotive.com\/es\/politica-de-privacidad\/","name":"Pol\u00edtica de Privacidad - Stratio","isPartOf":{"@id":"https:\/\/stratioautomotive.com\/#website"},"datePublished":"2020-12-15T18:34:17+00:00","dateModified":"2021-10-27T10:49:40+00:00","breadcrumb":{"@id":"https:\/\/stratioautomotive.com\/es\/politica-de-privacidad\/#breadcrumb"},"inLanguage":"es","potentialAction":[{"@type":"ReadAction","target":["https:\/\/stratioautomotive.com\/es\/politica-de-privacidad\/"]}]},{"@type":"BreadcrumbList","@id":"https:\/\/stratioautomotive.com\/es\/politica-de-privacidad\/#breadcrumb","itemListElement":[{"@type":"ListItem","position":1,"name":"Home","item":"https:\/\/stratioautomotive.com\/"},{"@type":"ListItem","position":2,"name":"Pol\u00edtica de Privacidad"}]},{"@type":"WebSite","@id":"https:\/\/stratioautomotive.com\/#website","url":"https:\/\/stratioautomotive.com\/","name":"Stratio","description":"Driving a zero downtime future.","potentialAction":[{"@type":"SearchAction","target":{"@type":"EntryPoint","urlTemplate":"https:\/\/stratioautomotive.com\/?s={search_term_string}"},"query-input":{"@type":"PropertyValueSpecification","valueRequired":true,"valueName":"search_term_string"}}],"inLanguage":"es"}]}},"_links":{"self":[{"href":"https:\/\/stratioautomotive.com\/es\/wp-json\/wp\/v2\/pages\/4864","targetHints":{"allow":["GET"]}}],"collection":[{"href":"https:\/\/stratioautomotive.com\/es\/wp-json\/wp\/v2\/pages"}],"about":[{"href":"https:\/\/stratioautomotive.com\/es\/wp-json\/wp\/v2\/types\/page"}],"author":[{"embeddable":true,"href":"https:\/\/stratioautomotive.com\/es\/wp-json\/wp\/v2\/users\/2"}],"replies":[{"embeddable":true,"href":"https:\/\/stratioautomotive.com\/es\/wp-json\/wp\/v2\/comments?post=4864"}],"version-history":[{"count":22,"href":"https:\/\/stratioautomotive.com\/es\/wp-json\/wp\/v2\/pages\/4864\/revisions"}],"predecessor-version":[{"id":14619,"href":"https:\/\/stratioautomotive.com\/es\/wp-json\/wp\/v2\/pages\/4864\/revisions\/14619"}],"wp:attachment":[{"href":"https:\/\/stratioautomotive.com\/es\/wp-json\/wp\/v2\/media?parent=4864"}],"wp:term":[{"taxonomy":"category","embeddable":true,"href":"https:\/\/stratioautomotive.com\/es\/wp-json\/wp\/v2\/categories?post=4864"},{"taxonomy":"post_tag","embeddable":true,"href":"https:\/\/stratioautomotive.com\/es\/wp-json\/wp\/v2\/tags?post=4864"}],"curies":[{"name":"wp","href":"https:\/\/api.w.org\/{rel}","templated":true}]}}