{"id":4831,"date":"2020-12-15T15:20:22","date_gmt":"2020-12-15T15:20:22","guid":{"rendered":"https:\/\/wp.stratio.info\/contacto\/"},"modified":"2021-03-30T13:40:42","modified_gmt":"2021-03-30T13:40:42","slug":"contacto","status":"publish","type":"page","link":"https:\/\/stratioautomotive.com\/es\/contacto\/","title":{"rendered":"Contacto"},"content":{"rendered":"<p>[et_pb_section fb_built=\u00bb1&#8243; _builder_version=\u00bb4.6.6&#8243; _module_preset=\u00bbdefault\u00bb background_color=\u00bb#f7f7f7&#8243; height=\u00bb501px\u00bb][et_pb_row column_structure=\u00bb2_5,3_5&#8243; admin_label=\u00bbFeatured Project\u00bb _builder_version=\u00bb4.6.6&#8243; custom_padding=\u00bb60px|||||\u00bb][et_pb_column type=\u00bb2_5&#8243; _builder_version=\u00bb3.25&#8243; custom_padding=\u00bb|||\u00bb custom_padding__hover=\u00bb|||\u00bb][et_pb_text disabled_on=\u00bboff|off|off\u00bb admin_label=\u00bbTitle\u00bb _builder_version=\u00bb4.6.6&#8243; text_font=\u00bbMontserrat||||||||\u00bb text_line_height=\u00bb1.8em\u00bb header_font=\u00bbPoppins|700|||||||\u00bb header_text_color=\u00bb#ff4438&#8243; header_font_size=\u00bb36px\u00bb header_2_font=\u00bbPoppins|600|||||||\u00bb header_2_text_color=\u00bb#ff4438&#8243; header_2_font_size=\u00bb30px\u00bb header_2_line_height=\u00bb1.5em\u00bb custom_margin=\u00bb||5px|\u00bb animation_direction=\u00bbtop\u00bb]<\/p>\n<h1><b>Cont\u00e1ctanos<\/b><\/h1>\n<p>[\/et_pb_text][et_pb_text _builder_version=\u00bb4.6.6&#8243; text_font=\u00bb||||||||\u00bb text_line_height=\u00bb1.8em\u00bb custom_margin=\u00bb|||\u00bb custom_padding=\u00bb||10px|\u00bb animation_direction=\u00bbright\u00bb]<\/p>\n<p><strong>Quiere saber m\u00e1s sobre c\u00f3mo Stratio podr\u00eda funcionar para su negocio?<br \/> <\/strong>Env\u00edenos un mensaje para averiguarlo.<\/p>\n<p>[\/et_pb_text][\/et_pb_column][et_pb_column type=\u00bb3_5&#8243; _builder_version=\u00bb4.6.6&#8243; background_color=\u00bb#ffffff\u00bb custom_padding=\u00bb40px|40px|40px|40px|true|true\u00bb custom_padding__hover=\u00bb|||\u00bb][et_pb_code _builder_version=\u00bb4.7.7&#8243; _module_preset=\u00bbdefault\u00bb background_color=\u00bb#ffffff\u00bb max_width=\u00bb720px\u00bb module_alignment=\u00bbcenter\u00bb custom_padding=\u00bb40px|40px|40px|40px|true|true\u00bb box_shadow_style=\u00bbpreset1&#8243; locked=\u00bboff\u00bb]<!--[if lte IE 8]><!-- [et_pb_line_break_holder] --><script charset=\"utf-8\" type=\"text\/javascript\" src=\"\/\/js.hsforms.net\/forms\/v2-legacy.js\"><\/script><!-- [et_pb_line_break_holder] --><![endif]--><!-- [et_pb_line_break_holder] --><script charset=\"utf-8\" type=\"text\/javascript\" src=\"\/\/js.hsforms.net\/forms\/v2.js\"><\/script><!-- [et_pb_line_break_holder] --><script><!-- [et_pb_line_break_holder] -->  hbspt.forms.create({<!-- [et_pb_line_break_holder] -->\tportalId: \"8060790\",<!-- [et_pb_line_break_holder] -->\tformId: \"aed4de1f-cafe-47bb-a4b5-ef38f223e434\"<!-- [et_pb_line_break_holder] -->});<!-- [et_pb_line_break_holder] --><\/script>[\/et_pb_code][\/et_pb_column][\/et_pb_row][\/et_pb_section][et_pb_section fb_built=\u00bb1&#8243; _builder_version=\u00bb4.6.6&#8243; _module_preset=\u00bbdefault\u00bb custom_margin=\u00bb0px|0px|0px|0px|true|true\u00bb custom_padding=\u00bb0px|0px|0px|0px|true|true\u00bb saved_tabs=\u00bball\u00bb collapsed=\u00bbon\u00bb][et_pb_row _builder_version=\u00bb4.6.6&#8243; _module_preset=\u00bbdefault\u00bb custom_margin=\u00bb0px||0px|0px|true|false\u00bb custom_padding=\u00bb0px|0px|0px|0px|true|true\u00bb][et_pb_column type=\u00bb4_4&#8243; _builder_version=\u00bb4.6.6&#8243; _module_preset=\u00bbdefault\u00bb][et_pb_social_media_follow icon_color=\u00bb#ffffff\u00bb admin_label=\u00bbSocial Media Follow\u00bb _builder_version=\u00bb4.6.6&#8243; _module_preset=\u00bbdefault\u00bb][et_pb_social_media_follow_network social_network=\u00bblinkedin\u00bb url=\u00bbhttps:\/\/www.linkedin.com\/company\/stratioautomotive\/\u00bb _builder_version=\u00bb4.6.6&#8243; _module_preset=\u00bbdefault\u00bb background_color=\u00bb#ff4438&#8243; background_enable_color=\u00bbon\u00bb custom_margin=\u00bb||||false|false\u00bb custom_padding=\u00bb||||false|false\u00bb]linkedin[\/et_pb_social_media_follow_network][et_pb_social_media_follow_network social_network=\u00bbmyspace\u00bb url=\u00bbhttps:\/\/medium.com\/stratio\u00bb icon_color=\u00bbrgba(0,0,0,0)\u00bb use_icon_font_size=\u00bbon\u00bb _builder_version=\u00bb4.6.6&#8243; _module_preset=\u00bbdefault\u00bb background_color=\u00bb#ff4438&#8243; background_enable_color=\u00bbon\u00bb background_image=\u00bbhttps:\/\/stratioautomotive.com\/wp-content\/uploads\/2020\/11\/Background.png\u00bb background_enable_image=\u00bbon\u00bb background_size=\u00bbcontain\u00bb]myspace[\/et_pb_social_media_follow_network][\/et_pb_social_media_follow][\/et_pb_column][\/et_pb_row][\/et_pb_section]<\/p>\n","protected":false},"excerpt":{"rendered":"<p>Cont\u00e1ctanosQuiere saber m\u00e1s sobre c\u00f3mo Stratio podr\u00eda funcionar para su negocio? Env\u00edenos un mensaje para averiguarlo.<\/p>\n","protected":false},"author":2,"featured_media":0,"parent":0,"menu_order":0,"comment_status":"closed","ping_status":"closed","template":"","meta":{"_et_pb_use_builder":"on","_et_pb_old_content":"","_et_gb_content_width":"","content-type":"","footnotes":""},"categories":[],"tags":[],"class_list":["post-4831","page","type-page","status-publish","hentry"],"yoast_head":"<!-- This site is optimized with the Yoast SEO plugin v26.1.1 - https:\/\/yoast.com\/wordpress\/plugins\/seo\/ -->\n<title>Contacto de Stratio Automotive<\/title>\n<meta name=\"description\" content=\"\u00bfQuiere saber m\u00e1s sobre lo que Stratio Automotive puede hacer por su negocio? Cont\u00e1ctenos a trav\u00e9s de nuestro formulario o correo electr\u00f3nico.\" \/>\n<meta name=\"robots\" content=\"index, follow, max-snippet:-1, max-image-preview:large, max-video-preview:-1\" \/>\n<link rel=\"canonical\" href=\"https:\/\/stratioautomotive.com\/es\/contacto\/\" \/>\n<meta property=\"og:locale\" content=\"es_ES\" \/>\n<meta property=\"og:type\" content=\"article\" \/>\n<meta property=\"og:title\" content=\"Contacto de Stratio Automotive\" \/>\n<meta property=\"og:description\" content=\"\u00bfQuiere saber m\u00e1s sobre lo que Stratio Automotive puede hacer por su negocio? Cont\u00e1ctenos a trav\u00e9s de nuestro formulario o correo electr\u00f3nico.\" \/>\n<meta property=\"og:url\" content=\"https:\/\/stratioautomotive.com\/es\/contacto\/\" \/>\n<meta property=\"og:site_name\" content=\"Stratio\" \/>\n<meta property=\"article:modified_time\" content=\"2021-03-30T13:40:42+00:00\" \/>\n<meta name=\"twitter:card\" content=\"summary_large_image\" \/>\n<meta name=\"twitter:label1\" content=\"Tiempo de lectura\" \/>\n\t<meta name=\"twitter:data1\" content=\"2 minutos\" \/>\n<script type=\"application\/ld+json\" class=\"yoast-schema-graph\">{\"@context\":\"https:\/\/schema.org\",\"@graph\":[{\"@type\":\"WebPage\",\"@id\":\"https:\/\/stratioautomotive.com\/es\/contacto\/\",\"url\":\"https:\/\/stratioautomotive.com\/es\/contacto\/\",\"name\":\"Contacto de Stratio Automotive\",\"isPartOf\":{\"@id\":\"https:\/\/stratioautomotive.com\/#website\"},\"datePublished\":\"2020-12-15T15:20:22+00:00\",\"dateModified\":\"2021-03-30T13:40:42+00:00\",\"description\":\"\u00bfQuiere saber m\u00e1s sobre lo que Stratio Automotive puede hacer por su negocio? Cont\u00e1ctenos a trav\u00e9s de nuestro formulario o correo electr\u00f3nico.\",\"breadcrumb\":{\"@id\":\"https:\/\/stratioautomotive.com\/es\/contacto\/#breadcrumb\"},\"inLanguage\":\"es\",\"potentialAction\":[{\"@type\":\"ReadAction\",\"target\":[\"https:\/\/stratioautomotive.com\/es\/contacto\/\"]}]},{\"@type\":\"BreadcrumbList\",\"@id\":\"https:\/\/stratioautomotive.com\/es\/contacto\/#breadcrumb\",\"itemListElement\":[{\"@type\":\"ListItem\",\"position\":1,\"name\":\"Home\",\"item\":\"https:\/\/stratioautomotive.com\/\"},{\"@type\":\"ListItem\",\"position\":2,\"name\":\"Contacto\"}]},{\"@type\":\"WebSite\",\"@id\":\"https:\/\/stratioautomotive.com\/#website\",\"url\":\"https:\/\/stratioautomotive.com\/\",\"name\":\"Stratio\",\"description\":\"Driving a zero downtime future.\",\"potentialAction\":[{\"@type\":\"SearchAction\",\"target\":{\"@type\":\"EntryPoint\",\"urlTemplate\":\"https:\/\/stratioautomotive.com\/?s={search_term_string}\"},\"query-input\":{\"@type\":\"PropertyValueSpecification\",\"valueRequired\":true,\"valueName\":\"search_term_string\"}}],\"inLanguage\":\"es\"}]}<\/script>\n<!-- \/ Yoast SEO plugin. -->","yoast_head_json":{"title":"Contacto de Stratio Automotive","description":"\u00bfQuiere saber m\u00e1s sobre lo que Stratio Automotive puede hacer por su negocio? Cont\u00e1ctenos a trav\u00e9s de nuestro formulario o correo electr\u00f3nico.","robots":{"index":"index","follow":"follow","max-snippet":"max-snippet:-1","max-image-preview":"max-image-preview:large","max-video-preview":"max-video-preview:-1"},"canonical":"https:\/\/stratioautomotive.com\/es\/contacto\/","og_locale":"es_ES","og_type":"article","og_title":"Contacto de Stratio Automotive","og_description":"\u00bfQuiere saber m\u00e1s sobre lo que Stratio Automotive puede hacer por su negocio? Cont\u00e1ctenos a trav\u00e9s de nuestro formulario o correo electr\u00f3nico.","og_url":"https:\/\/stratioautomotive.com\/es\/contacto\/","og_site_name":"Stratio","article_modified_time":"2021-03-30T13:40:42+00:00","twitter_card":"summary_large_image","twitter_misc":{"Tiempo de lectura":"2 minutos"},"schema":{"@context":"https:\/\/schema.org","@graph":[{"@type":"WebPage","@id":"https:\/\/stratioautomotive.com\/es\/contacto\/","url":"https:\/\/stratioautomotive.com\/es\/contacto\/","name":"Contacto de Stratio Automotive","isPartOf":{"@id":"https:\/\/stratioautomotive.com\/#website"},"datePublished":"2020-12-15T15:20:22+00:00","dateModified":"2021-03-30T13:40:42+00:00","description":"\u00bfQuiere saber m\u00e1s sobre lo que Stratio Automotive puede hacer por su negocio? Cont\u00e1ctenos a trav\u00e9s de nuestro formulario o correo electr\u00f3nico.","breadcrumb":{"@id":"https:\/\/stratioautomotive.com\/es\/contacto\/#breadcrumb"},"inLanguage":"es","potentialAction":[{"@type":"ReadAction","target":["https:\/\/stratioautomotive.com\/es\/contacto\/"]}]},{"@type":"BreadcrumbList","@id":"https:\/\/stratioautomotive.com\/es\/contacto\/#breadcrumb","itemListElement":[{"@type":"ListItem","position":1,"name":"Home","item":"https:\/\/stratioautomotive.com\/"},{"@type":"ListItem","position":2,"name":"Contacto"}]},{"@type":"WebSite","@id":"https:\/\/stratioautomotive.com\/#website","url":"https:\/\/stratioautomotive.com\/","name":"Stratio","description":"Driving a zero downtime future.","potentialAction":[{"@type":"SearchAction","target":{"@type":"EntryPoint","urlTemplate":"https:\/\/stratioautomotive.com\/?s={search_term_string}"},"query-input":{"@type":"PropertyValueSpecification","valueRequired":true,"valueName":"search_term_string"}}],"inLanguage":"es"}]}},"_links":{"self":[{"href":"https:\/\/stratioautomotive.com\/es\/wp-json\/wp\/v2\/pages\/4831","targetHints":{"allow":["GET"]}}],"collection":[{"href":"https:\/\/stratioautomotive.com\/es\/wp-json\/wp\/v2\/pages"}],"about":[{"href":"https:\/\/stratioautomotive.com\/es\/wp-json\/wp\/v2\/types\/page"}],"author":[{"embeddable":true,"href":"https:\/\/stratioautomotive.com\/es\/wp-json\/wp\/v2\/users\/2"}],"replies":[{"embeddable":true,"href":"https:\/\/stratioautomotive.com\/es\/wp-json\/wp\/v2\/comments?post=4831"}],"version-history":[{"count":4,"href":"https:\/\/stratioautomotive.com\/es\/wp-json\/wp\/v2\/pages\/4831\/revisions"}],"predecessor-version":[{"id":7194,"href":"https:\/\/stratioautomotive.com\/es\/wp-json\/wp\/v2\/pages\/4831\/revisions\/7194"}],"wp:attachment":[{"href":"https:\/\/stratioautomotive.com\/es\/wp-json\/wp\/v2\/media?parent=4831"}],"wp:term":[{"taxonomy":"category","embeddable":true,"href":"https:\/\/stratioautomotive.com\/es\/wp-json\/wp\/v2\/categories?post=4831"},{"taxonomy":"post_tag","embeddable":true,"href":"https:\/\/stratioautomotive.com\/es\/wp-json\/wp\/v2\/tags?post=4831"}],"curies":[{"name":"wp","href":"https:\/\/api.w.org\/{rel}","templated":true}]}}