{"id":4792,"date":"2020-12-14T18:16:06","date_gmt":"2020-12-14T18:16:06","guid":{"rendered":"https:\/\/wp.stratio.info\/acerca\/"},"modified":"2024-11-05T18:22:18","modified_gmt":"2024-11-05T18:22:18","slug":"acerca","status":"publish","type":"page","link":"https:\/\/stratioautomotive.com\/es\/acerca\/","title":{"rendered":"Acerca"},"content":{"rendered":"<p>[et_pb_section fb_built=\u00bb1&#8243; _builder_version=\u00bb4.16&#8243; _module_preset=\u00bbdefault\u00bb background_image=\u00bbhttps:\/\/stratioautomotive.com\/wp-content\/uploads\/2020\/11\/Stratio_LinkedIn_Cover.png\u00bb background_position=\u00bbbottom_right\u00bb custom_padding=\u00bb||88px|||\u00bb global_colors_info=\u00bb{}\u00bb][\/et_pb_section][et_pb_section fb_built=\u00bb1&#8243; _builder_version=\u00bb4.16&#8243; _module_preset=\u00bbdefault\u00bb background_color=\u00bb#ffffff\u00bb height=\u00bb524px\u00bb custom_padding=\u00bb50px||45px|||\u00bb global_colors_info=\u00bb{}\u00bb][et_pb_row admin_label=\u00bbFeatured Project\u00bb _builder_version=\u00bb4.16&#8243; width=\u00bb70%\u00bb max_width=\u00bb860px\u00bb custom_margin=\u00bb|auto|6px|auto||\u00bb custom_padding=\u00bb60px|||||\u00bb global_colors_info=\u00bb{}\u00bb][et_pb_column type=\u00bb4_4&#8243; _builder_version=\u00bb4.16&#8243; custom_padding=\u00bb|||\u00bb global_colors_info=\u00bb{}\u00bb custom_padding__hover=\u00bb|||\u00bb][et_pb_text disabled_on=\u00bboff|off|off\u00bb admin_label=\u00bbTitle\u00bb _builder_version=\u00bb4.16&#8243; text_font=\u00bbMontserrat||||||||\u00bb text_line_height=\u00bb1.8em\u00bb header_font=\u00bbPoppins|700|||||||\u00bb header_text_color=\u00bb#ff4438&#8243; header_font_size=\u00bb36px\u00bb header_line_height=\u00bb1.4em\u00bb header_2_font=\u00bbPoppins|600|||||||\u00bb header_2_text_color=\u00bb#ff4438&#8243; header_2_font_size=\u00bb30px\u00bb header_2_line_height=\u00bb1.5em\u00bb custom_margin=\u00bb||5px|\u00bb animation_direction=\u00bbtop\u00bb global_colors_info=\u00bb{}\u00bb]<\/p>\n<h1><strong>Plataforma de mantenimiento predictivo en tiempo real para flota.<\/strong><\/h1>\n<p>[\/et_pb_text][et_pb_divider show_divider=\u00bboff\u00bb _builder_version=\u00bb4.16&#8243; max_width=\u00bb23px\u00bb module_alignment=\u00bbleft\u00bb animation_style=\u00bbslide\u00bb animation_intensity_slide=\u00bb20%\u00bb animation_starting_opacity=\u00bb100%\u00bb locked=\u00bboff\u00bb global_colors_info=\u00bb{}\u00bb][\/et_pb_divider][et_pb_text _builder_version=\u00bb4.16&#8243; text_font=\u00bb||||||||\u00bb text_text_color=\u00bb#333&#8243; text_line_height=\u00bb1.8em\u00bb custom_margin=\u00bb|||\u00bb custom_padding=\u00bb||10px|\u00bb animation_direction=\u00bbright\u00bb global_colors_info=\u00bb{}\u00bb]<\/p>\n<p><span style=\"font-weight: 400;\">Creemos que el transporte debe ser sostenible y asequible para todos.<\/span><\/p>\n<p><span style=\"font-weight: 400;\">Creemos que un transporte sostenible y asequible depende de la reducci\u00f3n del coste por kil\u00f3metro del transporte de pasajeros y mercanc\u00edas.<\/span><\/p>\n<p><span style=\"font-weight: 400;\">Creemos que el menor coste por kil\u00f3metro puede conseguirse operando los veh\u00edculos con mayor intensidad y durante m\u00e1s horas, manteni\u00e9ndolos fuera del taller y en la carretera, eliminando los tiempos de inactividad con paradas forzadas.<\/span><\/p>\n<p><span style=\"font-weight: 400;\">Creemos que el mantenimiento predictivo es esencial para eliminar los tiempos de inactividad.<\/span><\/p>\n<p><span style=\"font-weight: 400;\">Creemos que un d\u00eda todos los veh\u00edculos formar\u00e1n parte de una flota.<\/span><\/p>\n<p><span style=\"font-weight: 400;\">Creemos que un futuro sin tiempos de inactividad cambiar\u00e1 la calidad y el coste del transporte para todos.<\/span><\/p>\n<p>[\/et_pb_text][et_pb_text disabled_on=\u00bboff|off|off\u00bb admin_label=\u00bbTitle\u00bb _builder_version=\u00bb4.16&#8243; text_font=\u00bbMontserrat||||||||\u00bb text_line_height=\u00bb1.8em\u00bb header_font=\u00bbPoppins|700|||||||\u00bb header_text_color=\u00bb#ff4438&#8243; header_font_size=\u00bb36px\u00bb header_2_font=\u00bbPoppins|600|||||||\u00bb header_2_text_color=\u00bb#ff4438&#8243; header_2_font_size=\u00bb30px\u00bb header_2_line_height=\u00bb1.5em\u00bb custom_margin=\u00bb||5px|\u00bb animation_direction=\u00bbtop\u00bb global_colors_info=\u00bb{}\u00bb]<\/p>\n<h1><span style=\"color: #000000;\">Nuestros clientes hablan por nosotros<\/span><\/h1>\n<p>[\/et_pb_text][\/et_pb_column][\/et_pb_row][et_pb_row _builder_version=\u00bb4.16&#8243; _module_preset=\u00bbdefault\u00bb global_colors_info=\u00bb{}\u00bb][et_pb_column type=\u00bb4_4&#8243; _builder_version=\u00bb4.16&#8243; _module_preset=\u00bbdefault\u00bb global_colors_info=\u00bb{}\u00bb][et_pb_image src=\u00bbhttps:\/\/stratioautomotive.com\/wp-content\/uploads\/2021\/11\/logos_about-1.png\u00bb alt=\u00bbAcerca Stratio\u00bb title_text=\u00bblogos_about\u00bb _builder_version=\u00bb4.16&#8243; _module_preset=\u00bbdefault\u00bb custom_padding=\u00bb||40px|||\u00bb global_colors_info=\u00bb{}\u00bb][\/et_pb_image][\/et_pb_column][\/et_pb_row][\/et_pb_section][et_pb_section fb_built=\u00bb1&#8243; _builder_version=\u00bb4.16&#8243; _module_preset=\u00bbdefault\u00bb global_colors_info=\u00bb{}\u00bb][et_pb_row _builder_version=\u00bb4.16&#8243; _module_preset=\u00bbdefault\u00bb global_colors_info=\u00bb{}\u00bb][et_pb_column type=\u00bb4_4&#8243; _builder_version=\u00bb4.16&#8243; _module_preset=\u00bbdefault\u00bb global_colors_info=\u00bb{}\u00bb][\/et_pb_column][\/et_pb_row][\/et_pb_section][et_pb_section fb_built=\u00bb1&#8243; _builder_version=\u00bb4.16&#8243; _module_preset=\u00bbdefault\u00bb background_color=\u00bb#FFFFFF\u00bb custom_margin=\u00bb-70px||10px||false|false\u00bb custom_padding=\u00bb0px||70px||false|false\u00bb locked=\u00bboff\u00bb global_colors_info=\u00bb{}\u00bb][et_pb_row column_structure=\u00bb1_4,1_4,1_4,1_4&#8243; _builder_version=\u00bb4.16&#8243; _module_preset=\u00bbdefault\u00bb global_colors_info=\u00bb{}\u00bb][et_pb_column type=\u00bb1_4&#8243; _builder_version=\u00bb4.16&#8243; _module_preset=\u00bbdefault\u00bb global_colors_info=\u00bb{}\u00bb][\/et_pb_column][et_pb_column type=\u00bb1_4&#8243; _builder_version=\u00bb4.16&#8243; _module_preset=\u00bbdefault\u00bb global_colors_info=\u00bb{}\u00bb][et_pb_code _builder_version=\u00bb4.16&#8243; _module_preset=\u00bbdefault\u00bb module_alignment=\u00bbcenter\u00bb global_colors_info=\u00bb{}\u00bb]<!--HubSpot Call-to-Action Code --><span id=\"hs-cta-wrapper-aad6ece9-973e-4d39-a98f-656cace4aacb\" class=\"hs-cta-wrapper\"><span id=\"hs-cta-aad6ece9-973e-4d39-a98f-656cace4aacb\" class=\"hs-cta-node hs-cta-aad6ece9-973e-4d39-a98f-656cace4aacb\"><!-- [if lte IE 8]>\n\n\n<div id=\"hs-cta-ie-element\"><\/div>\n\n\n<![endif]--><a href=\"https:\/\/cta-redirect.hubspot.com\/cta\/redirect\/8060790\/aad6ece9-973e-4d39-a98f-656cace4aacb\" target=\"_blank\" rel=\"noopener\"><img decoding=\"async\" id=\"hs-cta-img-aad6ece9-973e-4d39-a98f-656cace4aacb\" class=\"hs-cta-img\" style=\"border-width: 0px;\" src=\"https:\/\/no-cache.hubspot.com\/cta\/default\/8060790\/aad6ece9-973e-4d39-a98f-656cace4aacb.png\" alt=\"REQUEST DEMO\" width=\"650\" height=\"184\" \/><\/a><\/span><script charset=\"utf-8\" src=\"https:\/\/js.hscta.net\/cta\/current.js\"><\/script><script type=\"text\/javascript\"> hbspt.cta.load(8060790, 'aad6ece9-973e-4d39-a98f-656cace4aacb', {}); <\/script><\/span><!-- end HubSpot Call-to-Action Code -->[\/et_pb_code][\/et_pb_column][et_pb_column type=\u00bb1_4&#8243; _builder_version=\u00bb4.16&#8243; _module_preset=\u00bbdefault\u00bb global_colors_info=\u00bb{}\u00bb][et_pb_code _builder_version=\u00bb4.16&#8243; _module_preset=\u00bbdefault\u00bb global_colors_info=\u00bb{}\u00bb]<!--HubSpot Call-to-Action Code --><span id=\"hs-cta-wrapper-332d232d-ef96-469b-8862-19801e749abb\" class=\"hs-cta-wrapper\"><span id=\"hs-cta-332d232d-ef96-469b-8862-19801e749abb\" class=\"hs-cta-node hs-cta-332d232d-ef96-469b-8862-19801e749abb\"><!-- [if lte IE 8]>\n\n\n<div id=\"hs-cta-ie-element\"><\/div>\n\n\n<![endif]--><a href=\"https:\/\/cta-redirect.hubspot.com\/cta\/redirect\/8060790\/332d232d-ef96-469b-8862-19801e749abb\" target=\"_blank\" rel=\"noopener\"><img decoding=\"async\" id=\"hs-cta-img-332d232d-ef96-469b-8862-19801e749abb\" class=\"hs-cta-img\" style=\"border-width: 0px;\" src=\"https:\/\/no-cache.hubspot.com\/cta\/default\/8060790\/332d232d-ef96-469b-8862-19801e749abb.png\" alt=\"Get Pricing\" width=\"650\" height=\"184\" \/><\/a><\/span><script charset=\"utf-8\" src=\"https:\/\/js.hscta.net\/cta\/current.js\"><\/script><script type=\"text\/javascript\"> hbspt.cta.load(8060790, '332d232d-ef96-469b-8862-19801e749abb', {}); <\/script><\/span><!-- end HubSpot Call-to-Action Code -->[\/et_pb_code][\/et_pb_column][et_pb_column type=\u00bb1_4&#8243; _builder_version=\u00bb4.16&#8243; _module_preset=\u00bbdefault\u00bb global_colors_info=\u00bb{}\u00bb][\/et_pb_column][\/et_pb_row][\/et_pb_section][et_pb_section fb_built=\u00bb1&#8243; admin_label=\u00bbAbout Section\u00bb _builder_version=\u00bb4.16&#8243; background_color=\u00bb#f7f7f7&#8243; custom_padding=\u00bb30px||30px|||\u00bb global_colors_info=\u00bb{}\u00bb][et_pb_row admin_label=\u00bbSection Title\u00bb _builder_version=\u00bb4.16&#8243; custom_margin=\u00bb|auto|0px|auto||\u00bb custom_padding=\u00bb||0px||false|false\u00bb locked=\u00bboff\u00bb global_colors_info=\u00bb{}\u00bb][et_pb_column type=\u00bb4_4&#8243; _builder_version=\u00bb4.16&#8243; custom_padding=\u00bb|||\u00bb global_colors_info=\u00bb{}\u00bb custom_padding__hover=\u00bb|||\u00bb][et_pb_text _builder_version=\u00bb4.16&#8243; _module_preset=\u00bbdefault\u00bb header_3_font=\u00bbPoppins|700|||||||\u00bb header_3_text_color=\u00bb#ff4438&#8243; header_3_font_size=\u00bb28px\u00bb header_3_line_height=\u00bb1.5em\u00bb width=\u00bb80%\u00bb module_alignment=\u00bbcenter\u00bb global_colors_info=\u00bb{}\u00bb]<\/p>\n<h3 style=\"text-align: center;\">Nuestras oficinas<\/h3>\n<p>[\/et_pb_text][et_pb_divider show_divider=\u00bboff\u00bb _builder_version=\u00bb4.16&#8243; max_width=\u00bb23px\u00bb module_alignment=\u00bbcenter\u00bb animation_style=\u00bbslide\u00bb animation_direction=\u00bbtop\u00bb animation_intensity_slide=\u00bb20%\u00bb animation_starting_opacity=\u00bb100%\u00bb global_colors_info=\u00bb{}\u00bb][\/et_pb_divider][\/et_pb_column][\/et_pb_row][et_pb_row column_structure=\u00bb1_3,1_3,1_3&#8243; use_custom_gutter=\u00bbon\u00bb gutter_width=\u00bb2&#8243; module_class=\u00bbcities\u00bb _builder_version=\u00bb4.21.0&#8243; background_enable_color=\u00bboff\u00bb custom_padding=\u00bb0px|0px|40px|0px|false|false\u00bb global_colors_info=\u00bb{}\u00bb][et_pb_column type=\u00bb1_3&#8243; _builder_version=\u00bb4.21.0&#8243; background_color=\u00bb#ffffff\u00bb custom_padding=\u00bb40px|20px|0px|20px|false|true\u00bb custom_css_main_element=\u00bbmin-height: 250px;\u00bb box_shadow_style=\u00bbpreset1&#8243; box_shadow_blur=\u00bb9px\u00bb box_shadow_spread=\u00bb-3px\u00bb global_colors_info=\u00bb{}\u00bb custom_padding__hover=\u00bb|||\u00bb][et_pb_image src=\u00bbhttps:\/\/stratioautomotive.com\/wp-content\/uploads\/2020\/11\/coimbra.png\u00bb title_text=\u00bbcoimbra\u00bb _builder_version=\u00bb4.16&#8243; _module_preset=\u00bbdefault\u00bb max_width=\u00bb50%\u00bb max_width_tablet=\u00bb\u00bb max_width_phone=\u00bb40%\u00bb max_width_last_edited=\u00bbon|phone\u00bb module_alignment=\u00bbcenter\u00bb global_colors_info=\u00bb{}\u00bb][\/et_pb_image][et_pb_text _builder_version=\u00bb4.16&#8243; _module_preset=\u00bbdefault\u00bb text_font=\u00bbOpen Sans||||||||\u00bb header_6_font=\u00bbOpen Sans||||||||\u00bb header_6_text_color=\u00bb#5b5b5b\u00bb header_6_font_size=\u00bb10pt\u00bb header_6_line_height=\u00bb1.5em\u00bb text_orientation=\u00bbcenter\u00bb custom_margin=\u00bb||8px|||\u00bb text_font_size_tablet=\u00bb\u00bb text_font_size_phone=\u00bb\u00bb text_font_size_last_edited=\u00bbon|desktop\u00bb global_colors_info=\u00bb{}\u00bb]<\/p>\n<h6>IPN &#8211; Building D, Rua Pedro Nunes, 3030\u2013199, Coimbra<\/h6>\n<h6>Portugal<\/h6>\n<p>[\/et_pb_text][\/et_pb_column][et_pb_column type=\u00bb1_3&#8243; _builder_version=\u00bb4.16&#8243; background_color=\u00bb#ffffff\u00bb custom_padding=\u00bb40px|20px|20px|20px|false|true\u00bb custom_css_main_element=\u00bbmin-height: 250px\u00bb box_shadow_style=\u00bbpreset1&#8243; box_shadow_blur=\u00bb9px\u00bb box_shadow_spread=\u00bb-3px\u00bb global_colors_info=\u00bb{}\u00bb custom_padding__hover=\u00bb|||\u00bb][et_pb_image src=\u00bbhttps:\/\/stratioautomotive.com\/wp-content\/uploads\/2020\/11\/london.png\u00bb title_text=\u00bblondres\u00bb _builder_version=\u00bb4.16&#8243; _module_preset=\u00bbdefault\u00bb max_width=\u00bb50%\u00bb max_width_tablet=\u00bb\u00bb max_width_phone=\u00bb40%\u00bb max_width_last_edited=\u00bbon|phone\u00bb module_alignment=\u00bbcenter\u00bb global_colors_info=\u00bb{}\u00bb][\/et_pb_image][et_pb_text _builder_version=\u00bb4.16&#8243; _module_preset=\u00bbdefault\u00bb text_font=\u00bbOpen Sans||||||||\u00bb header_6_font=\u00bbOpen Sans||||||||\u00bb header_6_text_color=\u00bb#5b5b5b\u00bb header_6_font_size=\u00bb10pt\u00bb header_6_line_height=\u00bb1.5em\u00bb text_orientation=\u00bbcenter\u00bb custom_margin=\u00bb||8px|||\u00bb text_font_size_tablet=\u00bb\u00bb text_font_size_phone=\u00bb\u00bb text_font_size_last_edited=\u00bbon|desktop\u00bb global_colors_info=\u00bb{}\u00bb]<\/p>\n<h6>3rd Floor, 19-20 Noel Street, London W1F 8GW<\/h6>\n<h6>Reino Unido<\/h6>\n<p>[\/et_pb_text][\/et_pb_column][et_pb_column type=\u00bb1_3&#8243; _builder_version=\u00bb4.16&#8243; background_color=\u00bb#ffffff\u00bb custom_padding=\u00bb40px|20px|20px|20px|false|true\u00bb custom_css_main_element=\u00bbmin-height: 250px;||cursor: default;\u00bb box_shadow_style=\u00bbpreset1&#8243; box_shadow_blur=\u00bb9px\u00bb box_shadow_spread=\u00bb-3px\u00bb global_colors_info=\u00bb{}\u00bb custom_padding__hover=\u00bb|||\u00bb][et_pb_image src=\u00bbhttps:\/\/stratioautomotive.com\/wp-content\/uploads\/2020\/11\/singapure.png\u00bb title_text=\u00bbsingapura\u00bb _builder_version=\u00bb4.16&#8243; _module_preset=\u00bbdefault\u00bb max_width=\u00bb50%\u00bb max_width_tablet=\u00bb\u00bb max_width_phone=\u00bb40%\u00bb max_width_last_edited=\u00bbon|phone\u00bb module_alignment=\u00bbcenter\u00bb global_colors_info=\u00bb{}\u00bb][\/et_pb_image][et_pb_text _builder_version=\u00bb4.21.0&#8243; _module_preset=\u00bbdefault\u00bb text_font=\u00bbOpen Sans||||||||\u00bb header_6_font=\u00bbOpen Sans||||||||\u00bb header_6_text_color=\u00bb#5b5b5b\u00bb header_6_font_size=\u00bb10pt\u00bb header_6_line_height=\u00bb1.5em\u00bb text_orientation=\u00bbcenter\u00bb custom_margin=\u00bb||8px|||\u00bb hover_enabled=\u00bb0&#8243; text_font_size_tablet=\u00bb\u00bb text_font_size_phone=\u00bb\u00bb text_font_size_last_edited=\u00bbon|desktop\u00bb global_colors_info=\u00bb{}\u00bb sticky_enabled=\u00bb0&#8243;]<\/p>\n<h6>68 Circular Road, #02-01, 049422, Singapur<\/h6>\n<h6>Singapur<\/h6>\n<p>[\/et_pb_text][\/et_pb_column][\/et_pb_row][\/et_pb_section][et_pb_section fb_built=\u00bb1&#8243; _builder_version=\u00bb4.16&#8243; _module_preset=\u00bbdefault\u00bb custom_margin=\u00bb0px|0px|0px|0px|true|true\u00bb custom_padding=\u00bb0px|0px|0px|0px|true|true\u00bb saved_tabs=\u00bball\u00bb collapsed=\u00bboff\u00bb global_colors_info=\u00bb{}\u00bb][et_pb_row _builder_version=\u00bb4.16&#8243; _module_preset=\u00bbdefault\u00bb custom_margin=\u00bb0px||0px|0px|true|false\u00bb custom_padding=\u00bb0px|0px|0px|0px|true|true\u00bb global_colors_info=\u00bb{}\u00bb][et_pb_column type=\u00bb4_4&#8243; _builder_version=\u00bb4.16&#8243; _module_preset=\u00bbdefault\u00bb global_colors_info=\u00bb{}\u00bb][et_pb_social_media_follow icon_color=\u00bb#ffffff\u00bb admin_label=\u00bbSocial Media Follow\u00bb _builder_version=\u00bb4.16&#8243; _module_preset=\u00bbdefault\u00bb background_enable_color=\u00bboff\u00bb global_colors_info=\u00bb{}\u00bb][et_pb_social_media_follow_network social_network=\u00bblinkedin\u00bb url=\u00bbhttps:\/\/www.linkedin.com\/company\/stratioautomotive\/\u00bb _builder_version=\u00bb4.16&#8243; _module_preset=\u00bbdefault\u00bb background_color=\u00bb#333333&#8243; background_enable_color=\u00bbon\u00bb custom_margin=\u00bb||||false|false\u00bb custom_padding=\u00bb||||false|false\u00bb global_colors_info=\u00bb{}\u00bb follow_button=\u00bboff\u00bb url_new_window=\u00bbon\u00bb]linkedin[\/et_pb_social_media_follow_network][et_pb_social_media_follow_network social_network=\u00bbmyspace\u00bb url=\u00bbhttps:\/\/medium.com\/stratio\u00bb icon_color=\u00bbrgba(0,0,0,0)\u00bb use_icon_font_size=\u00bbon\u00bb _builder_version=\u00bb4.16&#8243; _module_preset=\u00bbdefault\u00bb background_color=\u00bb#333333&#8243; background_enable_color=\u00bbon\u00bb background_image=\u00bbhttps:\/\/stratioautomotive.com\/wp-content\/uploads\/2020\/11\/Background.png\u00bb background_enable_image=\u00bbon\u00bb background_size=\u00bbcontain\u00bb global_colors_info=\u00bb{}\u00bb follow_button=\u00bboff\u00bb url_new_window=\u00bbon\u00bb]myspace[\/et_pb_social_media_follow_network][\/et_pb_social_media_follow][\/et_pb_column][\/et_pb_row][\/et_pb_section]<\/p>\n","protected":false},"excerpt":{"rendered":"<p>Plataforma de mantenimiento predictivo en tiempo real para flota. Creemos que el transporte debe ser sostenible y asequible para todos. Creemos que un transporte sostenible y asequible depende de la reducci\u00f3n del coste por kil\u00f3metro del transporte de pasajeros y mercanc\u00edas. Creemos que el menor coste por kil\u00f3metro puede conseguirse operando los veh\u00edculos con mayor [&hellip;]<\/p>\n","protected":false},"author":2,"featured_media":0,"parent":0,"menu_order":0,"comment_status":"closed","ping_status":"closed","template":"","meta":{"_et_pb_use_builder":"on","_et_pb_old_content":"","_et_gb_content_width":"","content-type":"","footnotes":""},"categories":[],"tags":[],"class_list":["post-4792","page","type-page","status-publish","hentry"],"yoast_head":"<!-- This site is optimized with the Yoast SEO plugin v26.1.1 - https:\/\/yoast.com\/wordpress\/plugins\/seo\/ -->\n<title>Acerca - Gesti\u00f3n de Flotas Inteligentes - Stratio<\/title>\n<meta name=\"description\" content=\"En Stratio Automotive queremos optimizar la Gesti\u00f3n y Mantenimiento de sus flotas. Sin sorpresas, sin interrupciones, sin paradas forzadas. Visite nuestra web.\" \/>\n<meta name=\"robots\" content=\"index, follow, max-snippet:-1, max-image-preview:large, max-video-preview:-1\" \/>\n<link rel=\"canonical\" href=\"https:\/\/stratioautomotive.com\/es\/acerca\/\" \/>\n<meta property=\"og:locale\" content=\"es_ES\" \/>\n<meta property=\"og:type\" content=\"article\" \/>\n<meta property=\"og:title\" content=\"Acerca - Gesti\u00f3n de Flotas Inteligentes - Stratio\" \/>\n<meta property=\"og:description\" content=\"En Stratio Automotive queremos optimizar la Gesti\u00f3n y Mantenimiento de sus flotas. Sin sorpresas, sin interrupciones, sin paradas forzadas. Visite nuestra web.\" \/>\n<meta property=\"og:url\" content=\"https:\/\/stratioautomotive.com\/es\/acerca\/\" \/>\n<meta property=\"og:site_name\" content=\"Stratio\" \/>\n<meta property=\"article:modified_time\" content=\"2024-11-05T18:22:18+00:00\" \/>\n<meta property=\"og:image\" content=\"https:\/\/no-cache.hubspot.com\/cta\/default\/8060790\/aad6ece9-973e-4d39-a98f-656cace4aacb.png\" \/>\n<meta name=\"twitter:card\" content=\"summary_large_image\" \/>\n<meta name=\"twitter:label1\" content=\"Tiempo de lectura\" \/>\n\t<meta name=\"twitter:data1\" content=\"3 minutos\" \/>\n<script type=\"application\/ld+json\" class=\"yoast-schema-graph\">{\"@context\":\"https:\/\/schema.org\",\"@graph\":[{\"@type\":\"WebPage\",\"@id\":\"https:\/\/stratioautomotive.com\/es\/acerca\/\",\"url\":\"https:\/\/stratioautomotive.com\/es\/acerca\/\",\"name\":\"Acerca - Gesti\u00f3n de Flotas Inteligentes - Stratio\",\"isPartOf\":{\"@id\":\"https:\/\/stratioautomotive.com\/#website\"},\"primaryImageOfPage\":{\"@id\":\"https:\/\/stratioautomotive.com\/es\/acerca\/#primaryimage\"},\"image\":{\"@id\":\"https:\/\/stratioautomotive.com\/es\/acerca\/#primaryimage\"},\"thumbnailUrl\":\"https:\/\/no-cache.hubspot.com\/cta\/default\/8060790\/aad6ece9-973e-4d39-a98f-656cace4aacb.png\",\"datePublished\":\"2020-12-14T18:16:06+00:00\",\"dateModified\":\"2024-11-05T18:22:18+00:00\",\"description\":\"En Stratio Automotive queremos optimizar la Gesti\u00f3n y Mantenimiento de sus flotas. Sin sorpresas, sin interrupciones, sin paradas forzadas. Visite nuestra web.\",\"breadcrumb\":{\"@id\":\"https:\/\/stratioautomotive.com\/es\/acerca\/#breadcrumb\"},\"inLanguage\":\"es\",\"potentialAction\":[{\"@type\":\"ReadAction\",\"target\":[\"https:\/\/stratioautomotive.com\/es\/acerca\/\"]}]},{\"@type\":\"ImageObject\",\"inLanguage\":\"es\",\"@id\":\"https:\/\/stratioautomotive.com\/es\/acerca\/#primaryimage\",\"url\":\"https:\/\/no-cache.hubspot.com\/cta\/default\/8060790\/aad6ece9-973e-4d39-a98f-656cace4aacb.png\",\"contentUrl\":\"https:\/\/no-cache.hubspot.com\/cta\/default\/8060790\/aad6ece9-973e-4d39-a98f-656cace4aacb.png\"},{\"@type\":\"BreadcrumbList\",\"@id\":\"https:\/\/stratioautomotive.com\/es\/acerca\/#breadcrumb\",\"itemListElement\":[{\"@type\":\"ListItem\",\"position\":1,\"name\":\"Home\",\"item\":\"https:\/\/stratioautomotive.com\/\"},{\"@type\":\"ListItem\",\"position\":2,\"name\":\"Acerca\"}]},{\"@type\":\"WebSite\",\"@id\":\"https:\/\/stratioautomotive.com\/#website\",\"url\":\"https:\/\/stratioautomotive.com\/\",\"name\":\"Stratio\",\"description\":\"Driving a zero downtime future.\",\"potentialAction\":[{\"@type\":\"SearchAction\",\"target\":{\"@type\":\"EntryPoint\",\"urlTemplate\":\"https:\/\/stratioautomotive.com\/?s={search_term_string}\"},\"query-input\":{\"@type\":\"PropertyValueSpecification\",\"valueRequired\":true,\"valueName\":\"search_term_string\"}}],\"inLanguage\":\"es\"}]}<\/script>\n<!-- \/ Yoast SEO plugin. -->","yoast_head_json":{"title":"Acerca - Gesti\u00f3n de Flotas Inteligentes - Stratio","description":"En Stratio Automotive queremos optimizar la Gesti\u00f3n y Mantenimiento de sus flotas. Sin sorpresas, sin interrupciones, sin paradas forzadas. Visite nuestra web.","robots":{"index":"index","follow":"follow","max-snippet":"max-snippet:-1","max-image-preview":"max-image-preview:large","max-video-preview":"max-video-preview:-1"},"canonical":"https:\/\/stratioautomotive.com\/es\/acerca\/","og_locale":"es_ES","og_type":"article","og_title":"Acerca - Gesti\u00f3n de Flotas Inteligentes - Stratio","og_description":"En Stratio Automotive queremos optimizar la Gesti\u00f3n y Mantenimiento de sus flotas. Sin sorpresas, sin interrupciones, sin paradas forzadas. Visite nuestra web.","og_url":"https:\/\/stratioautomotive.com\/es\/acerca\/","og_site_name":"Stratio","article_modified_time":"2024-11-05T18:22:18+00:00","og_image":[{"url":"https:\/\/no-cache.hubspot.com\/cta\/default\/8060790\/aad6ece9-973e-4d39-a98f-656cace4aacb.png","type":"","width":"","height":""}],"twitter_card":"summary_large_image","twitter_misc":{"Tiempo de lectura":"3 minutos"},"schema":{"@context":"https:\/\/schema.org","@graph":[{"@type":"WebPage","@id":"https:\/\/stratioautomotive.com\/es\/acerca\/","url":"https:\/\/stratioautomotive.com\/es\/acerca\/","name":"Acerca - Gesti\u00f3n de Flotas Inteligentes - Stratio","isPartOf":{"@id":"https:\/\/stratioautomotive.com\/#website"},"primaryImageOfPage":{"@id":"https:\/\/stratioautomotive.com\/es\/acerca\/#primaryimage"},"image":{"@id":"https:\/\/stratioautomotive.com\/es\/acerca\/#primaryimage"},"thumbnailUrl":"https:\/\/no-cache.hubspot.com\/cta\/default\/8060790\/aad6ece9-973e-4d39-a98f-656cace4aacb.png","datePublished":"2020-12-14T18:16:06+00:00","dateModified":"2024-11-05T18:22:18+00:00","description":"En Stratio Automotive queremos optimizar la Gesti\u00f3n y Mantenimiento de sus flotas. Sin sorpresas, sin interrupciones, sin paradas forzadas. Visite nuestra web.","breadcrumb":{"@id":"https:\/\/stratioautomotive.com\/es\/acerca\/#breadcrumb"},"inLanguage":"es","potentialAction":[{"@type":"ReadAction","target":["https:\/\/stratioautomotive.com\/es\/acerca\/"]}]},{"@type":"ImageObject","inLanguage":"es","@id":"https:\/\/stratioautomotive.com\/es\/acerca\/#primaryimage","url":"https:\/\/no-cache.hubspot.com\/cta\/default\/8060790\/aad6ece9-973e-4d39-a98f-656cace4aacb.png","contentUrl":"https:\/\/no-cache.hubspot.com\/cta\/default\/8060790\/aad6ece9-973e-4d39-a98f-656cace4aacb.png"},{"@type":"BreadcrumbList","@id":"https:\/\/stratioautomotive.com\/es\/acerca\/#breadcrumb","itemListElement":[{"@type":"ListItem","position":1,"name":"Home","item":"https:\/\/stratioautomotive.com\/"},{"@type":"ListItem","position":2,"name":"Acerca"}]},{"@type":"WebSite","@id":"https:\/\/stratioautomotive.com\/#website","url":"https:\/\/stratioautomotive.com\/","name":"Stratio","description":"Driving a zero downtime future.","potentialAction":[{"@type":"SearchAction","target":{"@type":"EntryPoint","urlTemplate":"https:\/\/stratioautomotive.com\/?s={search_term_string}"},"query-input":{"@type":"PropertyValueSpecification","valueRequired":true,"valueName":"search_term_string"}}],"inLanguage":"es"}]}},"_links":{"self":[{"href":"https:\/\/stratioautomotive.com\/es\/wp-json\/wp\/v2\/pages\/4792","targetHints":{"allow":["GET"]}}],"collection":[{"href":"https:\/\/stratioautomotive.com\/es\/wp-json\/wp\/v2\/pages"}],"about":[{"href":"https:\/\/stratioautomotive.com\/es\/wp-json\/wp\/v2\/types\/page"}],"author":[{"embeddable":true,"href":"https:\/\/stratioautomotive.com\/es\/wp-json\/wp\/v2\/users\/2"}],"replies":[{"embeddable":true,"href":"https:\/\/stratioautomotive.com\/es\/wp-json\/wp\/v2\/comments?post=4792"}],"version-history":[{"count":37,"href":"https:\/\/stratioautomotive.com\/es\/wp-json\/wp\/v2\/pages\/4792\/revisions"}],"predecessor-version":[{"id":19135,"href":"https:\/\/stratioautomotive.com\/es\/wp-json\/wp\/v2\/pages\/4792\/revisions\/19135"}],"wp:attachment":[{"href":"https:\/\/stratioautomotive.com\/es\/wp-json\/wp\/v2\/media?parent=4792"}],"wp:term":[{"taxonomy":"category","embeddable":true,"href":"https:\/\/stratioautomotive.com\/es\/wp-json\/wp\/v2\/categories?post=4792"},{"taxonomy":"post_tag","embeddable":true,"href":"https:\/\/stratioautomotive.com\/es\/wp-json\/wp\/v2\/tags?post=4792"}],"curies":[{"name":"wp","href":"https:\/\/api.w.org\/{rel}","templated":true}]}}