{"id":14539,"date":"2021-10-21T09:08:20","date_gmt":"2021-10-21T09:08:20","guid":{"rendered":"https:\/\/stratioautomotive.com\/politica-de-cookies\/"},"modified":"2021-10-21T09:19:10","modified_gmt":"2021-10-21T09:19:10","slug":"politica-de-cookies","status":"publish","type":"page","link":"https:\/\/stratioautomotive.com\/es\/politica-de-cookies\/","title":{"rendered":"Pol\u00edtica de Cookies"},"content":{"rendered":"<p>[et_pb_section fb_built=\u00bb1&#8243; _builder_version=\u00bb4.6.6&#8243; _module_preset=\u00bbdefault\u00bb][et_pb_row admin_label=\u00bbProyecto Destacado\u00bb _builder_version=\u00bb4.6.6&#8243; width=\u00bb70%\u00bb max_width=\u00bb860px\u00bb custom_padding=\u00bb60px||||false|false\u00bb][et_pb_column type=\u00bb4_4&#8243; _builder_version=\u00bb3.25&#8243; custom_padding=\u00bb|||\u00bb custom_padding__hover=\u00bb|||\u00bb][et_pb_text disabled_on=\u00bboff|off|off\u00bb admin_label=\u00bbTitle\u00bb _builder_version=\u00bb4.9.10&#8243; text_font=\u00bbMontserrat||||||||\u00bb text_line_height=\u00bb1.8em\u00bb header_font=\u00bbPoppins|700|||||||\u00bb header_text_color=\u00bb#ff4438&#8243; header_font_size=\u00bb36px\u00bb header_2_font=\u00bbPoppins|600|||||||\u00bb header_2_text_color=\u00bb#ff4438&#8243; header_2_font_size=\u00bb30px\u00bb header_2_line_height=\u00bb1.5em\u00bb custom_margin=\u00bb||5px|\u00bb animation_direction=\u00bbtop\u00bb]<\/p>\n<h2><b>Pol\u00edtica de Cookies<\/b><\/h2>\n<p>[\/et_pb_text][et_pb_divider show_divider=\u00bboff\u00bb _builder_version=\u00bb3.2&#8243; max_width=\u00bb23px\u00bb module_alignment=\u00bbleft\u00bb animation_style=\u00bbslide\u00bb animation_intensity_slide=\u00bb20%\u00bb animation_starting_opacity=\u00bb100%\u00bb locked=\u00bboff\u00bb][\/et_pb_divider][et_pb_text _builder_version=\u00bb4.9.10&#8243; text_font=\u00bb||||||||\u00bb text_line_height=\u00bb1.8em\u00bb header_font=\u00bb||||||||\u00bb max_width=\u00bb100%\u00bb custom_margin=\u00bb|||\u00bb animation_direction=\u00bbleft\u00bb]<\/p>\n<p>STRA, S.A. (en adelante \u00abSTRATIO\u00bb, \u00abNosotros\u00bb, \u00abNos\u00bb, \u00abNuestro\u00bb) utiliza cookies en su sitio web (<span><\/span>www.stratioautomotive.com) para mantener el sitio web seguro y mejorar el rendimiento y la experiencia de los usuarios en nuestro sitio web.<\/p>\n<p><strong>\u00bfQu\u00e9 son las cookies?<\/strong><\/p>\n<p>Las cookies son peque\u00f1os archivos de texto que el sitio web almacena en el ordenador o dispositivo m\u00f3vil del usuario a trav\u00e9s del navegador de Internet. El uso de cookies permite, por ejemplo, reconocer el dispositivo del usuario en una visita posterior o entender qu\u00e9 productos o servicios le interesan m\u00e1s.<\/p>\n<p><strong>\u00bfPara qu\u00e9 se utilizan las cookies?<\/strong><\/p>\n<p>Las cookies se utilizan para gestionar el funcionamiento de los sitios web, es decir, para aumentar su eficacia y permitir a los propietarios de los sitios web recopilar informaci\u00f3n y preferencias de los usuarios. De este modo, el almacenamiento de cookies permite una navegaci\u00f3n m\u00e1s r\u00e1pida y eficiente, eliminando la necesidad de introducir repetidamente la misma informaci\u00f3n.<\/p>\n<p><strong>\u00bfQu\u00e9 tipo de cookies utilizamos?<\/strong><\/p>\n<p>STRATIO puede utilizar diferentes tipos de cookies:<\/p>\n<table width=\"624\">\n<tbody>\n<tr>\n<td width=\"149\">\n<p>Necesario<\/p>\n<\/td>\n<td width=\"474\">\n<p>cruciales para las funciones b\u00e1sicas del sitio web y \u00e9ste no funcionar\u00e1 de la manera prevista sin ellas. Estas cookies son obligatorias y no se pueden desactivar.<\/p>\n<\/td>\n<\/tr>\n<tr>\n<td width=\"149\">\n<p>Funcional<\/p>\n<\/td>\n<td width=\"474\">\n<p>ayudan a realizar ciertas funcionalidades como compartir el contenido del sitio web en las plataformas de las redes sociales, recoger opiniones y otras funciones de terceros.<\/p>\n<\/td>\n<\/tr>\n<tr>\n<td width=\"149\">\n<p>An\u00e1lisis<\/p>\n<\/td>\n<td width=\"474\">\n<p>utilizadas para entender c\u00f3mo interact\u00faan los visitantes con el sitio web. Estas cookies ayudan a proporcionar informaci\u00f3n sobre las m\u00e9tricas del n\u00famero de visitantes, la tasa de rebote, la fuente de tr\u00e1fico, etc.<\/p>\n<\/td>\n<\/tr>\n<tr>\n<td width=\"149\">\n<p>Rendimiento<\/p>\n<\/td>\n<td width=\"474\">\n<p>se utiliza para comprender y analizar los \u00edndices de rendimiento clave del sitio web, lo que ayuda a ofrecer una mejor experiencia de usuario a los visitantes.<\/p>\n<\/td>\n<\/tr>\n<tr>\n<td width=\"149\">\n<p>Publicidad<\/p>\n<\/td>\n<td width=\"474\">\n<p>se utiliza para ofrecer a los visitantes anuncios personalizados en funci\u00f3n de las p\u00e1ginas que han visitado anteriormente y analizar la eficacia de la campa\u00f1a publicitaria.<\/p>\n<\/td>\n<\/tr>\n<tr>\n<td width=\"149\">\n<p>Otros<\/p>\n<\/td>\n<td width=\"474\">\n<p>Otros tipos de cookies no categorizados (se puede encontrar una descripci\u00f3n detallada en <u>Preferencias). <\/u><\/p>\n<\/td>\n<\/tr>\n<\/tbody>\n<\/table>\n<p>Adicionalmente, STRATIO puede integrar pixel tags y web beacon pixels, que permiten entender el uso de la [aplicaci\u00f3n \/ sitio \/ programa] por parte de los usuarios. Las etiquetas de p\u00edxel no recogen datos personales.<\/p>\n<p>Algunas cookies que utilizamos son de empresas de terceros, como Google Analytics, Hubspot, Oniad para proporcionarnos an\u00e1lisis web e inteligencia sobre nuestros sitios. Estas empresas utilizan un c\u00f3digo de programaci\u00f3n para recopilar informaci\u00f3n sobre su interacci\u00f3n con nuestros sitios, como las p\u00e1ginas que visita, los enlaces en los que hace clic y el tiempo que permanece en nuestros sitios. Este c\u00f3digo s\u00f3lo est\u00e1 activo mientras usted est\u00e1 en nuestro sitio web. Para m\u00e1s informaci\u00f3n sobre c\u00f3mo estas empresas recogen y utilizan la informaci\u00f3n en nuestro nombre, consulte sus pol\u00edticas de privacidad.<\/p>\n<p><strong>\u00bfC\u00f3mo puedo controlar y bloquear las cookies?<\/strong><\/p>\n<p>Cuando acceda al sitio web, se le preguntar\u00e1 qu\u00e9 cookies acepta mediante \u00abPreferencias\u00bb. Tenga en cuenta que las cookies necesarias son obligatorias y no se pueden desactivar debido a requisitos legales o para mantener la seguridad de nuestro sitio web. Por favor, tenga en cuenta que la no aceptaci\u00f3n de algunos tipos de cookies, especialmente las funcionales, puede impedir o limitar el acceso a nuestro sitio web. Puede cambiar sus preferencias en todo momento a trav\u00e9s de \u00ab<u>Preferencias\u00bb<\/u>.<\/p>\n<p>Adem\u00e1s, los distintos navegadores ofrecen diferentes m\u00e9todos para bloquear y eliminar las cookies utilizadas por los sitios web. Puede cambiar la configuraci\u00f3n de su navegador para bloquear\/eliminar las cookies. A continuaci\u00f3n se indican los enlaces a los documentos de apoyo sobre c\u00f3mo gestionar y eliminar las cookies de los principales navegadores web:<\/p>\n<table width=\"624\">\n<tbody>\n<tr>\n<td width=\"118\">\n<p>Cromo<\/p>\n<\/td>\n<td width=\"506\">\n<p><span><a href=\"https:\/\/support.google.com\/accounts\/answer\/32050?hl=en&amp;co=GENIE.Platform%3DDesktop\">Borrar la cach\u00e9 y las cookies &#8211; Equipo &#8211; Ayuda de Google<\/a><\/span><\/p>\n<\/td>\n<\/tr>\n<tr>\n<td width=\"118\">\n<p>Safari<\/p>\n<\/td>\n<td width=\"506\">\n<p><span><a href=\"https:\/\/support.apple.com\/en-in\/guide\/safari\/sfri11471\/mac\">Gestionar las cookies y los datos del sitio web en Safari en Mac &#8211; Soporte t\u00e9cnico de Apple<\/a><\/span><\/p>\n<\/td>\n<\/tr>\n<tr>\n<td width=\"118\">\n<p>Firefox<\/p>\n<\/td>\n<td width=\"506\">\n<p><span><a href=\"https:\/\/support.mozilla.org\/en-US\/kb\/clear-cookies-and-site-data-firefox?redirectslug=delete-cookies-remove-info-websites-stored&amp;redirectlocale=en-US\">Borrar cookies y datos del sitio en Firefox | Ayuda de Firefox (mozilla.org)<\/a><\/span><\/p>\n<\/td>\n<\/tr>\n<tr>\n<td width=\"118\">\n<p>Borde<\/p>\n<\/td>\n<td width=\"506\">\n<p><span><a href=\"https:\/\/support.microsoft.com\/en-us\/microsoft-edge\/view-cookies-in-microsoft-edge-a7d95376-f2cd-8e4a-25dc-1de753474879\">Ver cookies en Microsoft Edge<\/a><\/span><\/p>\n<\/td>\n<\/tr>\n<\/tbody>\n<\/table>\n<p><strong>\u00bfC\u00f3mo puedo saber si hay cambios en esta pol\u00edtica?<\/strong><\/p>\n<p>STRATIO se reserva el derecho, en cualquier momento, sin previo aviso y con efecto inmediato, de modificar, a\u00f1adir, actualizar o eliminar, en parte o en su totalidad, la presente informaci\u00f3n sobre las cookies. Debe comprobar peri\u00f3dicamente esta informaci\u00f3n para confirmar si se han realizado actualizaciones o cambios. Siempre proporcionaremos informaci\u00f3n sobre la \u00faltima versi\u00f3n disponible<\/p>\n<p>&nbsp;<\/p>\n<p>Versi\u00f3n: Octubre 2021<\/p>\n<p>[\/et_pb_text][\/et_pb_column][\/et_pb_row][\/et_pb_section][et_pb_section fb_built=\u00bb1&#8243; _builder_version=\u00bb4.6.6&#8243; _module_preset=\u00bbdefault\u00bb custom_margin=\u00bb0px|0px|0px|0px|true|true\u00bb custom_padding=\u00bb0px|0px|0px|0px|true|true\u00bb saved_tabs=\u00bball\u00bb collapsed=\u00bbon\u00bb][et_pb_row _builder_version=\u00bb4.6.6&#8243; _module_preset=\u00bbdefault\u00bb custom_margin=\u00bb0px||0px|0px|true|false\u00bb custom_padding=\u00bb0px|0px|0px|0px|true|true\u00bb][et_pb_column type=\u00bb4_4&#8243; _builder_version=\u00bb4.6.6&#8243; _module_preset=\u00bbdefault\u00bb][et_pb_social_media_follow icon_color=\u00bb#ffffff\u00bb admin_label=\u00bbSocial Media Follow\u00bb _builder_version=\u00bb4.6.6&#8243; _module_preset=\u00bbdefault\u00bb background_enable_color=\u00bboff\u00bb][et_pb_social_media_follow_network social_network=\u00bblinkedin\u00bb url=\u00bbhttps:\/\/www.linkedin.com\/company\/stratioautomotive\/\u00bb _builder_version=\u00bb4.6.6&#8243; _module_preset=\u00bbdefault\u00bb background_color=\u00bb#333333&#8243; background_enable_color=\u00bbon\u00bb custom_margin=\u00bb||||false|false\u00bb custom_padding=\u00bb||||false|false\u00bb follow_button=\u00bboff\u00bb url_new_window=\u00bbon\u00bb]myspace linkedin[\/et_pb_social_media_follow_network][et_pb_social_media_follow_network social_network=\u00bbmyspace\u00bb url=\u00bbhttps:\/\/medium.com\/stratio\u00bb icon_color=\u00bbrgba(0,0,0,0)\u00bb use_icon_font_size=\u00bbon\u00bb _builder_version=\u00bb4.6.6&#8243; _module_preset=\u00bbdefault\u00bb background_color=\u00bb#333333&#8243; background_enable_color=\u00bbon\u00bb background_image=\u00bbhttps:\/\/stratioautomotive.com\/wp-content\/uploads\/2020\/11\/Background.png\u00bb background_enable_image=\u00bbon\u00bb background_size=\u00bbcontain\u00bb follow_button=\u00bboff\u00bb url_new_window=\u00bbon\u00bb] [\/et_pb_social_media_follow_network][\/et_pb_social_media_follow][\/et_pb_column][\/et_pb_row][\/et_pb_section]<\/p>\n","protected":false},"excerpt":{"rendered":"<p>Pol\u00edtica de CookiesSTRA, S.A. (en adelante \u00abSTRATIO\u00bb, \u00abNosotros\u00bb, \u00abNos\u00bb, \u00abNuestro\u00bb) utiliza cookies en su sitio web (www.stratioautomotive.com) para mantener el sitio web seguro y mejorar el rendimiento y la experiencia de los usuarios en nuestro sitio web. \u00bfQu\u00e9 son las cookies? Las cookies son peque\u00f1os archivos de texto que el sitio web almacena en el [&hellip;]<\/p>\n","protected":false},"author":17,"featured_media":0,"parent":0,"menu_order":0,"comment_status":"closed","ping_status":"closed","template":"","meta":{"_et_pb_use_builder":"on","_et_pb_old_content":"","_et_gb_content_width":"","content-type":"","footnotes":""},"categories":[],"tags":[],"class_list":["post-14539","page","type-page","status-publish","hentry"],"yoast_head":"<!-- This site is optimized with the Yoast SEO plugin v26.1.1 - https:\/\/yoast.com\/wordpress\/plugins\/seo\/ -->\n<title>Pol\u00edtica de Cookies - Stratio<\/title>\n<meta name=\"robots\" content=\"noindex, follow\" \/>\n<meta property=\"og:locale\" content=\"es_ES\" \/>\n<meta property=\"og:type\" content=\"article\" \/>\n<meta property=\"og:title\" content=\"Pol\u00edtica de Cookies - Stratio\" \/>\n<meta property=\"og:description\" content=\"Pol\u00edtica de CookiesSTRA, S.A. (en adelante &quot;STRATIO&quot;, &quot;Nosotros&quot;, &quot;Nos&quot;, &quot;Nuestro&quot;) utiliza cookies en su sitio web (www.stratioautomotive.com) para mantener el sitio web seguro y mejorar el rendimiento y la experiencia de los usuarios en nuestro sitio web. \u00bfQu\u00e9 son las cookies? Las cookies son peque\u00f1os archivos de texto que el sitio web almacena en el [&hellip;]\" \/>\n<meta property=\"og:url\" content=\"https:\/\/stratioautomotive.com\/es\/politica-de-cookies\/\" \/>\n<meta property=\"og:site_name\" content=\"Stratio\" \/>\n<meta property=\"article:modified_time\" content=\"2021-10-21T09:19:10+00:00\" \/>\n<meta name=\"twitter:card\" content=\"summary_large_image\" \/>\n<meta name=\"twitter:label1\" content=\"Tiempo de lectura\" \/>\n\t<meta name=\"twitter:data1\" content=\"6 minutos\" \/>\n<script type=\"application\/ld+json\" class=\"yoast-schema-graph\">{\"@context\":\"https:\/\/schema.org\",\"@graph\":[{\"@type\":\"WebPage\",\"@id\":\"https:\/\/stratioautomotive.com\/es\/politica-de-cookies\/\",\"url\":\"https:\/\/stratioautomotive.com\/es\/politica-de-cookies\/\",\"name\":\"Pol\u00edtica de Cookies - Stratio\",\"isPartOf\":{\"@id\":\"https:\/\/stratioautomotive.com\/#website\"},\"datePublished\":\"2021-10-21T09:08:20+00:00\",\"dateModified\":\"2021-10-21T09:19:10+00:00\",\"breadcrumb\":{\"@id\":\"https:\/\/stratioautomotive.com\/es\/politica-de-cookies\/#breadcrumb\"},\"inLanguage\":\"es\",\"potentialAction\":[{\"@type\":\"ReadAction\",\"target\":[\"https:\/\/stratioautomotive.com\/es\/politica-de-cookies\/\"]}]},{\"@type\":\"BreadcrumbList\",\"@id\":\"https:\/\/stratioautomotive.com\/es\/politica-de-cookies\/#breadcrumb\",\"itemListElement\":[{\"@type\":\"ListItem\",\"position\":1,\"name\":\"Home\",\"item\":\"https:\/\/stratioautomotive.com\/\"},{\"@type\":\"ListItem\",\"position\":2,\"name\":\"Pol\u00edtica de Cookies\"}]},{\"@type\":\"WebSite\",\"@id\":\"https:\/\/stratioautomotive.com\/#website\",\"url\":\"https:\/\/stratioautomotive.com\/\",\"name\":\"Stratio\",\"description\":\"Driving a zero downtime future.\",\"potentialAction\":[{\"@type\":\"SearchAction\",\"target\":{\"@type\":\"EntryPoint\",\"urlTemplate\":\"https:\/\/stratioautomotive.com\/?s={search_term_string}\"},\"query-input\":{\"@type\":\"PropertyValueSpecification\",\"valueRequired\":true,\"valueName\":\"search_term_string\"}}],\"inLanguage\":\"es\"}]}<\/script>\n<!-- \/ Yoast SEO plugin. -->","yoast_head_json":{"title":"Pol\u00edtica de Cookies - Stratio","robots":{"index":"noindex","follow":"follow"},"og_locale":"es_ES","og_type":"article","og_title":"Pol\u00edtica de Cookies - Stratio","og_description":"Pol\u00edtica de CookiesSTRA, S.A. (en adelante \"STRATIO\", \"Nosotros\", \"Nos\", \"Nuestro\") utiliza cookies en su sitio web (www.stratioautomotive.com) para mantener el sitio web seguro y mejorar el rendimiento y la experiencia de los usuarios en nuestro sitio web. \u00bfQu\u00e9 son las cookies? Las cookies son peque\u00f1os archivos de texto que el sitio web almacena en el [&hellip;]","og_url":"https:\/\/stratioautomotive.com\/es\/politica-de-cookies\/","og_site_name":"Stratio","article_modified_time":"2021-10-21T09:19:10+00:00","twitter_card":"summary_large_image","twitter_misc":{"Tiempo de lectura":"6 minutos"},"schema":{"@context":"https:\/\/schema.org","@graph":[{"@type":"WebPage","@id":"https:\/\/stratioautomotive.com\/es\/politica-de-cookies\/","url":"https:\/\/stratioautomotive.com\/es\/politica-de-cookies\/","name":"Pol\u00edtica de Cookies - Stratio","isPartOf":{"@id":"https:\/\/stratioautomotive.com\/#website"},"datePublished":"2021-10-21T09:08:20+00:00","dateModified":"2021-10-21T09:19:10+00:00","breadcrumb":{"@id":"https:\/\/stratioautomotive.com\/es\/politica-de-cookies\/#breadcrumb"},"inLanguage":"es","potentialAction":[{"@type":"ReadAction","target":["https:\/\/stratioautomotive.com\/es\/politica-de-cookies\/"]}]},{"@type":"BreadcrumbList","@id":"https:\/\/stratioautomotive.com\/es\/politica-de-cookies\/#breadcrumb","itemListElement":[{"@type":"ListItem","position":1,"name":"Home","item":"https:\/\/stratioautomotive.com\/"},{"@type":"ListItem","position":2,"name":"Pol\u00edtica de Cookies"}]},{"@type":"WebSite","@id":"https:\/\/stratioautomotive.com\/#website","url":"https:\/\/stratioautomotive.com\/","name":"Stratio","description":"Driving a zero downtime future.","potentialAction":[{"@type":"SearchAction","target":{"@type":"EntryPoint","urlTemplate":"https:\/\/stratioautomotive.com\/?s={search_term_string}"},"query-input":{"@type":"PropertyValueSpecification","valueRequired":true,"valueName":"search_term_string"}}],"inLanguage":"es"}]}},"_links":{"self":[{"href":"https:\/\/stratioautomotive.com\/es\/wp-json\/wp\/v2\/pages\/14539","targetHints":{"allow":["GET"]}}],"collection":[{"href":"https:\/\/stratioautomotive.com\/es\/wp-json\/wp\/v2\/pages"}],"about":[{"href":"https:\/\/stratioautomotive.com\/es\/wp-json\/wp\/v2\/types\/page"}],"author":[{"embeddable":true,"href":"https:\/\/stratioautomotive.com\/es\/wp-json\/wp\/v2\/users\/17"}],"replies":[{"embeddable":true,"href":"https:\/\/stratioautomotive.com\/es\/wp-json\/wp\/v2\/comments?post=14539"}],"version-history":[{"count":5,"href":"https:\/\/stratioautomotive.com\/es\/wp-json\/wp\/v2\/pages\/14539\/revisions"}],"predecessor-version":[{"id":14549,"href":"https:\/\/stratioautomotive.com\/es\/wp-json\/wp\/v2\/pages\/14539\/revisions\/14549"}],"wp:attachment":[{"href":"https:\/\/stratioautomotive.com\/es\/wp-json\/wp\/v2\/media?parent=14539"}],"wp:term":[{"taxonomy":"category","embeddable":true,"href":"https:\/\/stratioautomotive.com\/es\/wp-json\/wp\/v2\/categories?post=14539"},{"taxonomy":"post_tag","embeddable":true,"href":"https:\/\/stratioautomotive.com\/es\/wp-json\/wp\/v2\/tags?post=14539"}],"curies":[{"name":"wp","href":"https:\/\/api.w.org\/{rel}","templated":true}]}}